{"id":111,"date":"2023-05-11T12:58:04","date_gmt":"2023-05-11T10:58:04","guid":{"rendered":"https:\/\/auto-diagnostic-obd.com\/?page_id=111"},"modified":"2026-03-27T11:04:58","modified_gmt":"2026-03-27T10:04:58","slug":"kontakt","status":"publish","type":"page","link":"https:\/\/auto-diagnostic-obd.com\/de\/kontakt\/","title":{"rendered":"Kontakt"},"content":{"rendered":"<div class=\"et_pb_section_0 et_pb_section et_section_regular et_block_section preset--module--divi-section--b38d81d1-6b9d-4861-b42d-f0d8e23e9b92\"><div class=\"et_pb_row_0 et_pb_row et_block_row preset--module--divi-row--95aff1c8-c3fb-43ee-9dd9-e91736fee0a3\"><div class=\"et_pb_column_0 et_pb_column et_pb_column_1_2 et_block_column et_pb_css_mix_blend_mode_passthrough\"><div class=\"et_pb_text_0 et_pb_text et_pb_bg_layout_dark et_pb_module et_block_module preset--module--divi-text--1240495f-1f7d-47ad-9031-35293c79e3d1\"><div class=\"et_pb_text_inner\"><h2>Bedarf <span style=\"color: #ff0000;\">d'aide ?<\/span><br \/>Sie haben eine Frage? Lassen Sie sie uns beantworten.<\/h2>\n<p>Ben\u00f6tigen Sie weitere Hilfe? Haben Sie Fragen zur Kompatibilit\u00e4t unserer Produkte? Ben\u00f6tigen Sie technische Unterst\u00fctzung f\u00fcr Ihr Auto, nachdem Sie eine unserer L\u00f6sungen gekauft haben? Wir sind da, um Sie zu begleiten. Bei AUTO-DIAGNOSTIC-OBD setzen wir alles daran, Ihnen mithilfe unseres Know-hows einen einzigartigen und pers\u00f6nlichen Service zu bieten. Wir schenken jedem Kunden gro\u00dfe Aufmerksamkeit, um eine optimale Zusammenarbeit zu gew\u00e4hrleisten. Unser Ziel ist es, Ihnen bei der Wartung und Reparatur Ihres Fahrzeugs auf die bestm\u00f6gliche Weise zu helfen.<\/p>\n<p>Bitte z\u00f6gern Sie nicht, uns zu kontaktieren, wenn Sie Fragen haben oder Unterst\u00fctzung ben\u00f6tigen. Unser erfahrenes und kompetentes Team verf\u00fcgt \u00fcber alle notwendigen Ressourcen, um Ihre Bed\u00fcrfnisse zu erf\u00fcllen und Ihnen qualitativ hochwertige technische Unterst\u00fctzung zu bieten. Wir sind da, um Sie auf Ihrem Weg durch die Automobilbranche zu unterst\u00fctzen.<\/p>\n<\/div><\/div><\/div><div class=\"et_pb_column_1 et_pb_column et_pb_column_1_2 et-last-child et_block_column et_pb_css_mix_blend_mode_passthrough\"><div class=\"et_pb_image_0 et_pb_image et_pb_module et_block_module\"><span class=\"et_pb_image_wrap\"><img loading=\"lazy\" decoding=\"async\" src=\"https:\/\/auto-diagnostic-obd.com\/wp-content\/uploads\/2023\/05\/Image_construction_600_800_auto_diagnsotic_obd_header__2.png\" width=\"480\" height=\"510\" srcset=\"https:\/\/auto-diagnostic-obd.com\/wp-content\/uploads\/2023\/05\/Image_construction_600_800_auto_diagnsotic_obd_header__2.png 480w, https:\/\/auto-diagnostic-obd.com\/wp-content\/uploads\/2023\/05\/Image_construction_600_800_auto_diagnsotic_obd_header__2-282x300.png 282w, https:\/\/auto-diagnostic-obd.com\/wp-content\/uploads\/2023\/05\/Image_construction_600_800_auto_diagnsotic_obd_header__2-11x12.png 11w\" sizes=\"(max-width: 480px) 100vw, 480px\" class=\"wp-image-115\" title=\"Image_construction_600_800_auto_diagnsotic_obd_header__2\" alt=\"Kontaktieren Sie unser Team\" \/><\/span><\/div><\/div><\/div><\/div><div class=\"et_pb_section_1 et_pb_section et_section_regular et_block_section preset--module--divi-section--db75a8de-226f-4c21-8a85-c0f5019d96df\"><div class=\"et_pb_row_1 et_pb_row et_pb_gutters2 et_block_row preset--module--divi-row--a5ad7cea-c327-4bff-ad63-f867735d13d6\"><div class=\"et_pb_column_2 et_pb_column et_pb_column_1_3 et_block_column et_pb_css_mix_blend_mode_passthrough\"><div class=\"et_pb_number_counter_0 et_pb_number_counter et_pb_bg_layout_light et_pb_text_align_center et_pb_with_title et_pb_module et_block_module\"><div class=\"percent\"><p><span class=\"percent-value\"><\/span><span class=\"percent-sign\">%<\/span><\/p><\/div><h3 class=\"title\">CE-zertifiziert<\/h3><\/div><div class=\"et_pb_text_1 et_pb_text et_pb_bg_layout_light et_pb_module et_block_module et_pb_text_align_center preset--module--divi-text--1240495f-1f7d-47ad-9031-35293c79e3d1\"><div class=\"et_pb_text_inner\"><p>Getestete und zertifizierte Produkte<\/p>\n<\/div><\/div><div class=\"et_pb_divider_0 et_pb_divider et_pb_space et_pb_divider_position_top et_pb_module\"><div class=\"et_pb_divider_internal\"><\/div><\/div><\/div><div class=\"et_pb_column_3 et_pb_column et_pb_column_1_3 et_block_column et_pb_css_mix_blend_mode_passthrough\"><div class=\"et_pb_number_counter_1 et_pb_number_counter et_pb_bg_layout_light et_pb_text_align_center et_pb_with_title et_pb_module et_block_module\"><div class=\"percent\"><p><span class=\"percent-value\"><\/span><span class=\"percent-sign\"><\/span><\/p><\/div><h3 class=\"title\">Partner<\/h3><\/div><div class=\"et_pb_text_2 et_pb_text et_pb_bg_layout_light et_pb_module et_block_module et_pb_text_align_center preset--module--divi-text--1240495f-1f7d-47ad-9031-35293c79e3d1\"><div class=\"et_pb_text_inner\"><div class=\"prose dark:prose-invert\">\n<p>Zuverl\u00e4ssige Partner.<\/p>\n<\/div>\n<\/div><\/div><div class=\"et_pb_divider_1 et_pb_divider et_pb_space et_pb_divider_position_top et_pb_module\"><div class=\"et_pb_divider_internal\"><\/div><\/div><\/div><div class=\"et_pb_column_4 et_pb_column et_pb_column_1_3 et-last-child et_block_column et_pb_css_mix_blend_mode_passthrough\"><div class=\"et_pb_number_counter_2 et_pb_number_counter et_pb_bg_layout_light et_pb_text_align_center et_pb_with_title et_pb_module et_block_module\"><div class=\"percent\"><p><span class=\"percent-value\"><\/span><span class=\"percent-sign\"><\/span><\/p><\/div><h3 class=\"title\">Erfahrung<\/h3><\/div><div class=\"et_pb_text_3 et_pb_text et_pb_bg_layout_light et_pb_module et_block_module et_pb_text_align_center preset--module--divi-text--1240495f-1f7d-47ad-9031-35293c79e3d1\"><div class=\"et_pb_text_inner\"><p>Cumul\u00e9 dans l'industrie de l'ing\u00e9nierie.<\/p>\n<\/div><\/div><div class=\"et_pb_divider_2 et_pb_divider et_pb_space et_pb_divider_position_top et_pb_module\"><div class=\"et_pb_divider_internal\"><\/div><\/div><\/div><\/div><\/div><div class=\"et_pb_section_2 et_pb_section et_section_regular et_block_section preset--module--divi-section--db75a8de-226f-4c21-8a85-c0f5019d96df\"><div class=\"et_pb_row_2 et_pb_row et_block_row preset--module--divi-row--a5ad7cea-c327-4bff-ad63-f867735d13d6\"><div class=\"et_pb_column_5 et_pb_column et_pb_column_1_2 et_block_column et_pb_css_mix_blend_mode_passthrough\"><div class=\"et_pb_code_0 et_pb_code et_pb_module\"><div class=\"et_pb_code_inner\"><style>\n  .dle-ctf-03 .et_contact_bottom_container{\n    width: 100%;\n  }\n\n<\/style><\/div><\/div><div class=\"et_pb_contact_form_0 et_pb_contact_form_container clearfix et_pb_module et_flex_module dle-ctf-03\" data-form_unique_num=\"0\" data-form_unique_id=\"322cefbe-b6cc-4128-a303-b1131996d6cb\" id=\"et_pb_contact_form_322cefbe-b6cc-4128-a303-b1131996d6cb\"><div class=\"et-pb-contact-message\"><\/div><div class=\"et_pb_contact\"><form class=\"et_pb_contact_form et_flex_module\" method=\"post\" action=\"https:\/\/auto-diagnostic-obd.com\/de\/wp-json\/wp\/v2\/pages\/111\" data-trp-original-action=\"https:\/\/auto-diagnostic-obd.com\/de\/wp-json\/wp\/v2\/pages\/111\"><div class=\"et_pb_contact_field_0 et_pb_contact_field et_pb_module et_flex_module et_flex_column_24_24 et_flex_column_24_24_tablet et_flex_column_24_24_phone\" data-id=\"name\" data-type=\"input\"><label class=\"et_pb_contact_form_label\" for=\"et_pb_contact_0_name_0\">Name *<\/label><input type=\"text\" name=\"et_pb_contact_0_name_0\" id=\"et_pb_contact_0_name_0\" class=\"input\" data-required_mark=\"required\" data-field_type=\"input\" data-original_id=\"name\" placeholder=\"Name *\" title=\"\" value=\"\" \/><\/div><div class=\"et_pb_contact_field_1 et_pb_contact_field et_pb_module et_flex_module et_flex_column_24_24 et_flex_column_24_24_tablet et_flex_column_24_24_phone\" data-id=\"email_address\" data-type=\"email\"><label class=\"et_pb_contact_form_label\" for=\"et_pb_contact_0_email_address_1\">E-Mail-Adresse *<\/label><input type=\"text\" name=\"et_pb_contact_0_email_address_1\" id=\"et_pb_contact_0_email_address_1\" class=\"input\" data-required_mark=\"required\" data-field_type=\"email\" data-original_id=\"email_address\" placeholder=\"E-Mail-Adresse *\" title=\"\" value=\"\" \/><\/div><div class=\"et_pb_contact_field_2 et_pb_contact_field et_pb_module et_flex_module et_flex_column_24_24 et_flex_column_24_24_tablet et_flex_column_24_24_phone\" data-id=\"phone_number\" data-type=\"input\"><label class=\"et_pb_contact_form_label\" for=\"et_pb_contact_0_phone_number_2\">Telefonnummer<\/label><input type=\"text\" name=\"et_pb_contact_0_phone_number_2\" id=\"et_pb_contact_0_phone_number_2\" class=\"input\" data-required_mark=\"not_required\" data-field_type=\"input\" data-original_id=\"phone_number\" placeholder=\"Telefonnummer\" title=\"\" value=\"\" \/><\/div><div class=\"et_pb_contact_field_3 et_pb_contact_field et_pb_module et_flex_module et_flex_column_24_24 et_flex_column_24_24_tablet et_flex_column_24_24_phone\" data-id=\"message\" data-type=\"text\"><label class=\"et_pb_contact_form_label\" for=\"et_pb_contact_0_message_3\">Nachricht *<\/label><textarea name=\"et_pb_contact_0_message_3\" id=\"et_pb_contact_0_message_3\" class=\"et_pb_contact_message input\" data-required_mark=\"required\" data-field_type=\"text\" data-original_id=\"message\" placeholder=\"Nachricht *\"><\/textarea><\/div><input type=\"hidden\" name=\"et_pb_contactform_submit_322cefbe-b6cc-4128-a303-b1131996d6cb\" value=\"et_contact_proccess\" \/><div class=\"et_contact_bottom_container\"><div class=\"et_pb_contact_right et_pb_contact_field\"><p class=\"clearfix\"><label><span class=\"et_pb_contact_captcha_question\">11 + 13<\/span> = <input type=\"text\" size=\"2\" class=\"input et_pb_contact_captcha\" data-first_digit=\"11\" data-second_digit=\"13\" data-required_mark=\"required\" name=\"et_pb_contact_captcha_322cefbe-b6cc-4128-a303-b1131996d6cb\" autocomplete=\"off\" \/><\/label><\/p><\/div><div class=\"et_pb_button_wrapper\"><button type=\"submit\" name=\"et_builder_submit_button\" class=\"et_pb_button et_pb_contact_submit\">Senden Sie<\/button><\/div><\/div><input type=\"hidden\" id=\"_wpnonce-et-pb-contact-form-submitted-322cefbe-b6cc-4128-a303-b1131996d6cb\" name=\"_wpnonce-et-pb-contact-form-submitted-322cefbe-b6cc-4128-a303-b1131996d6cb\" value=\"faac8fdc5d\" \/><input type=\"hidden\" name=\"_wp_http_referer\" value=\"\/de\/wp-json\/wp\/v2\/pages\/111\" \/><input type=\"hidden\" name=\"trp-form-language\" value=\"de\"\/><\/form><\/div><\/div><\/div><div class=\"et_pb_column_6 et_pb_column et_pb_column_1_2 et-last-child et_block_column et_pb_css_mix_blend_mode_passthrough\"><div class=\"et_pb_text_4 et_pb_text et_pb_bg_layout_dark et_pb_module et_block_module et_pb_text_align_center preset--module--divi-text--1240495f-1f7d-47ad-9031-35293c79e3d1\"><div class=\"et_pb_text_inner\"><h3>R\u00e9parez votre voiture comme un pro - contactez-nous!\" \ud83d\ude97\ud83d\udd27\ud83d\udcaa<\/h3>\n<\/div><\/div><div class=\"et_pb_divider_3 et_pb_divider et_pb_space et_pb_divider_position_top et_pb_module\"><div class=\"et_pb_divider_internal\"><\/div><\/div><div class=\"et_pb_text_5 et_pb_text et_pb_bg_layout_dark et_pb_module et_block_module preset--module--divi-text--1240495f-1f7d-47ad-9031-35293c79e3d1\"><div class=\"et_pb_text_inner\"><p>\ud83d\udc4b Hallo!<\/p>\n<p>Si vous avez besoin d'une solution de diagnostic automobile pour votre v\u00e9hicule, ne cherchez pas plus loin! \ud83d\ude97\ud83d\udcbb Notre boutique propose une gamme compl\u00e8te de solutions de diagnostic de haute qualit\u00e9 pour r\u00e9pondre \u00e0 tous vos besoins en mati\u00e8re de r\u00e9paration automobile.<\/p>\n<p>Wir sind stolz darauf, allen unseren Kunden einen erstklassigen Service zu bieten, und wir sind hier, um Ihnen zu helfen, die perfekte Diagnosel\u00f6sung f\u00fcr Ihr Auto zu finden. Egal, ob Sie ein professioneller Mechaniker oder ein Hobbybastler sind, wir haben alles, was Sie brauchen, um Ihr Auto wie ein Profi zu reparieren. \ud83d\udd27\ud83d\udd29<\/p>\n<p>N'h\u00e9sitez pas \u00e0 remplir notre formulaire de contact pour obtenir plus d'informations sur nos produits et services. Nous sommes impatients de vous aider \u00e0 trouver la solution de diagnostic automobile parfaite pour vous! \ud83d\udcdd\ud83d\udc4d<\/p>\n<\/div><\/div><\/div><\/div><div class=\"et_pb_row_3 et_pb_row et_pb_equal_columns et_pb_gutters1 et_block_row preset--module--divi-row--a5ad7cea-c327-4bff-ad63-f867735d13d6\"><div class=\"et_pb_column_7 et_pb_column et_pb_column_1_2 et_block_column et_pb_css_mix_blend_mode_passthrough\"><div class=\"et_pb_blurb_0 et_pb_blurb et_pb_bg_layout_dark et_pb_text_align_center et_pb_text_align_center-tablet et_pb_text_align_center-phone et_pb_blurb_position_top et_pb_module et_block_module\"><div class=\"et_pb_blurb_content\"><div class=\"et_pb_blurb_container\"><h4 class=\"et_pb_module_header\">Katze 12\/7<\/h4><div class=\"et_pb_blurb_description\"><p>Wir sind 7\/7 Tage verf\u00fcgbar<\/p>\n<\/div><\/div><\/div><\/div><\/div><div class=\"et_pb_column_8 et_pb_column et_pb_column_1_2 et-last-child et_block_column et_pb_css_mix_blend_mode_passthrough\"><div class=\"et_pb_blurb_1 et_pb_blurb et_pb_bg_layout_dark et_pb_text_align_center et_pb_text_align_center-tablet et_pb_text_align_center-phone et_pb_blurb_position_top et_pb_module et_block_module\"><div class=\"et_pb_blurb_content\"><div class=\"et_pb_blurb_container\"><h4 class=\"et_pb_module_header\">E-Mail<\/h4><div class=\"et_pb_blurb_description\"><p>contact@auto-diagnostic-obd.com<\/p>\n<\/div><\/div><\/div><\/div><\/div><\/div><\/div>","protected":false},"excerpt":{"rendered":"","protected":false},"author":1,"featured_media":0,"parent":0,"menu_order":0,"comment_status":"closed","ping_status":"closed","template":"","meta":{"_seopress_robots_primary_cat":"","_seopress_titles_title":"\ud83d\ude97Contactez-nous pour Assistance! | AUTO-DIAGNOSTIC-OBD\ud83d\udcac","_seopress_titles_desc":"Besoin d&#039;aide sur nos produits auto? \ud83d\udee0\ufe0f Contactez AUTO-DIAGNOSTIC-OBD pour assistance technique, compatibilit\u00e9 &amp; entretien. Service personnalis\u00e9! \u2705","_seopress_robots_index":"","footnotes":""},"class_list":["post-111","page","type-page","status-publish","hentry"],"_links":{"self":[{"href":"https:\/\/auto-diagnostic-obd.com\/de\/wp-json\/wp\/v2\/pages\/111","targetHints":{"allow":["GET"]}}],"collection":[{"href":"https:\/\/auto-diagnostic-obd.com\/de\/wp-json\/wp\/v2\/pages"}],"about":[{"href":"https:\/\/auto-diagnostic-obd.com\/de\/wp-json\/wp\/v2\/types\/page"}],"author":[{"embeddable":true,"href":"https:\/\/auto-diagnostic-obd.com\/de\/wp-json\/wp\/v2\/users\/1"}],"replies":[{"embeddable":true,"href":"https:\/\/auto-diagnostic-obd.com\/de\/wp-json\/wp\/v2\/comments?post=111"}],"version-history":[{"count":1,"href":"https:\/\/auto-diagnostic-obd.com\/de\/wp-json\/wp\/v2\/pages\/111\/revisions"}],"predecessor-version":[{"id":19280,"href":"https:\/\/auto-diagnostic-obd.com\/de\/wp-json\/wp\/v2\/pages\/111\/revisions\/19280"}],"wp:attachment":[{"href":"https:\/\/auto-diagnostic-obd.com\/de\/wp-json\/wp\/v2\/media?parent=111"}],"curies":[{"name":"wp","href":"https:\/\/api.w.org\/{rel}","templated":true}]}}