{"id":127,"date":"2023-05-11T13:06:50","date_gmt":"2023-05-11T11:06:50","guid":{"rendered":"https:\/\/auto-diagnostic-obd.com\/?page_id=127"},"modified":"2026-03-27T11:05:01","modified_gmt":"2026-03-27T10:05:01","slug":"rechtliche-hinweise","status":"publish","type":"page","link":"https:\/\/auto-diagnostic-obd.com\/de\/rechtliche-hinweise\/","title":{"rendered":"Rechtliche Hinweise"},"content":{"rendered":"<div class=\"et_pb_section_0 et_pb_section et_section_regular et_block_section preset--module--divi-section--b38d81d1-6b9d-4861-b42d-f0d8e23e9b92\"><div class=\"et_pb_row_0 et_pb_row et_block_row preset--module--divi-row--95aff1c8-c3fb-43ee-9dd9-e91736fee0a3\"><div class=\"et_pb_column_0 et_pb_column et_pb_column_4_4 et-last-child et_block_column et_pb_css_mix_blend_mode_passthrough\"><div class=\"et_pb_text_0 et_pb_text et_pb_bg_layout_dark et_pb_module et_block_module preset--module--divi-text--default\"><div class=\"et_pb_text_inner\"><h1>Rechtliche Hinweise<\/h1><\/p>\n<\/div><\/div><\/div><\/div><\/div><div class=\"et_pb_section_1 et_pb_section et_section_regular et_block_section preset--module--divi-section--de740758-2089-44d9-a629-cab464c8f8bc\"><div class=\"et_pb_row_1 et_pb_row et_block_row preset--module--divi-row--abe4330f-8b4d-4d65-a0d5-f3385f248e49\"><div class=\"et_pb_column_1 et_pb_column et_pb_column_4_4 et-last-child et_block_column et_pb_css_mix_blend_mode_passthrough\"><div class=\"et_pb_text_1 et_pb_text et_pb_bg_layout_light et_pb_module et_block_module preset--module--divi-text--ec04cb4e-bbd6-4936-8296-f572f9e511f6\"><div class=\"et_pb_text_inner\"><p>Conform\u00e9ment aux dispositions de la loi n\u00b0 2004-575 du 21 juin 2004 pour la confiance en l'\u00e9conomie num\u00e9rique, il est pr\u00e9cis\u00e9 aux utilisateurs du site AUTO-DIAGNOSTIC-OBD l'identit\u00e9 des diff\u00e9rents intervenants dans le cadre de sa r\u00e9alisation et de son suivi.<\/p>\n<h3>Bearbeiten der Seite<\/h3>\n<p>Diese Website, die unter der URL https:\/\/auto-diagnostic-obd.com\/ zug\u00e4nglich ist (die \"Website\"), wird herausgegeben von :<\/p>\n<p>EI INNOV-TECH, 35 Av. du Puy de D\u00f4me, 63100 Clermont-Ferrand, Frankreich, geleitet von TURYK Mark, eingetragen im Handelsregister von Clermont-Ferrand unter der Nummer 818 675 639.<\/p>\n<h3>Unterkunft<\/h3>\n<p>Die Website wird von der Firma O2Switch gehostet, die sich in 222 Boulevard Gustave Flaubert, 63000 Clermont-Ferrand, befindet (Telefon- oder E-Mail-Kontakt: (+33) 4 44 44 60 40).<\/p>\n<h3>Leiter der Ver\u00f6ffentlichung<\/h3>\n<p>Der Herausgeber der Website ist Mark TURYK.<\/p>\n<h3>Kontaktieren Sie uns<\/h3>\n<p><strong>Per Chat<\/strong> : 5\/7 Tage 8 bis 18 Uhr (Kundenservice)<br \/><strong>Per E-Mail<\/strong> : <a href=\"mailto:contact@auto-diagnostic-obd.com\">contact@auto-diagnostic-obd.com (Kundenservice)<\/a><br \/><strong>Telefonisch :<\/strong> +33651988943<br \/><strong>Per Post : <\/strong><br \/>EI INNOV-TECH (TURYK Mark)<br \/>35 Av. du Puy de D\u00f4me<br \/>63100 Clermont-Ferrand, Frankreich<\/p>\n<h3>Pers\u00f6nliche Daten<\/h3>\n<p>Die Verarbeitung personenbezogener Daten unterliegt unserer Datenschutzcharta, die der Allgemeinen Datenschutzverordnung 2016\/679 vom 27. April 2016 (\"DSGVO\") entspricht. Diese Charta ist \u00fcber den Abschnitt \"<a href=\"https:\/\/auto-diagnostic-obd.com\/de\/datenschutzrichtlinie\/\"> <strong>Datenschutzrichtlinie<\/strong><\/a> \".<br \/><span><\/span><\/p>\n<h3>Ombudsmann f\u00fcr Verbraucherfragen<\/h3>\n<p>Im Falle einer ungel\u00f6sten Streitigkeit zwischen dem Gewerbetreibenden und dem Verbraucher kann der Verbraucher einen Verbraucherschlichter anrufen. Gem\u00e4\u00df Artikel L.616-1 des Verbraucherschutzgesetzes garantiert der Gewerbetreibende dem Verbraucher die wirksame Inanspruchnahme einer Verbraucherschlichtungsstelle.<\/p>\n<p>Der f\u00fcr das Unternehmen EI INNOV-TECH zust\u00e4ndige Mediator ist das Centre de la M\u00e9diation de la Consommation de Conciliateurs de Justice (CM2C). Der Verbraucher kann sich bei allen Streitigkeiten im Zusammenhang mit einer Bestellung oder einem mit dem Gewerbetreibenden geschlossenen Kaufvertrag an diesen Mediator wenden.<\/p>\n<p>Adresse: 49 Rue de Ponthieu, 75008 Paris<br \/>Vertreten durch : Herr Ren\u00e9 Jalin, Vorsitzender<\/p>\n<p>Dar\u00fcber hinaus kann der Verbraucher auch die Plattform der Europ\u00e4ischen Union zur Online-Streitbeilegung (OS) nutzen, die unter folgender Adresse verf\u00fcgbar ist: <a href=\"https:\/\/ec.europa.eu\/consumers\/odr\/main\/\"><strong>RLL-Plattform.<\/strong><\/a><\/p>\n<h3><span>Geistiges Eigentum und Nutzung von Ressourcen Dritter<br \/><\/span><\/h3>\n<p>Die Informationen zum geistigen Eigentum, einschlie\u00dflich der auf dieser Seite verwendeten Bilder, Videos und Texte, sind wie folgt aufgeteilt:<\/p>\n<ul>\n<li>Einige dieser Ressourcen sind Eigentum von AUTO-DIAGNOSTIC-OBD.<\/li>\n<li>D'autres ressources sont fournies par nos partenaires et fournisseurs, dont les droits de propri\u00e9t\u00e9 intellectuelle leur appartiennent.<\/li>\n<li>Einige Ressourcen sind lizenzfreie Bilder, Videos oder Texte, die gem\u00e4\u00df den entsprechenden Lizenzen verwendet werden.<\/li>\n<\/ul>\n<p>Nous nous engageons \u00e0 respecter les droits de propri\u00e9t\u00e9 intellectuelle et \u00e0 obtenir les autorisations n\u00e9cessaires lors de l'utilisation de ressources qui ne nous appartiennent pas. Si vous constatez une violation de droits d'auteur ou si vous avez des questions concernant la propri\u00e9t\u00e9 intellectuelle sur notre site, veuillez nous contacter \u00e0 l'adresse suivante :<span>\u00a0<\/span><a href=\"mailto:contact@auto-diagnostic-obd.com\" target=\"_blank\" rel=\"noopener\">contact@auto-diagnostic-obd.com<\/a>.<\/p>\n<h3><span>\u00a0<\/span><\/h3>\n<\/div><\/div><\/div><\/div><\/div>","protected":false},"excerpt":{"rendered":"","protected":false},"author":1,"featured_media":0,"parent":0,"menu_order":0,"comment_status":"closed","ping_status":"closed","template":"","meta":{"_seopress_robots_primary_cat":"","_seopress_titles_title":"","_seopress_titles_desc":"","_seopress_robots_index":"yes","footnotes":""},"class_list":["post-127","page","type-page","status-publish","hentry"],"_links":{"self":[{"href":"https:\/\/auto-diagnostic-obd.com\/de\/wp-json\/wp\/v2\/pages\/127","targetHints":{"allow":["GET"]}}],"collection":[{"href":"https:\/\/auto-diagnostic-obd.com\/de\/wp-json\/wp\/v2\/pages"}],"about":[{"href":"https:\/\/auto-diagnostic-obd.com\/de\/wp-json\/wp\/v2\/types\/page"}],"author":[{"embeddable":true,"href":"https:\/\/auto-diagnostic-obd.com\/de\/wp-json\/wp\/v2\/users\/1"}],"replies":[{"embeddable":true,"href":"https:\/\/auto-diagnostic-obd.com\/de\/wp-json\/wp\/v2\/comments?post=127"}],"version-history":[{"count":1,"href":"https:\/\/auto-diagnostic-obd.com\/de\/wp-json\/wp\/v2\/pages\/127\/revisions"}],"predecessor-version":[{"id":19282,"href":"https:\/\/auto-diagnostic-obd.com\/de\/wp-json\/wp\/v2\/pages\/127\/revisions\/19282"}],"wp:attachment":[{"href":"https:\/\/auto-diagnostic-obd.com\/de\/wp-json\/wp\/v2\/media?parent=127"}],"curies":[{"name":"wp","href":"https:\/\/api.w.org\/{rel}","templated":true}]}}