{"id":265,"date":"2023-05-11T15:45:27","date_gmt":"2023-05-11T13:45:27","guid":{"rendered":"https:\/\/auto-diagnostic-obd.com\/?post_type=product&#038;p=265"},"modified":"2025-03-04T23:10:23","modified_gmt":"2025-03-04T22:10:23","slug":"diagnosekoffer-obd2-launch-cr3001","status":"publish","type":"product","link":"https:\/\/auto-diagnostic-obd.com\/de\/produkt\/diagnosekoffer-obd2-launch-cr3001\/","title":{"rendered":"Valise de diagnostic automobile\u00a0OBD2 Launch\u00a0CR3001 Creader [Lire et effacer les codes, v\u00e9rification moteur, Scanner OBD, Mise \u00e0 jour gratuite \u00e0 vie]"},"content":{"rendered":"<p>Der Launch CR3001 ist ein leistungsstarker und vielseitiger OBD2-Scanner. Er erm\u00f6glicht das Entfernen und Lesen von Fehlercodes und bietet Live-Datenablesungen, wie z. B. die O2-Sonde. Er ist mit allen f\u00fcnf OBD2-Protokollen kompatibel: J1850 PWM, J1850 VPW, ISO9141-2, KWP2000 (ISO 14230) und CAN (Control Area Network). Somit eignet es sich f\u00fcr Privatpersonen und Kfz-Spezialisten, die Fahrzeuge verschiedener Hersteller identifizieren. Neben dem Dekodieren und L\u00f6schen von Codes bietet es eine einzigartige grafische Anzeige von Echtzeitinformationen, die eine schnelle Interpretation erleichtert. Dar\u00fcber hinaus werden n\u00fctzliche Tipps zur Fehlersuche gegeben, die dem Nutzer helfen, ein genaues Screening zu erstellen. Kurz gesagt, das CR3001 Launch ist ein erschwingliches und zuverl\u00e4ssiges Werkzeug f\u00fcr alle, die nach einem guten OBD2-Autodiagnoseger\u00e4t suchen.<\/p>\n<h2>Warum sollten Sie sich f\u00fcr den OBD2 Diagnostic LAUNCH CR3001 Scanner entscheiden, was sind die Vorteile?<\/h2>\n<p>Das LAUNCH CR3001 ist das perfekte Diagnoseger\u00e4t f\u00fcr alle, die eine zuverl\u00e4ssige L\u00f6sung f\u00fcr ihr Fahrzeug suchen. Er bietet un\u00fcbertroffene Genauigkeit und M\u00f6glichkeiten, um Probleme mit Ihrem Fahrzeug schnell zu erkennen und Ma\u00dfnahmen zu ergreifen. Auf dem klaren und \u00fcbersichtlichen LCD-Bildschirm k\u00f6nnen Sie die Codes und ihre Definitionen leicht ablesen und die Einstellungen an Ihre speziellen Bed\u00fcrfnisse anpassen. Der stabile Koffer CR3001 bietet idealen Schutz f\u00fcr unterwegs, sodass Sie Ihren Autocodeleser sicher transportieren k\u00f6nnen. Warum sollten Sie sich also f\u00fcr den CR3001 von LAUNCH entscheiden? Zuverl\u00e4ssigkeit und Bequemlichkeit sind zwei hervorragende Gr\u00fcnde - kaufen Sie ihn noch heute und genie\u00dfen Sie die beruflichen Vorteile, die das richtige Diagnoseger\u00e4t mit sich bringt. Au\u00dferdem wird Ihnen eine optimale Erfahrung garantiert, da es einfach zu bedienen und robust ist.<\/p>\n<p>Der Launch Creader 3001 ist ein erschwinglicher Mehrmarken-Koffer, der f\u00fcr die Diagnose von Kraftfahrzeugmotoren entwickelt wurde. Er erm\u00f6glicht das Abrufen von Fehlercodes, das Deaktivieren der Check Engine-Leuchten und eine vollst\u00e4ndige Inspektion des I\/M-Status. Dar\u00fcber hinaus bietet sie die M\u00f6glichkeit, Informationen aufzuzeichnen und zu analysieren, den EVAP-Sensor zu bewerten und umfassende Ger\u00e4tetests durchzuf\u00fchren, wie z. B. die Diagnose des Abgassystems, emissionsbezogene Fehler, Motorprobleme, Komponenten- und Systemtests. Der Creader 3001 ist mit den meisten Modellen ab dem Jahr 2000 kompatibel und bietet Zugriff auf die VIN-Datenbank und die durchsuchbare Liste der DTC-Codes (Diagnostic Trouble Codes). Sie ist eine praktische L\u00f6sung f\u00fcr Kfz-Profis.<\/p>\n<h2>Schluss mit der Anzeige der Motorleuchte, das Lesen und L\u00f6schen von Codes wird zum Kinderspiel!<\/h2>\n<p>Die Verwendung eines Diagnosewerkzeugs ist beim Ausschalten der Motorkontrollleuchte von entscheidender Bedeutung. Andernfalls kann es n\u00e4mlich zu einem Anstieg der Emissionen und des Kraftstoffverbrauchs sowie zu einer Gefahr von Motorsch\u00e4den kommen. Daher wird dringend empfohlen, ein OBD2-Code-Leseger\u00e4t zur Diagnose der St\u00f6rungsleuchte (MIL) zu verwenden.<\/p>\n<h2>Was unterscheidet Launch CR3001 vom AD310?<\/h2>\n<p>Die Scanner CR3001 und AD310 sind so konzipiert, dass sie bei den meisten europ\u00e4ischen, amerikanischen und asiatischen Fahrzeugen funktionieren, die nach 1996 und 2000 hergestellt wurden. Diese Ger\u00e4te k\u00f6nnen zur \u00dcberpr\u00fcfung von Motorkontrollleuchten, zur Durchf\u00fchrung von I\/M-Monitorvorbereitungstests, zur Anzeige von Echtzeitanalysen und Standbilddaten, zum Lesen und L\u00f6schen von Codes und zur Anzeige von Fahrzeuginformationen verwendet werden. Dar\u00fcber hinaus bietet der Launch 3001 erweiterte M\u00f6glichkeiten wie O2-Sondentests, Evap-Systemtests und integrierte \u00dcberwachung. Daher ist er der ideale Scanner f\u00fcr Profis und Autoliebhaber.<\/p>\n<h2>Wie w\u00e4hle ich einen OBD Launch Autodiagnosekoffer aus?<\/h2>\n<p>Bei der Auswahl eines Launch-Koffers ist es wichtig zu \u00fcberlegen, welche Art von Diagnose Sie ben\u00f6tigen. OBD-II-Systeme (On-Board-Diagnostics) sind n\u00fctzlich, um Motoranomalien zu erkennen, und es gibt verschiedene Koffermodelle, die zur Durchf\u00fchrung dieser Diagnosen eingesetzt werden k\u00f6nnen. Einige sind spezifisch f\u00fcr bestimmte Marken und Modelle, w\u00e4hrend andere universell einsetzbar sind. Es ist entscheidend, dass Sie \u00fcberpr\u00fcfen, ob der von Ihnen gew\u00e4hlte Koffer mit dem OBDII-System Ihres Fahrzeugs kompatibel ist und auf die Fehler reagiert, die Sie diagnostizieren m\u00f6chten. Au\u00dferdem k\u00f6nnen Sie durch Information und Nutzung unseres Fachwissens eine fundierte Entscheidung dar\u00fcber treffen, welches Modell des Launch-Diagnosekoffers f\u00fcr Ihre Zwecke am besten geeignet ist.<\/p>\n<h2>Detaillierte Produktmerkmale Launch CR3001 OBD2 :<\/h2>\n<h3>1. Fehlercodes lesen und l\u00f6schen<\/h3>\n<p>Der Diagnosekoffer CR3001 wurde zum Lesen und L\u00f6schen von Codes (DTC) und zum Zur\u00fccksetzen der Motorkontrollleuchte entwickelt. Er bietet eine schnelle und genaue L\u00f6sung f\u00fcr Motorprobleme nach erfolgreichen Reparaturen.<\/p>\n<h3>2. Live-Ansicht der Daten<\/h3>\n<p>Der CR3001-Scanner verf\u00fcgt \u00fcber eine Echtzeit-Datenflussgrafik, die es dem Benutzer erm\u00f6glicht, anormale Parameter im Zeitverlauf einfach zu \u00fcberwachen. Mit dieser Funktion haben Sie Zugriff auf umfassende Informationen \u00fcber die Motorleistung und k\u00f6nnen potenzielle Probleme mit Ihrem Motor oder Steuerger\u00e4t sofort erkennen.<\/p>\n<h3>3. Den Status Ihrer Sensoren erfassen<\/h3>\n<p>Das Produkt CR3001 bietet die M\u00f6glichkeit, die vom Bordcomputer aufgezeichneten Fahrzeugbedingungen zu untersuchen, wenn eine Abgasst\u00f6rung auftritt. Diese Daten liefern Hinweise auf die Ursache der Fehlfunktion und k\u00f6nnen so die Suche lenken.<\/p>\n<h3>4. Bereitschaft I\/M<\/h3>\n<p>Das Produkt CR3001 des Fahrzeugs wurde entwickelt, um notwendige Reparaturen der Abgassysteme rechtzeitig zu erkennen. Es eignet sich ideal f\u00fcr vorgeschriebene Inspektions- und Wartungstests.<\/p>\n<h3>5. Test des O2-Sensors<\/h3>\n<p>Die Funktion des CR3001 besteht darin, vom Bordcomputer eines Fahrzeugs aus einen einfachen Zugriff und einen \u00dcberblick \u00fcber die Ergebnisse der Tests zur \u00dcberwachung der Sauerstoffsensoren zu erm\u00f6glichen. Die neuesten Analysen sind immer zeitnah f\u00fcr eine schnelle Abfrage zug\u00e4nglich.<\/p>\n<h3>6. Test des Onboard-Monitors<\/h3>\n<p>Dieses System sammelt und zeigt Daten zu emissionsrelevanten Komponenten und Ger\u00e4ten des Antriebsstrangs an. Es erm\u00f6glicht eine genaue Erkennung von Fehlz\u00fcndungen des Motors, Kompressionsproblemen bei bestimmten Zylindern und anderen m\u00f6glichen Schwierigkeiten, die m\u00f6glicherweise nicht auf Ihrem Armaturenbrett angezeigt werden.<\/p>\n<h3>7. Fahrzeuginformationen lesen<\/h3>\n<p>Entdecken Sie die Geheimnisse, die in Ihrem CR3001-Produkt verborgen sind, mit den wichtigsten Funktionen wie Fahrzeugidentifikationsnummer (VIN), Kalibrierungs-ID (CID) und Verifikationskontrolle (CVN). Jetzt k\u00f6nnen Sie ganz einfach auf die wichtigsten Informationen zugreifen.<\/p>\n<h3>8. Testen der Komponenten<\/h3>\n<p>Durch die Verwendung von Befehlen, die von einem Werkzeug \u00fcbertragen werden, ist es m\u00f6glich, bestimmte Komponenten eines Fahrzeugs zu testen, um sicherzustellen, dass sie ordnungsgem\u00e4\u00df funktionieren.<\/p>\n<h2>CR3001 Inhalt des Pakets :<\/h2>\n<p>1 x Diagnostischer Scanner CR3001<br \/>\n1 X USB-Kabel<br \/>\n1 X Handbuch<\/p>\n<h2>FAQ Produkt :<\/h2>\n<h3>Bietet die LAUNCH CR3001 Diagnosen f\u00fcr das Antiblockier-Bremssystem (ABS) und das zus\u00e4tzliche R\u00fcckhaltesystem (SRS)?<\/h3>\n<p>Nein, dieses Tool ist nur f\u00fcr die Diagnose von Motorsystemen gedacht.<\/p>\n<h3>Was ist die Ursache daf\u00fcr, dass das System bei der Analyse des Datenstroms abst\u00fcrzt?<\/h3>\n<p>Das Herausziehen von Steckern kann eine Fehlfunktion verursachen. Um dieses Problem zu beheben, schalten Sie das Instrument aus, schlie\u00dfen Sie den Stecker wieder fest an und schalten Sie es dann wieder ein.<\/p>\n<h3>Warum zeigt der Hauptmonitor beim Einschalten des Motors einen Flimmereffekt?<\/h3>\n<p>Elektromagnetische St\u00f6rungen sind die Hauptursache daf\u00fcr und ein weit verbreitetes Ph\u00e4nomen.<\/p>\n<h3>Was k\u00f6nnte die Ursache daf\u00fcr sein, dass Sie nicht reagieren, wenn Sie versuchen, mit dem bordeigenen Computersystem zu interagieren?<\/h3>\n<p>\u00dcberpr\u00fcfen Sie, ob die Versorgungsspannung stimmt und kontrollieren Sie, ob das Gaspedal geschlossen wurde, das Getriebe in Neutralstellung ist und die Wassertemperatur angemessen ist.<\/p>\n<h3>Was sind die Ursachen f\u00fcr eine so hohe Pr\u00e4valenz von Fehlercodes?<\/h3>\n<p>Der Fehlerstromkreis erf\u00e4hrt wahrscheinlich eine unzureichende Verbindung oder Erdung, was zu einer Fehlfunktion f\u00fchrt.<\/p>","protected":false},"excerpt":{"rendered":"<p>Der X431 CR3001 Scanner bietet die n\u00f6tige Leistung, um Ihr Auto einfach zu warten. Vom \u00dcberpr\u00fcfen und Zur\u00fccksetzen der Motorkontrollleuchten bis hin zum Entschl\u00fcsseln und L\u00f6schen von Codes - mit diesem Tool k\u00f6nnen Sie mechanische Probleme schnell erkennen. Nutzen Sie die kostenlosen Online-Updates f\u00fcr noch mehr Bequemlichkeit. \u00dcbernehmen Sie mit diesem au\u00dfergew\u00f6hnlichen Produkt ab sofort die Kontrolle \u00fcber Ihr Fahrzeug!<\/p>","protected":false},"featured_media":271,"comment_status":"open","ping_status":"closed","template":"","meta":{"_seopress_robots_primary_cat":"none","_seopress_titles_title":"Valise diagnostic \/ Scanner Launch CR3001 CREADER OBD2 \/ OBD","_seopress_titles_desc":"Facile \u00e0 lire et effacer les codes avec Launch CR3001 scanner OBD2. Obtenez les meilleurs diagnostics de voiture avec le lecteur de code Launch Creader","_seopress_robots_index":""},"product_brand":[],"product_cat":[30],"product_tag":[],"class_list":{"0":"post-265","1":"product","2":"type-product","3":"status-publish","4":"has-post-thumbnail","6":"product_cat-valise-de-diagnostic-obd","8":"first","9":"instock","10":"featured","11":"shipping-taxable","12":"purchasable","13":"product-type-simple"},"_links":{"self":[{"href":"https:\/\/auto-diagnostic-obd.com\/de\/wp-json\/wp\/v2\/product\/265","targetHints":{"allow":["GET"]}}],"collection":[{"href":"https:\/\/auto-diagnostic-obd.com\/de\/wp-json\/wp\/v2\/product"}],"about":[{"href":"https:\/\/auto-diagnostic-obd.com\/de\/wp-json\/wp\/v2\/types\/product"}],"replies":[{"embeddable":true,"href":"https:\/\/auto-diagnostic-obd.com\/de\/wp-json\/wp\/v2\/comments?post=265"}],"wp:featuredmedia":[{"embeddable":true,"href":"https:\/\/auto-diagnostic-obd.com\/de\/wp-json\/wp\/v2\/media\/271"}],"wp:attachment":[{"href":"https:\/\/auto-diagnostic-obd.com\/de\/wp-json\/wp\/v2\/media?parent=265"}],"wp:term":[{"taxonomy":"product_brand","embeddable":true,"href":"https:\/\/auto-diagnostic-obd.com\/de\/wp-json\/wp\/v2\/product_brand?post=265"},{"taxonomy":"product_cat","embeddable":true,"href":"https:\/\/auto-diagnostic-obd.com\/de\/wp-json\/wp\/v2\/product_cat?post=265"},{"taxonomy":"product_tag","embeddable":true,"href":"https:\/\/auto-diagnostic-obd.com\/de\/wp-json\/wp\/v2\/product_tag?post=265"}],"curies":[{"name":"wp","href":"https:\/\/api.w.org\/{rel}","templated":true}]}}