{"id":315,"date":"2023-05-11T16:07:41","date_gmt":"2023-05-11T14:07:41","guid":{"rendered":"https:\/\/auto-diagnostic-obd.com\/?post_type=product&#038;p=315"},"modified":"2023-05-11T17:41:22","modified_gmt":"2023-05-11T15:41:22","slug":"diagnosekoffer-obd2-launch-cr3008","status":"publish","type":"product","link":"https:\/\/auto-diagnostic-obd.com\/de\/produkt\/diagnosekoffer-obd2-launch-cr3008\/","title":{"rendered":"Valise de diagnostic automobile OBD2 Launch CR3008 Creader [Lecteur de code, Fonction test batterie, Scanner OBDII, Mise \u00e0 jour gratuite \u00e0 vie]"},"content":{"rendered":"<p>Maximieren Sie die Leistung Ihres Autos mit der ultimativen CR3008 OBD2-Kfz-Diagnosebox. Dieses Ger\u00e4t auf Profi-Niveau hilft Ihnen bei der Erkennung und Behebung von Motorfehlern, beim Lesen und L\u00f6schen von Codes und spart Geld, indem es teure Reparaturen vermeidet. Mit einem lebenslangen kostenlosen Update haben Sie immer die aktuellsten Informationen zur Hand, was dieses Ger\u00e4t perfekt f\u00fcr alle macht, die ihr Auto optimal betreiben wollen. \u00dcbernehmen Sie noch heute die Kontrolle \u00fcber Ihr Fahrzeug mit dem OBD2-Scankoffer von launch!<\/p>\n<p>&nbsp;<\/p>\n<h2>Warum sollten Sie sich f\u00fcr den Creader CR3008 OBD2 Diagnostic LAUNCH Scanner entscheiden, was sind die Vorteile?<\/h2>\n<p>Die LAUNCH 3008 ist ein revolution\u00e4res, universelles Diagnoseanalyseger\u00e4t, das entwickelt wurde, um umfassende Diagnosen f\u00fcr mehrere Fahrzeuge zu erstellen. Dieses benutzerfreundliche Ger\u00e4t unterst\u00fctzt alle 10 OBD-Testmodi bei jedem OBDII-kompatiblen Fahrzeug und ist damit die ideale Wahl f\u00fcr Autobesitzer und Mechaniker. Mit seinen erweiterten Funktionen und seinem intuitiven Design vereinfacht der LAUNCH CR3008 Scanner den Prozess der genauen Identifizierung f\u00fcr jede Aufgabe und erm\u00f6glicht einen reibungslosen \u00dcbergang von einem Modus zum anderen ohne \u00c4rger. Investieren Sie noch heute in erstklassige Leistung und holen Sie mit dem LAUNCH CR3008 das Beste aus Ihrem Fahrzeug heraus.<\/p>\n<h3>Unterst\u00fctzung mehrerer Sprachen<\/h3>\n<p>Die LAUNCH CR3008 OBD2 bietet mehrsprachige Unterst\u00fctzung f\u00fcr eine Reihe von internationalen Benutzern, darunter Englisch, Franz\u00f6sisch, Russisch, Spanisch, Deutsch, Japanisch und Portugiesisch. Dank dieser Sprachf\u00e4higkeit k\u00f6nnen Benutzer auf der ganzen Welt eine nahtlose Benutzererfahrung mit maximaler Effizienz genie\u00dfen.<\/p>\n<h3>Robustes und bew\u00e4hrtes Design<\/h3>\n<p>Das CR3008 ist ein benutzerfreundliches Geh\u00e4use, das mit I\/M-Schnellzugriffstasten und einem brillanten Farbdisplay f\u00fcr maximalen Komfort ausgestattet ist. Dank des durchdachten Designs k\u00f6nnen die Benutzer intuitiv mit dem Ger\u00e4t interagieren, wodurch komplexe Vorg\u00e4nge einfacher als je zuvor werden. Die vielseitigen Schnellzugriffstasten und das lebendige Display bieten ein attraktives Erlebnis, das die Produktivit\u00e4t steigert und die schnelle Erledigung von Aufgaben vereinfacht. Insgesamt ist das CR3008 die ideale Wahl f\u00fcr alle, die eine zuverl\u00e4ssige, effiziente und beeindruckende Technologiel\u00f6sung suchen.<\/p>\n<h3>Eine intuitive und praktische Schnittstelle<\/h3>\n<p>Der Emissionstest-Assistent ist mit rot-gelb-gr\u00fcnen LEDs und einem eingebauten Lautsprecher ausgestattet, um den Status des Emissionsmonitors deutlich anzuzeigen. Unabh\u00e4ngig davon, ob das Ger\u00e4t gerade Daten sammelt oder ob Anomalien festgestellt wurden, werden diese Anzeigen wertvolle Informationen liefern, damit Sie fundierte Entscheidungen treffen k\u00f6nnen, wenn es darum geht, die Einhaltung gesetzlicher Vorschriften zu gew\u00e4hrleisten. Mit diesem fortschrittlichen System im Einsatz k\u00f6nnen Sie auf die Genauigkeit und Zuverl\u00e4ssigkeit Ihrer Ergebnisse vertrauen.<\/p>\n<h3>Keine externe Stromversorgung erforderlich, das Ger\u00e4t wird von Ihrem Fahrzeug selbst mit Strom versorgt.<\/h3>\n<p>Es sind keine zus\u00e4tzlichen Batterien erforderlich, da der OBDII-Autoscanner direkt von der Z\u00fcndleistung Ihres Fahrzeugs gespeist wird, wodurch die Notwendigkeit einer externen Stromversorgung entf\u00e4llt. Erleben Sie dank unseres benutzerfreundlichen Designs einen einfachen Plug-and-Play-Installationsprozess ohne Zeitverlust bei der Einrichtung. Profitieren Sie von der nahtlosen Integration in Ihr bestehendes System, ohne Abstriche bei Leistung oder Qualit\u00e4t machen zu m\u00fcssen. Investieren Sie in eine stressfreie L\u00f6sung, die Effizienz und Bequemlichkeit f\u00f6rdert - entdecken Sie den OBDII-Autoscanner noch heute!<\/p>\n<h3>Drucken Sie Ihre Diagnoseberichte aus!<\/h3>\n<p>Der OBD-Diagnosescanner ist ein leistungsstarkes Werkzeug, um Probleme in Automotoren zu erkennen und zu diagnostizieren. Durch die Verbindung mit einem USB-Kabel kann das Ger\u00e4t einen detaillierten Bericht mit relevanten Informationen erstellen, der zur weiteren Inspektion ausgedruckt werden kann. Im Gegensatz zu anderen Scannern, die sich auf das blo\u00dfe Lesen von Codes beschr\u00e4nken, bietet unser Ger\u00e4t einen umfassenden \u00dcberblick \u00fcber den Zustand Ihres Autos, sodass Sie potenzielle Probleme besser verstehen k\u00f6nnen. Mit dem pers\u00f6nlichen Diagnoseger\u00e4t haben Sie die M\u00f6glichkeit, genaue und zuverl\u00e4ssige Ergebnisse zu erhalten, die Ihnen helfen k\u00f6nnen, fundierte Entscheidungen zu treffen, wenn es darum geht, die Unversehrtheit Ihres Fahrzeugs zu erhalten.<\/p>\n<h3>Kompatibel mit 99 % von Fahrzeugen nach 1996<\/h3>\n<p>Das CR3008 ist ein fortschrittliches Diagnoseger\u00e4t im Taschenformat, das umfassende OBDII\/EOBD-Funktionen bietet. Es erf\u00fcllt die wichtigsten Industriestandards wie ISO9141-2, ISO14230-4, SAEJ1850 und ISO 15765-4 und bietet eine F\u00fclle von Funktionen, wie z. B. einen 2,8-Zoll-Farbbildschirm mit grafischer Daten\u00fcbertragung, USB-Schnittstelle, Internet-Skalierbarkeit und Datenaufzeichnung und -wiedergabe. Dar\u00fcber hinaus zeigt das Ger\u00e4t die Spannung der Autobatterie in Echtzeit an und kann zum Ausdrucken von Daten an einen Drucker angeschlossen werden.<\/p>\n<h3>Ein Werkzeug f\u00fcr Profis und Privatpersonen!<\/h3>\n<p>Das CR3008 Autodiagnose-Tool ist ein unsch\u00e4tzbarer Vorteil f\u00fcr professionelle Mechaniker und diejenigen, die sich zu Hause um die Autopflege k\u00fcmmern, da es Tausende von Code-Tipps zur Fehlerbehebung enth\u00e4lt, die mit nur einem Knopfdruck zug\u00e4nglich sind. Die benutzerfreundliche Oberfl\u00e4che macht es noch einfacher, selbst die kniffligsten Probleme schnell und genau zu diagnostizieren. Dies wird die unverzichtbare Wahl f\u00fcr jede Familie und jeden professionellen Techniker sein.<\/p>\n<h2>Technische Daten zum Creader 3008 OBDII Launchcode-Leseger\u00e4t :<\/h2>\n<p>- Lesen und L\u00f6schen von Motor- oder Emissionsfehlercodes, um Probleme mit Motorkontrollleuchten effektiv zu diagnostizieren.<\/p>\n<p>- Suche nach generischen, herstellerspezifischen und ausstehenden Codes sowie Abruf von verwandten OBD2-Funktionen<\/p>\n<p>- Zeigen Sie den Live-PCM-Datenstrom, Sensorablesungen und Standbilddaten an, um die Hauptursache von Motorausf\u00e4llen leicht zu identifizieren.<\/p>\n<p>- Durchf\u00fchrung von Echtzeit-\u00dcberwachungstests, \u00dcberpr\u00fcfung der Batteriespannung, EVAP-Systemtests und mehr<\/p>\n<p>- Abrufen von Fahrzeuginformationen wie VIN-Code und andere Spezifikationen<\/p>\n<p>- Fehlerbehebung mit n\u00fctzlichen Code-Tipps, um die Diagnose- und Reparaturzeit zu verk\u00fcrzen<\/p>\n<p>- Internet Update erm\u00f6glicht lebenslange Updates und Kompatibilit\u00e4t mit allen Windows-Systemen.<\/p>\n<p>- Drucken Sie gespeicherte Fehlercodes, Standbilder und Live-Datenleseberichte \u00fcber den PC aus.<\/p>\n<h3>Autounterst\u00fctzung f\u00fcr die folgenden OBD2-Protokolle :<\/h3>\n<p>1. SAE J1850 PWM(41.6Kbaud)<\/p>\n<p>2. SAE J1850 VPW(10.4Kbaud)<\/p>\n<p>3. ISO9141-2(5 baud init, 10.4Kbaud)<\/p>\n<p>4. ISO14230-4 KWP(5 baud init,10.4 Kbaud)<\/p>\n<p>5. ISO14230-4 KWP(fast init,10.4 Kbaud)<\/p>\n<p>6. ISO15765-4 CAN(11bit ID,500 Kbaud)<\/p>\n<p>7. ISO15765-4 CAN(29bit ID,500 Kbaud)<\/p>\n<p>8. ISO15765-4 CAN(11bit ID,250 Kbaud)<\/p>\n<p>9. ISO15765-4 CAN(29bit ID,250 Kbaud)<\/p>\n<p>&nbsp;<\/p>\n<h3>Das Launch-Paket CR30018 umfasst :<\/h3>\n<p>1 x Launch CR30018<\/p>\n<p>1 x OBD2-Kabel<\/p>\n<p>1 x USB-Kabel<\/p>\n<p>1 x Benutzerhandbuch<\/p>","protected":false},"excerpt":{"rendered":"<p>Der X431 CR3008 Scanner ist ein professionelles Ger\u00e4t, das Ihre Sorgen um die Zuverl\u00e4ssigkeit Ihres Fahrzeugs beenden wird. Viele Autofahrer, vor allem Besitzer von etwas \u00e4lteren Autos, kennen das Gef\u00fchl, wenn mitten auf einer Fahrt mit vielen noch zu fahrenden Kilometern pl\u00f6tzlich ein rotes Licht erscheint. Das ist die Motorkontrollleuchte, die auf eine Fehlfunktion hinweist - ein Besuch beim n\u00e4chsten Mechaniker wird empfohlen. Leider kommt dies auch bei v\u00f6llig neuen Autos vor. \u00dcberladen mit Elektronik, schalten moderne Modelle bei der kleinsten St\u00f6rung den Strom ab und bringen das Auto zum Stillstand.<br \/>\nDie L\u00f6sung? Der X431 CR3008 Scanner. Dieses leistungsstarke Tool erm\u00f6glicht es Ihnen, die vom Fahrzeug angezeigten Codes zu diagnostizieren und zu verwalten. Dar\u00fcber hinaus verf\u00fcgt er auch \u00fcber eine Funktion zum Lesen von PCM-Datenstr\u00f6men in Echtzeit! Au\u00dferdem haben Sie die M\u00f6glichkeit, die gesammelten Informationen zu speichern und auszudrucken.<br \/>\nZ\u00f6gern Sie also nicht l\u00e4nger und machen Sie einen Schritt hin zu einer selbstbewussteren Fahrweise, bei der es unterwegs keine \u00dcberraschungen gibt. Seien Sie auf alle Umst\u00e4nde vorbereitet.<\/p>","protected":false},"featured_media":344,"comment_status":"open","ping_status":"closed","template":"","meta":{"_seopress_robots_primary_cat":"none","_seopress_titles_title":"Valise de diagnostic automobile OBD2 Launch CR3008 Creader","_seopress_titles_desc":"Le lecteur de code Launch Creader CR3008 est un outil de num\u00e9risation OBDII complet. Il est id\u00e9al pour scanner tous les codes OBD2 d\u00e9faillant.","_seopress_robots_index":""},"product_brand":[],"product_cat":[30],"product_tag":[],"class_list":{"0":"post-315","1":"product","2":"type-product","3":"status-publish","4":"has-post-thumbnail","6":"product_cat-valise-de-diagnostic-obd","8":"first","9":"instock","10":"shipping-taxable","11":"purchasable","12":"product-type-simple"},"_links":{"self":[{"href":"https:\/\/auto-diagnostic-obd.com\/de\/wp-json\/wp\/v2\/product\/315","targetHints":{"allow":["GET"]}}],"collection":[{"href":"https:\/\/auto-diagnostic-obd.com\/de\/wp-json\/wp\/v2\/product"}],"about":[{"href":"https:\/\/auto-diagnostic-obd.com\/de\/wp-json\/wp\/v2\/types\/product"}],"replies":[{"embeddable":true,"href":"https:\/\/auto-diagnostic-obd.com\/de\/wp-json\/wp\/v2\/comments?post=315"}],"wp:featuredmedia":[{"embeddable":true,"href":"https:\/\/auto-diagnostic-obd.com\/de\/wp-json\/wp\/v2\/media\/344"}],"wp:attachment":[{"href":"https:\/\/auto-diagnostic-obd.com\/de\/wp-json\/wp\/v2\/media?parent=315"}],"wp:term":[{"taxonomy":"product_brand","embeddable":true,"href":"https:\/\/auto-diagnostic-obd.com\/de\/wp-json\/wp\/v2\/product_brand?post=315"},{"taxonomy":"product_cat","embeddable":true,"href":"https:\/\/auto-diagnostic-obd.com\/de\/wp-json\/wp\/v2\/product_cat?post=315"},{"taxonomy":"product_tag","embeddable":true,"href":"https:\/\/auto-diagnostic-obd.com\/de\/wp-json\/wp\/v2\/product_tag?post=315"}],"curies":[{"name":"wp","href":"https:\/\/api.w.org\/{rel}","templated":true}]}}