{"id":359,"date":"2023-05-11T16:24:10","date_gmt":"2023-05-11T14:24:10","guid":{"rendered":"https:\/\/auto-diagnostic-obd.com\/?post_type=product&#038;p=359"},"modified":"2024-08-28T09:57:05","modified_gmt":"2024-08-28T07:57:05","slug":"diagnosekoffer-obd2-launch-crp123e","status":"publish","type":"product","link":"https:\/\/auto-diagnostic-obd.com\/de\/produkt\/diagnosekoffer-obd2-launch-crp123e\/","title":{"rendered":"Valise de diagnostic automobile Launch\u00a0CRP123E OBD2 Creader [Lire et effacer les codes, Scanner OBD, SRS, ABS, Airbag, Mise \u00e0 jour gratuite \u00e0 vie]"},"content":{"rendered":"<p>Der OBD2-Launch-Scanner CRP123E ist ein Muss f\u00fcr jeden Kfz-Techniker oder Heimwerker. Diese leistungsstarke Technologie bietet eine h\u00f6here Pr\u00e4zision und Genauigkeit bei der Diagnose von Motor, Getriebe, ABS und SRS, wodurch das R\u00e4tselraten bei der L\u00f6sung komplexer Probleme entf\u00e4llt. Ein so fortschrittliches Werkzeug gibt Ihnen das Selbstvertrauen, auch die einsch\u00fcchterndsten Aufgaben mit Leichtigkeit anzugehen, und garantiert jedes Mal ein erfolgreiches Ergebnis. Eine Investition in den X431 CRP123E ist eine Investition in Ihren Erfolg. Professionelle Autopflege beginnt hier - nehmen Sie ihn noch heute in Ihre Werkbank auf!<\/p>\n<p>&nbsp;<\/p>\n<h2>Erleben Sie die Leistungsf\u00e4higkeit professioneller Diagnosel\u00f6sungen mit dem Launch CRP123E<\/h2>\n<p>Der Launch CRP123E OBD2-Scanner ist ein intelligentes Diagnosewerkzeug f\u00fcr die Mechanik und bietet eine ganze Reihe von Funktionen, die auf der Android-Plattform basieren. Dieser fortschrittliche Codescanner stellt 57 Fahrzeughersteller auf die Probe und f\u00fcgt den leistungsstarken Vorteil des kontinuierlichen Auslesens von Infos f\u00fcr vier Systeme hinzu: Motor\/Getriebe\/ABS\/SRS. Au\u00dferdem haben Mechaniker mit diesem Analysetool Zugang zu n\u00fctzlichen Fahrzeugberichten, wodurch sie unn\u00f6tige Reparaturen vermeiden und ihre Zeit und ihr Budget optimieren k\u00f6nnen.<\/p>\n<p>Das Ger\u00e4t ist gleicherma\u00dfen f\u00fcr den professionellen wie f\u00fcr den privaten Gebrauch gedacht. Als Mechaniker erhalten Sie mit dem Ger\u00e4t die genauesten Daten und k\u00f6nnen den Diagnosebericht direkt erstellen und an Ihre Kunden oder Techniker weitergeben. Als Heimwerker k\u00f6nnen Sie umfassende Informationen \u00fcber Ihr Auto erhalten, besser mit Ihrer Werkstatt kommunizieren oder selbst Reparaturen vornehmen. So einfach ist das!<\/p>\n<ol>\n<li>Das Android 7.0-Betriebssystem dieses Tools bietet eine Reaktion f\u00fcr eine beispiellose Leistung. Es verbessert die Bedienung erheblich und bietet eine bessere Reaktionsf\u00e4higkeit und eine schnellere Geschwindigkeit als je zuvor. Die Nutzer k\u00f6nnen komplexere Anwendungen mit minimalem Batterieverbrauch ausf\u00fchren. Sein Touchscreen erleichtert die Bedienung ohne die Hilfe eines Computers und bietet einen schnelleren, fl\u00fcssigeren und stabileren Betrieb. Das spart den Nutzern also Zeit.<\/li>\n<li>\u00a0Mit einem Upgrade seines Akkus von 4000 mAh auf 6100 mAh arbeitet der LAUNCH CRP123 zuverl\u00e4ssig und langlebig. Dank dieser au\u00dfergew\u00f6hnlichen Kapazit\u00e4t hat Ihr Ger\u00e4t eine beeindruckende Arbeitsdauer.<\/li>\n<li>Der CRP123E ist mit einem Speicher von bis zu 16 GB ausgestattet, sodass er eine gr\u00f6\u00dfere Vielfalt an Fahrzeugen programmieren kann. Au\u00dferdem wird der Prozessor mit einer Frequenz von bis zu 1,1 Ghz betrieben, was die Geschwindigkeit des Autoscanners erh\u00f6ht.<\/li>\n<li>Der CRP123E verf\u00fcgt \u00fcber einen 5,0-Zoll-Touchscreen mit einer fesselnden 720P-Visualisierung f\u00fcr eine immersive und fl\u00fcssige Problemanalyse.<\/li>\n<li>Update der Auto-Software auf 2019\/2020\/2021 und unterst\u00fctzt \u00fcber 10000+ Fahrzeuge, darunter Autos, SUVs, Minivans, 12v-Kleintransporter sowie Benzin- und Dieselfahrzeuge: insgesamt 57+ abgedeckte Marken.<\/li>\n<li>AutoVin tech vereinfacht die Fahrzeugerkennung mit erstaunlicher Geschwindigkeit und Genauigkeit. Seine F\u00e4higkeit, die Fahrzeugidentifikationsnummer zu scannen, verk\u00fcrzt die Diagnosezeiten dramatisch und erleichtert die schnelle L\u00f6sung von Problemen.<\/li>\n<li>\u00a0Genie\u00dfen Sie eine einfache, schnelle und lebenslange Aktualisierung der Software mit nur einem Klick \u00fcberall und jederzeit dank WIFI! Keine IP-Beschr\u00e4nkungen.<\/li>\n<li>\u00a0Dank des rutschfesten Griffs und der Fallschutzschale ist der Scanner von Launch robuster und sto\u00dffest. Dieses Design erh\u00f6ht die Lebensdauer des Scanners erheblich und ist sehr n\u00fctzlich f\u00fcr Berufe in der Pannenhilfe.<\/li>\n<li>Online-Instandhaltungsressourcen bieten operative Fertigkeiten, DTC-Hilfe, ein Handbuch f\u00fcr Fahrzeugtechnik, Reparaturf\u00e4lle und instruktive Praxisvideos.<\/li>\n<\/ol>\n<p>&nbsp;<\/p>\n<h2>4 Systemdiagnosen f\u00fcr Motor\/Getriebe\/ABS\/SRS<\/h2>\n<h3>Diagnose des ABS<\/h3>\n<p>Der LAUNCH Creader OBDII-Scanner hat Zugriff auf das ABS-System, um Live-Daten zu visualisieren und Fehlercodes zu extrahieren. So kann er ABS-bezogene Fehlfunktionen leicht diagnostizieren und beheben, indem er eine OBD2-Analyse der Bremskomponenten durchf\u00fchrt, die zum Aufleuchten und Erl\u00f6schen der Warnleuchte f\u00fchren.<\/p>\n<h3>SRS-Diagnose<\/h3>\n<p>Dieses Diagnosewerkzeug kann den Gesundheitszustand der elektronischen Parameter des SRS-Systems \u00fcberpr\u00fcfen, um m\u00f6gliche Probleme schnell zu erkennen und Ihrer Sicherheit als Fahrer vorzubeugen, z. B. durch Ausschalten der Airbag-Warnleuchte.<\/p>\n<h3>Diagnose des Motors<\/h3>\n<p>Das Diagnosewerkzeug kann die Identifizierung der Gr\u00fcnde f\u00fcr ein Motorproblem erleichtern und die zugeh\u00f6rige Warnleuchte sofort ausschalten. Durch das Lesen und L\u00f6schen von DTC-Codes und das Scannen des Live-Datenstroms bietet Ihnen dieser Modus die Sicherheit, dass der Motor ordnungsgem\u00e4\u00df funktioniert und die Leistung verbessert wird.<\/p>\n<h3>Diagnose der \u00dcbertragung<\/h3>\n<p>Dieses Tool kann das Getriebe \u00fcberpr\u00fcfen, Codes lesen, um das Problem zu beheben, Live-Informationen anzeigen, um den Gesundheitszustand des Getriebes zu \u00fcberpr\u00fcfen, die gew\u00fcnschten Einstellungen an Ihr Getriebe senden und sicherstellen, dass die Leistung, die auf die R\u00e4der \u00fcbertragen wird, den Konstruktionsdaten entspricht.<\/p>\n<h3>Intelligente Diagnose (Automatische Erkennung)<\/h3>\n<p>Erkennt automatisch die VIN des Fahrzeugs (CIN\/VIN\/CVN), liest die Versionsinformationen des Steuerger\u00e4ts aus.<\/p>\n<h3>Entsperren Sie umfassende Diagnosen des Motorsystems<\/h3>\n<p>- Antriebsstrang-Diagnosedaten liefern wichtige Informationen \u00fcber die Funktion und den Zustand des Antriebsstrangs eines Fahrzeugs.<\/p>\n<p>Eingefrorene Bilddaten des Antriebsstrangs k\u00f6nnen verwendet werden, um Fahrzyklen zu untersuchen, Fehlercodes und Emissionstrends im Laufe der Zeit zu analysieren und den zuk\u00fcnftigen Emissionsbedarf vorherzusagen<\/p>\n<p>- Die DTC-Codes f\u00fcr Emissionsprobleme sind wichtig, um die zugrunde liegenden Probleme zu erkennen, die zu Emissionsproblemen bei Fahrzeugen f\u00fchren k\u00f6nnen<\/p>\n<p>- Das Entfernen oder Zur\u00fccksetzen von emissionsbezogenen Diagnoseinformationen kann dabei helfen, das System neu zu kalibrieren und die optimale Leistung wiederherzustellen.<\/p>\n<p>- Tests zur \u00dcberwachung von Sauerstoffsensoren k\u00f6nnen bei der Diagnose von Systemen helfen, die mit der Emissionskontrolle verbunden sind, sowie bei der \u00dcberpr\u00fcfung der Leistung der Kraftstofflieferung<\/p>\n<p>- Die Ergebnisse der Onboard-\u00dcberwachungstests erm\u00f6glichen es Technikern, die verf\u00fcgbaren Informationen \u00fcber eine Vielzahl von Parametern, die mit der Systemleistung zusammenh\u00e4ngen, zu best\u00e4tigen<\/p>\n<p>- Mithilfe der emissionsbezogenen Codes im Gleichgewichtszustand k\u00f6nnen Sie eine genaue Diagnose Ihrer Emissionen erstellen.<\/p>\n<p>- Die Kontrolle der Komponente des eingebetteten Systems ist entscheidend, wenn es darum geht, zuverl\u00e4ssige Diagnosen zu stellen und Probleme zu beheben<\/p>\n<p>- Fahrzeuginformationen werden nicht nur f\u00fcr umfassende Diagnosen ben\u00f6tigt, sondern auch, um den Kunden realistische Erwartungen an Reparaturen und Serviceleistungen zu vermitteln.<\/p>\n<h3>Grafik der Batteriespannung in Echtzeit<\/h3>\n<p>\u00dcberpr\u00fcfen Sie den Zustand des Akkus in Echtzeit und beseitigen Sie Probleme mit dem Akku, die normalerweise leicht \u00fcbersehen werden.<\/p>\n<h3>Kostenlose lebenslange Updates Wifi<\/h3>\n<p>Es \u00fcberwindet die Inkompatibilit\u00e4ten, die mit der Aktualisierung \u00fcber den Computer verbunden sind, indem es das Problem l\u00f6st.<\/p>\n<p>Das vereinfachte WiFi-Update ist schneller und einfacher, wenn man sich mit dem drahtlosen Dienst verbindet. Au\u00dferdem ist die neueste Version der Software mit einer Vielzahl von Modellen von 2019 bis 2021 kompatibel.<\/p>\n<h3>Die Unterst\u00fctzung f\u00fcr mehrere Sprachen wird bereitgestellt.<\/h3>\n<p>Sprachbarrieren zu \u00fcberwinden ist einfach - Sie k\u00f6nnen problemlos auf Englisch, Spanisch, Franz\u00f6sisch, Deutsch, Italienisch, Russisch, Japanisch, Koreanisch oder Portugiesisch umstellen.<\/p>\n<h3>Aufzeichnung, Wiedergabe und Anzeige des Verlaufs<\/h3>\n<p>Ein wichtiges Merkmal des CRP123E ist seine F\u00e4higkeit, Live-Daten anzuzeigen und sie als Welle zu speichern. Das spart Ihnen Zeit, da Sie nicht alle Informationen, die angezeigt werden, lesen und verstehen m\u00fcssen. Sie k\u00f6nnen diese Daten sogar zur weiteren Analyse, Berichtigung und Verwendung heranziehen.<\/p>\n<h3>Google DTC Inside<\/h3>\n<p>Dank des integrierten Google DTC-Systems erhalten Sie, sobald Sie die Ergebnisse haben, schnell Informationen zu den durchzuf\u00fchrenden Wartungsarbeiten.<\/p>\n<h3>Bericht \u00fcber Wi-Fi teilen<\/h3>\n<p>Anstatt Zeit zu verschwenden, w\u00e4ren Sie mit diesem LAUNCH-Scanner problemlos in der Lage, Ihren Kunden oder Technikern \u00fcber Wi-Fi Testberichte zu erstellen.<\/p>\n<p>Interessierte Personen k\u00f6nnen einen umfassenden, verst\u00e4ndlichen und detaillierten Diagnosebericht einsehen, bevor sie genau verstehen, welche Ma\u00dfnahmen umgesetzt werden m\u00fcssen.<\/p>\n<p>Vorbei sind die Zeiten, in denen Sie Zeit und Energie darauf verwenden mussten, Google nach weniger vertrauensw\u00fcrdigen L\u00f6sungen zu durchsuchen.<\/p>\n<p>&nbsp;<\/p>\n<h2>Im Folgenden finden Sie eine Liste der Artikel, die im Paket enthalten sind:<\/h2>\n<ul>\n<li>1* CRP123E<\/li>\n<li>1* Tragetasche<\/li>\n<li>1* OBDII-Kabel<\/li>\n<li>1* Ladekabel<\/li>\n<li>1* Benutzerhandbuch<\/li>\n<\/ul>","protected":false},"excerpt":{"rendered":"<p>Der Codeleser X431 CRP123E ist ein leistungsstarkes Werkzeug zur Durchf\u00fchrung umfassender Analysen und Diagnosen Ihres Autos oder des Fahrzeugs eines Kunden. Mit diesem Modell haben Sie die M\u00f6glichkeit, Daten wie u. a. die VIN-Nummer zu lesen, die Batteriespannung in Echtzeit anzuzeigen, den O2-Sensor zu testen sowie die Motorkontrollleuchten auszuschalten, Codes zu l\u00f6schen und die Monitore zur\u00fcckzusetzen!<\/p>\n<p>Das Ger\u00e4t ist f\u00fcr den professionellen und privaten Gebrauch gleicherma\u00dfen geeignet. Als Mechaniker erhalten Sie mit dem Ger\u00e4t die genauesten Daten und k\u00f6nnen den Diagnosebericht direkt erstellen und an Ihre Kunden oder Techniker weitergeben. Als Heimwerker k\u00f6nnen Sie umfassende Informationen \u00fcber Ihr Auto erhalten, besser mit Ihrer Werkstatt kommunizieren oder selbst Reparaturen vornehmen. So einfach ist das!<\/p>","protected":false},"featured_media":372,"comment_status":"open","ping_status":"closed","template":"","meta":{"_seopress_robots_primary_cat":"none","_seopress_titles_title":"Valise diagnostic automobile Launch CRP123E OBD2 Creader","_seopress_titles_desc":"Diagnostic automobile de qualit\u00e9 professionnelle avec le scanner Launch CRP123E OBD2. Fini les probl\u00e8mes ABS, SRS, d\u2019airbag, r\u00e9initialisation de l\u2019huile (Mise \u00e0 jour gratuite)","_seopress_robots_index":"","_seopress_analysis_target_kw":"launch,obd2,creader,lecteur de code,interface,crp123e,valise de diagnostic,diagnostic automobile"},"product_brand":[],"product_cat":[30],"product_tag":[],"class_list":{"0":"post-359","1":"product","2":"type-product","3":"status-publish","4":"has-post-thumbnail","6":"product_cat-valise-de-diagnostic-obd","8":"first","9":"instock","10":"shipping-taxable","11":"purchasable","12":"product-type-simple"},"_links":{"self":[{"href":"https:\/\/auto-diagnostic-obd.com\/de\/wp-json\/wp\/v2\/product\/359","targetHints":{"allow":["GET"]}}],"collection":[{"href":"https:\/\/auto-diagnostic-obd.com\/de\/wp-json\/wp\/v2\/product"}],"about":[{"href":"https:\/\/auto-diagnostic-obd.com\/de\/wp-json\/wp\/v2\/types\/product"}],"replies":[{"embeddable":true,"href":"https:\/\/auto-diagnostic-obd.com\/de\/wp-json\/wp\/v2\/comments?post=359"}],"wp:featuredmedia":[{"embeddable":true,"href":"https:\/\/auto-diagnostic-obd.com\/de\/wp-json\/wp\/v2\/media\/372"}],"wp:attachment":[{"href":"https:\/\/auto-diagnostic-obd.com\/de\/wp-json\/wp\/v2\/media?parent=359"}],"wp:term":[{"taxonomy":"product_brand","embeddable":true,"href":"https:\/\/auto-diagnostic-obd.com\/de\/wp-json\/wp\/v2\/product_brand?post=359"},{"taxonomy":"product_cat","embeddable":true,"href":"https:\/\/auto-diagnostic-obd.com\/de\/wp-json\/wp\/v2\/product_cat?post=359"},{"taxonomy":"product_tag","embeddable":true,"href":"https:\/\/auto-diagnostic-obd.com\/de\/wp-json\/wp\/v2\/product_tag?post=359"}],"curies":[{"name":"wp","href":"https:\/\/api.w.org\/{rel}","templated":true}]}}