{"id":4840,"date":"2023-07-27T12:24:31","date_gmt":"2023-07-27T10:24:31","guid":{"rendered":"https:\/\/auto-diagnostic-obd.com\/?post_type=product&#038;p=4840"},"modified":"2025-07-24T13:10:58","modified_gmt":"2025-07-24T11:10:58","slug":"diagnosekoffer-auto-multimarken-mucar-cde900-pro","status":"publish","type":"product","link":"https:\/\/auto-diagnostic-obd.com\/de\/produkt\/diagnosekoffer-auto-multimarken-mucar-cde900-pro\/","title":{"rendered":"Multimarken Autodiagnosekoffer MUCAR CDE900 Pro : Ihr komplettes und erweiterbares Autodiagnosetool OBD2\/EOBD \ud83e\uddf0\ud83d\udca1."},"content":{"rendered":"<h2>MUCAR CDE900 Pro: Fortgeschrittenes Fahrzeugdiagnose-Tool<\/h2>\n<p>Der MUCAR CDE900 Pro ist ein fortschrittliches Fahrzeugdiagnoseger\u00e4t, das modernste Technologie und Benutzerfreundlichkeit f\u00fcr Kfz-Techniker und Autoliebhaber verspricht.<\/p>\n<h3>Technische Eigenschaften von Spitze<\/h3>\n<p>Die Kamera verf\u00fcgt \u00fcber einen <strong>5-Zoll-HD-Bildschirm<\/strong>Das gro\u00dfe Display erm\u00f6glicht es dem Benutzer, alle Daten klar und deutlich zu sehen. Das gro\u00dfe Display hilft bei der Anzeige von Echtzeitgrafiken, dem Lesen von Fehlercodes und dem Zugriff auf die Ger\u00e4tefunktionen.<\/p>\n<p>Er besitzt eine <strong>2 GB RAM-Speicher<\/strong> und eine <strong>32 GB ROM-Speicher<\/strong>und bietet eine fl\u00fcssige und schnelle Benutzererfahrung. F\u00fcr diejenigen, die mehr Platz ben\u00f6tigen, kann der Speicher mithilfe einer TF-Karte auf bis zu 256 GB erweitert werden.<\/p>\n<p>Der MUCAR CDE900 Pro arbeitet mit einem <strong>Android-Betriebssystem<\/strong>Die Software ist bekannt f\u00fcr ihre benutzerfreundliche Oberfl\u00e4che, die die Bedienung des Ger\u00e4ts einfach und intuitiv macht.<\/p>\n<h4>Flexibilit\u00e4t und Benutzerfreundlichkeit<\/h4>\n<p>Er bietet au\u00dferdem die M\u00f6glichkeit, <strong>Zusatzfunktionen<\/strong> je nach den Bed\u00fcrfnissen des Nutzers, die nach dem Kauf lebenslang kostenlos aktualisiert werden. Es verf\u00fcgt \u00fcber eine vereinfachte Systemaktualisierung \u00fcber WiFi, die nur einen Klick erfordert und den Prozess der Softwareaktualisierung m\u00fchelos macht. Er verf\u00fcgt au\u00dferdem \u00fcber eine <strong>3150-mAh-Akku<\/strong>Das bedeutet, dass sie leicht tragbar und jederzeit einsatzbereit ist.<\/p>\n<h3>Diagnostische Funktionen<\/h3>\n<p>Dieses Diagnosewerkzeug bietet eine breite Palette an OBD\/EOBD-Funktionen. Es bietet 10 kostenlose, lebenslange OBD2-Testmodi, darunter das Lesen und L\u00f6schen von Fehlercodes, die Anzeige von Echtzeitdaten, die Anzeige der Betriebsparameter des Fahrzeugs bei Erkennung einer DTC, die I\/M-Vorbereitung, den O2-Sensortest, den On-Board-Monitoring-Test, die Anzeige von Fahrzeuginformationen, den EVAP-Test und die DTC-Suche.<\/p>\n<h4>Kostenpflichtige Erweiterungen<\/h4>\n<p>Der MUCAR CDE900 Pro bietet beim Kauf auch zus\u00e4tzliche Erweiterungsfunktionen. Er bietet eine umfassende Systemdiagnose f\u00fcr Autos, eine Diagnose der vier wichtigsten Autosysteme (ECM, ABS, SRS, TCM), eine umfassende Funktion f\u00fcr Automarken, eine Reset-Funktion und 28 Reset-Funktionen f\u00fcr alle unterst\u00fctzten Autos.<\/p>\n<p>Es ist wichtig zu beachten, dass dieses Ger\u00e4t Fahrzeuge mit OBD2- und EOBD-Protokoll unterst\u00fctzt, jedoch nicht solche mit JOBD-Protokoll. Das Tool ist mit 95% der Fahrzeugmodelle in den USA, Europa und Asien kompatibel und bietet somit eine hohe Flexibilit\u00e4t bei der Verwendung.<\/p>\n<h3>Mehrsprachige Betreuung<\/h3>\n<p>Der MUCAR CDE900 Pro ist mehrsprachig und unterst\u00fctzt 17 Sprachen, darunter Englisch, Franz\u00f6sisch, Deutsch, Italienisch, Spanisch, Portugiesisch, Japanisch, Russisch, Niederl\u00e4ndisch, Ungarisch, Slowakisch, Griechisch, Arabisch, Koreanisch, T\u00fcrkisch, Polnisch und Tschechisch.<\/p>\n<h4>Zus\u00e4tzliche Funktionen<\/h4>\n<p>Dar\u00fcber hinaus bietet es zus\u00e4tzliche Funktionen wie das Speichern, Lesen und Drucken von Gesundheitsberichten, das Upgrade mit einem Klick \u00fcber WiFi, das Drucken von Diagnoseberichten mit einem Klick und technischen Support, der \u00fcber den Online-Kundendienst verf\u00fcgbar ist.<\/p>\n<h2><\/h2>\n<h2>Technische Zusammenfassung :<\/h2>\n<ul>\n<li>5-Zoll-HD-Bildschirm f\u00fcr eine klare und detaillierte Darstellung.<\/li>\n<li>2 GB RAM + 32 GB ROM, erweiterbar auf bis zu 256 GB mit einer TF-Karte.<\/li>\n<li>Android-Betriebssystem f\u00fcr eine intuitive Bedienung.<\/li>\n<li>Systemaktualisierung \u00fcber WiFi mit einem Klick.<\/li>\n<li>3150-mAh-Akku f\u00fcr den mobilen Einsatz.<\/li>\n<li>Unterst\u00fctzung von 17 Sprachen.<\/li>\n<li>OBD\/EOBD-Funktionen mit 10 kostenlosen, lebenslangen OBD2-Testmodi.<\/li>\n<li>Bietet Erweiterungsfunktionen beim Kauf an.<\/li>\n<li>Kompatibel mit Fahrzeugen mit OBD2- und EOBD-Protokollen.<\/li>\n<li>Kompatibel mit 95% von Automodellen in den USA, Europa und Asien.<\/li>\n<\/ul>\n<h3>Kostenzusammenfassung f\u00fcr Erweiterungsfunktionen (Vom Hersteller zu erwerben) :<\/h3>\n<ul>\n<li>Vollst\u00e4ndige Systemdiagnose von Autos: 99,95 USD mit lebenslangem kostenlosem Update.<\/li>\n<li>Diagnose aller 4 Systeme (ECM, ABS, SRS, TCM) von Autos: 39.95 USD mit kostenlosen lebenslangen Updates.<\/li>\n<li>Vollst\u00e4ndige Automarkenfunktion: 59.95 USD mit kostenlosen lebenslangen Updates.<\/li>\n<li>R\u00fccksetzfunktion: Verschiedene Optionen verf\u00fcgbar ab 15,95 USD mit lebenslangem kostenlosem Update.<\/li>\n<li>28 R\u00fccksetzfunktionen f\u00fcr alle unterst\u00fctzten Autos: 79.95 USD mit lebenslangem kostenlosem Update.<\/li>\n<\/ul>\n<h2>Inhalt des Oolis :<\/h2>\n<ul>\n<li>Das Diagnosewerkzeug CDE900 Pro.<\/li>\n<li>Benutzerhandb\u00fccher f\u00fcr MUCAR CDE900.<\/li>\n<\/ul>","protected":false},"excerpt":{"rendered":"<p>Begeben Sie sich mit dem MUCAR CDE900 Pro Diagnosekoffer, einer erweiterbaren Komplettl\u00f6sung f\u00fcr Ihr Auto, in die Zukunft der Autodiagnose \ud83d\ude97. Ausgestattet mit einem 5-Zoll-HD-Bildschirm und einem Android-Betriebssystem, macht dieser Multimarken-Koffer die Diagnose und das Zur\u00fccksetzen Ihres Autos so einfach wie die Bedienung Ihres Smartphones \ud83d\udcf2.<\/p>\n<p>Dank der OBD2\/EOBD-Technologie kann dieses Auto-Diagnose-Tool die Fehlercodes Ihres Fahrzeugs auslesen und l\u00f6schen und liefert dabei Echtzeitdaten f\u00fcr eine einfache Analyse \ud83d\udcca. Dar\u00fcber hinaus unterst\u00fctzt es 17 Sprachen, darunter Englisch, Franz\u00f6sisch und Deutsch.<\/p>\n<p>G\u00f6nnen Sie Ihrem Auto die beste Mehrmarken-Autodiagnose. Profitieren Sie von kostenlosen, lebenslangen Updates und dank des integrierten WiFi sind Ihre Updates mit einem Klick erledigt \ud83d\udc46. Lassen Sie sich von keinem Fehler \u00fcberraschen und fahren Sie sicher mit MUCAR CDE900 Pro.<\/p>","protected":false},"featured_media":4858,"comment_status":"open","ping_status":"closed","template":"","meta":{"_seopress_robots_primary_cat":"none","_seopress_titles_title":"Valise de Diagnostic Auto Multimarques MUCAR CDE900 Pro","_seopress_titles_desc":"D\u00e9couvrez la Valise de Diagnostic MUCAR CDE900 Pro, un outil de diagnostic auto multimarques complet. Lit et efface les codes d'erreur, visualise des donn\u00e9es en temps r\u00e9el !","_seopress_robots_index":""},"product_brand":[],"product_cat":[30],"product_tag":[],"class_list":{"0":"post-4840","1":"product","2":"type-product","3":"status-publish","4":"has-post-thumbnail","6":"product_cat-valise-de-diagnostic-obd","8":"first","9":"instock","10":"shipping-taxable","11":"purchasable","12":"product-type-simple"},"_links":{"self":[{"href":"https:\/\/auto-diagnostic-obd.com\/de\/wp-json\/wp\/v2\/product\/4840","targetHints":{"allow":["GET"]}}],"collection":[{"href":"https:\/\/auto-diagnostic-obd.com\/de\/wp-json\/wp\/v2\/product"}],"about":[{"href":"https:\/\/auto-diagnostic-obd.com\/de\/wp-json\/wp\/v2\/types\/product"}],"replies":[{"embeddable":true,"href":"https:\/\/auto-diagnostic-obd.com\/de\/wp-json\/wp\/v2\/comments?post=4840"}],"wp:featuredmedia":[{"embeddable":true,"href":"https:\/\/auto-diagnostic-obd.com\/de\/wp-json\/wp\/v2\/media\/4858"}],"wp:attachment":[{"href":"https:\/\/auto-diagnostic-obd.com\/de\/wp-json\/wp\/v2\/media?parent=4840"}],"wp:term":[{"taxonomy":"product_brand","embeddable":true,"href":"https:\/\/auto-diagnostic-obd.com\/de\/wp-json\/wp\/v2\/product_brand?post=4840"},{"taxonomy":"product_cat","embeddable":true,"href":"https:\/\/auto-diagnostic-obd.com\/de\/wp-json\/wp\/v2\/product_cat?post=4840"},{"taxonomy":"product_tag","embeddable":true,"href":"https:\/\/auto-diagnostic-obd.com\/de\/wp-json\/wp\/v2\/product_tag?post=4840"}],"curies":[{"name":"wp","href":"https:\/\/api.w.org\/{rel}","templated":true}]}}