{"id":488,"date":"2023-05-11T17:05:24","date_gmt":"2023-05-11T15:05:24","guid":{"rendered":"https:\/\/auto-diagnostic-obd.com\/?post_type=product&#038;p=488"},"modified":"2025-11-30T01:43:02","modified_gmt":"2025-11-30T00:43:02","slug":"diagnoseschnittstelle-obd2-elm327-bluetooth-2-0","status":"publish","type":"product","link":"https:\/\/auto-diagnostic-obd.com\/de\/produkt\/diagnoseschnittstelle-obd2-elm327-bluetooth-2-0\/","title":{"rendered":"Interface de diagnostic automobile\u00a0ELM327 OBD2 V1.5 Bluetooth BT2.0 [Lire et effacer les codes, v\u00e9rification moteur, OBD Scanner]"},"content":{"rendered":"<h2>Entdecken Sie die unglaubliche Leistungsf\u00e4higkeit der ELM327 V1.5 OBD2 Bluetooth BT2.0 Multimarken-Diagnoseschnittstelle<\/h2>\n<p>Das ELM327 OBD2 Bluetooth-Diagnoseger\u00e4t wird Sie Ihren Kauf nicht bereuen lassen. Es kann nicht nur Fehlercodes auslesen, sondern auch Infos wie die Temperatur des K\u00fchlmittels, den Sauerstoffgehalt im Abgas, den Turbodruck und vieles mehr anzeigen. Es kann Ihnen sogar dabei helfen, einen Fehler zu finden und Informationen dar\u00fcber abzurufen, wie Ihr Fahrzeug funktioniert. Das ELM327 OBDII-Tool ist ein Muss f\u00fcr jeden Fahrer, der die Leistung seines Fahrzeugs immer auf dem h\u00f6chsten Niveau halten m\u00f6chte. Mit diesem Instrument k\u00f6nnen Sie Fehlercodes auslesen und Informationen \u00fcber die Leistung Ihres Fahrzeugs abrufen, von der K\u00fchlmitteltemperatur bis zum Sauerstoffgehalt in den Abgasen und dem Turbodruck. Es ist nicht nur ein Diagnoseger\u00e4t, sondern kann Ihnen auch helfen, Fehler zu finden, bevor sie schwere Sch\u00e4den verursachen. Mit diesem Ger\u00e4t haben Sie alle Daten, die Sie ben\u00f6tigen, zur Hand und k\u00f6nnen so sicherstellen, dass Ihr Auto optimal l\u00e4uft und seine Lebensdauer verl\u00e4ngert wird. Warten Sie also nicht, bis etwas Schlimmes passiert, sondern investieren Sie noch heute in ein ELM327 OBDII-Diagnoseger\u00e4t und sch\u00fctzen Sie Ihr Auto f\u00fcr die kommenden Jahre.<\/p>\n<p>&nbsp;<\/p>\n<h2>Die Hauptaufgaben des ELM327 Bluetooth OBD Diagnostic Tool sind folgende :<\/h2>\n<h3>Fehlercodes lesen (DTC) :<\/h3>\n<p>Unsere Plattform kann Diagnoseinformationen entschl\u00fcsseln, die im System Ihres Fahrzeugs vorhanden sind. Diese Informationen k\u00f6nnen Probleme mit dem Motor, dem Getriebe, dem Bremssystem und vielem mehr aufzeigen. Unsere L\u00f6sung erm\u00f6glicht es Ihnen, Fehler schnell zu erkennen und zu diagnostizieren, damit Ihr Fahrzeug wieder einwandfrei funktioniert.<\/p>\n<h3>Fehlercodes l\u00f6schen (Motor-LED) :<\/h3>\n<p>Sobald die Probleme behoben sind, kann sie auch die Standardcodes l\u00f6schen.<\/p>\n<h3>Daten in Echtzeit lesen :<\/h3>\n<p>Mit dieser OBD-Box k\u00f6nnen Sie einen Scan der wichtigsten Daten Ihres Fahrzeugs durchf\u00fchren, z. B. Geschwindigkeit, \u00d6ltemperatur, \u00d6ldruck und K\u00fchltemperatur. Mit diesem Tool haben Sie die M\u00f6glichkeit, auf wertvolle Informationen zuzugreifen und potenzielle Probleme schnell zu diagnostizieren.<\/p>\n<h3>Daten speichern :<\/h3>\n<p>Ihr Smartphone, Tablet oder Computer kann die gesammelten Informationen f\u00fcr zuk\u00fcnftige Analysen speichern. Mithilfe dieser Daten k\u00f6nnen Sie sich einen umfassenderen und detaillierteren \u00dcberblick \u00fcber Ihre Aktivit\u00e4ten und Ihre Leistung verschaffen. Wir bieten Ihnen damit eine M\u00f6glichkeit, Ihre Fortschritte zu verstehen und fundierte Entscheidungen zu treffen.<\/p>\n<h3>Kompatibel mit vielen OBD-Standards :<\/h3>\n<p>Dieses vielseitige Werkzeug ist dank des OBD-Steckers normalerweise mit mehreren Protokollen kompatibel, wie z. B. OBDII, J1850 PWM, J1850 VPW, ISO9141 und KWP2000, wodurch es f\u00fcr die meisten Fahrzeuge geeignet ist.<\/p>\n<h3>Unterst\u00fctzung mehrerer Plattformen :<\/h3>\n<p>Dieser Konnektor ist mit mehreren Betriebssystemen kompatibel, darunter Windows und Android. Er bietet optimale Kompatibilit\u00e4t und einen professionellen, menschlichen und einzigartigen Ton. Bluetooth-Verbindung :<\/p>\n<p>Das Tool verbindet sich \u00fcber Bluetooth mit einem Telefon, Tablet oder Computer und kann so Fehlercodes und Daten in Echtzeit auslesen, ohne dass Kabel ben\u00f6tigt werden.<\/p>\n<p>Die ELM327 V1.5 OBDII-Schnittstelle wird Sie mit ihren zahlreichen Vorteilen begeistern. Sie ist ein wertvolles Hilfsmittel, um die Leistung Ihres Fahrzeugs zu \u00fcberwachen, Anomalien zu erkennen und die Funktionsf\u00e4higkeit Ihres Autos zu erhalten.<\/p>\n<p>Der ELM327 ist so konzipiert, dass er mit einer Vielzahl von Android-Systemen vollst\u00e4ndig kompatibel ist und in Verbindung mit der Software von TORQUE, EOBD Easy, Infocar, inCarDoc Pro, OBDII Auto Doctor sowie der PC-Version von Scan Master-ELM verwendet werden kann. Als solches bietet es un\u00fcbertroffene professionelle Erfahrung, die eine zuverl\u00e4ssige und genaue Datenextraktion aus dem Computersystem Ihres Autos gew\u00e4hrleistet.<\/p>\n<p>Der ELM327-Standard V1.5 ist ein Kommunikationsprotokoll, das zur Verbindung mit den Bordcomputern (ECUs), die in Autos zu finden sind, verwendet wird. Die Version 1.5 ist mit vielen g\u00e4ngigen Kommunikationsversionen kompatibel, die in Fahrzeugen verwendet werden, wie z. B. OBDII, J1850 und CAN. Das bedeutet, dass sie mit einer Vielzahl von Fahrzeugen nach 1996 funktioniert, darunter Pkw, Lkw, Motorr\u00e4der und Traktoren. Es ist wichtig, dass Sie vor der Verwendung des ELM327 V1.5 pr\u00fcfen, ob Ihr Fahrzeug mit der vom ELM327 V1.5 verwendeten Variante kompatibel ist. In unserem Shop finden Sie unter anderem kompatible ELM 327 V2.3.<\/p>\n<p>&nbsp;<\/p>\n<h2>Die Verpackung des ELM327 OBD2 V1.5 Bluetooth enth\u00e4lt :<\/h2>\n<ol>\n<li>OBD2-Diagnoseschnittstelle ELM327 BT2.0<\/li>\n<li>Die CD enth\u00e4lt die Treiber, die Software und die zugeh\u00f6rigen Inhalte.<\/li>\n<\/ol>","protected":false},"excerpt":{"rendered":"<p>Probleme mit Ihrem Auto k\u00f6nnen sich auf eine Art und Weise bemerkbar machen, die ohne einen professionellen Mechaniker m\u00f6glicherweise nicht zu erkennen ist. Aber jetzt m\u00fcssen Sie nicht mehr viel Geld ausgeben, um Ihr Fahrzeug untersuchen zu lassen. Mit diesem ELM 327 Diagnoseger\u00e4t k\u00f6nnen Sie Ihre Fahrzeugdiagnose ohne Kabel und Display auf die n\u00e4chste Stufe heben.<\/p>\n<p>Da Sie nur die Bluetooth-Technologie verwenden, k\u00f6nnen Sie Fehlercodes problemlos lesen und l\u00f6schen, um Probleme schnell zu erkennen. Mit diesem Ger\u00e4t k\u00f6nnen Sie alle Sensoren in Ihrem Auto von Ihrem Smartphone aus \u00fcberwachen - damit Sie wissen, wenn etwas nicht stimmt, bevor es zu einem Problem wird. Die ELM327-Schnittstelle ist unauff\u00e4llig und zuverl\u00e4ssig und dennoch das fortschrittlichste Ger\u00e4t, das heute auf dem Markt erh\u00e4ltlich ist.<\/p>\n<p>Anstatt zu warten, bis es zu sp\u00e4t ist und Sie von einer gr\u00f6\u00dferen Schwierigkeit \u00fcberrascht werden, gehen Sie voraus und k\u00fcmmern Sie sich proaktiv um Ihr Auto. Mit dem ELM327 k\u00f6nnen Sie Zeit und Geld sparen und gleichzeitig beruhigt sein, weil Sie wissen, dass Sie f\u00fcr jedes m\u00f6gliche Hindernis eine qualitativ hochwertige Abdeckung haben. Warten Sie keine Sekunde l\u00e4nger - holen Sie sich noch heute das fortschrittlichste und erschwinglichste Werkzeug f\u00fcr die OBDII-Diagnose!<\/p>","protected":false},"featured_media":510,"comment_status":"open","ping_status":"closed","template":"","meta":{"_seopress_robots_primary_cat":"none","_seopress_titles_title":"Interface diagnostic automobile ELM327 OBD2 Bluetooth BT2.0","_seopress_titles_desc":"D\u00e9couvrez l&#039;interface de diagnostic ELM327 OBD Bluetooth pour votre v\u00e9hicule. Facile \u00e0 utiliser, cette interface vous permet de diagnostiquer via Bluetooth.","_seopress_robots_index":""},"product_brand":[],"product_cat":[23],"product_tag":[],"class_list":{"0":"post-488","1":"product","2":"type-product","3":"status-publish","4":"has-post-thumbnail","6":"product_cat-interface-de-diagnostic-obd","8":"first","9":"instock","10":"shipping-taxable","11":"purchasable","12":"product-type-simple"},"_links":{"self":[{"href":"https:\/\/auto-diagnostic-obd.com\/de\/wp-json\/wp\/v2\/product\/488","targetHints":{"allow":["GET"]}}],"collection":[{"href":"https:\/\/auto-diagnostic-obd.com\/de\/wp-json\/wp\/v2\/product"}],"about":[{"href":"https:\/\/auto-diagnostic-obd.com\/de\/wp-json\/wp\/v2\/types\/product"}],"replies":[{"embeddable":true,"href":"https:\/\/auto-diagnostic-obd.com\/de\/wp-json\/wp\/v2\/comments?post=488"}],"wp:featuredmedia":[{"embeddable":true,"href":"https:\/\/auto-diagnostic-obd.com\/de\/wp-json\/wp\/v2\/media\/510"}],"wp:attachment":[{"href":"https:\/\/auto-diagnostic-obd.com\/de\/wp-json\/wp\/v2\/media?parent=488"}],"wp:term":[{"taxonomy":"product_brand","embeddable":true,"href":"https:\/\/auto-diagnostic-obd.com\/de\/wp-json\/wp\/v2\/product_brand?post=488"},{"taxonomy":"product_cat","embeddable":true,"href":"https:\/\/auto-diagnostic-obd.com\/de\/wp-json\/wp\/v2\/product_cat?post=488"},{"taxonomy":"product_tag","embeddable":true,"href":"https:\/\/auto-diagnostic-obd.com\/de\/wp-json\/wp\/v2\/product_tag?post=488"}],"curies":[{"name":"wp","href":"https:\/\/api.w.org\/{rel}","templated":true}]}}