{"id":4887,"date":"2023-07-27T21:24:16","date_gmt":"2023-07-27T19:24:16","guid":{"rendered":"https:\/\/auto-diagnostic-obd.com\/?post_type=product&#038;p=4887"},"modified":"2025-10-02T19:52:34","modified_gmt":"2025-10-02T17:52:34","slug":"mucar-vo6-diagnosekoffer-auto-professionell","status":"publish","type":"product","link":"https:\/\/auto-diagnostic-obd.com\/de\/produkt\/mucar-vo6-diagnosekoffer-auto-professionell\/","title":{"rendered":"MUCAR VO6 &#8211; Valise de Diagnostic Auto Multimarques Professionnelle [Scanner OBD complet, Codage ECU, Test d&rsquo;action]\ud83d\ude80\ud83c\udfaf"},"content":{"rendered":"<h2>MUCAR VO6 - Das ultimative Ger\u00e4t zur Fahrzeugdiagnose<\/h2>\n<p>Wenn Sie nach einem umfassenden Ger\u00e4t zur Fahrzeugdiagnose suchen, brauchen Sie nicht weiter zu suchen - MUCAR VO6 erf\u00fcllt alle Ihre Anforderungen. Hier sind die Gr\u00fcnde, warum Sie MUCAR VO6 brauchen :<\/p>\n<ol>\n<li>Lebenslange kostenlose Updates f\u00fcr die vollst\u00e4ndige Systemdiagnose f\u00fcr alle Autos: Mit MUCAR VO6 erhalten Sie lebenslange kostenlose Updates f\u00fcr die vollst\u00e4ndige Systemdiagnose f\u00fcr alle Autos. So sind Sie immer auf dem neuesten Stand, was die neuesten Funktionen und die beste Leistung betrifft.<\/li>\n<li>28 kostenlose, lebenslange R\u00fccksetzungen von Sonderfunktionen f\u00fcr alle Autos: Profitieren Sie von 28 kostenlosen, lebenslangen R\u00fccksetzungen von Sonderfunktionen f\u00fcr alle Autos. Egal, ob Sie \u00d6l, Bremsen, BMS-Batterie, Dieselpartikelfilter (DPF) oder andere Funktionen zur\u00fccksetzen m\u00fcssen, MUCAR VO6 hat alles abgedeckt.<\/li>\n<li>Professionelle ECU-Codierung und aktiver Test (bidirektionale Kontrolle): Mit MUCAR VO6 k\u00f6nnen Sie die professionelle ECU-Codierung sowie die Erweiterung des aktiven Tests (bidirektionale Kontrolle) nutzen. Diese erweiterte Funktionalit\u00e4t erfordert ein Jahresabonnement von 49,95 $ pro Automarke, das Sie im MUCAR Store erwerben k\u00f6nnen.<\/li>\n<li>Kompatibilit\u00e4t mit \u00fcber 126 Automarken: MUCAR VO6 ist mit \u00fcber 126 Automarken kompatibel, sodass Sie Probleme bei einer Vielzahl von Fahrzeugen diagnostizieren und beheben k\u00f6nnen.<\/li>\n<li>Unterst\u00fctzung von 14 Sprachen: MUCAR VO6 unterst\u00fctzt 14 verschiedene Sprachen, darunter Englisch, Franz\u00f6sisch, Spanisch, Deutsch, Russisch, Italienisch, Portugiesisch, Japanisch, Polnisch, Ungarisch, Arabisch, Griechisch, Slowakisch und traditionelles Chinesisch.<\/li>\n<li>Lebenslanger technischer Support: Mit MUCAR VO6 erhalten Sie lebenslangen technischen Support, der Ihnen professionelle Hilfe garantiert, wann immer Sie sie brauchen.<\/li>\n<\/ol>\n<p>F\u00fcr eine reale Nutzungserfahrung lesen Sie bitte unser mehrsprachiges Handbuch, das in der Verpackung enthalten ist.<\/p>\n<h3>Vollst\u00e4ndige Systemdiagnose aller Autos lebenslang kostenlos<\/h3>\n<p>Die Diagnostics-Anwendung erm\u00f6glicht eine Datenverbindung zum elektronischen Kontrollsystem des Testfahrzeugs f\u00fcr die Fahrzeugdiagnose. Die Anwendung f\u00fchrt Funktionstests durch, ruft Fahrzeugdiagnoseinformationen wie Fehler- und Ereigniscodes sowie Live-Daten f\u00fcr verschiedene Fahrzeugkontrollsysteme wie ABS, SRS, Motor, Getriebe, Bremssystem, Emissionssystem, Kraftstoffsystem, Beleuchtungssystem, Scheibenwischersystem usw. ab.<\/p>\n<h2>Unbegrenzter lebenslanger Zugang zu 28 Reset-Diensten f\u00fcr Fahrzeuge.<\/h2>\n<ul>\n<li>Zur\u00fccksetzen des \u00d6ls<\/li>\n<li>Bremsen zur\u00fccksetzen<\/li>\n<li>Zur\u00fccksetzen der BMS-Batterie<\/li>\n<li>Regeneration des Dieselpartikelfilters (DPF)<\/li>\n<li>Zur\u00fccksetzen des SAS-Lenkungsengels<\/li>\n<li>Zur\u00fccksetzen des Reifendrucks TPMS<\/li>\n<li>Schl\u00fcssel\u00fcbereinstimmung IMMO<\/li>\n<li>ABS-Blutung<\/li>\n<li>Schiebedach zur\u00fccksetzen<\/li>\n<li>Zur\u00fccksetzen der Suspendierung<\/li>\n<li>Zur\u00fccksetzen des Getriebes (Getriebe)<\/li>\n<li>Zur\u00fccksetzen der AFS-Scheinwerfer<\/li>\n<li>Codierung von Injektoren<\/li>\n<li>ETS-Learning (Anpassung des Beschleunigers)<\/li>\n<li>Lernen von Ausr\u00fcstung<\/li>\n<li>Selbstlernende EGR<\/li>\n<li>Zur\u00fccksetzen A\/F<\/li>\n<li>Adblue-Reset (Dieselmotor-Abgasfilter)<\/li>\n<li>Zur\u00fccksetzen des Airbags<\/li>\n<li>Blutung aus der K\u00fchlfl\u00fcssigkeit<\/li>\n<li>\u00c4nderung der Reifen<\/li>\n<li>Sprache wechseln<\/li>\n<li>Zur\u00fccksetzen des Nox-Sensors<\/li>\n<li>Ablesen des Kilometerz\u00e4hlers<\/li>\n<li>Aus\/Start Zur\u00fccksetzen<\/li>\n<li>Kalibrierung des Sitzes<\/li>\n<li>Art des Transports<\/li>\n<li>Fenster kalibrieren<\/li>\n<\/ul>\n<h3>Unterst\u00fctzung von ECU-Codierung und aktivem Test (bidirektionale Kontrolle)<\/h3>\n<p>Mit der Codierungsfunktion k\u00f6nnen Sie die Steuermodule des Fahrzeugs neu programmieren, um verschiedene Leistungs- und Effizienzprobleme zu beheben. Mit dem aktiven Test (bidirektionale Steuerung) k\u00f6nnen Sie die Fahrzeugaktuatoren f\u00fcr genaue und effiziente Tests aktivieren.<\/p>\n<h4>Kostenlose vollst\u00e4ndige OBD2-Funktionen<\/h4>\n<p>Zus\u00e4tzlich zur umfassenden Diagnose und Unterst\u00fctzung der ECU-Codierung bietet MUCAR VO6 kostenlose, vollst\u00e4ndige OBD2-Funktionen, einschlie\u00dflich Lesen und L\u00f6schen von Fehlercodes, Anzeige von Live-Daten und Betriebsparametern des Fahrzeugs, Testen von Bauteilen, Abrufen von Fahrzeuginformationen und vieles mehr.<\/p>\n<h4>Erweiterte Diagnoseabdeckung<\/h4>\n<p>MUCAR VO6 unterst\u00fctzt die meisten Fahrzeuge, die das OBDII-Protokoll nach 1996 unterst\u00fctzen. Egal, ob es sich um amerikanische, europ\u00e4ische oder asiatische Autos handelt, MUCAR VO6 ist bereit, sie zu diagnostizieren und die Probleme zu l\u00f6sen.<\/p>\n<h4>Wissenschaftliches Datenmanagement 4 in 1<\/h4>\n<p>MUCAR VO6 bietet eine umfassende wissenschaftliche Datenverwaltung. Sie k\u00f6nnen Diagnosedaten speichern und wiedergeben, Druckberichte erstellen und die gespeicherten Diagnoseinformationen zur besseren Analyse auswerten.<\/p>\n<h4>Kostenlose lebenslange Updates \u00fcber WIFI<\/h4>\n<p>Aktualisieren Sie Ihren MUCAR VO6 mit einem Klick \u00fcber die WIFI-Verbindung. Halten Sie sich mit den neuesten Verbesserungen und Funktionen auf dem Laufenden, um eine optimale Leistung zu gew\u00e4hrleisten.<\/p>\n<h4>Wie man sich f\u00fcr MUCAR VO6 registriert\/aktualisiert<\/h4>\n<ol>\n<li>Schalten Sie den Rechner ein und verbinden Sie sich mit dem WIFI.<\/li>\n<li>Klicken Sie auf der Startseite auf die Upgrade-Schaltfl\u00e4che, um ein Upgrade mit einem Klick durchzuf\u00fchren.<\/li>\n<li>Folgen Sie den Anweisungen, um sich zu registrieren und Ihr Konto einzurichten. Sie k\u00f6nnen auch die erforderlichen Gesch\u00e4ftsinformationen eingeben.<\/li>\n<\/ol>\n<h2><\/h2>\n<h2>Produktspezifikationen:<\/h2>\n<ul>\n<li>Bildschirmanzeige: 5.99 Zoll\/TFT(IPS)<\/li>\n<li>Verbindung: Wi-Fi\/Bluetooth<\/li>\n<li>RAM: 2G<\/li>\n<li>ROM: 16G<\/li>\n<li>Betriebstemperatur: 32 \u2109 ~ 122 \u2109<\/li>\n<li>Lagerungstemperatur: -4 \u2109 ~ 144 \u2109.<\/li>\n<\/ul>\n<h2>Packliste :<\/h2>\n<ul>\n<li>1 * MUCAR VO6 Wirt<\/li>\n<li>1 * Diagnose-Dongle<\/li>\n<li>1 * Ladekabel<\/li>\n<li>1 * Mehrsprachiges Handbuch<\/li>\n<li>1 * Netzadapter<\/li>\n<\/ul>\n<p>Suchen Sie nicht l\u00e4nger, MUCAR VO6 ist das ultimative Ger\u00e4t zur Fahrzeugdiagnose, mit dem Sie alle Probleme Ihres Fahrzeugs l\u00f6sen k\u00f6nnen. Profitieren Sie von seiner Vielseitigkeit, Zuverl\u00e4ssigkeit und au\u00dfergew\u00f6hnlichen Leistung.<\/p>","protected":false},"excerpt":{"rendered":"<p>\ud83d\udd27\ud83d\ude97 Entdecken Sie MUCAR VO6, das ultimative Diagnoseger\u00e4t f\u00fcr Autos. Mit kostenlosen lebenslangen Updates f\u00fcr die vollst\u00e4ndige Diagnose \ud83d\ude80 und 28 R\u00fccksetzungen von Spezialfunktionen f\u00fcr alle Autos \ud83d\ude80 ist MUCAR VO6 Ihr perfekter Verb\u00fcndeter bei der Wartung Ihres Fahrzeugs.<\/p>\n<p>Profitieren Sie von der professionellen ECU-Codierung \ud83d\udee0\ufe0f, aktiven Tests (bidirektionale Kontrolle) und einer erweiterten Kompatibilit\u00e4t mit \u00fcber 126 Automarken \ud83c\udf0e. Dar\u00fcber hinaus unterst\u00fctzt MUCAR VO6 14 verschiedene Sprachen \ud83c\udf10.<\/p>\n<p>Mit kostenlosen vollst\u00e4ndigen OBD2-Funktionen \ud83c\udf81 bietet MUCAR VO6 eine breite Diagnoseabdeckung f\u00fcr die meisten Fahrzeuge, die das OBDII-Protokoll nach 1996 unterst\u00fctzen. Sein 4-in-1-Datenmanagementsystem erm\u00f6glicht Ihnen eine umfassende Analyse und ein einfaches Update \u00fcber WIFI \ud83d\udcc8\ud83d\udcca.<\/p>\n<p>Ausgestattet mit einem 5,99-Zoll-Bildschirm, Wi-Fi\/Bluetooth, 2 GB RAM und 16 GB ROM, wird es mit einem Diagnose-Dongle, einem Ladekabel, einem mehrsprachigen Handbuch und einem Netzteil geliefert.<\/p>\n<p>MUCAR VO6, mehr als nur ein Diagnosewerkzeug, ist der ultimative Partner, um Ihr Fahrzeug auf H\u00f6chstleistung zu halten \ud83c\udfce\ufe0f\ud83d\udca8.<\/p>","protected":false},"featured_media":4906,"comment_status":"open","ping_status":"closed","template":"","meta":{"_seopress_robots_primary_cat":"none","_seopress_titles_title":"MUCAR VO6 - La Valise de Diagnostic Auto Multimarques Professionnelle","_seopress_titles_desc":"Trouvez la solution \u00e0 tous vos probl\u00e8mes de diagnostic auto avec la valise MUCAR VO6. Outil complet, compatible OBD2, pour des donn\u00e9es en temps r\u00e9el.","_seopress_robots_index":""},"product_brand":[],"product_cat":[30],"product_tag":[],"class_list":{"0":"post-4887","1":"product","2":"type-product","3":"status-publish","4":"has-post-thumbnail","6":"product_cat-valise-de-diagnostic-obd","8":"first","9":"instock","10":"shipping-taxable","11":"purchasable","12":"product-type-simple"},"_links":{"self":[{"href":"https:\/\/auto-diagnostic-obd.com\/de\/wp-json\/wp\/v2\/product\/4887","targetHints":{"allow":["GET"]}}],"collection":[{"href":"https:\/\/auto-diagnostic-obd.com\/de\/wp-json\/wp\/v2\/product"}],"about":[{"href":"https:\/\/auto-diagnostic-obd.com\/de\/wp-json\/wp\/v2\/types\/product"}],"replies":[{"embeddable":true,"href":"https:\/\/auto-diagnostic-obd.com\/de\/wp-json\/wp\/v2\/comments?post=4887"}],"wp:featuredmedia":[{"embeddable":true,"href":"https:\/\/auto-diagnostic-obd.com\/de\/wp-json\/wp\/v2\/media\/4906"}],"wp:attachment":[{"href":"https:\/\/auto-diagnostic-obd.com\/de\/wp-json\/wp\/v2\/media?parent=4887"}],"wp:term":[{"taxonomy":"product_brand","embeddable":true,"href":"https:\/\/auto-diagnostic-obd.com\/de\/wp-json\/wp\/v2\/product_brand?post=4887"},{"taxonomy":"product_cat","embeddable":true,"href":"https:\/\/auto-diagnostic-obd.com\/de\/wp-json\/wp\/v2\/product_cat?post=4887"},{"taxonomy":"product_tag","embeddable":true,"href":"https:\/\/auto-diagnostic-obd.com\/de\/wp-json\/wp\/v2\/product_tag?post=4887"}],"curies":[{"name":"wp","href":"https:\/\/api.w.org\/{rel}","templated":true}]}}