{"id":492,"date":"2023-05-11T16:58:07","date_gmt":"2023-05-11T14:58:07","guid":{"rendered":"https:\/\/auto-diagnostic-obd.com\/?post_type=product&#038;p=492"},"modified":"2025-11-02T00:39:08","modified_gmt":"2025-11-01T23:39:08","slug":"diagnoseschnittstelle-vgate-vlinker-fd-plus","status":"publish","type":"product","link":"https:\/\/auto-diagnostic-obd.com\/de\/produkt\/diagnoseschnittstelle-vgate-vlinker-fd-plus\/","title":{"rendered":"\ud83d\ude97 Interface de diagnostic VGATE VLINKER FD+ [Bluetooth 4.0 pour FORD\/MAZDA: OBD2 Scanner, FORScan &#038; ELM327 Compatible] \ud83d\udee0\ufe0f"},"content":{"rendered":"<h2>VGATE VLINKER FD+ Diagnoseschnittstelle: das ultimative Tool f\u00fcr FORD\/MAZDA<\/h2>\n<h3>Professionelle Diagnostik in Reichweite<\/h3>\n<p>Die VGATE VLINKER FD+ Diagnoseschnittstelle bietet Ihnen professionelle Diagnosefunktionen direkt auf Ihrem Mobilger\u00e4t oder PC. Das Tool ist mit Windows, iOS und Android kompatibel und erm\u00f6glicht es Ihnen, Fehler zu lesen und zu l\u00f6schen, Parameter w\u00e4hrend des Fahrzeugbetriebs in Echtzeit anzuzeigen, Codierungen, Anpassungen, Kalibrierungen und Ausf\u00fchrungstests durchzuf\u00fchren.<\/p>\n<h3>Drahtlose Verbindung und FORScan-Kompatibilit\u00e4t<\/h3>\n<p>Das VLINKER FD+ Interface verbindet sich mit Ihrem Ger\u00e4t \u00fcber Bluetooth 4.0 und bietet eine schnelle und stabile drahtlose Verbindung. Sie wird auch f\u00fcr das FORScan-Programm empfohlen und ist voll kompatibel mit MS-CAN, HS-CAN, SW-CAN sowie den 5 OBD-II-Standardprotokollen. Greifen Sie auf private Netzwerke von Ford zu, um noch tiefere Diagnosen zu erm\u00f6glichen.<\/p>\n<h2>Verwandeln Sie Ihr Ger\u00e4t in ein fortschrittliches Diagnosewerkzeug<\/h2>\n<h3>Funktionen zur Programmierung und Personalisierung<\/h3>\n<p>Mit der VGATE VLINKER FD+ Schnittstelle k\u00f6nnen Sie verschiedene Funktionen programmieren, um Ihr Autoerlebnis zu verbessern. Aktivieren Sie die Scheibenwischer bei Regen, die akustische Warnung beim R\u00fcckw\u00e4rtsfahren, die Erw\u00e4rmung der Frontscheibe, die automatische T\u00fcrverriegelung bei einer bestimmten Geschwindigkeit und vieles mehr. Gestalten Sie Ihr Fahrzeug nach Ihren W\u00fcnschen und sorgen Sie so f\u00fcr ein einzigartiges, ma\u00dfgeschneidertes Fahrerlebnis.<\/p>\n<h3>Leistungs\u00fcberwachung in Echtzeit<\/h3>\n<p>Mit der VLINKER FD+ Schnittstelle k\u00f6nnen Sie auch die Leistung Ihres Fahrzeugs in Echtzeit \u00fcberwachen. Verfolgen Sie Schl\u00fcsselparameter wie Batteriespannung, Versandbytes, Standby-Modus und andere wichtige Daten, um einen optimalen Betrieb Ihres Fahrzeugs zu gew\u00e4hrleisten.<\/p>\n<h2>Kompatibilit\u00e4t und Benutzerfreundlichkeit<\/h2>\n<h3>Kompatibel mit einer Vielzahl von Fahrzeugen<\/h3>\n<p>Die VGATE VLINKER FD+ Diagnoseschnittstelle ist universell einsetzbar und mit fast allen Fahrzeugmodellen mit standardm\u00e4\u00dfigem OBD2-Stecker kompatibel. Sie funktioniert auch mit universellen Diagnoseanwendungen f\u00fcr alle Fahrzeugmodelle und bietet grundlegende Funktionen, die Ihnen helfen, potenzielle Probleme zu erkennen.<\/p>\n<h3>Plug and Play - Keine Batterien erforderlich<\/h3>\n<p>Schlie\u00dfen Sie die VLINKER FD+ Schnittstelle einfach an den OBD2-Anschluss Ihres Fahrzeugs an und schon k\u00f6nnen Sie mit der Nutzung beginnen. Es werden keine Batterien ben\u00f6tigt, was dieses Tool noch praktischer und einfacher zu bedienen macht.<\/p>\n<h3>Detaillierte technische Beschreibung<\/h3>\n<ul>\n<li>Spezielle Diagnoseschnittstelle f\u00fcr FORD\/MAZDA<\/li>\n<li>Hauptfunktionen: Lesen und L\u00f6schen von Fehlern, Anzeige von Parametern in Echtzeit, Codierung, Anpassungen, Kalibrierungen, Ausf\u00fchrungstests<\/li>\n<li>Kompatibel mit Windows, iOS und Android<\/li>\n<li>Kommunikation \u00fcber Bluetooth 4.0<\/li>\n<li>Empfohlen f\u00fcr das FORScan-Programm<\/li>\n<li>Vollst\u00e4ndig kompatibel mit MS-CAN, HS-CAN, SW-CAN und mehr als den 5 OBD-II-Standardprotokollen<\/li>\n<\/ul>\n<h3>Inhalt des Pakets<\/h3>\n<ul>\n<li>Diagnostischer OBDII-Scanner Vgate vLinker FD WiFi<\/li>\n<li>Verpackung des Produkts<\/li>\n<li>Handbuch auf Englisch<\/li>\n<\/ul>","protected":false},"excerpt":{"rendered":"<p>Entdecken Sie die VGATE VLINKER FD+ Diagnoseschnittstelle, die speziell f\u00fcr Fahrzeuge von Ford, Mazda, Lincoln und Mercury entwickelt wurde. Mit diesem leistungsstarken und vielseitigen Tool k\u00f6nnen Sie professionelle Fahrzeugdiagnosen direkt von Ihrem Smartphone, Tablet oder PC aus durchf\u00fchren. Dank der Bluetooth 4.0-Verbindung profitieren Sie von einer schnellen und stabilen drahtlosen Kommunikation mit Ihren iOS-, Android- und Windows-Ger\u00e4ten. Das VLINKER FD+ Interface ist mit dem FORScan-Programm kompatibel und unterst\u00fctzt MS-CAN, HS-CAN und mehr als die 5 OBD-II-Standardprotokolle f\u00fcr den Zugriff auf Ford Private Networks.<\/p>\n<p>Verwandeln Sie Ihr Mobilger\u00e4t in ein fortschrittliches Diagnosewerkzeug und einen Leistungsmonitor in Echtzeit. Programmieren Sie verschiedene Funktionen, wie z. B. die Aktivierung der Scheibenwischer bei Regen, den Warnton beim R\u00fcckw\u00e4rtsfahren, die Erw\u00e4rmung der Frontscheibe, die automatische T\u00fcrverriegelung bei einer bestimmten Geschwindigkeit und viele andere. Die VLINKER FD+ Schnittstelle ist universell und kompatibel mit fast allen Fahrzeugmodellen mit Standard-OBD2-Stecker und funktioniert auch mit universellen Diagnoseanwendungen f\u00fcr alle Fahrzeugmodelle in grundlegenden Funktionen. Lassen Sie sich die Gelegenheit nicht entgehen, Ihr Autoerlebnis mit diesem unverzichtbaren Diagnoseger\u00e4t zu verbessern!<\/p>","protected":false},"featured_media":597,"comment_status":"open","ping_status":"closed","template":"","meta":{"_seopress_robots_primary_cat":"none","_seopress_titles_title":"\ud83d\udd27 VGATE VLINKER FD+ OBD2: Diagnostic FORD\/MAZDA facile \ud83d\ude98","_seopress_titles_desc":"D\u00e9couvrez l&#039;interface de diagnostic VGATE VLINKER FD+ pour FORD\/MAZDA. Transformez votre appareil mobile en un outil de diagnostic avanc\u00e9 et personnalisez votre v\u00e9hicule.","_seopress_robots_index":""},"product_brand":[],"product_cat":[23],"product_tag":[],"class_list":{"0":"post-492","1":"product","2":"type-product","3":"status-publish","4":"has-post-thumbnail","6":"product_cat-interface-de-diagnostic-obd","8":"first","9":"instock","10":"shipping-taxable","11":"purchasable","12":"product-type-simple"},"_links":{"self":[{"href":"https:\/\/auto-diagnostic-obd.com\/de\/wp-json\/wp\/v2\/product\/492","targetHints":{"allow":["GET"]}}],"collection":[{"href":"https:\/\/auto-diagnostic-obd.com\/de\/wp-json\/wp\/v2\/product"}],"about":[{"href":"https:\/\/auto-diagnostic-obd.com\/de\/wp-json\/wp\/v2\/types\/product"}],"replies":[{"embeddable":true,"href":"https:\/\/auto-diagnostic-obd.com\/de\/wp-json\/wp\/v2\/comments?post=492"}],"wp:featuredmedia":[{"embeddable":true,"href":"https:\/\/auto-diagnostic-obd.com\/de\/wp-json\/wp\/v2\/media\/597"}],"wp:attachment":[{"href":"https:\/\/auto-diagnostic-obd.com\/de\/wp-json\/wp\/v2\/media?parent=492"}],"wp:term":[{"taxonomy":"product_brand","embeddable":true,"href":"https:\/\/auto-diagnostic-obd.com\/de\/wp-json\/wp\/v2\/product_brand?post=492"},{"taxonomy":"product_cat","embeddable":true,"href":"https:\/\/auto-diagnostic-obd.com\/de\/wp-json\/wp\/v2\/product_cat?post=492"},{"taxonomy":"product_tag","embeddable":true,"href":"https:\/\/auto-diagnostic-obd.com\/de\/wp-json\/wp\/v2\/product_tag?post=492"}],"curies":[{"name":"wp","href":"https:\/\/api.w.org\/{rel}","templated":true}]}}