{"id":4949,"date":"2023-07-28T11:09:36","date_gmt":"2023-07-28T09:09:36","guid":{"rendered":"https:\/\/auto-diagnostic-obd.com\/?post_type=product&#038;p=4949"},"modified":"2024-12-10T18:00:23","modified_gmt":"2024-12-10T17:00:23","slug":"diagnosekoffer-auto-multimarken-mucar-cs6","status":"publish","type":"product","link":"https:\/\/auto-diagnostic-obd.com\/de\/produkt\/diagnosekoffer-auto-multimarken-mucar-cs6\/","title":{"rendered":"Valise de Diagnostic Auto Multimarque MUCAR CS6 : Outil de Diagnostic Professionnel OBD2 Bluetooth avec R\u00e9initialisation Multisyst\u00e8me [ECM, ABS, SRS, BCM, TCM, TPMS] \ud83d\ude80\ud83d\udca1"},"content":{"rendered":"<h2>Der MUCAR CS6 Diagnosekoffer: Ein marken\u00fcbergreifendes Autodiagnostik-Tool \ud83d\ude97\ud83d\udee0\ufe0f<\/h2>\n<p>Die Pflege Ihres Fahrzeugs war noch nie so einfach wie mit dem MUCAR CS6 Diagnosekoffer. Dieser Multimarken-Autodiagnosekoffer wurde f\u00fcr eine intuitive Bedienung konzipiert und ist Ihr unbestrittener Verb\u00fcndeter f\u00fcr eine einfache und effiziente Wartung Ihres Fahrzeugs.<\/p>\n<p>MUCAR CS6 \u00fcberschreitet die Grenzen der herk\u00f6mmlichen Fahrzeugwartung, indem es Ihnen ein ultrakomplettes und leistungsstarkes Werkzeug an die Hand gibt. Dieses technologische Juwel erm\u00f6glicht es Ihnen, die Gesundheit Ihres Fahrzeugs in Echtzeit zu \u00fcberwachen, Anomalien zu erkennen und schnell einzugreifen. Ein echter technologischer Co-Pilot f\u00fcr eine sorgenfreie Wartung.<\/p>\n<h3>Multisystem-Diagnostik \ud83e\udde9\ud83e\udde9.<\/h3>\n<p>Der MUCAR CS6 bietet Diagnosefunktionen f\u00fcr sechs wichtige Systeme in Ihrem Fahrzeug. Hier finden Sie eine detaillierte \u00dcbersicht \u00fcber diese Systeme :<\/p>\n<ul>\n<li>ECM (Motor Control Module) : Dieses Tool f\u00fchrt eine vollst\u00e4ndige Diagnose des Motorsystems durch, um m\u00f6gliche Probleme zu erkennen. Es hilft Ihnen, Probleme zu erkennen und zu beheben, die die Motorkontrollleuchte aufleuchten lassen k\u00f6nnen.<\/li>\n<li>ABS (Antiblockiersystem) : Das ABS-System ist f\u00fcr Ihre Sicherheit von entscheidender Bedeutung. Der MUCAR CS6 f\u00fchrt eine umfassende Diagnose dieses Systems durch, um alle Probleme zu erkennen und zu beheben, die die ABS-Warnleuchte ausl\u00f6sen k\u00f6nnten.<\/li>\n<li>SRS (Zus\u00e4tzliches R\u00fcckhaltesystem, d. h. Airbags): Dieses Tool diagnostiziert Ihr Airbagsystem, um Probleme zu erkennen und zu beheben, die die Airbag-Warnleuchte ausl\u00f6sen k\u00f6nnten.<\/li>\n<li>BCM (Body Control Module) : Das BCM steuert verschiedene Funktionen des Fahrzeugs, z. B. die Innen- und Au\u00dfenbeleuchtung, die T\u00fcrzentralisierung etc. Der MUCAR CS6 f\u00fchrt eine umfassende Diagnose dieses Systems durch, um etwaige Probleme zu erkennen und zu beheben.<\/li>\n<li>TCM (Transmission Control Module) : Der Koffer diagnostiziert das \u00dcbertragungssystem und hilft Ihnen, Probleme zu erkennen und zu beheben, die die \u00dcbertragungsanzeige zum Leuchten bringen k\u00f6nnten.<\/li>\n<li>TPMS (Reifendruck\u00fcberwachungssystem) : Dieses Tool \u00fcberpr\u00fcft, ob die Identifikationsinformationen des Reifendrucksensors kompatibel sind, und identifiziert alle Probleme, die das TPMS-System beeintr\u00e4chtigen k\u00f6nnten.<\/li>\n<\/ul>\n<h3>Zur\u00fccksetzen von Diensten mit dem MUCAR CS6 Koffer<\/h3>\n<ul>\n<li>Der MUCAR CS6 Koffer geht weit \u00fcber die Diagnose hinaus und bietet Reset-Dienste f\u00fcr sieben Schl\u00fcsselelemente Ihres Fahrzeugs. Jeder dieser Resets wird im Folgenden n\u00e4her erl\u00e4utert:<\/li>\n<li>\u00d6l: Nach einem \u00d6lwechsel wird mit dieser Funktion das Motor\u00f6l-Wartungssystem auf Null zur\u00fcckgesetzt. So k\u00f6nnen Sie den n\u00e4chsten notwendigen Wechsel einfach \u00fcberwachen.<\/li>\n<li>EPB (Elektronische Feststellbremse) : Diese Funktion erm\u00f6glicht die Wartung und das Zur\u00fccksetzen der elektronischen Feststellbremse, insbesondere nach dem Austausch der Bremsbel\u00e4ge.<\/li>\n<li>TPMS (Reifendruck\u00fcberwachungssystem) : Nach einer Wartung des Reifendrucksystems sorgt das Zur\u00fccksetzen von TPMS daf\u00fcr, dass das System weiterhin genaue Messwerte liefert.<\/li>\n<li>SAS (Lenkwinkel-System) : Nach einer Reparatur oder Einstellung des Lenksystems wird mit dieser Funktion der Lenkwinkel zur\u00fcckgesetzt, um eine sichere und stabile Fahrt zu gew\u00e4hrleisten.<\/li>\n<li>ETS (Elektronisches Traktionskontrollsystem) : Wenn \u00c4nderungen an den Reifen oder R\u00e4dern vorgenommen wurden, wird mit dieser Funktion das Traktionskontrollsystem zur\u00fcckgesetzt.<\/li>\n<li>ABS (Antiblockier-Bremssystem) : Nach einer Reparatur oder dem Austausch von Teilen des ABS-Systems wird mit dieser Funktion die Luft im Antiblockiersystem entl\u00fcftet.<\/li>\n<li>DPF (Dieselpartikelfilter) : Nach einer Wartung oder Reinigung des DPF wird mit dieser Funktion der Z\u00e4hler des DPF zur\u00fcckgesetzt, um einen optimalen Betrieb zu gew\u00e4hrleisten.<\/li>\n<\/ul>\n<h3>Vollst\u00e4ndige OBD2-Funktionen \ud83c\udf9b\ufe0f<\/h3>\n<p>Der MUCAR CS6 ist mit einer ganzen Reihe von OBD2-Funktionen ausgestattet, die eine genaue Diagnose und eine effiziente Wartung Ihres Fahrzeugs erm\u00f6glichen. Hier sind die Details dieser Funktionen :<\/p>\n<ul>\n<li>Schnelles Lesen von Codes: Dieses Tool kann die Fehlercodes des Autos schnell lesen, damit Sie Probleme schnell erkennen k\u00f6nnen.<\/li>\n<li>Fehlercodes l\u00f6schen: Sobald das Problem behoben ist, k\u00f6nnen Sie die Fehlercodes l\u00f6schen, wodurch die Warnungen von Ihrem Dashboard entfernt werden.<\/li>\n<li>Anzeige von Live-Grafikdaten: Mit dieser Funktion k\u00f6nnen Sie die Echtzeitdaten Ihres Fahrzeugs f\u00fcr eine genaue Diagnose verfolgen.<\/li>\n<li>Anzeige der Betriebsparameter des Fahrzeugs: Dadurch k\u00f6nnen Sie die interne Funktionsweise Ihres Fahrzeugs verstehen und m\u00f6gliche Fehlfunktionen erkennen.<\/li>\n<li>Ablesen der I\/M-Bereitschaft: Damit k\u00f6nnen Sie \u00fcberpr\u00fcfen, ob Ihr Fahrzeug f\u00fcr eine Abgasuntersuchung bereit ist.<\/li>\n<li>O2-Sensortest: Diese Funktion pr\u00fcft die ordnungsgem\u00e4\u00dfe Funktion der Sauerstoffsensoren, um eine effiziente Verbrennung des Kraftstoffs zu gew\u00e4hrleisten.<\/li>\n<li>Testergebnisse der On-Board-Diagnose\u00fcberwachung lesen: Damit k\u00f6nnen Sie die Ergebnisse der Tests sehen, die von den On-Board-Diagnosesystemen Ihres Fahrzeugs durchgef\u00fchrt wurden.<\/li>\n<li>Abrufen von Fahrzeuginformationen von VINs, CINs und CVNs : Greifen Sie schnell und einfach auf Ihre Fahrzeuginformationen zu, um die Diagnose und Wartung zu erleichtern.<\/li>\n<li>Testen von Komponenten : \u00dcberpr\u00fcfen Sie einzelne Komponenten auf ihre Funktionst\u00fcchtigkeit, um eine optimale Leistung Ihres Fahrzeugs zu gew\u00e4hrleisten.<\/li>\n<\/ul>\n<h3>Kompatibilit\u00e4t und unterst\u00fctzte Sprachen \ud83c\udf0d.<\/h3>\n<p>Der MUCAR CS6 ist mit den meisten Fahrzeugen kompatibel, die das OBDII-Protokoll nach 1996 unterst\u00fctzen. Sie umfasst viele amerikanische, europ\u00e4ische und asiatische Modelle. Au\u00dferdem unterst\u00fctzt sie 13 verschiedene Sprachen: Russisch, Englisch, Franz\u00f6sisch, Deutsch, Italienisch, Spanisch, Portugiesisch, Japanisch, Polnisch, Ungarisch, Arabisch, Griechisch, Slowakisch.<\/p>\n<h2>\ud83d\udca1 Technische Informationen :<\/h2>\n<ul>\n<li>Diagnosesystem f\u00fcr 6 Fahrzeugsysteme: ABS, SRS, ECM, TCM, BCM, TPMS.<\/li>\n<li>Setzt 7 Dienste zur\u00fcck: \u00d6l, EPB, TPMS, SAS, ETS, ABS, DPF.<\/li>\n<li>Vollst\u00e4ndige OBD2-Funktion<\/li>\n<li>Erstellen von Bildschirmk\u00fcrzeln f\u00fcr eine einfache Bedienung.<\/li>\n<li>Lebenslange Software-Updates.<\/li>\n<li>Unterst\u00fctzt 13 Sprachen.<\/li>\n<li>Live-Streaming.<\/li>\n<\/ul>\n<h2>\ud83d\udce6 Inhalt des Pakets :<\/h2>\n<ul>\n<li>1* Host MUCAR CS6<\/li>\n<li>1* Handbuch<\/li>\n<li>1* Ladekabel<\/li>\n<li>1* Netzteil<\/li>\n<\/ul>\n<p>Mit dem MUCAR CS6 Diagnosekoffer machen Sie sich das Leben leichter und steigern Ihr automobiles Erlebnis. Seien Sie der Mechaniker Ihres eigenen Fahrzeugs und halten Sie es in einwandfreiem Zustand. **Klicken Sie auf \"In den Warenkorb\", um ihn jetzt zu bestellen!<\/p>","protected":false},"excerpt":{"rendered":"<p>Verwandeln Sie Ihre Erfahrung bei der Autodiagnose mit dem Diagnosekoffer MUCAR CS6 \ud83c\udfaf\ud83d\ude97. Dieses einzigartige Mehrmarken-Tool vereinfacht die Autodiagnose und bringt eine professionelle Werkstatt in greifbare N\u00e4he.<\/p>\n<p>Mit seiner OBD2-Bluetooth-Schnittstelle sorgt der MUCAR CS6 Koffer f\u00fcr eine stabile und effiziente Verbindung zu Ihrem Fahrzeug \ud83d\udcf2\ud83d\udd35. Neben der Kompatibilit\u00e4t mit mehreren Marken unterst\u00fctzt er sechs wichtige Fahrzeugsysteme: ABS, SRS, ECM, TCM, BCM und TPMS. \ud83e\udde9\ud83d\ude80<\/p>\n<p>Mit unserem Diagnosekoffer m\u00fcssen Sie kein Experte mehr sein, um Fehlercodes zu lesen und zu l\u00f6schen. Das Tool liefert einen grafisch sichtbaren Datenstrom in Echtzeit, was die Interpretation und Diagnose erleichtert. \ud83d\udcca\ud83c\udfaf<\/p>\n<p>Einer der unbestrittenen Vorteile unseres MUCAR CS6-Koffers ist seine F\u00e4higkeit, lebenslange Updates durchzuf\u00fchren. Dadurch wird sichergestellt, dass Ihr Werkzeug immer auf dem neuesten Stand der Technik und der Fahrzeugmodelle bleibt. \ud83d\udd04\u23f0<\/p>\n<p>Um Ihnen die Arbeit zu erleichtern, bietet unser Koffer einen Reset f\u00fcr 7 Dienste, darunter \u00d6lservice, EPB, TPMS, SAS, ETS, ABS und DPF. \ud83d\udd27\ud83d\udd04<\/p>\n<p>Schlie\u00dflich ist die MUCAR CS6 ein echtes internationales Diagnosewerkzeug. Sie unterst\u00fctzt 13 Sprachen und l\u00e4sst sich somit \u00fcberall auf der Welt problemlos einsetzen. \ud83c\udf0d\ud83c\udf0e<\/p>\n<p>Es ist an der Zeit, die Kontrolle \u00fcber die Gesundheit Ihres Fahrzeugs mit dem MUCAR CS6 Autodiagnosekoffer zu \u00fcbernehmen. Geben Sie jetzt Ihre Bestellung auf! \ud83c\udf81\ud83d\uded2<\/p>","protected":false},"featured_media":4963,"comment_status":"open","ping_status":"closed","template":"","meta":{"_seopress_robots_primary_cat":"","_seopress_titles_title":"Valise de Diagnostic Auto MUCAR CS6 - Outil Professionnel OBD","_seopress_titles_desc":"D\u00e9couvrez la Valise de Diagnostic MUCAR CS6, votre outil de diagnostic auto multimarque avec OBD2 Bluetooth. R\u00e9initialisation multisyst\u00e8me, mises \u00e0 jour \u00e0 vie!","_seopress_robots_index":""},"product_brand":[],"product_cat":[30],"product_tag":[],"class_list":{"0":"post-4949","1":"product","2":"type-product","3":"status-publish","4":"has-post-thumbnail","6":"product_cat-valise-de-diagnostic-obd","8":"first","9":"instock","10":"shipping-taxable","11":"purchasable","12":"product-type-simple"},"_links":{"self":[{"href":"https:\/\/auto-diagnostic-obd.com\/de\/wp-json\/wp\/v2\/product\/4949","targetHints":{"allow":["GET"]}}],"collection":[{"href":"https:\/\/auto-diagnostic-obd.com\/de\/wp-json\/wp\/v2\/product"}],"about":[{"href":"https:\/\/auto-diagnostic-obd.com\/de\/wp-json\/wp\/v2\/types\/product"}],"replies":[{"embeddable":true,"href":"https:\/\/auto-diagnostic-obd.com\/de\/wp-json\/wp\/v2\/comments?post=4949"}],"wp:featuredmedia":[{"embeddable":true,"href":"https:\/\/auto-diagnostic-obd.com\/de\/wp-json\/wp\/v2\/media\/4963"}],"wp:attachment":[{"href":"https:\/\/auto-diagnostic-obd.com\/de\/wp-json\/wp\/v2\/media?parent=4949"}],"wp:term":[{"taxonomy":"product_brand","embeddable":true,"href":"https:\/\/auto-diagnostic-obd.com\/de\/wp-json\/wp\/v2\/product_brand?post=4949"},{"taxonomy":"product_cat","embeddable":true,"href":"https:\/\/auto-diagnostic-obd.com\/de\/wp-json\/wp\/v2\/product_cat?post=4949"},{"taxonomy":"product_tag","embeddable":true,"href":"https:\/\/auto-diagnostic-obd.com\/de\/wp-json\/wp\/v2\/product_tag?post=4949"}],"curies":[{"name":"wp","href":"https:\/\/api.w.org\/{rel}","templated":true}]}}