{"id":4970,"date":"2023-07-28T16:42:27","date_gmt":"2023-07-28T14:42:27","guid":{"rendered":"https:\/\/auto-diagnostic-obd.com\/?post_type=product&#038;p=4970"},"modified":"2024-08-15T10:58:50","modified_gmt":"2024-08-15T08:58:50","slug":"diagnosekoffer-auto-mucar-vo7s","status":"publish","type":"product","link":"https:\/\/auto-diagnostic-obd.com\/de\/produkt\/diagnosekoffer-auto-mucar-vo7s\/","title":{"rendered":"MUCAR VO7S : Valise Diagnostic Auto Pro Multimarques [CAN-FD, 28 R\u00e9initialisations, Codage ECU, Test Rapide] \ud83d\ude80\ud83c\udfc1"},"content":{"rendered":"<h2>MUCAR VO7S : L&rsquo;outil de diagnostic auto multimarques essentiel pour tous les professionnels \ud83e\uddf0\ud83d\ude97<\/h2>\n<p>La MUCAR VO7S se r\u00e9v\u00e8le \u00eatre l&rsquo;outil de diagnostic automobile par excellence pour tous les professionnels. En raison de sa compatibilit\u00e9 avec diverses marques, cette technologie est une v\u00e9ritable panoplie pour tous les experts en m\u00e9canique automobile. C&rsquo;est un investissement strat\u00e9gique qui vous permet d&rsquo;optimiser votre efficacit\u00e9, de gagner du temps et de proposer des services de haute qualit\u00e9 \u00e0 vos clients. Avec la MUCAR VO7S, vous serez \u00e9quip\u00e9 pour relever tous les d\u00e9fis que les v\u00e9hicules modernes peuvent pr\u00e9senter.<\/p>\n<h3>Diagnostic exhaustif et r\u00e9initialisation diversifi\u00e9e \ud83d\udd04\ud83d\udee0\ufe0f<\/h3>\n<p>La MUCAR VO7S vous offre un diagnostic int\u00e9gral du syst\u00e8me pour tous types de v\u00e9hicules, y compris des tests fonctionnels, la r\u00e9cup\u00e9ration des codes d&rsquo;erreur et des donn\u00e9es en temps r\u00e9el. Elle propose \u00e9galement une gamme \u00e9tendue de services de r\u00e9initialisation pour plusieurs fonctions essentielles, parmi lesquelles :<\/p>\n<ul>\n<li>R\u00e9initialisation de l&rsquo;huile<\/li>\n<li>Remise \u00e0 z\u00e9ro des freins<\/li>\n<li>R\u00e9initialisation de la batterie BMS<\/li>\n<li>R\u00e9g\u00e9n\u00e9ration du filtre \u00e0 particules diesel (DPF)<\/li>\n<li>R\u00e9initialisation de l&rsquo;angle de direction SAS<\/li>\n<li>R\u00e9initialisation de la pression des pneus TPMS<\/li>\n<li>Correspondance des cl\u00e9s IMMO<\/li>\n<li>Saignement ABS<\/li>\n<li>R\u00e9initialisation du toit ouvrant<\/li>\n<li>R\u00e9initialisation de la suspension<\/li>\n<li>R\u00e9initialisation de la bo\u00eete de vitesses (transmission)<\/li>\n<li>R\u00e9initialisation des phares AFS<\/li>\n<li>Codage d&rsquo;injecteur<\/li>\n<li>Apprentissage ETS (adaptation de l&rsquo;acc\u00e9l\u00e9rateur)<\/li>\n<li>Apprentissage d&rsquo;\u00e9quipement<\/li>\n<li>EGR auto-apprentissage<\/li>\n<li>R\u00e9initialisation A\/F<\/li>\n<li>R\u00e9initialisation Adblue (filtre de gaz d&rsquo;\u00e9chappement de moteur diesel)<\/li>\n<li>R\u00e9initialisation de l&rsquo;airbag<\/li>\n<li>Purge du liquide de refroidissement<\/li>\n<li>Modification des pneus<\/li>\n<li>Changement de langue<\/li>\n<li>R\u00e9initialisation du capteur Nox<\/li>\n<li>Lecture du compteur kilom\u00e9trique<\/li>\n<li>Arr\u00eat\/D\u00e9marrage R\u00e9initialiser<\/li>\n<li>\u00c9talonnage du si\u00e8ge<\/li>\n<li>Mode de transport<\/li>\n<li>\u00c9talonnage des fen\u00eatres<\/li>\n<\/ul>\n<p>Ces fonctionnalit\u00e9s de r\u00e9initialisation couvrent un large \u00e9ventail de t\u00e2ches de maintenance essentielles, rendant la MUCAR VO7S indispensable pour tout professionnel cherchant \u00e0 optimiser son efficacit\u00e9 et \u00e0 offrir le meilleur service possible.<\/p>\n<h3>Technologie de pointe pour des diagnostics rapides et fiables \u26a1\ud83d\ude80<\/h3>\n<p>Dot\u00e9e du protocole CANFD, la MUCAR VO7S optimise la rapidit\u00e9 de diagnostic et diminue le temps de maintenance. Ce protocole de communication avanc\u00e9 assure une interaction plus efficace avec les v\u00e9hicules compatibles, garantissant ainsi des diagnostics d&rsquo;une pr\u00e9cision in\u00e9gal\u00e9e. En outre, la fonction de codage ECU professionnelle vous permet de reprogrammer les modules de commande du v\u00e9hicule afin de r\u00e9soudre diverses probl\u00e9matiques. Gr\u00e2ce \u00e0 cette technologie, vous pouvez non seulement identifier rapidement les probl\u00e8mes, mais aussi intervenir efficacement pour y rem\u00e9dier, am\u00e9liorant ainsi la satisfaction de vos clients.<\/p>\n<h3>Fonctions OBD2 exhaustives pour une ma\u00eetrise optimale \ud83c\udf9b\ufe0f\ud83d\udcbb<\/h3>\n<p>La MUCAR VO7S est dot\u00e9e de fonctions OBD2 compl\u00e8tes, qui vous permettent de lire et d&rsquo;effacer les codes d&rsquo;erreur, d&rsquo;afficher les donn\u00e9es en temps r\u00e9el du module informatique du v\u00e9hicule, de contr\u00f4ler les \u00e9missions et d&rsquo;effectuer des tests de composants. Voici quelques-unes des fonctions OBD2 propos\u00e9es :<\/p>\n<ul>\n<li>Lecture et effacement des codes d&rsquo;erreur<\/li>\n<li>Affichage des donn\u00e9es graphiques en temps r\u00e9el<\/li>\n<li>V\u00e9rification de l&rsquo;\u00e9tat de pr\u00e9paration I\/M<\/li>\n<li>Test du capteur O2<\/li>\n<li>Lecture des r\u00e9sultats des tests de surveillance embarqu\u00e9s<\/li>\n<li>R\u00e9cup\u00e9ration des informations du v\u00e9hicule<\/li>\n<li>Effectuer des tests de composants<\/li>\n<li>Test d&rsquo;\u00e9tanch\u00e9it\u00e9 du syst\u00e8me EVAP du v\u00e9hicule<\/li>\n<\/ul>\n<p>Ces fonctions OBD2 vous permettent de prendre des d\u00e9cisions \u00e9clair\u00e9es en mati\u00e8re de r\u00e9paration et de maintenance, en vous fournissant toutes les informations dont vous avez besoin pour d\u00e9terminer les meilleures actions \u00e0 entreprendre.<\/p>\n<h2>La MUCAR VO7S : Une valise diagnostique auto d\u00e9di\u00e9e aux pros, mais accessible \u00e0 tous ! \ud83c\udf1f<\/h2>\n<p>La MUCAR VO7S transcende le concept d&rsquo;outil de diagnostic ; elle repr\u00e9sente un investissement pour le futur de votre v\u00e9hicule. Ne laissez plus les probl\u00e8mes automobiles vous freiner. Prenez les r\u00eanes avec la MUCAR VO7S, votre partenaire fiable en mati\u00e8re de diagnostic ! En plus de son r\u00f4le en tant qu&rsquo;outil de diagnostic professionnel, la MUCAR VO7S peut \u00e9galement \u00eatre un excellent alli\u00e9 pour les passionn\u00e9s d&rsquo;automobiles cherchant \u00e0 prendre soin de leur v\u00e9hicule de mani\u00e8re proactive.<\/p>\n<h3>Pourquoi opter pour la MUCAR VO7S ?<\/h3>\n<ul>\n<li>Diagnostic syst\u00e8me complet offert pendant 3 ans pour toutes les voitures.<\/li>\n<li>Support \u00e0 vie de 28 r\u00e9initialisations de fonctions sp\u00e9ciales pour tous les v\u00e9hicules.<\/li>\n<li>Codage ECU professionnel + test actif (contr\u00f4le bidirectionnel) offert pendant 3 ans.<\/li>\n<li>Compatibilit\u00e9 avec le protocole CANFD.<\/li>\n<li>Prise en charge de plus de 100 marques de voitures.<\/li>\n<li>Support de 17 langues.<\/li>\n<li>Support technique \u00e0 vie.<\/li>\n<\/ul>\n<p>Ces avantages font de la MUCAR VO7S un choix judicieux pour tout professionnel de l&rsquo;automobile cherchant \u00e0 maximiser son efficacit\u00e9 et \u00e0 offrir un service client d&rsquo;exception.<\/p>\n<h3>Qu&rsquo;est-ce qui diff\u00e9rencie la MUCAR VO7 de la VO7S ?<\/h3>\n<p>La diff\u00e9rence majeure r\u00e9side dans le fait que la MUCAR VO7S est compatible avec le protocole CANFD pour une communication am\u00e9lior\u00e9e avec les v\u00e9hicules compatibles. De surcro\u00eet, la VO7S offre un diagnostic syst\u00e8me complet gratuit pendant 3 ans, 28 r\u00e9initialisations de fonctions sp\u00e9ciales \u00e0 vie et le codage ECU professionnel avec test actif (contr\u00f4le bidirectionnel) gratuit pendant 3 ans.<\/p>\n<p>En conclusion, la MUCAR VO7S est l&rsquo;outil de diagnostic ultime pour tous les professionnels de l&rsquo;automobile. Elle propose un diagnostic exhaustif, une gamme \u00e9tendue de services de r\u00e9initialisation, une technologie de pointe et des fonctions OBD2 compl\u00e8tes. N&rsquo;attendez plus, cliquez sur \u00ab\u00a0Ajouter au panier\u00a0\u00bb pour commander votre MUCAR VO7S d\u00e8s \u00e0 pr\u00e9sent et profitez d&rsquo;une livraison rapide et s\u00e9curis\u00e9e ! \ud83d\uded2\ud83d\udca8 Vous d\u00e9couvrirez rapidement que la MUCAR VO7S est plus qu&rsquo;un simple outil de diagnostic ; c&rsquo;est un partenaire de confiance pour tous vos besoins en mati\u00e8re de maintenance et de r\u00e9paration automobile.<\/p>\n<h2>Contenu du colis :<\/h2>\n<p><img loading=\"lazy\" decoding=\"async\" class=\"alignnone size-full wp-image-4976\" src=\"https:\/\/auto-diagnostic-obd.com\/wp-content\/uploads\/2023\/07\/Valise-de-diagnostic-MUCAR-VO7S-P015-1.jpg\" alt=\"MUCAR VO7S : Valise Diagnostic Auto Pro Multimarques [CAN-FD, 28 R\u00e9initialisations, Codage ECU, Test Rapide] \ud83d\ude80\ud83c\udfc1\" width=\"1000\" height=\"1000\" srcset=\"https:\/\/auto-diagnostic-obd.com\/wp-content\/uploads\/2023\/07\/Valise-de-diagnostic-MUCAR-VO7S-P015-1.jpg 1000w, https:\/\/auto-diagnostic-obd.com\/wp-content\/uploads\/2023\/07\/Valise-de-diagnostic-MUCAR-VO7S-P015-1-980x980.jpg 980w, https:\/\/auto-diagnostic-obd.com\/wp-content\/uploads\/2023\/07\/Valise-de-diagnostic-MUCAR-VO7S-P015-1-480x480.jpg 480w\" sizes=\"(min-width: 0px) and (max-width: 480px) 480px, (min-width: 481px) and (max-width: 980px) 980px, (min-width: 981px) 1000px, 100vw\" \/><\/p>\n","protected":false},"excerpt":{"rendered":"<p>Entdecken Sie den MUCAR VO7S, das ultimative Autodiagnoseger\u00e4t f\u00fcr eine zuverl\u00e4ssige, schnelle und genaue Diagnose. Dieser Profi-Auto-Diagnosekoffer ist mit \u00fcber 100 Automarken kompatibel und wurde entwickelt, um Sie bei all Ihren Diagnose- und Wartungsanforderungen zu unterst\u00fctzen.<\/p>\n<p>Warum sollten Sie sich f\u00fcr den MUCAR VO7S entscheiden? Es bietet eine umfassende Diagnoseabdeckung f\u00fcr alle Fahrzeuge seit 1996 und umfasst 28 kostenlose Reset-Dienste f\u00fcr verschiedene Funktionen, von der TPMS-Reifendruckregelung bis zum Airbag-Reset und vieles mehr. \ud83d\ude97\ud83d\udca1<\/p>\n<p>Mit der OBD2-Technologie k\u00f6nnen Sie Fehlercodes lesen und l\u00f6schen, Echtzeitdaten vom Computermodul des Fahrzeugs anzeigen und Komponententests durchf\u00fchren. Und mit der Unterst\u00fctzung des CANFD-Protokolls profitieren Sie von einer schnelleren Kommunikation f\u00fcr eine bessere Benutzererfahrung. \ud83d\ude80<\/p>\n<p>Lassen Sie sich nicht von Autoproblemen aufhalten. \u00dcbernehmen Sie die Kontrolle mit dem MUCAR VO7S, Ihrem zuverl\u00e4ssigen Diagnosebegleiter! \ud83c\udf1f Warten Sie nicht l\u00e4nger, sondern legen Sie den MUCAR VO7S jetzt in den Warenkorb! \ud83d\uded2<\/p>","protected":false},"featured_media":4990,"comment_status":"open","ping_status":"closed","template":"","meta":{"_seopress_robots_primary_cat":"none","_seopress_titles_title":"MUCAR VO7S : La Valise de Diagnostic Auto Multimarques Ultime","_seopress_titles_desc":"D\u00e9couvrez la valise de diagnostic auto multimarques MUCAR VO7S avec protocole CAN-FD. Pour un diagnostic pr\u00e9cis, rapide, et une compatibilit\u00e9 \u00e9tendue.","_seopress_robots_index":""},"product_brand":[],"product_cat":[30],"product_tag":[],"class_list":{"0":"post-4970","1":"product","2":"type-product","3":"status-publish","4":"has-post-thumbnail","6":"product_cat-valise-de-diagnostic-obd","8":"first","9":"instock","10":"featured","11":"shipping-taxable","12":"purchasable","13":"product-type-simple"},"_links":{"self":[{"href":"https:\/\/auto-diagnostic-obd.com\/de\/wp-json\/wp\/v2\/product\/4970","targetHints":{"allow":["GET"]}}],"collection":[{"href":"https:\/\/auto-diagnostic-obd.com\/de\/wp-json\/wp\/v2\/product"}],"about":[{"href":"https:\/\/auto-diagnostic-obd.com\/de\/wp-json\/wp\/v2\/types\/product"}],"replies":[{"embeddable":true,"href":"https:\/\/auto-diagnostic-obd.com\/de\/wp-json\/wp\/v2\/comments?post=4970"}],"wp:featuredmedia":[{"embeddable":true,"href":"https:\/\/auto-diagnostic-obd.com\/de\/wp-json\/wp\/v2\/media\/4990"}],"wp:attachment":[{"href":"https:\/\/auto-diagnostic-obd.com\/de\/wp-json\/wp\/v2\/media?parent=4970"}],"wp:term":[{"taxonomy":"product_brand","embeddable":true,"href":"https:\/\/auto-diagnostic-obd.com\/de\/wp-json\/wp\/v2\/product_brand?post=4970"},{"taxonomy":"product_cat","embeddable":true,"href":"https:\/\/auto-diagnostic-obd.com\/de\/wp-json\/wp\/v2\/product_cat?post=4970"},{"taxonomy":"product_tag","embeddable":true,"href":"https:\/\/auto-diagnostic-obd.com\/de\/wp-json\/wp\/v2\/product_tag?post=4970"}],"curies":[{"name":"wp","href":"https:\/\/api.w.org\/{rel}","templated":true}]}}