{"id":4993,"date":"2023-07-28T17:39:06","date_gmt":"2023-07-28T15:39:06","guid":{"rendered":"https:\/\/auto-diagnostic-obd.com\/?post_type=product&#038;p=4993"},"modified":"2023-07-28T17:39:07","modified_gmt":"2023-07-28T15:39:07","slug":"diagnosekoffer-auto-thinkcar-thinktoo-mini2","status":"publish","type":"product","link":"https:\/\/auto-diagnostic-obd.com\/de\/produkt\/diagnosekoffer-auto-thinkcar-thinktoo-mini2\/","title":{"rendered":"Valise de Diagnostic Auto Pro Multimarques ThinkCar THINKTOO MINI \/ 2 \u2013 Outil OBD2 sans fil [R\u00e9initialisation &#038; Codage ECU] \ud83d\udd27"},"content":{"rendered":"<h2>Entdecken Sie das ThinkCar THINKTOO MINI2: Erweiterte drahtlose Fahrzeugdiagnose<\/h2>\n<h3>Hauptmerkmale<\/h3>\n<ul>\n<li>Umfassende Systemdiagnose auf OE-Niveau: F\u00fchren Sie umfassende Diagnosefunktionen auf dem Niveau eines Diagnosescanners f\u00fcr OEM-Autos (Original Equipment Manufacturer) durch.<\/li>\n<li>Sprachen: Englisch, Spanisch, Franz\u00f6sisch, Deutsch, Russisch, Italienisch, Portugiesisch, Japanisch, Koreanisch, Chinesisch, Schwedisch, Niederl\u00e4ndisch, Polnisch, Ungarisch, Arabisch, Griechisch.<\/li>\n<li>Spezielle Hot-Services: 28 allgemeine und erweiterte Servicefunktionen, darunter ABS-Entl\u00fcftung, Zur\u00fccksetzen der \u00d6llampe, Zur\u00fccksetzen der Bremsen, SAS-Einstellung, Zur\u00fccksetzen der Gaspedalstellung, Neuanlernen der Leerlaufdrehzahl usw.<\/li>\n<li>Fahrzeugdeckung: Ein-Klick-Update mit \u00fcber 93 Softwarepaketen f\u00fcr amerikanische, europ\u00e4ische, asiatische und australische Automarken f\u00fcr Modelle von 1996 und neuer.<\/li>\n<li>AutoAuth f\u00fcr FCA SGW: Melden Sie sich bei Ihrem Konto an, um den ThinkTool Mini-Autoscanner automatisch zu aktivieren und Ihr Fahrzeug zu identifizieren.<\/li>\n<li>Intelligente drahtlose Diagnose: F\u00fchren Sie Diagnosen drahtlos \u00fcber einen Bluetooth-Adapter durch, um mehr Bewegungsfreiheit zu haben.<\/li>\n<li>Optionale bidirektionale Funktion (49.95 $\/Jahr\/Marke) : \u00d6ffnen Sie die versteckten Funktionen von BMW\/Benz und nutzen Sie die Funktionen des Fahrzeugs in vollem Umfang.<\/li>\n<li>High-End-Konfiguration f\u00fcr optimale Leistung.<\/li>\n<\/ul>\n<h3>Zus\u00e4tzliche Merkmale<\/h3>\n<ul>\n<li>Kompatibel mit umfassenden OEM-Diagnosen von Systemen und Subsystemen.<\/li>\n<li>Sonderfunktionen: Zur\u00fccksetzen der \u00d6llampe, Zur\u00fccksetzen der Bremsen, SAS-Einstellung, Programmierung der IMMO-Schl\u00fcssel usw.<\/li>\n<li>Weltweite Kompatibilit\u00e4t mit Fahrzeugen aus den folgenden Regionen :<\/li>\n<\/ul>\n<ul>\n<li>Amerika: Ford, LINCOLN, BUICK, Chrysler, GM, Chevrolet, Dodge, Jeep, SGM usw.<\/li>\n<li>Europa: AstonMartin, Benz, BMW, Ferrari, LandRover, Mini, Volkswagen, Renault, Saab, Volvo, etc.<\/li>\n<li>Asien: Acura, Honda, Hyundai, Toyota, Nissan, Mazda, Mitsubishi, Subaru, Suzuki, etc.<\/li>\n<\/ul>\n<p>Erweiterbare Funktionen: Bet\u00e4tigungstest und ECU-Codierung f\u00fcr eine bestimmte Automarke (optionales Abonnement).<\/p>\n<h3>Umfassende OBDII-Sonderdienste (lebenslang kostenlos)<\/h3>\n<ul>\n<li>Codes lesen: Kann das Problem anhand des Fehlercodes (DTC) und seiner Definition erkennen.<\/li>\n<li>Codes l\u00f6schen: L\u00f6scht DTCs und schaltet die Warnleuchten aus, nachdem der Code gelesen und einige Reparaturen durchgef\u00fchrt wurden.<\/li>\n<li>Live Data: Erhalten Sie Diagnosedaten des Antriebsstrangs in Echtzeit.<\/li>\n<li>Freeze Frame: Zeigt die Informationen des Schnappschusses zum Zeitpunkt des Fahrzeugausfalls an.<\/li>\n<li>O2-Sensortest: Ergebnisse des Tests zur \u00dcberwachung des Sauerstoffsensors.<\/li>\n<li>Eingebetteter \u00dcberwachungstest: Ergebnisse des eingebetteten \u00dcberwachungstests f\u00fcr bestimmte Systeme.<\/li>\n<li>I\/M Readiness: Emissionsbezogene Diagnosecodes, die w\u00e4hrend des aktuellen oder des zuletzt abgeschlossenen Fahrzyklus festgestellt wurden.<\/li>\n<li>EVAP-Test : Startet den Test des EVAP-Systems des Fahrzeugs auf Dichtheit.<\/li>\n<li>Fahrzeuginformationen: Zeigt Informationen wie VIN, CID und CVN an.<\/li>\n<\/ul>\n<h3>Weitere Funktionen<\/h3>\n<ul>\n<li>Automatische VIN-Analyse, um das Fahrzeug automatisch zu identifizieren und die entsprechende Diagnosesoftware auszuw\u00e4hlen.<\/li>\n<li>Grafische Darstellung von Live-Daten, mit der M\u00f6glichkeit, vier Datenstr\u00f6me in einer einzigen Grafik zusammenzufassen.<\/li>\n<li>Mit einem Klick aktualisiert, um die neuesten Funktionen und Fehlerkorrekturen zu erhalten.<\/li>\n<li>Datenaufzeichnung und Ansichtsgeschichte f\u00fcr eine detaillierte Nachverfolgung der Diagnose.<\/li>\n<\/ul>\n<h3>Technische Daten<\/h3>\n<p class=\"h4\">THINKTOOL MINI<\/p>\n<ul>\n<li>Unterst\u00fctzt nicht CAN FD.<\/li>\n<li>Bildschirm: 6 Zoll.<\/li>\n<li>Prozessor: Quad-Core 1.8GHz.<\/li>\n<li>Speicher: 2G RAM &amp; 32G ROM.<\/li>\n<li>Akkukapazit\u00e4t: 6400mAh.<\/li>\n<\/ul>\n<p class=\"h4\">THINKTOOL MINI 2<\/p>\n<ul>\n<li>Unterst\u00fctzt CAN FD und erm\u00f6glicht die Diagnose von Fahrzeugen, die das CAN Flexible Data-Rate-Protokoll verwenden.<\/li>\n<li>Bildschirm: 6 Zoll.<\/li>\n<li>Prozessor: Quad-Core 1.8GHz.<\/li>\n<li>Speicher: 2G RAM &amp; 32G ROM.<\/li>\n<li>Akkukapazit\u00e4t: 6400mAh.<\/li>\n<\/ul>\n<h3>Inhalt der Verpackung<\/h3>\n<ul>\n<li>1x ThinkTool Mini (Host).<\/li>\n<li>1x Diagnose-Dongle.<\/li>\n<li>1x Ladekabel.<\/li>\n<li>1x Power-Adapter.<\/li>\n<li>1x Benutzerhandbuch.<\/li>\n<\/ul>\n<p>Bitte beachten Sie, dass einige Sonderfunktionen und Kompatibilit\u00e4ten je nach Marke und Modell des Fahrzeugs unterschiedlich sein k\u00f6nnen. Achten Sie darauf, dass Sie vor dem Kauf die Kompatibilit\u00e4t mit der VIN-Nummer \u00fcberpr\u00fcfen.<\/p>\n<p>Bei all diesen Funktionen ist es kein Wunder, dass der THINKTOO MINI2 das Werkzeug der Wahl f\u00fcr professionelle Mechaniker und Autoliebhaber ist. Legen Sie dieses Produkt jetzt in Ihren Warenkorb und beginnen Sie, die Vorteile seiner erweiterten Funktionen f\u00fcr eine genaue und effiziente Autodiagnose zu nutzen.<\/p>","protected":false},"excerpt":{"rendered":"<p>Mit dem universellen THINKTOO MINI2 Autodiagnosekoffer heben Sie Ihre Diagnosekenntnisse auf ein v\u00f6llig neues Niveau! \ud83d\ude97\u2699\ufe0f avantgardistische Werkzeug ist Ihr geheimer Verb\u00fcndeter f\u00fcr eine rigorose und effiziente Analyse Ihres Fahrzeugs.<\/p>\n<p>Eingebettet in ein Juwel der Technologie ist der THINKTOO MINI2 ein All-in-One-Diagnoseger\u00e4t \ud83d\udcda, das Ihnen die Macht verleiht, dank seiner Bluetooth-Konnektivit\u00e4t kabellos Diagnosen durchzuf\u00fchren. Erleben Sie bei Ihren Diagnosesitzungen un\u00fcbertroffene Agilit\u00e4t und Bewegungsfreiheit. \ud83c\udf10\ud83d\udd04<\/p>\n<p>Mit einer erweiterten Fahrzeugabdeckung unterst\u00fctzt es \u00fcber 93 Softwareprodukte von Automarken, darunter amerikanische, europ\u00e4ische, asiatische und australische Marken f\u00fcr Modelle ab 1996 und sp\u00e4ter. \ud83c\udf0d\ud83d\ude98<\/p>\n<p>Au\u00dferdem bietet er 28 spezielle Servicefunktionen, von den grundlegendsten bis zu den anspruchsvollsten. Vorg\u00e4nge wie ABS-Entl\u00fcftung, Zur\u00fccksetzen des \u00d6lschauglases, Zur\u00fccksetzen der Bremsen und viele andere sind alle nur einen Tastendruck entfernt. \ud83d\udc46\ud83d\udd27<\/p>\n<p>Seine optionale Zwei-Wege-Funktion erm\u00f6glicht Ihnen den Zugriff auf die geheimen Funktionen von BMW\/Benz und Sie k\u00f6nnen die F\u00e4higkeiten Ihres Fahrzeugs voll ausnutzen. \ud83d\ude97\ud83d\udd13<\/p>\n<p>Er ist in mehreren Sprachen verf\u00fcgbar \ud83c\udf10 und bietet Ihnen eine intuitive und einfach zu bedienende Benutzeroberfl\u00e4che, unabh\u00e4ngig von Ihrem mechanischen Fachwissen. Mit nur wenigen Klicks erhalten Sie genaue Diagnosen und fundierte Ratschl\u00e4ge zur Behebung der Probleme Ihres Fahrzeugs.<\/p>\n<p>Nutzen Sie die einmalige Gelegenheit, Ihre Garage in eine professionelle Diagnosestation zu verwandeln - mit dem THINKTOO MINI2! Nehmen Sie ihn jetzt in Ihr Werkzeugarsenal auf! \ud83d\uded2\ud83d\udca8<\/p>","protected":false},"featured_media":5012,"comment_status":"open","ping_status":"closed","template":"","meta":{"_seopress_robots_primary_cat":"none","_seopress_titles_title":"Valise de Diagnostic Auto THINKTOO MINI2 - Outil OBD2 sans Fil","_seopress_titles_desc":"D\u00e9couvrez le THINKTOO MINI2, notre valise de diagnostic automobile multimarques. Outil de diagnostic sans fil OBD2 avec une couverture \u00e9tendue de v\u00e9hicules, diagnostics complets, 28 r\u00e9initialisations, codage ECU.","_seopress_robots_index":""},"product_brand":[],"product_cat":[30],"product_tag":[],"class_list":{"0":"post-4993","1":"product","2":"type-product","3":"status-publish","4":"has-post-thumbnail","6":"product_cat-valise-de-diagnostic-obd","8":"first","9":"instock","10":"shipping-taxable","11":"purchasable","12":"product-type-variable"},"_links":{"self":[{"href":"https:\/\/auto-diagnostic-obd.com\/de\/wp-json\/wp\/v2\/product\/4993","targetHints":{"allow":["GET"]}}],"collection":[{"href":"https:\/\/auto-diagnostic-obd.com\/de\/wp-json\/wp\/v2\/product"}],"about":[{"href":"https:\/\/auto-diagnostic-obd.com\/de\/wp-json\/wp\/v2\/types\/product"}],"replies":[{"embeddable":true,"href":"https:\/\/auto-diagnostic-obd.com\/de\/wp-json\/wp\/v2\/comments?post=4993"}],"wp:featuredmedia":[{"embeddable":true,"href":"https:\/\/auto-diagnostic-obd.com\/de\/wp-json\/wp\/v2\/media\/5012"}],"wp:attachment":[{"href":"https:\/\/auto-diagnostic-obd.com\/de\/wp-json\/wp\/v2\/media?parent=4993"}],"wp:term":[{"taxonomy":"product_brand","embeddable":true,"href":"https:\/\/auto-diagnostic-obd.com\/de\/wp-json\/wp\/v2\/product_brand?post=4993"},{"taxonomy":"product_cat","embeddable":true,"href":"https:\/\/auto-diagnostic-obd.com\/de\/wp-json\/wp\/v2\/product_cat?post=4993"},{"taxonomy":"product_tag","embeddable":true,"href":"https:\/\/auto-diagnostic-obd.com\/de\/wp-json\/wp\/v2\/product_tag?post=4993"}],"curies":[{"name":"wp","href":"https:\/\/api.w.org\/{rel}","templated":true}]}}