{"id":5019,"date":"2023-07-28T18:27:34","date_gmt":"2023-07-28T16:27:34","guid":{"rendered":"https:\/\/auto-diagnostic-obd.com\/?post_type=product&#038;p=5019"},"modified":"2023-07-31T16:46:41","modified_gmt":"2023-07-31T14:46:41","slug":"diagnostikkoffer-xtool-d7s","status":"publish","type":"product","link":"https:\/\/auto-diagnostic-obd.com\/de\/produkt\/diagnostikkoffer-xtool-d7s\/","title":{"rendered":"Valise de Diagnostic Automobile Tout Syst\u00e8me XTOOL D7\/S [Programmeur de Cl\u00e9 de Codage ECU, Vin, 36+ R\u00e9initialisation, Test Actif Canonique, OBD2]"},"content":{"rendered":"<h2>XTOOL D7S - Valide All System Automotive Diagnostics, ECU Coding Key Programmer, Vin exists with 36+ Reset, Canonic Active Test, D7S OBD2<\/h2>\n<h3>Vorteile des XTOOL D7-Tools :<\/h3>\n<ul>\n<li style=\"list-style-type: none;\">\n<ul>\n<li>Kauf mit einem kostenlosen 3-j\u00e4hrigen Software-Update (im Wert von 300 $) und lebenslangem professionellen technischen Service :<\/li>\n<\/ul>\n<\/li>\n<\/ul>\n<p>Im Gegensatz zu den meisten Scannern auf dem Markt, die nur ein Jahr lang kostenlose Updates anbieten, bietet der XTOOL D7-Scanner 3 Jahre lang kostenlose Software-Updates. So k\u00f6nnen Sie die Abdeckung von Automodellen hinzuf\u00fcgen und seine Leistung und F\u00e4higkeiten drei Jahre lang verbessern. Auch nach Ablauf der kostenlosen Updates k\u00f6nnen Sie den Scanner weiterhin normal verwenden.<\/p>\n<ul>\n<li style=\"list-style-type: none;\">\n<ul>\n<li>36+ Erweiterte Wartungsdienste, mehr als 10 Arten von erweiterten Funktionen :<\/li>\n<\/ul>\n<\/li>\n<\/ul>\n<p>XTOOL D7 deckt alle g\u00e4ngigen Wartungsfunktionen ab, wie z. B. \u00d6lr\u00fcckstellung, ABS-Sp\u00fclung, Einspritzd\u00fcsenkodierung, Anlernen der Kraftstoffpackung, Getrieber\u00fcckstellung, Sprachwechsel, A\/F-Einstellungen, Stopp\/Start-R\u00fcckstellung, SAS-R\u00fcckstellung, TPMS-R\u00fcckstellung usw. Au\u00dferdem werden 2023 neue Funktionen hinzugef\u00fcgt, z. B. Kalibrierung des HVAC-Steuermoduls, Kompressionstest der Hybridsteuerung, Stopp\/Start-R\u00fcckstellung, Luftfederung, Scheinwerfereinstellungen, Transportmodus, Reifenaufr\u00fcstung, Kurbelwellenpositionssensor anlernen, Nullpunktkalibrierung, Kraftstoffpackung zur\u00fccksetzen, Alkoholzusammensetzung des Kraftstoffs zur\u00fccksetzen, Luft\/Kraftstoff zur\u00fccksetzen, EVAP-Test, Leerlaufanlernen zur\u00fccksetzen, Steuerger\u00e4t zur\u00fccksetzen usw.<\/p>\n<ul>\n<li style=\"list-style-type: none;\">\n<ul>\n<li>Schl\u00fcsselprogrammierfunktion (unerl\u00e4sslich f\u00fcr jeden Workshop) :<\/li>\n<\/ul>\n<\/li>\n<\/ul>\n<p>Mit XTOOL D7 k\u00f6nnen Sie einen verlorenen Fahrzeugschl\u00fcssel deaktivieren und einen Ersatzschl\u00fcsselanh\u00e4nger f\u00fcr bestimmte Fahrzeuge programmieren. Bitte \u00fcberpr\u00fcfen Sie jedoch vor dem Kauf, welcher Schl\u00fcsseltyp ben\u00f6tigt wird.<\/p>\n<ul>\n<li style=\"list-style-type: none;\">\n<ul>\n<li>Vollst\u00e4ndige Diagnose von Systemen der Stufe OE :<\/li>\n<\/ul>\n<\/li>\n<\/ul>\n<p>Der XTOOL D7-Scanner verf\u00fcgt \u00fcber umfassende F\u00e4higkeiten zum Lesen und L\u00f6schen von Codes, zur Anzeige von Live-Daten, zur Durchf\u00fchrung aktiver Tests, zur Bereitstellung von ECU-Informationen, zur Durchf\u00fchrung von Anpassungen und Zuordnungen usw. Er bietet eine leistungsstarke Diagnose auf OE-Ebene f\u00fcr \u00fcber 80 amerikanische, asiatische und europ\u00e4ische Marken und Modelle.<\/p>\n<ul>\n<li style=\"list-style-type: none;\">\n<ul>\n<li>Verbesserte bidirektionale Kontrolle (aktiver Test) :<\/li>\n<\/ul>\n<\/li>\n<\/ul>\n<p>Mit dem aktiven Test oder dem bidirektionalen Analysetool k\u00f6nnen Sie verschiedene Tests durchf\u00fchren, um die Integrit\u00e4t und den Betriebszustand von Fahrzeugsystemen oder -komponenten zu \u00fcberpr\u00fcfen. So k\u00f6nnen Sie den Motor, das ABS, die Fenster, die T\u00fcren, die Magnetspulen, die Relais, die Schalter, die Ventile, das Schiebedach, die Scheinwerfer usw. auf ihre Funktionst\u00fcchtigkeit hin testen.<\/p>\n<ul>\n<li style=\"list-style-type: none;\">\n<ul>\n<li>Grafik 8 in 1, umfangreichere Live-Daten :<\/li>\n<\/ul>\n<\/li>\n<\/ul>\n<p>Die urspr\u00fcngliche 4-in-1-Grafik wurde zu einer 8-in-1-Grafik erweitert, sodass Sie eine bestimmte PID anpassen und bis zu acht kombinierte PID-Daten in einer einzigen Grafik zusammenf\u00fchren k\u00f6nnen.<\/p>\n<ul>\n<li style=\"list-style-type: none;\">\n<ul>\n<li>PDF-Diagnosebericht und Remote-Support :<\/li>\n<\/ul>\n<\/li>\n<\/ul>\n<p>Mit dem automatischen Diagnoseanalysewerkzeug D7 k\u00f6nnen Techniker oder Mechaniker Diagnoseberichte erstellen, die sie mit Kunden teilen k\u00f6nnen, indem sie sie ausdrucken oder im PDF-Format versenden. Wenn Sie auf Probleme sto\u00dfen, die Sie nicht l\u00f6sen k\u00f6nnen, k\u00f6nnen Sie sich an das technische Team von XTOOL wenden, um Fernunterst\u00fctzung zu erhalten.<\/p>\n<ul>\n<li style=\"list-style-type: none;\">\n<ul>\n<li>Verbessertes Android 10.0-Betriebssystem, kapazitiver 7-Zoll-LED-Bildschirm mit einer Aufl\u00f6sung von 1024 \u00d7 600 :<\/li>\n<\/ul>\n<\/li>\n<\/ul>\n<p>Die Version 2023 von D7 wurde auf das Betriebssystem Android 10 aktualisiert und bietet ein schnelleres, fl\u00fcssigeres und konsistenteres Erlebnis.<\/p>\n<ul>\n<li style=\"list-style-type: none;\">\n<ul>\n<li>Erweiterte Abdeckung f\u00fcr mehr Fahrzeuge (immer noch in Fortf\u00fchrung ...) :<\/li>\n<\/ul>\n<\/li>\n<\/ul>\n<p>XTOOL D7 f\u00fcgt weiterhin neue Fahrzeugmodelle hinzu und erweitert seine Abdeckung. In den Jahren 2021 und 2022 hat es bereits mehr Modelle hinzugef\u00fcgt und deckt nun mehr als 140 Marken und 10.000 inl\u00e4ndische Automodelle in Europa, Asien und den USA f\u00fcr OE-Level-Diagnosen und aktive Tests ab. Das technische Team von XTOOL arbeitet st\u00e4ndig daran, weitere Modelle in die Liste aufzunehmen.<\/p>\n<ul>\n<li style=\"list-style-type: none;\">\n<ul>\n<li>OE-LEVEL Scanner-Tool zur vollst\u00e4ndigen Systemdiagnose, professionelles Werkzeug f\u00fcr Kfz-Mechaniker :<\/li>\n<\/ul>\n<\/li>\n<\/ul>\n<p>XTOOL D7 ist ein umfassender Systemdiagnosescanner, da er alle verf\u00fcgbaren Systeme des Autos scannen kann, um Codes zu lesen und zu l\u00f6schen, den Live-Datenstrom von verschiedenen Sensoren zu visualisieren und grafisch darzustellen, den Gelrahmen abzurufen, aktive Tests durchzuf\u00fchren, um den Betriebszustand der Module zu \u00fcberpr\u00fcfen, und Ihnen so eine Diagnose nur auf H\u00e4ndlerebene und eine genaue und gr\u00fcndliche Analyse aller Autosysteme zu liefern. Es unterst\u00fctzt eine Vielzahl von Systemen wie ABS, Motor, SAS, TPMS, IMMO, Batterie, \u00d6lservice, SRS, DPF, Klimaanlage, Getriebe, etc.<\/p>\n<ul>\n<li style=\"list-style-type: none;\">\n<ul>\n<li>Erweiterte ECU-Codierung (funktioniert nur bei VW\/AUDI\/SKODA) :<\/li>\n<\/ul>\n<\/li>\n<\/ul>\n<p>Mit dem XTOOL D7 k\u00f6nnen Sie Ihr Auto individuell gestalten, indem Sie versteckte Funktionen entfalten oder l\u00e4stige Funktionen wie den Notfallton oder den Summer des Sicherheitsgurts deaktivieren. Sie k\u00f6nnen auch die adaptiven Daten f\u00fcr bestimmte Komponenten nach einer Reparatur oder einem Austausch zur\u00fccksetzen.<\/p>\n<ul>\n<li style=\"list-style-type: none;\">\n<ul>\n<li>Aktiver Test\/bidirektionale Analyse :<\/li>\n<\/ul>\n<\/li>\n<\/ul>\n<p>XTOOL D7 ist ein bidirektionales Analysewerkzeug, d. h. Sie k\u00f6nnen Informationen anfordern oder ein Modul bestellen, um bestimmte Tests und Funktionen durchzuf\u00fchren, w\u00e4hrend Sie die resultierenden Daten beobachten, um Probleme schnell zu beheben und zu reparieren. Sie k\u00f6nnen EVAP-Tests, R\u00fcckstellungen f\u00fcr die Kraftstoffdichtung, R\u00fcckstellungen f\u00fcr die Kraftstoffzusammensetzung, Einspritzd\u00fcsenbrummtests, Kraftstoffpumpentests, Fenster-\/Spiegel-\/T\u00fcrverriegelungstests, Pumpen- und Ventiltests usw. durchf\u00fchren. Bitte beachten Sie, dass die Verf\u00fcgbarkeit von aktiven Tests je nach Fahrzeugsystem variiert.<\/p>\n<ul>\n<li style=\"list-style-type: none;\">\n<ul>\n<li>36+ Hei\u00df-Service-Funktionen f\u00fcr eine umfassende Wartung des Autos :<\/li>\n<\/ul>\n<\/li>\n<\/ul>\n<p>XTOOL D7 bietet eine ganze Reihe von Hei\u00dfservice-Funktionen f\u00fcr eine umfassende Wartung Ihres Autos. Zu diesen Funktionen geh\u00f6ren das Zur\u00fccksetzen der \u00d6l-\/Service-\/Wartungsanzeige, das Zur\u00fccksetzen des EPB, das Neuanlernen des Gaspedals, das Zur\u00fccksetzen des TPMS, das ABS-Bleeding, die Wegfahrsperre, die DPF-Regeneration, die Einspritzd\u00fcsenkodierung, die SAS-Kalibrierung, die BMS-R\u00fccksetzung, die Fensterinitialisierung, die Getriebe\u00fcbereinstimmung, die Instrumentengruppe, die Scheinwerfereinstellung, die Luftfederung, die Geschwindigkeitsschulung, den EEPROM-Adapter, die Airbagreparatur, Sitzkonfigurationen, Aktivierung der elektronischen Pumpe, Behindertentransport, Upgrade auf Hochleistungsreifen, A\/F-Einstellung, Stopp\/Start-R\u00fcckstellung, Sprachwechsel, R\u00fcckstellung der Steuereinheit, die Einstellung des Regen-\/Lichtsensors, A\/C-Neueinlernen, HT-Batterie-Reset, VGT-Neueinlernen, FRM-Reset, AGR-Neueinlernen, SRS, Kupplungsanpassung, Geschwindigkeitsbegrenzung usw. Dar\u00fcber hinaus werden weiterhin neue Funktionen hinzugef\u00fcgt.<\/p>\n<ul>\n<li style=\"list-style-type: none;\">\n<ul>\n<li>15 unterst\u00fctzte Sprachen, keine Sprachbarrieren mehr :<\/li>\n<\/ul>\n<\/li>\n<\/ul>\n<p>XTOOL D7 unterst\u00fctzt 15 Sprachmen\u00fcoptionen, die standardm\u00e4\u00dfig auf Englisch eingestellt sind. Sie k\u00f6nnen die Sprache jedoch auf Spanisch, Deutsch, Franz\u00f6sisch, Italienisch, Finnisch, Arabisch, Japanisch, Koreanisch, Polnisch, Portugiesisch, Vietnamesisch, Russisch, vereinfachtes und traditionelles Chinesisch usw. umstellen.<\/p>\n<h3>Unterschiede zwischen XTOOL D7S und XTOOL D7 :<\/h3>\n<ol>\n<li>XTOOL D7S hat die gleichen Diagnosefunktionen wie D7.<\/li>\n<li>XTOOL D7S ist mit 64 GB ROM-Speicher ausgestattet.<\/li>\n<li>XTOOL D7S ist mit CAN FD + DOIP kompatibel, w\u00e4hrend D7 nicht kompatibel ist.<\/li>\n<li>XTOOL D7S ist mit einer Kamera ausgestattet und kann mit XV100 betrieben werden.<\/li>\n<\/ol>\n<h3>Neues Update XTOOL D7 mit ECU-Codierung :<\/h3>\n<p>XTOOL D7 ist ein All-in-One-Service-Tool, verbesserte Version 2023, kosteng\u00fcnstig und die beste Wahl auf Aliexpress!!!<\/p>\n<h3>Neu hinzugef\u00fcgte Funktionen von CODAGE ECU :<\/h3>\n<p>Das neue Update des XTOOL D7 Scanners umfasst die ECU-Codierung (nur f\u00fcr VW\/AUDI\/SKODA) und benutzerdefinierte Konfigurationen, die darauf ausgelegt sind, verborgene Funktionen f\u00fcr BMW, Ford, Mazda, VW\/Audi\/Skoda, Toyota\/Lexus\/Scion und Lincoln freizugeben. Sie k\u00f6nnen erweiterte Funktionen in Ihrem Auto aktivieren und l\u00e4stige Funktionen deaktivieren, wie z. B. die Stummschaltung des Sicherheitsgurt-Summers oder die Anpassung zus\u00e4tzlicher Optionen, wie z. B. die Steuerung der Fenster mit dem Schl\u00fcsselanh\u00e4nger aus der Ferne.<\/p>\n<p>&nbsp;<\/p>\n<h2>Technische Beschreibung :<\/h2>\n<ul>\n<li>Betriebssystem: Android 10.0 O.S.<\/li>\n<li>Anzeige: 7,0-Zoll-Touchscreen mit einer Aufl\u00f6sung von 1024\u00d7600<\/li>\n<li>Leistung und Akku: 4000mAh, 3.7V<\/li>\n<li>Speicher: 2 GB + 32 GB<\/li>\n<li>Stromverbrauch: 8W<\/li>\n<li>Leistungsspannung: 5V<\/li>\n<li>Prozessor: Quad-Core 1.6GHz Prozessor<\/li>\n<li>Konnektivit\u00e4t: Micro USB + WIFI (2.4Ghz &amp; 5Ghz)<\/li>\n<li>Abmessungen (L * B * H): 218 * 150 * 29 mm<\/li>\n<li>Sensoren: Schwerkraftsensor, Lichtsensor<\/li>\n<\/ul>\n<h2>Inhalt des Pakets :<\/h2>\n<ul>\n<li>D7 Smart Diagnostic Tablet * 1<\/li>\n<li>VGA-Hauptkabel * 1<\/li>\n<li>OBD-Stecker II-16 * 1<\/li>\n<li>Micro-USB-Kabel * 1<\/li>\n<li>Ladeger\u00e4t f\u00fcr Tablet * 1<\/li>\n<li>EU-Ladeger\u00e4t-Adapter * 1<\/li>\n<li>Amerikanischer Ladeger\u00e4t-Adapter * 1<\/li>\n<li>Benutzerhandbuch * 1<\/li>\n<\/ul>","protected":false},"excerpt":{"rendered":"<p>Entdecken Sie den XTOadvocate Multimarken-Auto-Diagnosekoffer, das Allsystem-Auto-Diagnoseger\u00e4t f\u00fcr Profis! \ud83c\udfaf Entwickelt f\u00fcr die Mehrmarken-Auto-Diagnose, erm\u00f6glicht Ihnen dieses Auto-Diagnoseger\u00e4t, die volle Kontrolle \u00fcber Ihr Fahrzeug zu \u00fcbernehmen.<\/p>\n<p>Der XTOadvocate-Scanner bietet drei Jahre lang kostenlose Software-Updates, eine einzigartige Funktion auf dem Markt f\u00fcr Diagnosekoffer. So profitieren Sie von verbesserter Leistung und Kapazit\u00e4t f\u00fcr eine stets aktuelle Abdeckung von Fahrzeugmodellen. \ud83c\udd95<\/p>\n<p>Ausgestattet mit 36+ erweiterten Wartungsdiensten deckt unser Diagnosewerkzeug alle g\u00e4ngigen Wartungsfunktionen ab, von \u00d6lr\u00fcckstellungen bis hin zum Anlernen von Kraftstoffdichtungen. Profitieren Sie von mehr als 10 Arten von erweiterten Funktionen, die 2023 speziell hinzugef\u00fcgt wurden! \ud83d\udcc8<\/p>\n<p>Mit dem XTOadvocate k\u00f6nnen Sie auch einen Schl\u00fcssel f\u00fcr ein Ersatzfahrzeug programmieren. Das ist ein Muss f\u00fcr jede Werkstatt! \ud83d\udee0\ufe0f Aber vergessen Sie nicht, vor dem Kauf zu pr\u00fcfen, welche Art von Schl\u00fcssel Sie ben\u00f6tigen.<\/p>\n<p>Der Diagnosekoffer bietet eine umfassende Systemdiagnose auf OE-Niveau f\u00fcr eine genaue und gr\u00fcndliche Analyse aller Fahrzeugsysteme. Mit seiner F\u00e4higkeit, Echtzeitdaten anzuzeigen, verf\u00fcgen Sie \u00fcber ein umfassendes professionelles Werkzeug f\u00fcr eine proaktive und effiziente Fahrzeugdiagnose. \ud83d\udcca<\/p>\n<p>Schlie\u00dflich bietet das XTOadvocate eine verbesserte bidirektionale Steuerung, eine Schl\u00fcsselprogrammierfunktion und eine 8-in-1-Grafik f\u00fcr umfangreichere Live-Daten. \ud83d\udc40<\/p>\n<p>W\u00e4hlen Sie den XTOadvocate-Diagnosekoffer f\u00fcr eine professionelle Autodiagnose, lebenslangen Service und kostenlose Updates f\u00fcr drei Jahre. Kaufen Sie jetzt! \ud83d\udecd\ufe0f<\/p>","protected":false},"featured_media":5279,"comment_status":"open","ping_status":"closed","template":"","meta":{"_seopress_robots_primary_cat":"none","_seopress_titles_title":"Outil Diagnostic Automobile Tout Syst\u00e8me | XTOOL X100 PAD3","_seopress_titles_desc":"D\u00e9couvrez l&#039;outil de diagnostic automobile tout-en-un XTOOL X100 PAD3 avec 36+ fonctions de r\u00e9initialisation, test actif et programmation de cl\u00e9 ECU. Compatible avec plus de 80 marques et mod\u00e8les !","_seopress_robots_index":""},"product_brand":[],"product_cat":[30],"product_tag":[],"class_list":{"0":"post-5019","1":"product","2":"type-product","3":"status-publish","4":"has-post-thumbnail","6":"product_cat-valise-de-diagnostic-obd","8":"first","9":"instock","10":"featured","11":"shipping-taxable","12":"purchasable","13":"product-type-variable"},"_links":{"self":[{"href":"https:\/\/auto-diagnostic-obd.com\/de\/wp-json\/wp\/v2\/product\/5019","targetHints":{"allow":["GET"]}}],"collection":[{"href":"https:\/\/auto-diagnostic-obd.com\/de\/wp-json\/wp\/v2\/product"}],"about":[{"href":"https:\/\/auto-diagnostic-obd.com\/de\/wp-json\/wp\/v2\/types\/product"}],"replies":[{"embeddable":true,"href":"https:\/\/auto-diagnostic-obd.com\/de\/wp-json\/wp\/v2\/comments?post=5019"}],"wp:featuredmedia":[{"embeddable":true,"href":"https:\/\/auto-diagnostic-obd.com\/de\/wp-json\/wp\/v2\/media\/5279"}],"wp:attachment":[{"href":"https:\/\/auto-diagnostic-obd.com\/de\/wp-json\/wp\/v2\/media?parent=5019"}],"wp:term":[{"taxonomy":"product_brand","embeddable":true,"href":"https:\/\/auto-diagnostic-obd.com\/de\/wp-json\/wp\/v2\/product_brand?post=5019"},{"taxonomy":"product_cat","embeddable":true,"href":"https:\/\/auto-diagnostic-obd.com\/de\/wp-json\/wp\/v2\/product_cat?post=5019"},{"taxonomy":"product_tag","embeddable":true,"href":"https:\/\/auto-diagnostic-obd.com\/de\/wp-json\/wp\/v2\/product_tag?post=5019"}],"curies":[{"name":"wp","href":"https:\/\/api.w.org\/{rel}","templated":true}]}}