{"id":520,"date":"2023-05-11T17:32:49","date_gmt":"2023-05-11T15:32:49","guid":{"rendered":"https:\/\/auto-diagnostic-obd.com\/?post_type=product&#038;p=520"},"modified":"2025-03-01T17:03:00","modified_gmt":"2025-03-01T16:03:00","slug":"diagnoseschnittstelle-mucar-bt200-pro-obd2","status":"publish","type":"product","link":"https:\/\/auto-diagnostic-obd.com\/de\/produkt\/diagnoseschnittstelle-mucar-bt200-pro-obd2\/","title":{"rendered":"\ud83d\ude97 Interface de diagnostic MUCAR BT200 PRO OBD2 :\u00a0[Scanner et effacer les codes, 15 Services de r\u00e9initialisation, ABS, DPF, EPB, SAS, AFS &#8230;]"},"content":{"rendered":"<h2>Vorstellung des THINKCAR MUCAR BT200 PRO, dem ultimativen Bluetooth OBD2-Diagnoseger\u00e4t<\/h2>\n<h3>Umfassende Diagnose f\u00fcr alle Autos<\/h3>\n<p>Das MUCAR BT200 ist ein umfassendes Diagnoseger\u00e4t, das mehr als 126 Automarken unterst\u00fctzt und mit allen Fahrzeugen kompatibel ist, die nach 1996 mit OBD II ausgestattet wurden. Mit seinem umfassenden Diagnosesystem bietet es eine breite Abdeckung f\u00fcr die Diagnose Ihres Fahrzeugs, einschlie\u00dflich Motor, Getriebe, ABS, TPMS und vielem mehr.<\/p>\n<h3>15 Spezialfunktionen f\u00fcr eine erweiterte Diagnose 1 Jahr lang kostenlos und dann ein Jahresabonnement beim Hersteller THINKCAR!<\/h3>\n<p>Der MUCAR BT200 ist mit 15 Sonderfunktionen ausgestattet, darunter :<\/p>\n<ul>\n<li>Zur\u00fccksetzen des \u00d6llampendiensts<\/li>\n<li>EPB-Service (Electronic Parking Brake)<\/li>\n<li>Akku Bat<\/li>\n<li>DPF-Service (Diesel Particulate Filter)<\/li>\n<li>SAS-Service (Steering Angle Sensor)<\/li>\n<li>Service TPMS (Tire Pressure Monitoring System)<\/li>\n<li>Programmieren von IMMO-Schl\u00fcsseln<\/li>\n<li>ABS-Sp\u00fclung<\/li>\n<li>Schiebedach zur\u00fccksetzen<\/li>\n<li>Zur\u00fccksetzen der Suspendierung<\/li>\n<li>Zur\u00fccksetzen des Getriebes<\/li>\n<li>Zur\u00fccksetzen der AFS-Scheinwerfer<\/li>\n<li>Kodierung von Injektoren<\/li>\n<li>Anpassung der Gassteuerung<\/li>\n<li>Lernen des Schaltens<\/li>\n<\/ul>\n<h2>Genie\u00dfen Sie eine unbegrenzte Lebensdauer mit allen OBDII\/EOBD-Funktionen in 10 Modi :<\/h2>\n<p>Dieses Modell ist mit allen Modellen kompatibel, die das OBD-II-Protokoll nach 1996 unterst\u00fctzen, mit den Vereinbarungen ISO 14230-4 (KWP2000), IOS 15765-4 (CAN), ISO 9141-2 (IOS), ISO14229 (UDS) und SAEJ 1850 (VPW und PWM).<\/p>\n<p>Die 10 Funktionsmodi sind wie folgt:<\/p>\n<ul>\n<li>Modus 1: Erm\u00f6glicht die Live-Wiedergabe des Datenstroms.<\/li>\n<li>Modus 2: Gibt die M\u00f6glichkeit, eingefrorene Rahmendaten zu lesen.<\/li>\n<li>Modus 3: Erm\u00f6glicht das Auslesen von diagnostischen Fehlercodes, auch DTCs genannt.<\/li>\n<li>Modus 4: Erm\u00f6glicht das L\u00f6schen von DTCs.<\/li>\n<li>Modus 5: \u00dcberwacht den Sauerstoffsensor.<\/li>\n<li>Modus 6: \u00dcberwacht das System.<\/li>\n<li>Modus 7: Erm\u00f6glicht das Abspielen von anstehenden DTCs.<\/li>\n<li>Modus 8: Steuert die Funktion des eingebetteten Systems.<\/li>\n<li>Modus 9: Bietet die M\u00f6glichkeit, Informationen \u00fcber das Fahrzeug zu lesen.<\/li>\n<li>Modus 10: Erm\u00f6glicht die Abfrage von emissionsbezogenen diagnostischen Problemcodes mit einem permanenten Status nach einem Clear\/Zur\u00fccksetzen der emissionsbezogenen diagnostischen Informationen.<\/li>\n<\/ul>\n<h3>Intuitive Schnittstelle und Bluetooth-Verbindung<\/h3>\n<p>Der MUCAR BT200 l\u00e4sst sich ganz einfach \u00fcber Bluetooth mit Ihrem iOS-Smartphone oder -Tablet verbinden und bietet Ihnen eine intuitive Benutzeroberfl\u00e4che, \u00fcber die Sie Diagnosedaten in Echtzeit anzeigen, Fehlercodes lesen und Sonderfunktionen ausf\u00fchren k\u00f6nnen. Mithilfe der speziellen App k\u00f6nnen Sie den Diagnosebericht auch ausdrucken und an Ihren Mechaniker weitergeben oder f\u00fcr Ihr pers\u00f6nliches Archiv aufbewahren.<\/p>\n<h3>Kostenlose Updates und technische Unterst\u00fctzung<\/h3>\n<p>Der MUCAR BT200 bietet 1 Jahr lang kostenlose Updates f\u00fcr alle Autos, so dass Sie immer die neuesten Funktionen und Verbesserungen f\u00fcr Ihr Diagnoseger\u00e4t erhalten. Au\u00dferdem erhalten Sie technische Unterst\u00fctzung durch das Thinkcar-Team und AUTO-DIAGNOSTIC-OBD, um Ihnen bei Bedarf zu helfen.<\/p>\n<h2>Technische Daten zu MUCAR BT200 PRO<\/h2>\n<ul>\n<li>Unterst\u00fctzung von 9 Sprachen: Englisch, Franz\u00f6sisch, Deutsch, Spanisch, Italienisch, Portugiesisch, Japanisch, Russisch, Polnisch<\/li>\n<li>Umfassende Diagnose f\u00fcr \u00fcber 126 Automarken<\/li>\n<li>15 Sonderfunktionen f\u00fcr eine erweiterte Diagnose<\/li>\n<li>Sichere Bluetooth-Verbindung mit iOS-Smartphones und -Tablets<\/li>\n<li>1 Jahr lang kostenlose Updates f\u00fcr alle Autos<\/li>\n<li>Technischer Support von Thinkcar Technology<\/li>\n<\/ul>\n<h2>Inhalt des Pakets<\/h2>\n<ul>\n<li>1 x MUCAR BT200 PRO Diagnostic Interface<\/li>\n<li>1 x Benutzerhandbuch<\/li>\n<li>1 x Garantiekarte<\/li>\n<\/ul>","protected":false},"excerpt":{"rendered":"<p>Entdecken Sie das MUCAR BT200 PRO Diagnostic Interface, das ultimative Bluetooth OBD2-Auto-Diagnoseger\u00e4t, das die Fahrzeugdiagnose revolutioniert! Das MUCAR BT200 PRO ist einfach zu bedienen und mit allen Fahrzeugen kompatibel, die nach 1996 mit OBD II ausgestattet wurden. Es ist der perfekte Verb\u00fcndete f\u00fcr Autobesitzer und Kfz-Profis. Mit seinem umfassenden Diagnosesystem unterst\u00fctzt er \u00fcber 126 Automarken und bietet 15 Spezialfunktionen, darunter das Zur\u00fccksetzen des \u00d6llampenservice, die Codierung von Einspritzd\u00fcsen, die Programmierung von IMMO-Schl\u00fcsseln und vieles mehr!<\/p>\n<p>Der MUCAR BT200 PRO l\u00e4sst sich ganz einfach \u00fcber Bluetooth mit Ihrem iOS-Smartphone oder -Tablet verbinden und bietet Ihnen eine umfassende Diagnose und Live-Daten zu allen Kontrollsystemen Ihres Fahrzeugs. Dieses kosteng\u00fcnstige und tragbare Ger\u00e4t zur Fehlerdiagnose ist ideal, um die Fahrzeugdiagnose zu erleichtern, und erm\u00f6glicht es Ihnen, den Diagnosebericht direkt aus der daf\u00fcr vorgesehenen App auszudrucken.<\/p>\n<p>Mit seinem kostenlosen 1-Jahres-Update f\u00fcr alle Autos \u00fcbertrifft der MUCAR BT200 PRO alle anderen Bluetooth-Autoscanner auf dem Markt. Kaufen Sie jetzt Ihren MUCAR BT200 und genie\u00dfen Sie eine unkomplizierte Autodiagnose f\u00fcr verschiedene Marken und Modelle!<\/p>","protected":false},"featured_media":725,"comment_status":"open","ping_status":"closed","template":"","meta":{"_seopress_robots_primary_cat":"none","_seopress_titles_title":"\ud83d\udd27 MUCAR\u00a0BT200\u00a0: Outil de diagnostic Bluetooth\u00a0OBD2 ultime\u2009!","_seopress_titles_desc":"D\u00e9couvrez le MUCAR\u00a0BT200, l\u2019outil de diagnostic Bluetooth\u00a0OBD2 pour toutes les voitures avec 15\u00a0fonctions sp\u00e9ciales, diagnostic complet et mise \u00e0 jour gratuite.","_seopress_robots_index":"","_seopress_analysis_target_kw":"MUCAR BT200,outil de diagnostic Bluetooth OBD2,diagnostic automobile,r\u00e9initialisation du service de lampe \u00e0 huile,encodage des injecteurs,programmation de cl\u00e9s IMMO,diagnostic de voiture portable,diagnostic de panne de voiture,rapport de diagnostic,donn\u00e9es en direct,diagnostic complet,mise \u00e0 jour gratuite,scanner bluetooth,Thinkcar Technology,support technique"},"product_brand":[],"product_cat":[23],"product_tag":[],"class_list":{"0":"post-520","1":"product","2":"type-product","3":"status-publish","4":"has-post-thumbnail","6":"product_cat-interface-de-diagnostic-obd","8":"first","9":"instock","10":"shipping-taxable","11":"purchasable","12":"product-type-simple"},"_links":{"self":[{"href":"https:\/\/auto-diagnostic-obd.com\/de\/wp-json\/wp\/v2\/product\/520","targetHints":{"allow":["GET"]}}],"collection":[{"href":"https:\/\/auto-diagnostic-obd.com\/de\/wp-json\/wp\/v2\/product"}],"about":[{"href":"https:\/\/auto-diagnostic-obd.com\/de\/wp-json\/wp\/v2\/types\/product"}],"replies":[{"embeddable":true,"href":"https:\/\/auto-diagnostic-obd.com\/de\/wp-json\/wp\/v2\/comments?post=520"}],"wp:featuredmedia":[{"embeddable":true,"href":"https:\/\/auto-diagnostic-obd.com\/de\/wp-json\/wp\/v2\/media\/725"}],"wp:attachment":[{"href":"https:\/\/auto-diagnostic-obd.com\/de\/wp-json\/wp\/v2\/media?parent=520"}],"wp:term":[{"taxonomy":"product_brand","embeddable":true,"href":"https:\/\/auto-diagnostic-obd.com\/de\/wp-json\/wp\/v2\/product_brand?post=520"},{"taxonomy":"product_cat","embeddable":true,"href":"https:\/\/auto-diagnostic-obd.com\/de\/wp-json\/wp\/v2\/product_cat?post=520"},{"taxonomy":"product_tag","embeddable":true,"href":"https:\/\/auto-diagnostic-obd.com\/de\/wp-json\/wp\/v2\/product_tag?post=520"}],"curies":[{"name":"wp","href":"https:\/\/api.w.org\/{rel}","templated":true}]}}