{"id":523,"date":"2023-05-11T17:35:53","date_gmt":"2023-05-11T15:35:53","guid":{"rendered":"https:\/\/auto-diagnostic-obd.com\/?post_type=product&#038;p=523"},"modified":"2023-07-09T18:17:49","modified_gmt":"2023-07-09T16:17:49","slug":"auto-batterietester-autool-bt760-mit-integriertem-drucker","status":"publish","type":"product","link":"https:\/\/auto-diagnostic-obd.com\/de\/produkt\/auto-batterietester-autool-bt760-mit-integriertem-drucker\/","title":{"rendered":"\ud83d\udd0b AUTOOL BT760 Batterietester mit integriertem Drucker: Schnelle und effektive Analyse f\u00fcr Ihre Autobatterie \ud83d\ude97."},"content":{"rendered":"<h2>Warum sollten Sie sich f\u00fcr den AUTOOL BT760 entscheiden? \ud83e\udd14<\/h2>\n<h3>Eine umfassende Analyse des Akkus<\/h3>\n<p>Das AUTOOL BT760 ist in der Lage zu analysieren :<\/p>\n<ul>\n<li>Der Zustand des Akkus<\/li>\n<li>Der Belastungstest<\/li>\n<li>Der Anlassertest<\/li>\n<li>Das Drucken von Daten \u00fcber den eingebauten Drucker<\/li>\n<\/ul>\n<p>Mit seiner Leitwertpr\u00fcftechnologie misst er haupts\u00e4chlich den Wert von maximal aufladbaren Elektroger\u00e4ten und erm\u00f6glicht so eine genaue Einsch\u00e4tzung des Gesundheitszustands Ihres Akkus.<\/p>\n<h3>Kompatibel mit den meisten Batteriestandards<\/h3>\n<p>Dieser Autobatterietester entspricht den Batteriestandards wie :<\/p>\n<ul>\n<li>CCA<\/li>\n<li>JIS<\/li>\n<li>DIN<\/li>\n<li>SAE<\/li>\n<li>IEC<\/li>\n<li>IN<\/li>\n<li>GB<\/li>\n<\/ul>\n<p>Somit ist sie geeignet, die meisten 12V- und 24V-Starter- und Ladebatterien zu analysieren.<\/p>\n<h3>Unterst\u00fctzt 12 Sprachen<\/h3>\n<p>Das AUTOOL BT760 unterst\u00fctzt 12 Sprachen, darunter Englisch, Portugiesisch, Spanisch, Franz\u00f6sisch, Deutsch, Italienisch, Russisch, Koreanisch, Chinesisch, Japanisch, T\u00fcrkisch und Thail\u00e4ndisch. Dadurch k\u00f6nnen alle Nutzer dieses Ger\u00e4t unabh\u00e4ngig von ihrer Sprache in vollem Umfang nutzen.<\/p>\n<h2>Die Vorteile von AUTOOL BT760 \ud83d\udcaa\ud83d\udcaa.<\/h2>\n<h3>Integrierter Drucker f\u00fcr \u00fcbersichtliche und detaillierte Berichte<\/h3>\n<p>Das AUTOOL BT760 verf\u00fcgt \u00fcber einen eingebauten Drucker, der Standard-Thermopapier verwendet, sodass Sie Testergebnisse einfach ausdrucken und Ausdrucke an Arbeitsscheine anh\u00e4ngen k\u00f6nnen. So haben Sie immer einen \u00fcbersichtlichen und detaillierten Bericht \u00fcber den Zustand der Batterie.<\/p>\n<h3>Hochwertige Materialien f\u00fcr eine lange Lebensdauer<\/h3>\n<p>Hergestellt aus hochwertigem Kupfer und PVC-beschichtetem Draht, bietet dieser Batterietester hervorragende Anschlussm\u00f6glichkeiten und Haltbarkeit und sorgt so f\u00fcr einen zuverl\u00e4ssigen Betrieb und eine lange Lebensdauer.<\/p>\n<h3>Pr\u00e4zise und zuverl\u00e4ssige Analyse von Batterien<\/h3>\n<p>Das AUTOOL BT760 ist in der Lage, Gelbatterien, AGM-Spiralbatterien, EFB-Batterien und viele andere Batterietypen zu analysieren. Damit erhalten Sie eine genaue und zuverl\u00e4ssige Analyse der Fahrzeugbatterie, unabh\u00e4ngig vom verwendeten Batterietyp.<\/p>\n<h2>Detaillierte technische Beschreibung :<\/h2>\n<ul>\n<li>Messbereich des Anlaufstroms in den Dateneinheiten: CCA (20-3000), BCI (20-3000), CA (20-3000), MCA (20-3000), DIN (20-2500), IEC (20-2500), EN (20-2500), SAE (20-3000), GB (30-220), JIS (26A17-N200Z)<\/li>\n<li>Betriebstemperaturbereich : -20 \u00b0C bis 50 \u00b0C<\/li>\n<li>Geh\u00e4usematerial: s\u00e4urebest\u00e4ndiger ABS-Kunststoff<\/li>\n<li>Messbereich der Batteriekapazit\u00e4t: 4 Ah-240 Ah<\/li>\n<li>Spannungsmessbereich: 6-30 VDC<\/li>\n<li>Anwendung: 12V\/24V<\/li>\n<\/ul>\n<h2>Inhalt des Pakets :<\/h2>\n<ul>\n<li>AUTOOL BT-760 Tester<\/li>\n<li>1 * Papierrolle f\u00fcr den Drucker<\/li>\n<li>Messkabel mit Krokodilklemmen<\/li>\n<li>PDF-Benutzerhandbuch per E-Mail versendet<\/li>\n<li>Tasche f\u00fcr das Ger\u00e4t<\/li>\n<li>Originalverpackung<\/li>\n<\/ul>","protected":false},"excerpt":{"rendered":"<p>Entdecken Sie den AUTOOL BT760, den ultimativen Autobatterietester mit integriertem Drucker! Dieser Tester wurde entwickelt, um die Gesundheit der Batterie Ihres Autos, Motorrads oder Kraftfahrzeugs schnell und effizient zu analysieren. Er ist mit 12V- und 24V-Batterien kompatibel. Mit seiner Leitf\u00e4higkeitstest-Technologie misst das AUTOOL BT760 den Batteriezustand, den Ladetest, den Anlassertest und erm\u00f6glicht das Ausdrucken der Daten \u00fcber den eingebauten Drucker. Dieses hochwertige Ger\u00e4t ist ideal f\u00fcr professionelle Anwender und private Hausbesitzer und entspricht den Batteriestandards wie CCA, JIS, DIN und vielen anderen. Dar\u00fcber hinaus unterst\u00fctzt es 12 Sprachen, um sich an alle Nutzer anzupassen.<\/p>\n<p>Das AUTOOL BT760 verf\u00fcgt \u00fcber einen eingebauten Drucker, der Standard-Thermopapier verwendet, sodass Sie Ausdrucke einfach an Arbeitsscheine anh\u00e4ngen k\u00f6nnen. Hergestellt aus hochwertigem Kupfer und PVC-beschichtetem Draht, bietet dieser Tester eine hervorragende Konnektivit\u00e4t und Haltbarkeit. Er ist auch in der Lage, Gelbatterien, AGM-Spiralbatterien und EFB-Batterien zu analysieren.<\/p>\n<p>Machen Sie sich keine Sorgen mehr \u00fcber die Gesundheit Ihrer Batterie! Holen Sie sich den AUTOOL BT760 Batterietester, um sicherzustellen, dass Ihr Fahrzeug immer mit maximaler Leistung l\u00e4uft.<\/p>","protected":false},"featured_media":765,"comment_status":"open","ping_status":"closed","template":"","meta":{"_seopress_robots_primary_cat":"none","_seopress_titles_title":"\ud83d\udd0b AUTOOL BT760: Testeur de Batterie avec Imprimante \ud83d\ude97","_seopress_titles_desc":"D\u00e9couvrez l&#039;AUTOOL BT760, testeur de batterie avec imprimante int\u00e9gr\u00e9e! Analysez rapidement et efficacement les batteries de voiture, moto et automobile. \ud83d\ude97\ud83d\udd0b","_seopress_robots_index":""},"product_brand":[],"product_cat":[25,26],"product_tag":[],"class_list":{"0":"post-523","1":"product","2":"type-product","3":"status-publish","4":"has-post-thumbnail","6":"product_cat-outils-diagnostic-specifiques","7":"product_cat-testeur-batterie","9":"first","10":"instock","11":"shipping-taxable","12":"purchasable","13":"product-type-simple"},"_links":{"self":[{"href":"https:\/\/auto-diagnostic-obd.com\/de\/wp-json\/wp\/v2\/product\/523","targetHints":{"allow":["GET"]}}],"collection":[{"href":"https:\/\/auto-diagnostic-obd.com\/de\/wp-json\/wp\/v2\/product"}],"about":[{"href":"https:\/\/auto-diagnostic-obd.com\/de\/wp-json\/wp\/v2\/types\/product"}],"replies":[{"embeddable":true,"href":"https:\/\/auto-diagnostic-obd.com\/de\/wp-json\/wp\/v2\/comments?post=523"}],"wp:featuredmedia":[{"embeddable":true,"href":"https:\/\/auto-diagnostic-obd.com\/de\/wp-json\/wp\/v2\/media\/765"}],"wp:attachment":[{"href":"https:\/\/auto-diagnostic-obd.com\/de\/wp-json\/wp\/v2\/media?parent=523"}],"wp:term":[{"taxonomy":"product_brand","embeddable":true,"href":"https:\/\/auto-diagnostic-obd.com\/de\/wp-json\/wp\/v2\/product_brand?post=523"},{"taxonomy":"product_cat","embeddable":true,"href":"https:\/\/auto-diagnostic-obd.com\/de\/wp-json\/wp\/v2\/product_cat?post=523"},{"taxonomy":"product_tag","embeddable":true,"href":"https:\/\/auto-diagnostic-obd.com\/de\/wp-json\/wp\/v2\/product_tag?post=523"}],"curies":[{"name":"wp","href":"https:\/\/api.w.org\/{rel}","templated":true}]}}