{"id":526,"date":"2023-05-11T17:39:50","date_gmt":"2023-05-11T15:39:50","guid":{"rendered":"https:\/\/auto-diagnostic-obd.com\/?post_type=product&#038;p=526"},"modified":"2023-07-09T18:25:44","modified_gmt":"2023-07-09T16:25:44","slug":"batterietester-kingbolen-bm560","status":"publish","type":"product","link":"https:\/\/auto-diagnostic-obd.com\/de\/produkt\/batterietester-kingbolen-bm560\/","title":{"rendered":"\ud83d\udd0b Batterietester KINGBOLEN BM560: Professioneller Analysator f\u00fcr Autos, Motorr\u00e4der &amp; Fahrzeuge 6V\/12V \ud83c\udfcd\ufe0f\ud83d\ude97."},"content":{"rendered":"<h2>KINGBOLEN BM560 Batterietester: Das ultimative Werkzeug f\u00fcr Fahrzeuge \ud83d\ude98.<\/h2>\n<p>Der KINGBOLEN BM560 Batterietester ist ein hochwertiges elektronisches Diagnoseger\u00e4t f\u00fcr Fahrzeugbatterien. Er ist sowohl f\u00fcr die Verwendung durch professionelle Kfz-H\u00e4ndler als auch durch Privatpersonen konzipiert und bietet eine einfache und effektive L\u00f6sung, um Batterieprobleme zu erkennen und unerwartete Pannen zu vermeiden.<\/p>\n<h3>Einfache Handhabung und umfassende Kompatibilit\u00e4t \ud83d\udd27.<\/h3>\n<p>Der KINGBOLEN BM560 Batterietester ist dank seiner intuitiven Benutzeroberfl\u00e4che und dem \u00fcbersichtlichen 1,8\u2033-Display sehr einfach zu bedienen. Er ist mit einer Vielzahl von Batterien kompatibel, u. a:<\/p>\n<ul>\n<li>Blei-S\u00e4ure-Batterien (regul\u00e4re Batterien)<\/li>\n<li>Flache AGM-Batterien<\/li>\n<li>AGM-Spiralbatterien<\/li>\n<li>Gel-Batterien<\/li>\n<li>EFB-Batterien<\/li>\n<\/ul>\n<h3>Umfassende Tests f\u00fcr eine genaue Analyse \ud83d\udd0d.<\/h3>\n<p>Das BM560 bietet eine breite Palette an Tests, die Ihnen detaillierte Informationen \u00fcber den Zustand Ihres Akkus liefern. Zu den verf\u00fcgbaren Tests geh\u00f6ren<\/p>\n<ul>\n<li>Spannung und Ladung des Akkus<\/li>\n<li>Startstrom<\/li>\n<li>Funktionsweise des Generators<\/li>\n<li>Innenwiderstand der Batterie<\/li>\n<\/ul>\n<h2>Kaufen Sie den KINGBOLEN BM560 Batterietester noch heute \ud83d\udecd\ufe0f<\/h2>\n<p>Warten Sie nicht l\u00e4nger, um sich dieses unverzichtbare elektronische Diagnoseger\u00e4t zuzulegen. Wenn Sie den Batterietester KINGBOLEN BM560 kaufen, profitieren Sie von einer schnellen Lieferung und einem ausgezeichneten Kundenservice. Dar\u00fcber hinaus profitieren Sie von einem wettbewerbsf\u00e4higen Preis f\u00fcr ein hochwertiges Werkzeug.<\/p>\n<h3>Eine clevere Investition f\u00fcr Fahrzeugbesitzer \ud83c\udfaf\ud83c\udfaf.<\/h3>\n<p>Durch die Investition in den Batterietester KINGBOLEN BM560 stellen Sie sicher, dass Sie Probleme mit der Batterie Ihres Fahrzeugs schnell und effizient diagnostizieren k\u00f6nnen. So k\u00f6nnen Sie unerwartete Pannen vermeiden und die Lebensdauer Ihrer Batterie verl\u00e4ngern.<\/p>\n<h3>Ein ideales Werkzeug f\u00fcr Profis und Amateure \ud83e\uddf0.<\/h3>\n<p>Ob Sie nun ein Kfz-Profi, ein Mechaniker oder einfach nur ein Auto- und Motorradliebhaber sind, der KINGBOLEN BM560 Batterietester ist das ideale Werkzeug f\u00fcr Sie. Seine einfache Bedienung und seine umfangreichen Funktionen machen ihn zu einer guten Wahl f\u00fcr alle, die sich um ihr Fahrzeug k\u00fcmmern m\u00f6chten.<\/p>\n<h2>Ausf\u00fchrliche technische Beschreibung \ud83d\udcdd.<\/h2>\n<ul>\n<li>Intuitive und einfach zu bedienende Schnittstelle<\/li>\n<li>Heller, gut lesbarer Bildschirm mit 1,8\u2033.<\/li>\n<li>Bereiche 6V\/12V<\/li>\n<li>Kompatibel mit verschiedenen Arten von Batterien<\/li>\n<li>Breites Spektrum an Tests f\u00fcr eine genaue Analyse<\/li>\n<li>Normen f\u00fcr den Ah-Bereich: 2-220AH<\/li>\n<li>CCA 100-2400<\/li>\n<li>JIS 26A17-245H52<\/li>\n<li>DIN 100-2200<\/li>\n<li>IEC 100-2200<\/li>\n<li>EN 100-1400<\/li>\n<li>SAE 100-2400<\/li>\n<li>GB 30-220Ah<\/li>\n<li>BCI 100-2400<\/li>\n<li>MCA 100-2400<\/li>\n<li>CA 100-2400<\/li>\n<\/ul>\n<h2>Inhalt des Pakets \ud83d\udce6\ud83d\udce6.<\/h2>\n<ul>\n<li>Batterietester KINGBOLEN BM560<\/li>\n<li>Benutzerhandbuch auf Englisch<\/li>\n<li>Verbindungskabel<\/li>\n<\/ul>","protected":false},"excerpt":{"rendered":"<p>Entdecken Sie den KINGBOLEN BM560 Batterietester, ein unverzichtbares Werkzeug f\u00fcr Auto- und Motorradfans! Mit diesem professionellen Batterietester k\u00f6nnen Sie den Zustand Ihrer Batterie in k\u00fcrzester Zeit \u00fcberpr\u00fcfen. Dank der intuitiven Benutzeroberfl\u00e4che und des \u00fcbersichtlichen 1,8\u2033-Displays erhalten Sie pr\u00e4zise und leicht verst\u00e4ndliche Ergebnisse. Das BM560 ist mit 6V- und 12V-Batterien kompatibel, einschlie\u00dflich Blei-S\u00e4ure-, AGM-Flach-, AGM-Spiral-, Gel- und EFB-Batterien.<\/p>\n<p>Der Batterietester KINGBOLEN BM560 bietet eine breite Palette an Tests, einschlie\u00dflich Batteriespannung und -ladung, Startstrom, Lichtmaschinenbetrieb und Innenwiderstand der Batterie. Egal, ob Sie ein Kfz-Profi oder ein Privatanwender sind, der BM560 ist das ideale Werkzeug, um Batterieprobleme zu erkennen und unerwartete Ausf\u00e4lle zu vermeiden.<\/p>\n<p>Kaufen Sie jetzt den KINGBOLEN BM560 Batterietester und profitieren Sie von einer schnellen Lieferung und einem ausgezeichneten Kundenservice. Warten Sie nicht l\u00e4nger und sichern Sie sich dieses unentbehrliche elektronische Diagnoseger\u00e4t zu einem g\u00fcnstigen Preis! Geh\u00f6ren Sie zu den Ersten, die von den Vorteilen des KINGBOLEN BM560 Batterietesters profitieren.<\/p>","protected":false},"featured_media":798,"comment_status":"open","ping_status":"closed","template":"","meta":{"_seopress_robots_primary_cat":"none","_seopress_titles_title":"\ud83d\udd0b Testeur Batterie KINGBOLEN BM560: Analyseur Pro 6V\/12V","_seopress_titles_desc":"D\u00e9couvrez le testeur de batterie KINGBOLEN BM560, l&#039;outil id\u00e9al pour les v\u00e9hicules 6V\/12V. Facile \u00e0 utiliser et compatible avec divers types de batteries.","_seopress_robots_index":""},"product_brand":[],"product_cat":[25,26],"product_tag":[],"class_list":{"0":"post-526","1":"product","2":"type-product","3":"status-publish","4":"has-post-thumbnail","6":"product_cat-outils-diagnostic-specifiques","7":"product_cat-testeur-batterie","9":"first","10":"instock","11":"shipping-taxable","12":"purchasable","13":"product-type-simple"},"_links":{"self":[{"href":"https:\/\/auto-diagnostic-obd.com\/de\/wp-json\/wp\/v2\/product\/526","targetHints":{"allow":["GET"]}}],"collection":[{"href":"https:\/\/auto-diagnostic-obd.com\/de\/wp-json\/wp\/v2\/product"}],"about":[{"href":"https:\/\/auto-diagnostic-obd.com\/de\/wp-json\/wp\/v2\/types\/product"}],"replies":[{"embeddable":true,"href":"https:\/\/auto-diagnostic-obd.com\/de\/wp-json\/wp\/v2\/comments?post=526"}],"wp:featuredmedia":[{"embeddable":true,"href":"https:\/\/auto-diagnostic-obd.com\/de\/wp-json\/wp\/v2\/media\/798"}],"wp:attachment":[{"href":"https:\/\/auto-diagnostic-obd.com\/de\/wp-json\/wp\/v2\/media?parent=526"}],"wp:term":[{"taxonomy":"product_brand","embeddable":true,"href":"https:\/\/auto-diagnostic-obd.com\/de\/wp-json\/wp\/v2\/product_brand?post=526"},{"taxonomy":"product_cat","embeddable":true,"href":"https:\/\/auto-diagnostic-obd.com\/de\/wp-json\/wp\/v2\/product_cat?post=526"},{"taxonomy":"product_tag","embeddable":true,"href":"https:\/\/auto-diagnostic-obd.com\/de\/wp-json\/wp\/v2\/product_tag?post=526"}],"curies":[{"name":"wp","href":"https:\/\/api.w.org\/{rel}","templated":true}]}}