{"id":5281,"date":"2023-07-31T18:17:21","date_gmt":"2023-07-31T16:17:21","guid":{"rendered":"https:\/\/auto-diagnostic-obd.com\/?post_type=product&#038;p=5281"},"modified":"2023-07-31T18:25:11","modified_gmt":"2023-07-31T16:25:11","slug":"fahrzeug-diagnoseschnittstelle-thinkcar-thinkdiag2","status":"publish","type":"product","link":"https:\/\/auto-diagnostic-obd.com\/de\/produkt\/fahrzeug-diagnoseschnittstelle-thinkcar-thinkdiag2\/","title":{"rendered":"THINKCAR ThinkDiag 2 Automotive Diagnostic Interface OBD-II: Marken\u00fcbergreifend mit Bluetooth 5.0, CAN-FD-Protokoll, R\u00fccksetzen von 15 Systemen Komplett \ud83d\ude97\ud83d\udd27."},"content":{"rendered":"<h2>\ud83d\udc96 Entdecken Sie Thinkdiag 2 OBD2 Eine Autodiagnoseschnittstelle mit CAN-FD-Protokoll f\u00fcr verbesserte Leistung<\/h2>\n<h3>\ud83c\udfaf Pr\u00e4zise und schnelle Diagnose - kompatibel mit dem CAN-FD-Protokoll<\/h3>\n<p>Thinkdiag 2 OBD2 Scanner Diagnostic Auto wurde entwickelt, um durch die Hinzuf\u00fcgung des CAN-FD-Protokolls eine hochmoderne Fahrzeugdiagnose zu erm\u00f6glichen. Diese Erweiterung erm\u00f6glicht eine erweiterte Kompatibilit\u00e4t mit vielen verschiedenen Fahrzeugmodellen, eine schnellere Daten\u00fcbertragung und eine genauere Fehleranzeige. Profitieren Sie von einer schnellen und genauen Diagnose f\u00fcr Ihr Fahrzeug, wodurch Sie Probleme effizienter l\u00f6sen k\u00f6nnen.<\/p>\n<h3>\ud83d\ude97 Diagnose aller Systeme - Ein umfassendes Werkzeug f\u00fcr Ihr Auto<\/h3>\n<p>Mit Thinkdiag 2 Bluetooth OBD2 Diagnostic haben Sie Zugriff auf alle Diagnosefunktionen der Systeme in Ihrem Auto. Ob ECM, BCM, SRS, TCM, BMS, TPMS, SAS, A\/C-System und vieles mehr - mit diesem umfassenden Tool k\u00f6nnen Sie Fehlercodes lesen und l\u00f6schen, Echtzeitdaten abrufen und auf Informationen des Steuermoduls zugreifen. So k\u00f6nnen Sie Ihr Auto gr\u00fcndlich diagnostizieren und potenzielle Probleme schnell erkennen.<\/p>\n<h3>\ud83d\udd27 15 Wartungsfunktionen - Sparen Sie Zeit und Geld bei Reparaturen.<\/h3>\n<ul>\n<li>Thinkdiag 2 OBD2 Scanner bietet 15 wichtige Wartungsfunktionen f\u00fcr Ihr Auto. Jede Funktion bietet eine spezifische M\u00f6glichkeit, die Leistung Ihres Fahrzeugs zu optimieren und seine Lebensdauer zu verl\u00e4ngern. Hier sind die 15 Wartungsfunktionen im Einzelnen :<\/li>\n<li>\u00d6l-Reset: Erm\u00f6glicht nach einem \u00d6lwechsel einen Reset f\u00fcr eine Neuberechnung des Motor\u00f6l-Lebensdauer-Systems.<\/li>\n<li>DPF-Regeneration: Sie wird verwendet, um Partikel mithilfe eines Oxidationsmodus mit kontinuierlicher Verbrennung aus dem DPF zu entfernen. Sie funktioniert speziell f\u00fcr das Dieselpartikelfiltersystem mit DPF.<\/li>\n<li>Elektronische Drosselklappenanpassung: Wird verwendet, um den Drosselklappenaktuator mithilfe des Fahrzeugdecoders zu initialisieren, so dass der Lernwert des Steuerger\u00e4ts auf den Ausgangszustand zur\u00fcckgesetzt wird.<\/li>\n<li>Zur\u00fccksetzen der Bremsbel\u00e4ge: Zum Deaktivieren und Aktivieren von Bremssteuersystemen, zur Unterst\u00fctzung bei der Kontrolle der Bremsfl\u00fcssigkeit, zum \u00d6ffnen und Schlie\u00dfen der Bremsbel\u00e4ge und zum Einstellen der Bremsen nach dem Austausch von Bremsscheiben oder Bremsbel\u00e4gen.<\/li>\n<li>SAS-Reset: Hilft dabei, fehlerhafte Speicher des Lenkwinkelsensors zu l\u00f6schen, um den Lenkwinkel zur\u00fcckzusetzen, und spielt eine wichtige Rolle bei der Kalibrierung des Lenkwinkelsensors.<\/li>\n<li>IMMO-Matching: Um zu verhindern, dass das Auto von nicht autorisierten Schl\u00fcsseln benutzt wird, muss die Funktion Anti-Diebstahl-Schl\u00fcssel-Matching ausgef\u00fchrt werden, damit die Wegfahrsperre des Autos die Fernbedienungsschl\u00fcssel identifiziert und zur normalen Benutzung des Autos berechtigt.<\/li>\n<li>Injektorcodierung: Nach dem Austausch des Steuerger\u00e4ts oder des Injektors muss der Injektorcode jedes Zylinders best\u00e4tigt oder neu codiert werden, damit der Zylinder die Injektoren besser identifizieren kann, um die Kraftstoffeinspritzung genau zu steuern.<\/li>\n<li>Zur\u00fccksetzen des TPMS: Wenn der Reifendruck zu niedrig ist, die Reifen undicht sind, das Reifendruck\u00fcberwachungsger\u00e4t ausgetauscht oder eingebaut wird, die Reifen ausgetauscht werden und der Reifendrucksensor besch\u00e4digt ist, muss die Funktion zum Zur\u00fccksetzen des Reifendrucks ausgef\u00fchrt werden, um den Reifendruck zur\u00fcckzusetzen und das TPMS auszuschalten.<\/li>\n<li>Suspension Matching: Wenn der H\u00f6hensensor im Luftfederungssystem oder im Steuermodul ausgetauscht wird oder wenn das Fahrzeugniveau nicht korrekt ist, kann diese Funktion den H\u00f6hensensor zur Kalibrierung des Niveaus anpassen.<\/li>\n<li>AFS-Reset: Diese Funktion wird verwendet, um das adaptive Scheinwerfersystem zu initialisieren.<\/li>\n<li>Gearbox Matching: Diese Funktion vervollst\u00e4ndigt das Selbststudium des Getriebes, um die Qualit\u00e4t des Schaltvorgangs zu verbessern.<\/li>\n<li>Initialisierung des Schiebedachs : Mit dieser Funktion k\u00f6nnen Sie die Verriegelung des Schiebedachs, das Schlie\u00dfen des Schiebedachs bei Regen, die Memory-Funktion des Schiebe-\/Hebedachs, den Temperaturschwellenwert au\u00dferhalb des Fahrzeugs usw. einstellen.<\/li>\n<li>EGR-Anpassung: Diese Funktion wird verwendet, um das EGR-Ventil (Exhaust Gas Recirculation) nach seiner Reinigung oder seinem Austausch anzulernen.<\/li>\n<li>ECU-Codierung: Erm\u00f6glicht es Ihnen, nach einer Reparatur oder einem Austausch adaptive Daten f\u00fcr bestimmte Komponenten neu zu codieren. Dies bietet M\u00f6glichkeiten zur L\u00f6sung von Problemen wie Fahrverhalten, Kraftstoffeffizienz, Leistungsverlust, Fehlercodes und Haltbarkeit von mechanischen Teilen.<\/li>\n<li>Bet\u00e4tigungspr\u00fcfung: Thinkdiag 2 OBD2 Scanner kann Befehle an das Steuerger\u00e4t senden, Daten aus dem Steuerger\u00e4t auslesen, um die Integrit\u00e4t des Systems oder der Komponente zu bestimmen, und die Funktion der Komponenten \u00fcberwachen, damit Sie schnell feststellen k\u00f6nnen, ob ein bestimmtes System, eine Komponente oder ein Subsystem normal funktioniert.<\/li>\n<\/ul>\n<h3>\ud83d\ude97 Premium-Features - Leistungsstark und benutzerfreundlich<\/h3>\n<p>Thinkdiag 2 OBD2 Scanner Diagnostic Auto ist mit Bluetooth 5.0 ausgestattet und bietet eine stabile und schnelle Verbindung mit einer Reichweite von bis zu 33 Fu\u00df. Er ist mit Android- und iOS-Systemen kompatibel und unterst\u00fctzt 10 Sprachen, darunter Englisch, Franz\u00f6sisch, Spanisch, Deutsch, Italienisch, Niederl\u00e4ndisch, Russisch und Portugiesisch. Genie\u00dfen Sie mit diesem professionellen Diagnosetool eine reibungslose und personalisierte Benutzererfahrung.<\/p>\n<h3>\u2705 Gebrauchshinweise - Qualitativ hochwertiger Kundensupport<\/h3>\n<p>Bevor Sie Thinkdiag 2 OBD2 Scanner kaufen, kontaktieren Sie uns bitte, um die Kompatibilit\u00e4t mit Ihrem Auto zu \u00fcberpr\u00fcfen. Er ist mit \u00fcber 115 Automarken nach 1996 kompatibel. Wir bieten Ihnen eine 5-j\u00e4hrige Garantie, ein 30-t\u00e4giges R\u00fcckgaberecht und kostenlose technische Beratung auf Lebenszeit. Unser Team ist bestrebt, Ihnen einen erstklassigen Kundenservice zu bieten und Ihre Zufriedenheit zu gew\u00e4hrleisten.<\/p>\n<h3>Abonnement und Updates - Flexibilit\u00e4t und Optionen<\/h3>\n<p>Thinkdiag 2 unterst\u00fctzt nur ein Jahr lang die Nutzung und das Upgrade der vollst\u00e4ndigen Softwarefunktion. Nach einem Jahr kann, wenn es nicht verl\u00e4ngert wird, nur die vollst\u00e4ndige OBDII-Basisfunktion genutzt werden. Um weiterhin alle Funktionen und Merkmale nutzen zu k\u00f6nnen, sind flexible Abonnements f\u00fcr ein Jahr, zwei Jahre oder f\u00fcnf Jahre erh\u00e4ltlich. Sie k\u00f6nnen auch spezielle Abonnements f\u00fcr Automarken abschlie\u00dfen, um alle Funktionen und Sondermerkmale Ihres bevorzugten Automodells vollst\u00e4ndig nutzen zu k\u00f6nnen. Nutzen Sie auch das Punkteprogramm in der Thinkdiag-App, um zus\u00e4tzliche Vorteile zu erlangen.<\/p>\n<p>Entdecken Sie Thinkdiag 2 OBD2 Scanner Autodiagnose und verwandeln Sie Ihr intelligentes Ger\u00e4t in ein leistungsstarkes Diagnosewerkzeug f\u00fcr Autos. L\u00f6sen Sie Probleme schnell, sparen Sie Zeit und Geld f\u00fcr Reparaturen und genie\u00dfen Sie eine selbstbewusste Fahrt.<\/p>\n<h2>Technische Daten :<\/h2>\n<ul>\n<li>Modell: Thinkdiag 2<\/li>\n<li>Bluetooth-Version: Bluetooth 5.0<\/li>\n<li>Betriebsspannung: 9~18V<\/li>\n<li>Leistung: \u22642W<\/li>\n<li>Abmessungen: 120.5*65*29mm<\/li>\n<li>Betriebstemperatur : -10\u2103 bis 50\u2103 (14\u2109 bis 122 \u2109)<\/li>\n<li>Lagerungstemperatur: -20\u2103 bis 60\u2103 (-4\u2109 bis 140 \u2109)<\/li>\n<\/ul>\n<h2>Abonnementoptionen :<\/h2>\n<ul>\n<li>Abonnement f\u00fcr ein Jahr: $99,95 USD<\/li>\n<li>Zweij\u00e4hriges Abonnement: $159,95 USD<\/li>\n<li>F\u00fcnfj\u00e4hriges Abonnement: $339,95 USD<\/li>\n<li>Abonnement nach Automarke: $49,95 USD\/Jahr (erm\u00f6glicht die Nutzung aller speziellen Funktionen und Merkmale f\u00fcr kompatible Modelle der gew\u00e4hlten Automarke)<\/li>\n<\/ul>\n<h2>Inhalt des Pakets :<\/h2>\n<ul>\n<li>Bluetooth-Scanner Thinkdiag 2<\/li>\n<li>Dreireihiges DB15-Diagnosekabel zu OBD 16pin<\/li>\n<li>EVA-Aufbewahrungsbeutel<\/li>\n<li>Mehrsprachige Handb\u00fccher<\/li>\n<\/ul>\n<p>Profitieren Sie von diesen fortschrittlichen Funktionen, mehreren Abonnementoptionen und umfassenden Inhalten f\u00fcr Ihren Thinkdiag 2 OBD2 Scanner Autodiagnose. Verwandeln Sie Ihr intelligentes Ger\u00e4t in ein professionelles Diagnosewerkzeug f\u00fcr ein vertrauensvolles Fahrerlebnis.<\/p>","protected":false},"excerpt":{"rendered":"<p>\ud83d\ude97 Begeben Sie sich mit unserer Autodiagnose-Schnittstelle ThinkDiag 2 OBD II auf eine Entdeckungsreise durch Ihre eigenen Fahrzeuge. \ud83d\ude97 Mit diesem Scanner erleben Sie die professionelle Autodiagnose bequem von zu Hause aus.<\/p>\n<p>Hinter jeder Warnleuchte, die auf Ihrem Armaturenbrett aufleuchtet, verbirgt sich eine Geschichte. Es ist entscheidend, dass Sie verstehen, was sie bedeuten, aber noch wichtiger ist es, die Quelle dieser Warnungen zu verstehen. Und genau hier kommt die ThinkDiag 2 Diagnoseschnittstelle ins Spiel! \ud83d\ude80<\/p>\n<p>Dieses leistungsstarke, marken\u00fcbergreifende Tool ist mit dem CAN-FD-Protokoll kompatibel und bringt eine genaue und schnelle Diagnose in Ihre Hand. Dank der ultraschnellen Daten\u00fcbertragung und der pr\u00e4zisen Fehleranzeige k\u00f6nnen Sie Probleme mit Ihrem Fahrzeug effizienter und sicherer l\u00f6sen. Es ist, als h\u00e4tten Sie einen pers\u00f6nlichen Mechaniker in Ihrer Tasche! \ud83d\udd27<\/p>\n<p>Aber das ist noch nicht alles! Die ThinkDiag 2 Diagnoseschnittstelle ist ein echtes Multimarken-Diagnosewerkzeug. Sie bietet Ihnen Zugriff auf alle Diagnosefunktionen Ihres Autos. Ob ECM, BCM, SRS, TCM, BMS, TPMS, SAS, A\/C-System und vieles mehr - mit diesem OBD2-Scanner k\u00f6nnen Sie Fehlercodes lesen und l\u00f6schen, Echtzeitdaten abrufen und auf Informationen des Steuermoduls zugreifen. \ud83d\udd0d<\/p>\n<p>Einfach ausgedr\u00fcckt: Die ThinkDiag 2-Diagnoseoberfl\u00e4che ist das ideale Werkzeug, um potenzielle Probleme schnell zu erkennen. Mit ihr k\u00f6nnen Sie eine gr\u00fcndliche Diagnose Ihres Fahrzeugs durchf\u00fchren, ohne ein Verm\u00f6gen f\u00fcr unn\u00f6tige Reparaturen ausgeben zu m\u00fcssen. \ud83d\udcb0<\/p>\n<p>Hinzu kommen die 15 wichtigsten Wartungsfunktionen, mit denen Sie die Leistung Ihres Fahrzeugs optimieren und seine Lebensdauer verl\u00e4ngern k\u00f6nnen. Ob Sie nun einen \u00d6lreset durchf\u00fchren, den DPF regenerieren, die Drosselklappe elektronisch anpassen, die Bremsbel\u00e4ge zur\u00fccksetzen oder sogar eine ECU-Codierung durchf\u00fchren m\u00f6chten, ThinkDiag 2 hat alles, um Ihnen das Leben leichter zu machen. \ud83c\udf81<\/p>\n<p>Um dem Ganzen die Krone aufzusetzen, nutzt ThinkDiag 2 die Bluetooth 5.0-Technologie f\u00fcr eine stabile und schnelle Verbindung mit Ihrem Smartphone oder PC. Und dank der Kompatibilit\u00e4t mit dem OBD-II-Protokoll ist es f\u00fcr die meisten Fahrzeuge auf dem Markt bestens geeignet.<\/p>\n<p>Warten Sie nicht l\u00e4nger, \u00fcbernehmen Sie noch heute die Kontrolle \u00fcber Ihr Fahrzeug mit der ThinkDiag 2 OBD II Autodiagnose-Schnittstelle. Klicken Sie jetzt auf die Schaltfl\u00e4che \"In den Warenkorb\"! \ud83d\uded2<\/p>","protected":false},"featured_media":5304,"comment_status":"open","ping_status":"closed","template":"","meta":{"_seopress_robots_primary_cat":"none","_seopress_titles_title":"Interface Diagnostic Automobile ThinkDiag 2 - OBDII Multi-marques, Bluetooth 5.0","_seopress_titles_desc":"D\u00e9couvrez ThinkDiag 2, l&#039;interface de diagnostic auto OBD II en Fran\u00e7ais. Diagnostic pr\u00e9cis, rapide et compatible avec de nombreux mod\u00e8les de voiture. Fonctions de r\u00e9initialisation pour 15 syst\u00e8mes complets.","_seopress_robots_index":"","_seopress_analysis_target_kw":"Interface de diagnostic,OBD2,OBD,Multi-marques,V\u00e9hicule,USB,Auto,Diagnostic Automobile,Diagnostic Auto,Multimarque,Automobile,Compatible,ELM327,PC,Diagnostique,OBDII,Bluetooth,Logiciel,Appareil,C\u00e2ble,ThinkDiag 2"},"product_brand":[],"product_cat":[23],"product_tag":[],"class_list":{"0":"post-5281","1":"product","2":"type-product","3":"status-publish","4":"has-post-thumbnail","6":"product_cat-interface-de-diagnostic-obd","8":"first","9":"instock","10":"shipping-taxable","11":"purchasable","12":"product-type-simple"},"_links":{"self":[{"href":"https:\/\/auto-diagnostic-obd.com\/de\/wp-json\/wp\/v2\/product\/5281","targetHints":{"allow":["GET"]}}],"collection":[{"href":"https:\/\/auto-diagnostic-obd.com\/de\/wp-json\/wp\/v2\/product"}],"about":[{"href":"https:\/\/auto-diagnostic-obd.com\/de\/wp-json\/wp\/v2\/types\/product"}],"replies":[{"embeddable":true,"href":"https:\/\/auto-diagnostic-obd.com\/de\/wp-json\/wp\/v2\/comments?post=5281"}],"wp:featuredmedia":[{"embeddable":true,"href":"https:\/\/auto-diagnostic-obd.com\/de\/wp-json\/wp\/v2\/media\/5304"}],"wp:attachment":[{"href":"https:\/\/auto-diagnostic-obd.com\/de\/wp-json\/wp\/v2\/media?parent=5281"}],"wp:term":[{"taxonomy":"product_brand","embeddable":true,"href":"https:\/\/auto-diagnostic-obd.com\/de\/wp-json\/wp\/v2\/product_brand?post=5281"},{"taxonomy":"product_cat","embeddable":true,"href":"https:\/\/auto-diagnostic-obd.com\/de\/wp-json\/wp\/v2\/product_cat?post=5281"},{"taxonomy":"product_tag","embeddable":true,"href":"https:\/\/auto-diagnostic-obd.com\/de\/wp-json\/wp\/v2\/product_tag?post=5281"}],"curies":[{"name":"wp","href":"https:\/\/api.w.org\/{rel}","templated":true}]}}