{"id":538,"date":"2023-05-11T17:54:08","date_gmt":"2023-05-11T15:54:08","guid":{"rendered":"https:\/\/auto-diagnostic-obd.com\/?post_type=product&#038;p=538"},"modified":"2023-07-09T18:25:03","modified_gmt":"2023-07-09T16:25:03","slug":"diagnosekoffer-kingbolen-ya201","status":"publish","type":"product","link":"https:\/\/auto-diagnostic-obd.com\/de\/produkt\/diagnosekoffer-kingbolen-ya201\/","title":{"rendered":"\ud83d\ude97 Valise de Diagnostic KINGBOLEN YA201 : [Lecteur de codes, v\u00e9rification moteur, OBD2 Scanner, Mise \u00e0 jour gratuite \u00e0 vie]"},"content":{"rendered":"<h2>KINGBOLEN YA201, ein unverzichtbares Diagnoseinstrument<\/h2>\n<h3>Ein umfassendes und leistungsstarkes Instrument zur Fahrzeugdiagnose<\/h3>\n<p>Das KINGBOLEN YA201 ist ein vollst\u00e4ndiges und leistungsstarkes OBD2 Ger\u00e4t zur Fahrzeugdiagnose, das Ihnen die Durchf\u00fchrung von Fahrzeugdiagnosen erleichtert. Es bietet Ihnen die folgenden OBD2-Funktionen :<\/p>\n<ul>\n<li>\u00dcberpr\u00fcfung der DTC-Codes<\/li>\n<li>Abrufen von I\/M-Daten<\/li>\n<li>Lesen des O2-Datenstroms<\/li>\n<li>Tests der Komponenten von EVAP-Systemen<\/li>\n<li>Onboard-Monitoring (Modus 6)<\/li>\n<li>Und noch viel mehr<\/li>\n<\/ul>\n<h3>Kompatibel mit einer Vielzahl von Fahrzeugen<\/h3>\n<p>Der KINGBOLEN YA201 ist mit den meisten amerikanischen (hergestellt nach 1996), europ\u00e4ischen (hergestellt nach 2000), asiatischen (hergestellt nach 2008) und OBD II\/EOBD\/CAN-Fahrzeugen kompatibel. Diese breite Abdeckung garantiert, dass Sie die Daten finden, die Sie f\u00fcr eine genaue und effiziente Diagnose ben\u00f6tigen.<\/p>\n<h3>Ergonomisches Design und erweiterte Funktionen<\/h3>\n<p>Der KINGBOLEN YA201 wurde so konzipiert, dass er optimalen Komfort bietet. Er verf\u00fcgt \u00fcber einen 2,4-Zoll-TFT-Farb-LCD-Bildschirm mit Schwarzlicht zum Schutz der Augen. Sein l\u00e4ngeres OBD2-Kabel und sein patentiertes ergonomisches Design erm\u00f6glichen Ihnen eine einfache Bedienung.<\/p>\n<h2>Aktualisierungen und technische Unterst\u00fctzung<\/h2>\n<h3>Einfache Aktualisierung \u00fcber USB<\/h3>\n<p>Der KINGBOLEN YA201 kann dank seines USB-Anschlusses leicht aktualisiert werden. So k\u00f6nnen Sie die neuesten Softwareverbesserungen nutzen, um das Beste aus Ihrem Diagnoseger\u00e4t herauszuholen.<\/p>\n<h3>Engagierter technischer Support<\/h3>\n<p>Unser Expertenteam steht Ihnen zur Verf\u00fcgung, um Ihnen bei Bedarf zu helfen. Bitte z\u00f6gern Sie nicht, uns zu kontaktieren, wenn Sie Fragen haben oder technische Unterst\u00fctzung f\u00fcr den KINGBOLEN YA201 ben\u00f6tigen.<\/p>\n<h2>Sichere Bezahlung und schnelle Lieferung<\/h2>\n<h3>Kaufen Sie mit Vertrauen<\/h3>\n<p>Wir bieten Ihnen eine sichere Zahlung f\u00fcr Ihren Kauf von KINGBOLEN YA201 an, so dass Sie Ihre Transaktion in aller Ruhe durchf\u00fchren k\u00f6nnen. Unsere Website ist durch fortschrittliche Verschl\u00fcsselungstechnologien gesch\u00fctzt, um die Sicherheit Ihrer pers\u00f6nlichen und finanziellen Informationen zu gew\u00e4hrleisten.<\/p>\n<h3>Kostenlose und schnelle Lieferung<\/h3>\n<p>Profitieren Sie von der schnellen Lieferung f\u00fcr Ihre Bestellung des KINGBOLEN YA201. Unser Team verpflichtet sich, Ihr Paket so schnell wie m\u00f6glich zu versenden, damit Sie Ihr neues Ger\u00e4t f\u00fcr die Fahrzeugdiagnose schnell nutzen k\u00f6nnen.<\/p>\n<h2>Detaillierte technische Beschreibung :<\/h2>\n<ul>\n<li>Umfassende OBD2-Funktionen<\/li>\n<li>2,4-Zoll-TFT-Farb-LCD-Bildschirm<\/li>\n<li>L\u00e4ngeres OBD2-Kabel<\/li>\n<li>Patentiertes ergonomisches Design<\/li>\n<li>Kompatibel mit einer Vielzahl von Fahrzeugen<\/li>\n<li>Einfache Aktualisierung \u00fcber USB<\/li>\n<li>Engagierter technischer Support<\/li>\n<\/ul>\n<h2>Inhalt des Pakets<\/h2>\n<p>Wenn Sie den KINGBOLEN YA201 kaufen, erhalten Sie folgendes im Paket :<\/p>\n<ul>\n<li>1x Diagnostischer Scanner KINGBOLEN YA201<\/li>\n<li>1x OBD2-Kabel<\/li>\n<li>1x USB-Kabel f\u00fcr Updates<\/li>\n<\/ul>","protected":false},"excerpt":{"rendered":"<p>Entdecken Sie den KINGBOLEN YA201, ein umfassendes und leistungsstarkes OBD2-Kfz-Diagnoseger\u00e4t f\u00fcr alle Ihre Bed\u00fcrfnisse im Bereich der Fahrzeugdiagnose. Mit seinen umfassenden OBD2-Funktionen erm\u00f6glicht Ihnen der Scanner YA201 die \u00dcberpr\u00fcfung von DTC-Codes, das Abrufen von I\/M-Daten, das Lesen des O2-Datenstroms und vieles mehr. Dieses Diagnoseger\u00e4t ist mit den meisten in den USA, Europa und Asien ans\u00e4ssigen Fahrzeugen kompatibel und bietet Ihnen eine breite Abdeckung, damit Sie sicher sein k\u00f6nnen, dass Sie die ben\u00f6tigten Daten finden. Das YA201 verf\u00fcgt au\u00dferdem \u00fcber einen 2,4-Zoll-TFT-Farb-LCD-Bildschirm, ein l\u00e4ngeres OBD2-Kabel und ein ergonomisches Design f\u00fcr optimalen Komfort bei der Verwendung. Der KINGBOLEN YA201 ist einfach zu bedienen und kann \u00fcber USB aktualisiert werden. Er ist das ideale Werkzeug f\u00fcr Profis und Hobby-Automechaniker. Profitieren Sie mit diesem Fahrzeugcodeleser von einer schnellen Lieferung und einem hervorragenden Preis-Leistungs-Verh\u00e4ltnis.<\/p>","protected":false},"featured_media":832,"comment_status":"open","ping_status":"closed","template":"","meta":{"_seopress_robots_primary_cat":"none","_seopress_titles_title":"\ud83d\udd27 KINGBOLEN YA201 : Diagnostic Auto OBD2 Complet","_seopress_titles_desc":"D\u00e9couvrez le KINGBOLEN YA201, un outil de diagnostic OBD2 complet pour votre v\u00e9hicule. \u00c9cran LCD, compatibilit\u00e9 \u00e9tendue et mise \u00e0 jour facile. Commandez maintenant!","_seopress_robots_index":""},"product_brand":[],"product_cat":[30],"product_tag":[],"class_list":{"0":"post-538","1":"product","2":"type-product","3":"status-publish","4":"has-post-thumbnail","6":"product_cat-valise-de-diagnostic-obd","8":"first","9":"instock","10":"shipping-taxable","11":"purchasable","12":"product-type-simple"},"_links":{"self":[{"href":"https:\/\/auto-diagnostic-obd.com\/de\/wp-json\/wp\/v2\/product\/538","targetHints":{"allow":["GET"]}}],"collection":[{"href":"https:\/\/auto-diagnostic-obd.com\/de\/wp-json\/wp\/v2\/product"}],"about":[{"href":"https:\/\/auto-diagnostic-obd.com\/de\/wp-json\/wp\/v2\/types\/product"}],"replies":[{"embeddable":true,"href":"https:\/\/auto-diagnostic-obd.com\/de\/wp-json\/wp\/v2\/comments?post=538"}],"wp:featuredmedia":[{"embeddable":true,"href":"https:\/\/auto-diagnostic-obd.com\/de\/wp-json\/wp\/v2\/media\/832"}],"wp:attachment":[{"href":"https:\/\/auto-diagnostic-obd.com\/de\/wp-json\/wp\/v2\/media?parent=538"}],"wp:term":[{"taxonomy":"product_brand","embeddable":true,"href":"https:\/\/auto-diagnostic-obd.com\/de\/wp-json\/wp\/v2\/product_brand?post=538"},{"taxonomy":"product_cat","embeddable":true,"href":"https:\/\/auto-diagnostic-obd.com\/de\/wp-json\/wp\/v2\/product_cat?post=538"},{"taxonomy":"product_tag","embeddable":true,"href":"https:\/\/auto-diagnostic-obd.com\/de\/wp-json\/wp\/v2\/product_tag?post=538"}],"curies":[{"name":"wp","href":"https:\/\/api.w.org\/{rel}","templated":true}]}}