{"id":542,"date":"2023-05-11T18:16:51","date_gmt":"2023-05-11T16:16:51","guid":{"rendered":"https:\/\/auto-diagnostic-obd.com\/?post_type=product&#038;p=542"},"modified":"2025-08-24T08:18:18","modified_gmt":"2025-08-24T06:18:18","slug":"diagnoseschnittstelle-vgate-pro-elm327-bluetooth3-0-4-0-wifi","status":"publish","type":"product","link":"https:\/\/auto-diagnostic-obd.com\/de\/produkt\/diagnoseschnittstelle-vgate-pro-elm327-bluetooth3-0-4-0-wifi\/","title":{"rendered":"Interface de diagnostic ELM327 V2.3 Vgate Icar Pro Bluetooth 4.0 \/ WIFI OBD2 [Lire et effacer les codes, Scanner OBD, Compatible IOS\/Android]"},"content":{"rendered":"<p>Das Vgate iCar Pro OBD2 WIFI\/Bluetooth Diagnostic Interface ist ein unverzichtbares Kfz-Diagnoseger\u00e4t f\u00fcr Autobesitzer, die sich um die Gesundheit ihres Fahrzeugs sorgen. Es bietet eine umfassende Abdeckung von Benzin- und Dieselmodellen von 1996 bis 2004, d. h. unabh\u00e4ngig von Marke oder Modell stehen die Chancen gut, dass es Ihnen bei der \u00dcberwachung der Leistung und der schnellen Erkennung von Problemen helfen kann.<\/p>\n<p>Mit dem Update auf ELM327 V2.3 ist dieses Tool intelligenter als je zuvor. Es liest Daten in Echtzeit und kann DTC-Codes in k\u00fcrzester Zeit aus dem MIL l\u00f6schen. Es ist ein erstklassiges OBDII-Auto-Diagnose-Tool, mit dem Sie bereit sind, Probleme zu l\u00f6sen, bevor sie sich verschlimmern.<\/p>\n<p>Dank seines ergonomischen Designs und der Kompatibilit\u00e4t mit Android, IOS und Windows ist er einfach zu bedienen. Au\u00dferdem kommt er automatisch aus dem Standby-Modus, wenn er sich in Ihrem Auto befindet, und kehrt in diesen zur\u00fcck, wenn er nicht benutzt wird, was Energie spart. F\u00fcr eine optimale Nutzung empfiehlt es sich, Bluetooth direkt mit der App zu verbinden.<\/p>\n<p>Dar\u00fcber hinaus ist das iCar Pro mit einer Vielzahl von Anwendungen von Drittanbietern kompatibel, die im App Store und auf Google Play erh\u00e4ltlich sind. Einige davon erfordern eine Bezahlung, aber das h\u00e4ngt von den pers\u00f6nlichen Bed\u00fcrfnissen der Nutzer ab. F\u00fcr IOS sind Bimmercode, Geekobd und Accurate sehr empfehlenswert, w\u00e4hrend Torque, Geekobd und Dashconmand bei Android-Nutzern beliebt sind.<\/p>\n<p>Fazit: Wenn Sie ein zuverl\u00e4ssiges Werkzeug suchen, um die Leistung Ihres Fahrzeugs zu \u00fcberwachen und Probleme schnell zu erkennen, dann ist die Vgate iCar Pro-Schnittstelle aufgrund ihres benutzerfreundlichen Designs, ihrer Kompatibilit\u00e4t mit verschiedenen Systemen und Anwendungen sowie ihrer breiten Abdeckung von Fahrzeugen eine hervorragende Option.<\/p>\n<h2><\/h2>\n<h2>Das Vgate Icar Pro OBDII Bluetooth 4.0\/WIFI EOBD Interface bietet folgende Funktionen:<\/h2>\n<ul>\n<li>Lesen und L\u00f6schen von OBDII-Fehlercodes<\/li>\n<li>L\u00f6schen der CHECK ENGINE-Anzeige<\/li>\n<li>Lesen von Fehlercodes, die vor dem Einschalten des MIL warten<\/li>\n<li>Lesen der gespeicherten Fehlercodes, die das Aufleuchten des MIL verursacht haben<\/li>\n<li>Lesen von allgemeinen und herstellerspezifischen Fehlercodes<\/li>\n<li>Betrachten von Standbildern<\/li>\n<li>Echtzeit-\u00dcberwachung der Betriebsparameter des Motors<\/li>\n<li>Online-Lesen der Einstellungen<\/li>\n<li>\u00dcberpr\u00fcfen der Bedeutung von Fehlercodes<\/li>\n<li>Messung der Motorleistung in HP<\/li>\n<li>Messung von Parametern wie Zeit 0 bis 100 km\/h<\/li>\n<li>Lesen von DPF-Informationen f\u00fcr OPEL-Fahrzeuge \u00fcber die OPL Monitor App (Android) f\u00fcr die folgenden Motoren: 2,0 CDTI, A20DT, A20DTC, A20DTE, A20DTJ, A20DTH, A20DTL, A20DTR, B20DTH, B16DTH.<\/li>\n<li>Der Volkswagen Konzern unterst\u00fctzt \u00fcber die App VAG DPF - Android die folgenden Motoren: DETA, CRBC, CFHD, CUNA, CFFB, CFWA (*), CLHA, CXXB, CAYC, CAHA, CXHA, DTTC, CDUC, CFGB (*), CFGC, CJCA, CRMB, CUPA, CUSA, CXFA, CAYB, CAYD, CRLB, CUTA, CFHC, CAGA (*), CSHA, CJCD, DFSB, CLAB, DFLA, DCXA, CFCA, CGLC, CFJB, CFHA, CRUA, DDYA, DFFA, CRKB, DCYA, DFCA, CUUB, CGLB, CUAA, CUSB, CAPA (*), DFGA, DFSF, DFHA, CNHA, DGTA, DGTE (*), CCWA, DGDA, DLUB, CJCB, DGTD, CDUD, CSUD, DEUA, DAUA, DJGA, CXXA, DFEA, DBGC, CAYA, CRTD, DGDB, CUUA, DAVA, CKFC, CRCA, CGQB (*) (*) = Teilweise Unterst\u00fctzung oder je nach Softwareversion.<\/li>\n<li>Dar\u00fcber hinaus unterst\u00fctzt Fdpf - DPF-Monitor f\u00fcr FORD - Android die Motoren 1,6 Duratorq 2011-&gt; (ohne ECONETIC), 2,0 Duratorq 2011, 2,2 Duratorq 2011, 3,2 Duratorq 2011, 1,5 EcoBlue, 2,0 EcoBlue.<\/li>\n<li>FAPlite Citroen\/Peugeot OBD2 - Android erm\u00f6glicht die Unterst\u00fctzung der folgenden Motoren: EDC15C2, EDC17C10, EDC17C10_BR2, DCM3.5, DCM3.5_BR2, HDI_SID803, EDC16CP39, DCM3.4, HDI_SID807_BR2, MED17.4.2, MM6LPB_EURO, MEV47.4, DCM3.4P, HDI_SID807, MEV17.4_EURO5, MEV17.4.2, ME745, MED17_4_EURO5, SID201, DCM35_HY, J34P, MM6LP, ME749, MM6KP, EDC17CP42, EDC17CP11, MED17_4_EURO4, V46, DCM47.2, DCM47.2, DCM47.2, DCM47.2, DCM47.2 21, EDC17C60, MED17.4.4, S2000PM2, MEVD17.4.4, VD46, V34.4, S2000P, SID801, ME7.4.4, ME749_EC5, M7.4.4, V46_6, V46_52, V34.3, DCM71v5, MD1CS003.<\/li>\n<li>Schlie\u00dflich unterst\u00fctzt bimmer-tool - Android die M47N\/M57N (DDE5) Motoren des BMW E60, E83**, E81, E87, F10, F30, F25.<\/li>\n<li>Dar\u00fcber hinaus unterst\u00fctzt DPF Monitor - Fiat, Alfa Romeo - Android die folgenden Motoren f\u00fcr Fiat und Alfa Romeo: Alfa Romeo: 159\/Brera\/Spider 1.9 2,4 2.0, Giulietta 1,6 2.0, Giulia 2.2, Stelvio 2.2, MiTo 1.3 1,6\/ Fiat: 500 1.3 1.6 , 500L, 500X 1.3 1.6 2.0, Panda 1.3 1.9, Bravo 1.6 1.9 2.0, Croma 1.9 2.4, Doblo 1.3 1.6 1.9 2.0, Ducato 2.0, 2.2, 2.3, 3.0, Id\u00e9e 1.6, Linea 1.3 1.9, Ducato 1.6 1.6, Fiorino 1.3, Punto 1.3 1.9, Punto Evo 1.3, 1.6, Grande Punto 1.3 1.6 1.9, Idea 1.3 1.6 1.9, Qubo 1.3, Strada 1.3, Tipo 1.3 1.6, 2.0, Toro 2.0, Lancia 2.0: Delta 1.6 1.9 2 1.3 1.6 1.9, Th\u00e8se 2.4, Delta 2014 1.6 2.0, Ypsilon 1.3 \/ Dodge: Journey 2.0, Dodge Neon 1.3 1.6\/Jeep: Cherokee 2.0, Kompass 1.6, 2.0, Renegade 1.6, 2,0\/ Suzuki: SX4 1,9 2,0 DDiS.<\/li>\n<\/ul>\n<p>Unser Ger\u00e4t kann keine sicherheitsrelevanten Fehler wie Airbags, ABS, ESP, Sicherheitsgurte usw. erkennen. Sie k\u00f6nnen jedoch die Kontrollleuchten f\u00fcr \u00d6lwechsel und Reifendruck bei VW-Fahrzeugen leicht selbst entfernen, ohne dass Sie daf\u00fcr eine spezielle Ausr\u00fcstung ben\u00f6tigen.<\/p>\n<h2><\/h2>\n<h2>Welche mobilen Android\/IOS-Anwendungen unterst\u00fctzt die Schnittstelle?<\/h2>\n<p>Unsere Benutzeroberfl\u00e4che unterst\u00fctzt eine Vielzahl von Apps. Wir empfehlen Car Scanner f\u00fcr Diagnosezwecke, das perfekt mit unserem Ger\u00e4t funktioniert. Andere auf dem Markt erh\u00e4ltliche Apps sind ebenfalls kompatibel, z. B. Torque, SDPROG und Piston. Vgate arbeitet eng mit den f\u00fchrenden Entwicklern von Diagnosesoftware zusammen, so dass wir die gr\u00f6\u00dfte Kompatibilit\u00e4t unter allen auf dem Markt zug\u00e4nglichen Marken anbieten k\u00f6nnen.<\/p>\n<h2><\/h2>\n<h2>Wird Icar mit den neuesten Updates versorgt?<\/h2>\n<p>Sollten wir Updates f\u00fcr unsere iCar-Ger\u00e4te in Betracht ziehen? Auf jeden Fall! Wir stellen regelm\u00e4\u00dfig Updates zur Verf\u00fcgung, die die Sicherheit erh\u00f6hen, mehr Funktionen bieten und eine bessere Unterst\u00fctzung von Anwendungen erm\u00f6glichen.<\/p>\n<h2><\/h2>\n<h2>Technische und detaillierte Spezifikationen des OBD2-Scanners :<\/h2>\n<h3><\/h3>\n<h3>Das Vgate iCar Pro bietet :<\/h3>\n<ul>\n<li>Eine Versorgungsspannung von 11,5 V bis 15 V<\/li>\n<li>Ein Versorgungsstrom von weniger als 200 mA<\/li>\n<li>Im Standby-Modus liegt die Stromaufnahme zwischen 0 und 30 mA.<\/li>\n<li>Optimale Betriebstemperatur zwischen -40 \u00b0C und 85 \u00b0C<\/li>\n<li>Optimale Luftfeuchtigkeit bei Betrieb zwischen 5 % und 95 % hr ohne Betauung<\/li>\n<li>Aktuelle Hardwareversion ist V2.3<\/li>\n<\/ul>\n<p>Kompatibel mit Android\/iOS-Systemen \u00fcber Bluetooth 3.0\/4,0 oder WiFi<\/p>\n<h3><\/h3>\n<h3>Das Vgate iCar Pro OBD II Auto-Scan-Tool ist ein hochwertiges Ger\u00e4t, das alle OBD-II-Protokolle unterst\u00fctzt, darunter :<\/h3>\n<ul>\n<li>SAE J1850 PWM (41.6 Kbaud)<\/li>\n<li>SAE J1850 VPW (10.4 Kbaud)<\/li>\n<li>ISO9141-2 (5 Baud init, 10.4 Kbaud)<\/li>\n<li>ISO14230-4 KWP (5 Baud init, 10.4 Kbaud)<\/li>\n<li>ISO14230-4 KWP (schnelles Init, 10,4 Kbaud)<\/li>\n<li>Box von ISO15765-4 (ID 11 bit, 500 Kbaud)<\/li>\n<li>Box von ISO15765-4 (ID 29 bit, 500 Kbaud)<\/li>\n<li>Box von ISO15765-4 (ID 11 bit, 250 Kbaud)<\/li>\n<li>Box von ISO15765-4 (ID 29 bit, 250 Kbaud)<\/li>\n<li>SAE J1939-Box (ID 29 Bit, 250 * Kbaud)<\/li>\n<li>USER1-Box (11 * Bit ID, 125 * Kbaud)<\/li>\n<li>USER2-Box (ID 11 * Bit, 50 * kbaud)<\/li>\n<\/ul>\n<p>Vom Nutzer einstellbare Parameter *<\/p>\n<h3><\/h3>\n<h3>Das Set besteht aus :<\/h3>\n<ul>\n<li>1 Vgate iCar Pro OBDII-Adapter<\/li>\n<li>1 Gebrauchsanweisung<\/li>\n<\/ul>","protected":false},"excerpt":{"rendered":"<p>Die Vgate iCar Pro Diagnostic Interface ist ein wichtiges Hilfsmittel f\u00fcr Autobesitzer, die die Leistung \u00fcberwachen und Probleme schnell erkennen m\u00f6chten. Dank der Kompatibilit\u00e4t mit Android, iOS und Windows sowie der automatischen Weckfunktion ist die Bedienung einfach und bequem.<\/p>\n<p>Dieses High-End-Tool unterst\u00fctzt alle OBD-II-Protokolle und ist mit mehreren Anwendungen von Drittanbietern kompatibel, sodass Sie es individuell nach Ihren Bed\u00fcrfnissen einsetzen k\u00f6nnen. Es kann Daten in Echtzeit auslesen und Diagnosecodes aus dem Fehlerspeicher l\u00f6schen, sodass Sie stets genaue und aktuelle Informationen \u00fcber die Leistung Ihres Fahrzeugs erhalten.<\/p>\n<p>Wenn Sie sich f\u00fcr dieses Tool entscheiden, verbessern Sie nicht nur die Leistung Ihres Autos, sondern sparen auch Zeit und Geld, da Probleme schnell erkannt werden, bevor sie sich verschlimmern.<\/p>\n<p>Mit diesem Ger\u00e4t k\u00f6nnen Sie die Sicherheit und Zuverl\u00e4ssigkeit Ihres Autos auf der Stra\u00dfe durch proaktives Management gew\u00e4hrleisten. Kurz gesagt: Das iCar Pro ist eine sinnvolle Investition f\u00fcr Autobesitzer, die sich um das Wohlbefinden ihres Fahrzeugs sorgen und ihr Fahrerlebnis perfektionieren m\u00f6chten.<\/p>","protected":false},"featured_media":571,"comment_status":"open","ping_status":"closed","template":"","meta":{"_seopress_robots_primary_cat":"none","_seopress_titles_title":"Interface de diagnostic Vgate Icar Pro Bluetooth 4.0 \/ WIFI OBD2","_seopress_titles_desc":"Dites adieu aux visites chez le garagiste gr\u00e2ce au scanner Vgate Icar Pro ELM327 V2.5 OBD2 Bluetooth 4.0 \/ WIFI, compatible avec Android et IOS.","_seopress_robots_index":""},"product_brand":[],"product_cat":[23,24],"product_tag":[],"class_list":{"0":"post-542","1":"product","2":"type-product","3":"status-publish","4":"has-post-thumbnail","6":"product_cat-interface-de-diagnostic-obd","7":"product_cat-interface-elm327","9":"first","10":"instock","11":"shipping-taxable","12":"purchasable","13":"product-type-variable"},"_links":{"self":[{"href":"https:\/\/auto-diagnostic-obd.com\/de\/wp-json\/wp\/v2\/product\/542","targetHints":{"allow":["GET"]}}],"collection":[{"href":"https:\/\/auto-diagnostic-obd.com\/de\/wp-json\/wp\/v2\/product"}],"about":[{"href":"https:\/\/auto-diagnostic-obd.com\/de\/wp-json\/wp\/v2\/types\/product"}],"replies":[{"embeddable":true,"href":"https:\/\/auto-diagnostic-obd.com\/de\/wp-json\/wp\/v2\/comments?post=542"}],"wp:featuredmedia":[{"embeddable":true,"href":"https:\/\/auto-diagnostic-obd.com\/de\/wp-json\/wp\/v2\/media\/571"}],"wp:attachment":[{"href":"https:\/\/auto-diagnostic-obd.com\/de\/wp-json\/wp\/v2\/media?parent=542"}],"wp:term":[{"taxonomy":"product_brand","embeddable":true,"href":"https:\/\/auto-diagnostic-obd.com\/de\/wp-json\/wp\/v2\/product_brand?post=542"},{"taxonomy":"product_cat","embeddable":true,"href":"https:\/\/auto-diagnostic-obd.com\/de\/wp-json\/wp\/v2\/product_cat?post=542"},{"taxonomy":"product_tag","embeddable":true,"href":"https:\/\/auto-diagnostic-obd.com\/de\/wp-json\/wp\/v2\/product_tag?post=542"}],"curies":[{"name":"wp","href":"https:\/\/api.w.org\/{rel}","templated":true}]}}