{"id":546,"date":"2023-05-11T17:56:55","date_gmt":"2023-05-11T15:56:55","guid":{"rendered":"https:\/\/auto-diagnostic-obd.com\/?post_type=product&#038;p=546"},"modified":"2025-02-15T21:18:47","modified_gmt":"2025-02-15T20:18:47","slug":"auto-diagnosekoffer-thinkcar-thinkscan-plus-s7-obd2","status":"publish","type":"product","link":"https:\/\/auto-diagnostic-obd.com\/de\/produkt\/auto-diagnosekoffer-thinkcar-thinkscan-plus-s7-obd2\/","title":{"rendered":"Valise de diagnostic automobile THINKCAR Thinkscan Plus\u00a0S7 OBD2 [Lire et effacer les codes, 28\u00a0Services de r\u00e9initialisation, ABS, SRS, DPF, SAS, BCM, AirBag, TPMS\u2026]"},"content":{"rendered":"<p>Der Thinkscan Plus S7 OBD2 ist ein High-End-Diagnoseger\u00e4t f\u00fcr Kraftfahrzeuge. Er bietet Unterst\u00fctzung f\u00fcr 7 verschiedene Systeme, wie ECM, TCM, ABS, SRS, BCM, AC und IC. Mit 5 zus\u00e4tzlichen kostenlosen, lebenslangen Resets aus 28 Funktionen bietet er eine optimale Nutzung. Dieser umfassende OBD2-Scanner kann Diagnosen durchf\u00fchren, Codes lesen und l\u00f6schen sowie Informationen zum Datenfluss, zur I\/M-Vorbereitung, zum O2-Sensor und zu DTC-Codes liefern.<\/p>\n<p>Der Thinkscan Plus S7 von THINKCAR l\u00e4sst sich einfach mit einem Klick aktualisieren und unterst\u00fctzt mehrere Sprachen f\u00fcr den internationalen Einsatz. Er ist mit \u00fcber 120 Fahrzeugmodellen kompatibel und dank seines 5-Zoll-Touchscreens mit TFT-Technologie (IPS) portabel.<\/p>\n<p>Dieser Autoscanner verf\u00fcgt \u00fcber erweiterte Funktionen wie die \u00dcberwachung der Batteriespannung mit hei\u00dfem Schl\u00fcssel, die M\u00f6glichkeit, Screenshots \u00fcber QR zu speichern und weiterzugeben und Diagnoseberichte zu drucken. Er verf\u00fcgt \u00fcber ein Typ-C-Datenkabel zum Exportieren von Informationen wie Fotos, Videos und Berichten.<\/p>\n<p>Der Thinkscan Plus S7 ist ideal f\u00fcr die Wartung Ihres Fahrzeugs, da er Ihnen die M\u00f6glichkeit bietet, auf Fehlercodes zu achten und die Systeme ABS, SRS, DPF und SAS zur\u00fcckzusetzen. Er ist eine hervorragende Option f\u00fcr Fachleute in der Automobilindustrie, da er ihnen erm\u00f6glicht, Codes zu \u00fcberpr\u00fcfen, Sensoren zu \u00fcberwachen und Airbags zur\u00fcckzusetzen.<\/p>\n<h2><\/h2>\n<h2>Umfassende OBDII-Diagnosefunktionen mit dem THINKSCAN Plus S7 :<\/h2>\n<ul>\n<li>Schnelles Auslesen von aktuellen, ausstehenden und persistenten OBD-Fehlercodes.<\/li>\n<li>Unfehlbares L\u00f6schen der entdeckten Fehlercodes und Ausschalten des Motorkontrolllichts.<\/li>\n<li>Einfache Analyse durch grafische Darstellung der Fahrzeugcomputerdaten in Echtzeit.<\/li>\n<li>Sofortige Anzeige der Aktivit\u00e4tsparameter des Fahrzeugs bei Erkennung einer DTC.<\/li>\n<li>Lesen des I\/M-Bereitschaftsstatus, um die staatliche Inspektion zur Einhaltung der Emissionsvorschriften zu bestehen.<\/li>\n<li>O2-Sensortest zur \u00dcberpr\u00fcfung der Effizienz des Kraftstoffverbrauchs und der Emissionen des Fahrzeugs.<\/li>\n<li>Ablesen der Ergebnisse der integrierten diagnostischen \u00dcberwachungsuntersuchungen f\u00fcr bestimmte Komponenten\/Systeme.<\/li>\n<li>Vollst\u00e4ndige Wiederherstellung von Fahrzeuginformationen wie VIN, CINs und CVNs.<\/li>\n<li>Komponententests, indem ein Dichtigkeitstest f\u00fcr das EVAP-System des Fahrzeugs gestartet werden kann.<\/li>\n<\/ul>\n<h2><\/h2>\n<h2>7 Diagnose- und Reset-Funktionen lebenslang enthalten :<\/h2>\n<ul>\n<li>\n<h3>Diagnose des Motorsystems<\/h3>\n<ul>\n<li>Unser OBD2-Scanner f\u00fcr Autos kann Fehlercodes des Motorsystems diagnostizieren und l\u00f6schen. Er ist mit allen 10 OBDII-Pr\u00fcfmodi kompatibel, wie z. B. Echtzeitdaten, O2-Sensortest, Komponentenpr\u00fcfung usw. Mit diesem Scanner k\u00f6nnen Sie die Quelle des Problems genau identifizieren und die MIL-Motorfehleranzeige l\u00f6schen.<\/li>\n<\/ul>\n<\/li>\n<li>\n<h3>Diagnose des TCM-Systems<\/h3>\n<ul>\n<li>Nachdem er das Antriebssystem untersucht hat, kann dieser Scanner anhand von Lesecodes Anomalien feststellen und den Gesundheitszustand \u00fcberwachen, indem er Informationen in Echtzeit anzeigt. Er kann auch die Warnleuchte ausschalten, um sicherzustellen, dass die richtige Leistung an die R\u00e4der gesendet wird.<\/li>\n<\/ul>\n<\/li>\n<li>\n<h3>Diagnose des ABS-Systems<\/h3>\n<ul>\n<li>Dieser Scanner kann Fehlfunktionen des ABS-Systems erkennen, indem er Fehlercodes abruft und die Ursache des Problems ermittelt. Er bietet somit eine wertvolle Hilfe bei der Eingrenzung der Ursache einer ABS-Fehlfunktion.<\/li>\n<\/ul>\n<\/li>\n<\/ul>\n<ul>\n<li>\n<h3>Diagnose des SRS-Systems<\/h3>\n<ul>\n<li>Das R\u00fcckhaltesicherheitssystem besteht aus Aufprallsensoren, einem Steuermodul und den Airbags. Dieser Scanner kann die elektronischen Parameter \u00fcberwachen, um den Zustand der einzelnen Komponenten zu beurteilen.<\/li>\n<\/ul>\n<\/li>\n<\/ul>\n<ul>\n<li>\n<h3>Diagnose des BCM-Systems<\/h3>\n<\/li>\n<li style=\"list-style-type: none;\">\n<ul>\n<li>Das Steuermodul des Fahrzeugs \u00fcbernimmt eine entscheidende Rolle, indem es die Steuerung der verschiedenen Funktionen des Fahrzeugs aufrechterh\u00e4lt. Der Scanner kann Anomalien in diesem System erkennen und ihre Quelle identifizieren. Er kann auch die elektrische Ausr\u00fcstung der Karosserie \u00fcberwachen, z. B. Scheinwerfer, Scheibenwischer, T\u00fcrverriegelungen, elektrische Fenster, Schiebed\u00e4cher etc.<\/li>\n<\/ul>\n<\/li>\n<li>\n<h3>Diagnose des CA-Systems<\/h3>\n<ul>\n<li>Die Klimaanlage kann so gesteuert werden, dass sie den Anforderungen des Produktionsprozesses entspricht und die klimatischen Bedingungen im Inneren verbessert. Der Scanner kann Probleme in diesem System diagnostizieren.<\/li>\n<\/ul>\n<\/li>\n<li>\n<h3>Diagnose des IC-Systems<\/h3>\n<ul>\n<li>Das Instrumentensystem kann die Ursache der St\u00f6rung erkennen und die St\u00f6rungsleuchte ausschalten. Der Scanner kann ihn diagnostizieren.<\/li>\n<\/ul>\n<\/li>\n<\/ul>\n<h2><\/h2>\n<h2>Ein Diagnosewerkzeug mit 28 m\u00f6glichen Reset-Diensten :<\/h2>\n<p>THINKSCAN Plus S7 bietet 28 Wartungsdienste f\u00fcr Fahrzeuge an, einschlie\u00dflich der M\u00f6glichkeit, 5 kostenlose lebenslange R\u00fccksetzungen auszuw\u00e4hlen. Zus\u00e4tzliche Dienstleistungen k\u00f6nnen f\u00fcr eine j\u00e4hrliche Geb\u00fchr von 29,95 $ pro Reset erworben werden.<\/p>\n<ul>\n<li>\n<h3>Zur\u00fccksetzen der \u00d6llampe<\/h3>\n<ul>\n<li>Mit dem Service, das \u00d6lschauglas zur\u00fcckzusetzen, k\u00f6nnen Sie feststellen, wie lange das Motor\u00f6lsystem nach einem \u00d6lwechsel noch reicht.<\/li>\n<\/ul>\n<\/li>\n<li>\n<h3>Zur\u00fccksetzen der Feststellbremse EPB<\/h3>\n<ul>\n<li>Der Vorgang des Zur\u00fccksetzens der elektronischen Feststellbremse ist wichtig, um die Sicherheit und Wirksamkeit des Bremssystems zu gew\u00e4hrleisten.<\/li>\n<\/ul>\n<\/li>\n<li>\n<h3>BAT Battery Service<\/h3>\n<ul>\n<li>Mit dem BAT-Dienst k\u00f6nnen Sie die Batterieleistung \u00fcberwachen, Austausche protokollieren und den Standby-Zustand des Fahrzeugs kontrollieren.<\/li>\n<\/ul>\n<\/li>\n<li>\n<h3>Zur\u00fccksetzen des Dieselpartikelfilters DPF<\/h3>\n<ul>\n<li>Der Service zielt auf Dieselpartikelfiltersysteme ab und umfasst die Installation neuer DPF-Komponenten, die Regeneration des DPF und die Anpassung des DPF nach dem Austausch der Motorsteuerung.<\/li>\n<\/ul>\n<\/li>\n<li>\n<h3>Zur\u00fccksetzen des SAS-Lenkwinkelsensors<\/h3>\n<ul>\n<li>Das Zur\u00fccksetzen des SAS (Lenkwinkelsensors) bereinigt die Speicher von ausgefallenen Sensoren und ist entscheidend f\u00fcr die Kalibrierung des Sensors.<\/li>\n<\/ul>\n<\/li>\n<li>\n<h3>Zur\u00fccksetzen des TPMS-Systems<\/h3>\n<ul>\n<li>Beim Zur\u00fccksetzen des Reifendruck\u00fcberwachungssystems (TPMS) werden die Sensor-IDs aus dem Steuerger\u00e4t angezeigt, die IDs der TPMS-Ersatzsensoren eingegeben und die Sensoren \u00fcberpr\u00fcft.<\/li>\n<\/ul>\n<\/li>\n<li>\n<h3>Programmierung der IMMO-Schl\u00fcssel<\/h3>\n<ul>\n<li>Die IMMO-Schl\u00fcsselprogrammierung erm\u00f6glicht es, verlorene Autoschl\u00fcssel zu deaktivieren und einen neuen Ersatzschl\u00fcssel hinzuzuf\u00fcgen, mit einer Funktion zum Lesen von PIN-Codes.<\/li>\n<\/ul>\n<\/li>\n<li>\n<h3>ABS Reset<\/h3>\n<ul>\n<li>Das ABS-Reset der Bremsen bietet einen festen Bremsbelag, nachdem das ABS-Pumpensystem nach einer Reparatur entl\u00fcftet wurde.<\/li>\n<\/ul>\n<\/li>\n<li>\n<h3>Schiebedach zur\u00fccksetzen<\/h3>\n<ul>\n<li>Wenn die Steuerung des Schiebedachs Kommunikationsschwierigkeiten hat oder ausgetauscht wird, ist ein Reset erforderlich, damit das Schiebedach optimal funktioniert.<\/li>\n<\/ul>\n<\/li>\n<li>\n<h3>Zur\u00fccksetzen der Suspendierung<\/h3>\n<ul>\n<li>Wenn die elektronische Luftfederung mit Massagesystem nicht richtig funktioniert, kann ein Reset erforderlich sein. Schlie\u00dfen Sie einfach alle T\u00fcren des Autos, um den Vorgang zu starten.<\/li>\n<\/ul>\n<\/li>\n<li>\n<h3>Zur\u00fccksetzen des Getriebes<\/h3>\n<ul>\n<li>Um die F\u00e4higkeiten des Getriebes zu optimieren, wird empfohlen, die Schritte zum Zur\u00fccksetzen des adaptiven Lernens des Getriebes zu befolgen. Das Fahrzeug muss gestartet und gefahren werden, damit die Motorsteuerung und die Getriebesteuerung koordiniert arbeiten und dabei den Fahrstil \u00fcberwachen.<\/li>\n<\/ul>\n<\/li>\n<li>\n<h3>Zur\u00fccksetzen der AFS-Scheinwerfer<\/h3>\n<ul>\n<li>Das adaptive Frontbeleuchtungssystem (AFS) kann sich je nach Lenkrad drehen. Um die Scheinwerfer in aufrechter Position zu halten, gen\u00fcgt ein Knopfdruck.<\/li>\n<\/ul>\n<\/li>\n<li>\n<h3>Codierung von Injektoren<\/h3>\n<ul>\n<li>Die Einspritzd\u00fcsencodierung kann Probleme mit den Einspritzd\u00fcsen aufdecken. Sie hilft, undichte oder nicht richtig funktionierende Einspritzd\u00fcsen sowie andere Probleme im Zusammenhang mit dem Z\u00fcndsystem und den mechanischen Elementen zu erkennen.<\/li>\n<\/ul>\n<\/li>\n<li>\n<h3>Anpassung des Schmetterlingsk\u00f6rpers<\/h3>\n<ul>\n<li>Das Drosselklappengeh\u00e4use ist entscheidend f\u00fcr die Steuerung der Luftmenge, die in den Motor str\u00f6mt. Wenn dieses Bauteil gereinigt oder repariert wird, ist es f\u00fcr eine optimale Leistung unerl\u00e4sslich, die Position des Beschleunigungssensors zur\u00fcckzusetzen.<\/li>\n<\/ul>\n<\/li>\n<li>\n<h3>Lerngeschwindigkeit<\/h3>\n<ul>\n<li>Das Scan-Tool wird verwendet, um die Signale der Nockenwellenpositionssensoren zu \u00fcberpr\u00fcfen, um festzustellen, ob die Bedingungen f\u00fcr den weiteren Betrieb des Motors g\u00fcnstig sind.<\/li>\n<\/ul>\n<\/li>\n<li>\n<h3>EGR-R\u00fcckstellung<\/h3>\n<ul>\n<li>Die AGR-R\u00fcckstellung soll die Stickoxide (NOx) in den Abgasen reduzieren und gleichzeitig die Kraftstoffeinsparung im Teillastbereich verbessern.<\/li>\n<\/ul>\n<\/li>\n<li>\n<h3>Zur\u00fccksetzen des Luft\/Kraftstoff-Verh\u00e4ltnisses<\/h3>\n<ul>\n<li>Der A\/F-Reset wird verwendet, um die Einstellungen f\u00fcr das Luft\/Kraftstoff-Verh\u00e4ltnis festzulegen oder zu lernen.<\/li>\n<\/ul>\n<\/li>\n<li>\n<h3>Zur\u00fccksetzen des Adblue-Filters<\/h3>\n<ul>\n<li>Nachdem die Fl\u00fcssigkeit zur Behandlung von Dieselabgasen (Autoharnstoff) ausgetauscht oder nachgef\u00fcllt wurde, muss ein Harnstoff-Reset durchgef\u00fchrt werden.<\/li>\n<\/ul>\n<\/li>\n<li>\n<h3>Zur\u00fccksetzen des Airbags<\/h3>\n<ul>\n<li>Das Zur\u00fccksetzen des Airbags l\u00f6scht die Airbag-Kollisionsfehleranzeige, indem die entsprechenden Daten zur\u00fcckgesetzt werden.<\/li>\n<\/ul>\n<\/li>\n<li>\n<h3>Entl\u00fcftung der K\u00fchlfl\u00fcssigkeit<\/h3>\n<ul>\n<li>Diese Funktion aktiviert die elektronische Wasserpumpe, bevor die Luft im K\u00fchlsystem zirkuliert, um Probleme zu vermeiden.<\/li>\n<\/ul>\n<\/li>\n<li>\n<h3>Lernen des Systems<\/h3>\n<ul>\n<li>Der Selbstlernprozess des Getriebes kann seine Leistung verbessern. Wenn das Getriebe ausgebaut oder repariert wird, was zu Schaltproblemen f\u00fchrt, ist diese Funktion erforderlich, um das Getriebe an die Fahrbedingungen anzupassen und so einen besseren Komfort und eine optimale Schaltleistung zu erzielen.<\/li>\n<\/ul>\n<\/li>\n<li>\n<h3>Sprache wechseln<\/h3>\n<ul>\n<li>Diese Funktion wird verwendet, um die Sprache zu \u00e4ndern, die auf dem zentralen Steuerungssystem des Fahrzeugs verwendet wird.<\/li>\n<\/ul>\n<\/li>\n<li>\n<h3>Zur\u00fccksetzen des Nox-Sensors<\/h3>\n<ul>\n<li>Der Nox-Sensor wird verwendet, um den Gehalt an Stickoxiden (Nox) in den Abgasen zu ermitteln. Nachdem der Nox-Fehler zur\u00fcckgesetzt und der Nox-Katalysator ausgetauscht wurde, m\u00fcssen die im Motorsteuerger\u00e4t gespeicherten Werte zur\u00fcckgesetzt werden.<\/li>\n<\/ul>\n<\/li>\n<li>\n<h3>ODO zur\u00fccksetzen<\/h3>\n<ul>\n<li>Beim Zur\u00fccksetzen des Kilometerz\u00e4hlers wird der auf dem Chip des Kilometerz\u00e4hlers gespeicherte Kilometerstand mithilfe eines Diagnosecomputers und eines Datenkabels aktualisiert. Dadurch wird sichergestellt, dass der Kilometerz\u00e4hler immer den tats\u00e4chlichen Kilometerstand widerspiegelt. Bei einem Ausfall des Geschwindigkeitssensors oder einem Defekt des Kilometerz\u00e4hlers ist h\u00e4ufig ein ODO-Reset erforderlich, um den Kilometerstand nach einer Wartung wieder auf den neuesten Stand zu bringen.<\/li>\n<\/ul>\n<\/li>\n<li>\n<h3>Zur\u00fccksetzen der STOP\/START-Funktion<\/h3>\n<ul>\n<li>Die automatische Ein-\/Ausschaltfunktion kann \u00fcber die versteckten Einstellungen des Steuerger\u00e4ts aktiviert oder deaktiviert werden, wenn das Fahrzeug \u00fcber diese F\u00e4higkeit verf\u00fcgt und mit der Hardware kompatibel ist.<\/li>\n<\/ul>\n<\/li>\n<li>\n<h3>Kalibrierung der Sitze<\/h3>\n<ul>\n<li>Diese Funktion wird verwendet, um bei einem Austausch oder einer Reparatur die Sitze mit den gespeicherten Funktionen abzugleichen.<\/li>\n<\/ul>\n<\/li>\n<li>\n<h3>Art des Transports<\/h3>\n<ul>\n<li>Um den Energieverbrauch zu optimieren, k\u00f6nnen einige Funktionen deaktiviert werden, z. B. die Geschwindigkeitsbegrenzung des Fahrzeugs, die Deaktivierung der T\u00fcr\u00f6ffnung und der Fernbedienungsschl\u00fcssel. Um diese Einstellungen aufzuheben, muss der Transportmodus deaktiviert werden, um das Fahrzeug in seinen Normalzustand zur\u00fcckzusetzen.<\/li>\n<\/ul>\n<\/li>\n<li>\n<h3>Fenster kalibrieren<\/h3>\n<ul>\n<li>Diese Funktionalit\u00e4t zielt darauf ab, die T\u00fcrfenster abzugleichen, indem der urspr\u00fcngliche Speicher der ECU abgerufen und die automatische Auf- und Abw\u00e4rtsfunktion des elektrischen Fensters wiederhergestellt wird.<\/li>\n<\/ul>\n<\/li>\n<\/ul>\n<h2><\/h2>\n<h2>Kompatibel mit fast allen Fahrzeugen auf dem Markt<\/h2>\n<p>THINKCAR bietet eine weltweite Abdeckung, um die Kompatibilit\u00e4t Ihrer Fahrzeugflotte mit den zuverl\u00e4ssigsten und beliebtesten Marken wie Audi, Benz, BMW, Chrysler, Citroen, Dacia, Daewoo, Fiat, GM, Holden zu gew\u00e4hrleisten, Honda, Hyundai, Jaguar, Jpisuzu, Kia, Land Rover, Mahindra, Maruti, Mazda, Mini, Mitsubishi, Nissan, Opel, Peugeot, Porsche, Renault, Saab, Seat, Skoda, Smart, Sprinter, Subaru, Suzuki, Tata, Toyota, USAFord, Volvo und Volkswagen. Wenden Sie sich an unseren Kundenservice, um Informationen \u00fcber die verf\u00fcgbaren Deckungsoptionen zu erhalten.<\/p>\n<h2><\/h2>\n<h2>Inhalt des Pakets :<\/h2>\n<ul>\n<li>1 Thinkscan Plus S7 Diagnosekoffer<\/li>\n<li>1 Diagnose-Dongle<\/li>\n<li>1 Ladekabel<\/li>\n<li>1 Netzadapter<\/li>\n<\/ul>\n<p>Beachten Sie, dass alle Elemente in dieser Liste von Ger\u00e4ten zur Fahrzeugdiagnose f\u00fcr eine praktische und effiziente Nutzung konzipiert sind. Mit dem Thinkscan Plus S7-Host erhalten Sie ein zuverl\u00e4ssiges Werkzeug zur Diagnose von Problemen in Ihrem Fahrzeug. Mit dem mitgelieferten Diagnose-Dongle k\u00f6nnen Sie den Host an Ihr Auto anschlie\u00dfen, w\u00e4hrend das Ladekabel und der Netzadapter eine konstante Stromversorgung f\u00fcr einen ununterbrochenen Betrieb gew\u00e4hrleisten.<\/p>","protected":false},"excerpt":{"rendered":"<p>Das ThinkScan Plus S7 ist ein hochmodernes Diagnoseger\u00e4t f\u00fcr Fahrzeugsysteme, einschlie\u00dflich ABS, AC, BCM, ECM, IC, SRS und TCM. Er bietet f\u00fcnf lebenslange R\u00fcckstellungen f\u00fcr 28 verschiedene Dienste. Der Scanner ist mehrsprachig, unterst\u00fctzt Englisch, Franz\u00f6sisch, Deutsch, Italienisch, Japanisch, Portugiesisch, Russisch und Spanisch und ist mit \u00fcber 120 Automarken kompatibel.<\/p>\n<p>Er kann umfassende Identifizierungen durchf\u00fchren, wie z. B. das Lesen und L\u00f6schen von Codes, Daten\u00fcberwachung, O2- und I\/M-Tests und vieles mehr. Der ThinkScan Plus S7 verf\u00fcgt \u00fcber einen 5-Zoll-Touchmonitor, einen Bildschirmrekorder, eine Funktion zum Teilen und Drucken von Berichten sowie ein Typ-C-Datenkabel. Au\u00dferdem ist er mit einer Hot-Key-Batterie\u00fcberwachung ausgestattet.<\/p>\n<p>Der ThinkScan Plus S7 ist einfach zu bedienen und zu transportieren und stellt eine ideale L\u00f6sung f\u00fcr Profis in der Automobilindustrie dar. Er wurde entwickelt, um h\u00f6chste Genauigkeit, Bequemlichkeit und Zuverl\u00e4ssigkeit bei der Fahrzeugdiagnose zu bieten.<\/p>","protected":false},"featured_media":805,"comment_status":"open","ping_status":"closed","template":"","meta":{"_seopress_robots_primary_cat":"none","_seopress_titles_title":"Valise de diagnostic automobile Thinkscan Plus S7 OBD2 [Scanner]","_seopress_titles_desc":"Le scanner THINKCAR THINKSCAN Plus S7 OBD2 diagnostique et r\u00e9initialise plusieurs syst\u00e8mes, tels que l\u2019ABS, SRS, DPF, BCM, Airbag, SAS, etc.","_seopress_robots_index":""},"product_brand":[],"product_cat":[30],"product_tag":[],"class_list":{"0":"post-546","1":"product","2":"type-product","3":"status-publish","4":"has-post-thumbnail","6":"product_cat-valise-de-diagnostic-obd","8":"first","9":"instock","10":"featured","11":"shipping-taxable","12":"purchasable","13":"product-type-simple"},"_links":{"self":[{"href":"https:\/\/auto-diagnostic-obd.com\/de\/wp-json\/wp\/v2\/product\/546","targetHints":{"allow":["GET"]}}],"collection":[{"href":"https:\/\/auto-diagnostic-obd.com\/de\/wp-json\/wp\/v2\/product"}],"about":[{"href":"https:\/\/auto-diagnostic-obd.com\/de\/wp-json\/wp\/v2\/types\/product"}],"replies":[{"embeddable":true,"href":"https:\/\/auto-diagnostic-obd.com\/de\/wp-json\/wp\/v2\/comments?post=546"}],"wp:featuredmedia":[{"embeddable":true,"href":"https:\/\/auto-diagnostic-obd.com\/de\/wp-json\/wp\/v2\/media\/805"}],"wp:attachment":[{"href":"https:\/\/auto-diagnostic-obd.com\/de\/wp-json\/wp\/v2\/media?parent=546"}],"wp:term":[{"taxonomy":"product_brand","embeddable":true,"href":"https:\/\/auto-diagnostic-obd.com\/de\/wp-json\/wp\/v2\/product_brand?post=546"},{"taxonomy":"product_cat","embeddable":true,"href":"https:\/\/auto-diagnostic-obd.com\/de\/wp-json\/wp\/v2\/product_cat?post=546"},{"taxonomy":"product_tag","embeddable":true,"href":"https:\/\/auto-diagnostic-obd.com\/de\/wp-json\/wp\/v2\/product_tag?post=546"}],"curies":[{"name":"wp","href":"https:\/\/api.w.org\/{rel}","templated":true}]}}