{"id":549,"date":"2023-05-11T18:00:03","date_gmt":"2023-05-11T16:00:03","guid":{"rendered":"https:\/\/auto-diagnostic-obd.com\/?post_type=product&#038;p=549"},"modified":"2025-08-03T14:36:11","modified_gmt":"2025-08-03T12:36:11","slug":"auto-diagnosekoffer-obd-mucar-cde900","status":"publish","type":"product","link":"https:\/\/auto-diagnostic-obd.com\/de\/produkt\/auto-diagnosekoffer-obd-mucar-cde900\/","title":{"rendered":"Valise de diagnostic automobile OBD MUCAR\u00a0CDE900 [Lire et effacer les codes, v\u00e9rification moteur, OBD2 Scanner, Un outil de diagnostic automobile ultime\u2009!]"},"content":{"rendered":"<p>Das von AUTO-DIAGNOSTIC-OBD angebotene Tool ist ideal f\u00fcr Kfz-Techniker und -Handwerker. Es bietet eine au\u00dfergew\u00f6hnliche Erfahrung und eine maximierte Leistung bei der Fahrzeugdiagnose. Das Design dieses Produkts entspricht den Bed\u00fcrfnissen der Nutzer. Es verf\u00fcgt \u00fcber einen kapazitiven 4-Zoll-Touchscreen und physische Tasten f\u00fcr eine stabile Bedienung. Die intuitive Benutzeroberfl\u00e4che mit Symbolen erm\u00f6glicht einen einfachen Zugriff auf die Funktionen.<\/p>\n<p>Der CDE900 OBD2-Scanner kann bis zu 120 Datenstr\u00f6me gleichzeitig lesen und unterst\u00fctzt 16 Sprachen, um Autos ab 1996 effektiv zu erfassen. Zus\u00e4tzliche Funktionen wie ECM+SRS+TCM+ABS sind jederzeit verf\u00fcgbar. Ein kostenloses OTA-Update \u00fcber Wi-Fi garantiert seine Leistungsf\u00e4higkeit.<\/p>\n<p>Dieses Produkt verf\u00fcgt \u00fcber das Betriebssystem Android 6.0, 2 GB RAM f\u00fcr eine h\u00f6here Geschwindigkeit und 16 GB Speicherplatz, der auf bis zu 256 GB erweitert werden kann. Dank des Akkus ohne direkte Stromversorgung mit 1500 mA k\u00f6nnen Sie das Ger\u00e4t jederzeit einschalten, um Diagnosedaten abzurufen.<\/p>\n<p>Alles in allem ist dieses Modell f\u00fcr Kfz-Techniker und -Bastler unverzichtbar. Es bietet optimale Leistung und ein au\u00dfergew\u00f6hnliches Erlebnis bei der Identifizierung von DTCs und verf\u00fcgt \u00fcber erweiterte Funktionen f\u00fcr eine effiziente und reibungslose Nutzung. Warten Sie nicht l\u00e4nger, sondern kaufen Sie den CDE900 jetzt!<\/p>\n<h2><\/h2>\n<h2>Detaillierte Funktionen des MUCAR CDE900 OBD-Scanners :<\/h2>\n<h3>I\/M-Datenstrom lesen<\/h3>\n<p>Mit dem SMOG k\u00f6nnen Sie nach dem Einschalten den I\/M-Datenstrom lesen. Die Farben des SMOG werden verwendet, um Sie \u00fcber den Status des Systems zu informieren :<\/p>\n<ul>\n<li>Rot: Fehler erkannt<\/li>\n<li>Grau: Protokoll nicht unterst\u00fctzt<\/li>\n<li>Gr\u00fcn: kein Fehler<\/li>\n<\/ul>\n<p>Wenn das Protokoll nicht unterst\u00fctzt wird, werden Sie in einem Popup-Fenster zur Best\u00e4tigung aufgefordert.<\/p>\n<h3>Code\/Freeze Frame<\/h3>\n<p>Sie k\u00f6nnen die sekund\u00e4re Schnittstelle \"Code\/Freeze Frame\" ausw\u00e4hlen, um Fehlercodes anzuzeigen und Daten einzufrieren.<\/p>\n<h3>L\u00f6schen<\/h3>\n<p>Sie k\u00f6nnen auch \"L\u00f6schen\" ausw\u00e4hlen, um die Fehler-DTCs verschwinden zu lassen, nachdem Ihr Automobil repariert wurde.<\/p>\n<h3>Live Data Stream<\/h3>\n<p>Wenn Sie \"Live Data Stream\" ausw\u00e4hlen, k\u00f6nnen Sie sich alle Live-Datenstr\u00f6me anzeigen lassen.<\/p>\n<h3>Test des O2-Sensors<\/h3>\n<p>Das SMOG erm\u00f6glicht es Ihnen auch, den Sauerstoffsensor zu testen, indem Sie \"O2\u2033-SENSOR TESTEN ausw\u00e4hlen. Beachten Sie, dass diese Funktion nur bei bestimmten Autos verf\u00fcgbar ist. Es ist ratsam, vor dem Kauf des Produkts Fragen zu stellen.<\/p>\n<h3>On-Board-\u00dcberwachung<\/h3>\n<p>Sie k\u00f6nnen \"BORD\u00dcBERWACHUNG\" ausw\u00e4hlen, um den Stream des bordeigenen Monitors anzuzeigen.<\/p>\n<h3>Weitere Diagnosefunktionen<\/h3>\n<p>Wenn Sie \"Andere Diagnose\" ausw\u00e4hlen, haben Sie Zugriff auf mehr OBDII-Funktionen, z. B. :<\/p>\n<ul>\n<li>EVAP SYSTEM<\/li>\n<li>DTC LOOKUP<\/li>\n<li>Version Information<\/li>\n<\/ul>\n<p>Sie k\u00f6nnen \"EVAP SYSTEM\" ausw\u00e4hlen und auf \"OK\" klicken, um den EVAP-Datenstrom anzuzeigen, \"DTC LOOKUP\" ausw\u00e4hlen, um die DTC-Analyse anzuzeigen, und \"Version Information\" ausw\u00e4hlen, um die OBDII-Versionsinformationen anzuzeigen.<\/p>\n<h3>Bericht<\/h3>\n<p>Sie k\u00f6nnen auch \"Bericht\" ausw\u00e4hlen, um das Diagnoseprotokoll anzuzeigen.<\/p>\n<h3>Einstellungen<\/h3>\n<p>Schlie\u00dflich k\u00f6nnen Sie \"Einstellungen\" w\u00e4hlen, um lokale Daten wie Kommentare, Wartungsinformationen usw. festzulegen.<\/p>\n<h2><\/h2>\n<h2>Die 10 vollst\u00e4ndigen Modi der OBD-II-Funktionen<\/h2>\n<h3>MUCAR CDE900 OBDII f\u00fcr die Diagnose von Motorsystemen<\/h3>\n<h3>Modus 1: Codes lesen<\/h3>\n<p>Er erm\u00f6glicht es Ihnen, die vorhandenen Fehlercodes in der aktuellen ECU (elektronische Steuereinheit) Ihres Fahrzeugs zu lesen. Wenn die Fehlerleuchte Ihres Fahrzeugs leuchtet, hilft Ihnen dieser Modus, den entsprechenden Fehlercode zu finden.<\/p>\n<h3>Modus 2: Codes l\u00f6schen<\/h3>\n<p>Sie k\u00f6nnen diesen Modus verwenden, um die Fehler-DTCs im aktuellen Steuerger\u00e4t zu l\u00f6schen. Sobald das Problem in Ihrem Auto behoben ist, k\u00f6nnen Sie mit diesem Modus die Fehleranzeige l\u00f6schen. Wenn das Problem weiterhin besteht, f\u00fchren Sie diesen Modus aus, nachdem Sie die notwendige Wartung durchgef\u00fchrt haben.<\/p>\n<h3>Modus 3: Live-Daten<\/h3>\n<p>Er erm\u00f6glicht Ihnen das Lesen und Anzeigen von Echtzeitinformationen aus dem Steuerger\u00e4t Ihres Fahrzeugs, einschlie\u00dflich der Betriebsparameter. Servicetechniker k\u00f6nnen diesen Modus verwenden, um die allgemeine Leistung Ihres Fahrzeugs zu \u00fcberwachen und Ihnen Tipps f\u00fcr die Wartung zu geben.<\/p>\n<h3>Modus 4: Standbild<\/h3>\n<p>Wenn Ihr Fahrzeug einen Fehler hat, k\u00f6nnen Sie in diesem Modus die Daten des Zeitpunkts anzeigen, an dem die Fehler-DTC erzeugt wurde. Wartungstechniker k\u00f6nnen diese Daten dann verwenden, um den Ort des Fehlers zu bestimmen.<\/p>\n<h3>Modus 5: I\/M-Vorbereitung<\/h3>\n<p>Dieser Modus zeigt an, ob die verschiedenen emissionsrelevanten Systeme Ihres Fahrzeugs ordnungsgem\u00e4\u00df funktionieren und f\u00fcr Inspektions- und Wartungstests bereit sind.<\/p>\n<h3>Modus 6: Test des O2-Sensors<\/h3>\n<p>Damit k\u00f6nnen Sie die Ergebnisse des O2-Sensor-Monitoring-Tests vom Bordcomputer Ihres Fahrzeugs abrufen und anzeigen lassen.<\/p>\n<h3>Modus 7: Test des Onboard-Monitors<\/h3>\n<p>Sie k\u00f6nnen diesen Modus verwenden, um die Ergebnisse des Onboard-Diagnose\u00fcberwachungstests f\u00fcr eine bestimmte Komponente oder ein bestimmtes System abzulesen.<\/p>\n<h3>Modus 8: EVAP-Test<\/h3>\n<p>In diesem Modus wird eine Leckpr\u00fcfung des EVAP-Systems Ihres Fahrzeugs durchgef\u00fchrt. Durch das Senden eines Signals an den Bordcomputer wird der Test ausgel\u00f6st. Es ist \u00e4u\u00dferst wichtig, dass Sie im Wartungshandbuch nachlesen, welche Verfahren und Methoden erforderlich sind, um den Test zu stoppen. Dieses kann dabei helfen, festzustellen, ob das EVAP-Ger\u00e4t angemessen funktioniert und ob es f\u00fcr abgasbezogene Inspektionen und Wartungen bereit ist.<\/p>\n<h3>Modus 9: Informationen \u00fcber das Fahrzeug<\/h3>\n<p>In diesem Modus k\u00f6nnen Sie die Versionsinformationen der ECU (Elektronische Steuereinheit) Ihres Fahrzeugs auslesen. Dies kann Details wie die Seriennummer, die Softwareversion usw. umfassen.<\/p>\n<h3>Modus 10: DTC-Suche<\/h3>\n<p>Dieser Modus bietet Ihnen die M\u00f6glichkeit, DTC-Fehler (Diagnostic Trouble Code) detailliert zu erforschen. Sie haben die M\u00f6glichkeit, einen f\u00fcnfstelligen DTC-Code einzugeben, um seine vollst\u00e4ndige Beschreibung, Tipps und Screening-L\u00f6sungen f\u00fcr die aktuellen Fehlercodes anzuzeigen. Dies kann hilfreich sein, um die Probleme Ihres Fahrzeugs besser zu verstehen und effizientere Wege zu ihrer Behebung zu finden.<\/p>\n<h2><\/h2>\n<h2>Diagnosen von Schl\u00fcsselsystemen mithilfe des CDE900-Codelesers<\/h2>\n<h3>Ein Diagnosekoffer f\u00fcr Ihr Auto: Der MUCAR CDE900<\/h3>\n<p>M\u00f6chten Sie Ihr Fahrzeug gut pflegen und \u00c4rger vermeiden? Dieser Koffer ist die L\u00f6sung! Er erm\u00f6glicht Ihnen eine einfache und effiziente Erkennung von Problemen, die Ihr Auto haben k\u00f6nnte. Sie k\u00f6nnen sogar ein Upgrade w\u00e4hlen, um auf zus\u00e4tzliche Diagnosen f\u00fcr vier Schl\u00fcsselsysteme zuzugreifen - f\u00fcr nur 40 $ und ohne Jahresgeb\u00fchr. Dar\u00fcber hinaus erhalten Sie erstklassigen technischen Support und pers\u00f6nlichen Kundenservice.<\/p>\n<h3>ECM-Diagnose (Check Engine)*<\/h3>\n<p>Sie m\u00f6chten mehr dar\u00fcber erfahren, was mit Ihrem Motor nicht stimmt und das \"Check Engine\"-Licht ausschalten? Dann ist die ECM-Diagnose genau das Richtige f\u00fcr Sie! Sie sammelt die aktuellen, permanenten und ausstehenden Codes Ihres Motorsystems und liefert Ihnen wichtige Informationen wie z. B. den Kraftstoffverbrauch und die Emissionen in Echtzeit. So k\u00f6nnen Sie sicher sein, dass Ihr Motor korrekt, sicher und mit optimaler Effizienz arbeitet.<\/p>\n<h3>ABS-Diagnose (Antiblockierbremsen)*<\/h3>\n<p>W\u00fcnschen Sie sich ein fl\u00fcssiges und sicheres Fahren? Mit der ABS-Diagnose k\u00f6nnen Sie die Fehlercodes des Antiblockiersystems lesen und l\u00f6schen sowie die Daten in Echtzeit \u00fcberwachen, um sicherzustellen, dass die Reparaturen vollst\u00e4ndig und effizient sind. Mit diesem Tool k\u00f6nnen Sie Ihr Auto in einem guten Zustand halten und Probleme vermeiden, bevor sie \u00fcberhaupt auftreten.<\/p>\n<h3>SRS-Diagnose (Airbag)*<\/h3>\n<p>\u00dcberpr\u00fcfen Sie den Gesundheitszustand Ihres Sicherheitsr\u00fcckhaltesystems mit der SRS-Diagnose. Sie ist so konzipiert, dass sie alle elektronischen Parameter analysiert, einschlie\u00dflich der Aufprallsensoren, des Steuermoduls und der Airbags selbst. Das Verfahren ist einfach und dauert nur wenige Minuten, um ein vollst\u00e4ndiges Screening zu liefern. So k\u00f6nnen Sie sicher sein, dass Ihr System ordnungsgem\u00e4\u00df und sicher funktioniert.<\/p>\n<h3>TCM-Diagnose (Automatikgetriebe)*<\/h3>\n<p>M\u00f6chten Sie \u00fcberpr\u00fcfen, ob Ihr Automatikgetriebe angemessen funktioniert? Die TCM-Diagnose ist ein praktisches Hilfsmittel, um elektronische Probleme in Ihrem Getriebe zu erkennen, wie z. B. defekte Teile und Unregelm\u00e4\u00dfigkeiten im Computersystem. Sie erm\u00f6glicht es Ihnen, den Fehlercode schnell zu lesen und sicherzustellen, dass die Reparatur korrekt durchgef\u00fchrt wird, damit Sie das Getriebelicht in wenigen Minuten ausschalten k\u00f6nnen.<\/p>\n<h2><\/h2>\n<h2>Unser Produkt, das mit allen Fahrzeugen kompatibel ist<\/h2>\n<h3>Unterst\u00fctzte Protokolle<\/h3>\n<p>Unser Produkt ist so konzipiert, dass es mit einer Vielzahl von Protokollen funktioniert, darunter ISO9141, KWP2000 (ISO 14230), J1850PWM, J1850VPM und CAN OBD-II. Er ist mit den meisten Autos kompatibel, die nach 1996 hergestellt wurden.<\/p>\n<h3>Kompatibilit\u00e4t vor dem Kauf pr\u00fcfen<\/h3>\n<p>Vor dem Kauf sollten Sie pr\u00fcfen, ob unser Artikel mit Ihrem Fahrzeug kompatibel ist. Wir stehen Ihnen gerne zur Verf\u00fcgung, um alle Ihre Fragen zu beantworten und Sie zu unterst\u00fctzen. St\u00f6bern Sie in unserem Katalog, um alle M\u00f6glichkeiten zu entdecken, die unsere Produkte bieten.<\/p>\n<h3>Umfangreiche Abdeckung und st\u00e4ndige Aktualisierungen<\/h3>\n<p>Unser Produkt kann an \u00fcber 100.000 verschiedene Fahrzeugmodelle angepasst werden und wird in 13 verschiedenen Sprachen angeboten. Wir bem\u00fchen uns, regelm\u00e4\u00dfig Updates anzubieten, um Fehler zu beheben, zus\u00e4tzliche Fahrzeugmodelle hinzuzuf\u00fcgen und die Funktionalit\u00e4t zu verbessern.<\/p>\n<h3>Kompatibel mit verschiedenen Regionen<\/h3>\n<h4>Amerika<\/h4>\n<p>Unser Produkt ist mit den beliebtesten Marken in Amerika kompatibel, wie z. B. Ford (Australien), Lincoln, Buick, Chrysler, GM, Cadillac, Chevrolet, Dodge, Fiat (Brasilien), GM (Brasilien), Jeep und SGM.<\/p>\n<h4>Europa<\/h4>\n<p>In Europa ist unser Produkt mit den folgenden Marken vereinbar: Aston Martin, Benz, Sprinter, BMW, Ferrari, Fiat, Land Rover, Maserati, Opel, Peugeot, Porsche, Lancia, LT3, Maybach, Mini, Seat, Skoda, Vauxhall, Volkswagen CV, Renault, Saab, Smart, Volvo und Volkswagen. Au\u00dferdem werden Abarth, Alfa Romeo, Audi, Bentley, Bugatti, Citro\u00ebn und Dacia betreut. Jaguar, Lamborghini und ALFA ROMEO (sowie BENTLEY und BUGATTI) sind ebenfalls kompatibel. DR DACIA EURO FORD GAZ IVECO IZH MERCEDES MAYBACH OPEL (S\u00dcDAFRIKA) PAZ RENAULT ROVER ROLLS-ROYCE SPRINTER UAZ VAZ VAUXHALL und ZAZ werden ebenfalls unterst\u00fctzt.<\/p>\n<h4>Asien<\/h4>\n<p>In Asien kann unser Produkt mit den folgenden Marken verwendet werden: Acura, Daewoo, Daihatsu, Honda, Hyundai, Infiniti, Isuzu, Kia, Lexus, Maruti Suzuki, Mazda, Mitsubishi, Nissan, SsangYong, Subaru, Suzuki, Toyota, GTR, Scion, IKCO, LUXGEN, MAHINDRA (INDIEN), MARUTI (INDIEN), MAHINDRA (INDIEN),<\/p>\n<p>* Optional vom Hersteller erh\u00e4ltlich<\/p>\n<h2>Inhalt des Pakets :<\/h2>\n<p>1 x Diagnosekoffer<br \/>\n1 X USB-Kabel<br \/>\n1 X Handbuch<\/p>","protected":false},"excerpt":{"rendered":"<p>Der CDE900 OBD-Scanner ist ein unverzichtbares Werkzeug f\u00fcr Profis und Autoenthusiasten. Mit seinem kapazitiven 4-Zoll-Touchscreen und den physischen Tasten bietet er eine intuitive und leicht zu bedienende Benutzeroberfl\u00e4che. Es kann bis zu 120 Informationsstr\u00f6me gleichzeitig lesen und unterst\u00fctzt 16 Sprachen. Mit dem Betriebssystem Android 6.0, 2 GB RAM und 16 GB Speicherplatz, der auf bis zu 256 GB erweitert werden kann, ist der CDE900 auf optimales Fahrzeugscreening und ein au\u00dfergew\u00f6hnliches Nutzererlebnis ausgelegt. Der kabellose 1500-mA-Akku erm\u00f6glicht einen kontinuierlichen Zugriff auf Diagnosedaten, w\u00e4hrend lebenslange kostenlose Updates \u00fcber Wi-Fi verf\u00fcgbar sind. Investieren Sie in den CDE900-Scanner und profitieren Sie von einer optimalen Leistung und einer unvergesslichen Benutzererfahrung.<\/p>","protected":false},"featured_media":774,"comment_status":"open","ping_status":"closed","template":"","meta":{"_seopress_robots_primary_cat":"none","_seopress_titles_title":"Valise de diagnostic automobile MUCAR CDE900 OBD2","_seopress_titles_desc":"Scanner MUCAR\u00a0CDE900: diagnostic automobile rapide & pr\u00e9cis. Utilise cet outil\u00a0OBD2 pour trouver les codes DTC de votre voiture en un temps record.","_seopress_robots_index":""},"product_brand":[],"product_cat":[30],"product_tag":[],"class_list":{"0":"post-549","1":"product","2":"type-product","3":"status-publish","4":"has-post-thumbnail","6":"product_cat-valise-de-diagnostic-obd","8":"first","9":"instock","10":"featured","11":"shipping-taxable","12":"purchasable","13":"product-type-simple"},"_links":{"self":[{"href":"https:\/\/auto-diagnostic-obd.com\/de\/wp-json\/wp\/v2\/product\/549","targetHints":{"allow":["GET"]}}],"collection":[{"href":"https:\/\/auto-diagnostic-obd.com\/de\/wp-json\/wp\/v2\/product"}],"about":[{"href":"https:\/\/auto-diagnostic-obd.com\/de\/wp-json\/wp\/v2\/types\/product"}],"replies":[{"embeddable":true,"href":"https:\/\/auto-diagnostic-obd.com\/de\/wp-json\/wp\/v2\/comments?post=549"}],"wp:featuredmedia":[{"embeddable":true,"href":"https:\/\/auto-diagnostic-obd.com\/de\/wp-json\/wp\/v2\/media\/774"}],"wp:attachment":[{"href":"https:\/\/auto-diagnostic-obd.com\/de\/wp-json\/wp\/v2\/media?parent=549"}],"wp:term":[{"taxonomy":"product_brand","embeddable":true,"href":"https:\/\/auto-diagnostic-obd.com\/de\/wp-json\/wp\/v2\/product_brand?post=549"},{"taxonomy":"product_cat","embeddable":true,"href":"https:\/\/auto-diagnostic-obd.com\/de\/wp-json\/wp\/v2\/product_cat?post=549"},{"taxonomy":"product_tag","embeddable":true,"href":"https:\/\/auto-diagnostic-obd.com\/de\/wp-json\/wp\/v2\/product_tag?post=549"}],"curies":[{"name":"wp","href":"https:\/\/api.w.org\/{rel}","templated":true}]}}