{"id":555,"date":"2023-05-11T18:02:54","date_gmt":"2023-05-11T16:02:54","guid":{"rendered":"https:\/\/auto-diagnostic-obd.com\/?post_type=product&#038;p=555"},"modified":"2025-12-20T06:33:29","modified_gmt":"2025-12-20T05:33:29","slug":"auto-diagnosekoffer-obd2-launch-cr529-creader","status":"publish","type":"product","link":"https:\/\/auto-diagnostic-obd.com\/de\/produkt\/auto-diagnosekoffer-obd2-launch-cr529-creader\/","title":{"rendered":"OBD2 Launch CR529 Creader Koffer f\u00fcr Fahrzeugdiagnose"},"content":{"rendered":"<h2>Entdecken Sie die unverzichtbaren Funktionen des Launch CR529 OBD2<\/h2>\n<p>Der Launch CR529 ist die neueste Erg\u00e4nzung des Sortiments an Kfz-Diagnosescannern der Marke Launch. Er ist so konzipiert, dass er mit einer Vielzahl von Fahrzeugen kompatibel ist, indem er OBD2-Protokolle wie KWP2000, ISO9141, J1850 VPW, J1850 PWM und CAN unterst\u00fctzt. Mit seinen Optionen f\u00fcr mehrere Sprachen wie Englisch, Franz\u00f6sisch, Spanisch, Deutsch, Portugiesisch, Russisch und Japanisch ist dieser Scanner f\u00fcr jedermann zug\u00e4nglich.<\/p>\n<p>Mit nur einem Klick k\u00f6nnen Sie den Zustand Ihres Fahrzeugs f\u00fcr den Smog-Emissionstest \u00fcberpr\u00fcfen. Die Daten werden f\u00fcr eine einfache Pr\u00fcfung grafisch dargestellt, und die rot-gelb-gr\u00fcnen Kontrolllampen zeigen den Zustand des Fahrzeugs visuell an, so dass \u00fcberfl\u00fcssige Schritt-f\u00fcr-Schritt-Vorg\u00e4nge vermieden werden.<\/p>\n<p>Der Launch Creader CR529 ist ein Diagnosewerkzeug, das auch die Motorkontrollleuchte (Check Engine Light) auf Ihrem Armaturenbrett ausschalten kann. Er kann Fehlercodes in Sekundenschnelle l\u00f6schen, wodurch Sie sich unn\u00f6tige Reparaturkosten sparen und geeignete Heimwerkerreparaturen durchf\u00fchren k\u00f6nnen, ohne zu raten.<\/p>\n<p>Der CR529 OBD2-Scanner ist eine Bereicherung f\u00fcr Ihren Werkzeugkasten. Er verf\u00fcgt \u00fcber eine robuste Konstruktion, um den t\u00e4glichen Ersch\u00fctterungen standzuhalten. Er ist mit einem HELP-Tastenk\u00fcrzel f\u00fcr den schnellen Zugriff auf die h\u00e4ufigsten Tipps ausgestattet. Au\u00dferdem ist es Plug &amp; Play, d. h., es werden keine Batterien ben\u00f6tigt. Es bietet Funktionen wie AutoVin, DTC LookUp (Suche nach dem Code), Lesen und Drucken von Informationen und vieles mehr. Egal, ob Sie ein Autobesitzer oder ein Kfz-Mechaniker sind, der X431 CR529 kann Ihnen Tausende von Dollar bei der Wartung Ihres Fahrzeugs sparen und Sie sparen Zeit bei der Suche nach Fehlern in Ihrem Fahrzeug.<\/p>\n<p>Der CR529 ist mehr als nur ein Codeleser. Er ist ein vollst\u00e4ndiges Kfz-Screening-Tool, das Daten lesen und Diagnoseergebnisse auf Papier ausdrucken kann. Mit ihm k\u00f6nnen Sie alle Emissionsmonitore und DTC-Codes Ihres Fahrzeugs anhand der Fahrzeugidentifikationsnummer (VIN) \u00fcberpr\u00fcfen. Es hilft Ihnen, den Zustand Ihres Fahrzeugs zu \u00fcberpr\u00fcfen, indem es eine Verbindung zu verschiedenen Ger\u00e4ten herstellt, die dem Motor, dem Getriebe, dem Airbag, dem ABS und anderen kritischen Systemen gleichwertig sind. Gleichzeitig kann es Ihnen helfen, Fehlercodes zu diagnostizieren und Speichercodes aus dem System Ihres Fahrzeugs zu l\u00f6schen.<\/p>\n<p>Neben dem Auslesen von Fehlercodes kann der CR529 auch Live-Daten des Fahrzeugs wie Motordrehzahl, \u00d6ltemperatur, \u00d6ldruck und viele andere wichtige Informationen anzeigen. Dieses Tool kann Ihnen dabei helfen, die Ursache eines Problems an Ihrem Fahrzeug zu ermitteln, indem es Ihnen detaillierte Daten zu den einzelnen Ger\u00e4ten liefert.<\/p>\n<p>Der CR529 ist auch einfach zu bedienen. Er verf\u00fcgt \u00fcber einen klaren LCD-Bildschirm und ein benutzerfreundliches Men\u00fc, das sowohl von Profis als auch von Amateuren bedient werden kann. Er ist identisch kompakt und tragbar, sodass Sie ihn \u00fcberall hin mitnehmen k\u00f6nnen, um vor Ort Diagnosen durchzuf\u00fchren.<\/p>\n<h2><\/h2>\n<h2>Warum sollten Sie sich f\u00fcr den LAUNCH CR529 OBD2 Scanner entscheiden?<\/h2>\n<h3>Umfassende OBD2-Funktionen<\/h3>\n<p>Es gibt viele Gr\u00fcnde, warum die LAUNCH CR529 eine gute Wahl f\u00fcr die Diagnose Ihres Fahrzeugs ist:<\/p>\n<ul>\n<li>Sie k\u00f6nnen Aufgaben wie das Unterdr\u00fccken der \"Check Engine\"-Warnung oder die Bewertung des Emissionsstatus Ihres Fahrzeugs durchf\u00fchren.<\/li>\n<\/ul>\n<h3>Patentierte Ein-Klick-I\/M-Vorbereitung<\/h3>\n<ul>\n<li>Greifen Sie schnell auf Emissionsmonitore zu und l\u00f6schen Sie Fortschrittsanzeigen mit nur einem Klick.<\/li>\n<\/ul>\n<h3>DTC-Suche<\/h3>\n<ul>\n<li>Die Definition eines DTC-Codes k\u00f6nnen Sie schnell in seiner Bibliothek finden.<\/li>\n<\/ul>\n<h3>Daten in Echtzeit<\/h3>\n<ul>\n<li>\u00dcberwachen Sie die Motorkomponenten in Aktion und nutzen Sie die Bildaufnahmetechnologie, um Probleme zu erkennen.<\/li>\n<\/ul>\n<h3>Zugang zu VIN, CIN &amp; CVN<\/h3>\n<ul>\n<li>Sie k\u00f6nnen sorglos auf alle wichtigen Informationen \u00fcber Ihr Fahrzeug zugreifen, was bei der Anmeldung oder Verfolgung Ihres Fahrzeugs sehr hilfreich sein kann.<\/li>\n<\/ul>\n<h3>Unterst\u00fctzung von 7 Sprachen<\/h3>\n<ul>\n<li>Der Scanner unterst\u00fctzt 7 verschiedene Sprachen, darunter Englisch, Portugiesisch, Russisch, Italienisch, Spanisch, Franz\u00f6sisch und Deutsch, f\u00fcr Fachleute auf der ganzen Welt.<\/li>\n<\/ul>\n<h3>Daten \u00fcber PC drucken<\/h3>\n<ul>\n<li>Drucken Sie Ihre Diagnoseergebnisse aus, um sie sp\u00e4ter anzusehen oder mit anderen Experten zu teilen.<\/li>\n<\/ul>\n<h3>2,8-Zoll-LCD-Bildschirm<\/h3>\n<ul>\n<li>Der Bildschirm ist gro\u00df genug, um die Daten leicht ablesen zu k\u00f6nnen.<\/li>\n<\/ul>\n<h3>Zugang zu VIN, CIN &amp; CVN<\/h3>\n<ul>\n<li>Der LAUNCH CR529 OBD2-Scanner erm\u00f6glicht Ihnen au\u00dferdem den Zugriff auf mehrere wichtige Informationen \u00fcber Ihr Fahrzeug, wie VIN (Fahrzeugidentifikationsnummer), CID (Kalibrierungs-ID) und CVN (CVN = Certificate Certificate Number).<\/li>\n<\/ul>\n<p>Kalibrierungspr\u00fcfung).<\/p>\n<h2><\/h2>\n<h2>Zus\u00e4tzliche Vorteile des LAUNCH X431 CR529 OBD2-Scanners<\/h2>\n<ul>\n<li>Zugang zu wichtigen Informationen \u00fcber Ihr Fahrzeug: VIN, CID, CVN<\/li>\n<li>Darstellung von Echtzeitdaten in Form von Grafiken<\/li>\n<li>Kompatibel mit den meisten Fahrzeugen, die nach 1996 hergestellt wurden<\/li>\n<li>Ausdrucken der Daten \u00fcber PC zur einfachen Abfrage<\/li>\n<\/ul>\n<h3>Zugang zu wichtigen Informationen \u00fcber Ihr Fahrzeug<\/h3>\n<p>Der LAUNCH CR529 OBD2-Scanner erm\u00f6glicht Ihnen den einfachen Zugriff auf wichtige Informationen wie VIN (Fahrzeugidentifikationsnummer), CID (Kalibrierungs-ID) und CVN (Kalibrierungspr\u00fcfnummer). Dies kann bei der Registrierung oder Verfolgung Ihres Fahrzeugs sehr hilfreich sein.<\/p>\n<h3>Darstellung von Echtzeitdaten in Form von Grafiken<\/h3>\n<p>Der CR529 stellt Echtzeitinformationen in grafischer Form dar und erm\u00f6glicht so ein schnelles und klares Verst\u00e4ndnis der Daten.<\/p>\n<h3>Kompatibel mit den meisten Fahrzeugen, die nach 1996 hergestellt wurden<\/h3>\n<p>Dieses OBD2-Tool ist mit den meisten Fahrzeugen kompatibel, die nach 1996 hergestellt wurden und die OBD2-Protokolle wie KWP2000, ISO9141, J1850 VPW, J1850 PWM und CAN (Controller Area Network) erf\u00fcllen.<\/p>\n<h3>Ausdrucken der Daten \u00fcber PC zur einfachen Abfrage<\/h3>\n<p>Wenn Sie komplexe Probleme haben, die \u00fcber Ihr Verst\u00e4ndnis hinausgehen, k\u00f6nnen Sie die Daten ganz einfach \u00fcber einen PC ausdrucken und Ihrem Mechaniker vorlegen.<\/p>\n<h2><\/h2>\n<h2>Detaillierte technische Beschreibung :<\/h2>\n<ul>\n<li>Bildschirm: 2,8-Zoll-LCD mit einer Aufl\u00f6sung von 320 * 240 dpi<\/li>\n<li>Bereich der Betriebstemperaturen : Von -10 \u2103 bis 50 \u2103.<\/li>\n<li>Lagertemperaturbereich: Von -20 \u2103 bis 70 \u2103.<\/li>\n<li>Stromversorgung: 9,0 bis 18,0 V Stromversorgung durch die Fahrzeugbatterie<\/li>\n<li>Abmessungen: L\u00e4nge 179 mm, Breite 103 mm und H\u00f6he 30 mm (7,0 Zoll L\u00e4nge, 4,0 Zoll Breite und 1,2 Zoll H\u00f6he).<\/li>\n<li>Gewicht: Weniger als 500 g (1,102 lb)<\/li>\n<\/ul>\n<h2><\/h2>\n<h2>Launch CR529 Inhalt des Pakets :<\/h2>\n<p>1 x Diagnostischer Scanner CR3001<br \/>\n1 X USB-Kabel<br \/>\n1 X Handbuch<\/p>","protected":false},"excerpt":{"rendered":"<p>Der Launch CReader 529 ist ein professionelles OBD2-Code-Leseger\u00e4t f\u00fcr die Fahrzeugdiagnose. Er kann den Zustand Ihres Autos mithilfe der OBD2-Protokolle \u00fcberpr\u00fcfen und die Ergebnisse in 7 verschiedenen Universalsprachen anzeigen. Dieses Erkennungstool kann Komponenten in Echtzeit \u00fcberwachen, alle Emissionsmonitore steuern und Funktionen wie den Smogtest mit einem ungehinderten Knopfdruck durchf\u00fchren. Sie k\u00f6nnen auch problemlos fr\u00fchere Aufzeichnungen eines Fahrzeugs verfolgen und dank des mehrsprachigen Datentr\u00e4gersystems andere Experten zum Status des Sensors befragen.<\/p>","protected":false},"featured_media":745,"comment_status":"open","ping_status":"closed","template":"","meta":{"_seopress_robots_primary_cat":"none","_seopress_titles_title":"Valise de diagnostic automobile LAUNCH Creader CR529 OBD2","_seopress_titles_desc":"Le Launch CR529 OBD2 est un outil de diagnostic rapide et facile \u00e0 utiliser pour scanner et effacer vos codes DTC en toute simplicit\u00e9.","_seopress_robots_index":""},"product_brand":[],"product_cat":[30],"product_tag":[],"class_list":{"0":"post-555","1":"product","2":"type-product","3":"status-publish","4":"has-post-thumbnail","6":"product_cat-valise-de-diagnostic-obd","8":"first","9":"instock","10":"featured","11":"shipping-taxable","12":"purchasable","13":"product-type-simple"},"_links":{"self":[{"href":"https:\/\/auto-diagnostic-obd.com\/de\/wp-json\/wp\/v2\/product\/555","targetHints":{"allow":["GET"]}}],"collection":[{"href":"https:\/\/auto-diagnostic-obd.com\/de\/wp-json\/wp\/v2\/product"}],"about":[{"href":"https:\/\/auto-diagnostic-obd.com\/de\/wp-json\/wp\/v2\/types\/product"}],"replies":[{"embeddable":true,"href":"https:\/\/auto-diagnostic-obd.com\/de\/wp-json\/wp\/v2\/comments?post=555"}],"wp:featuredmedia":[{"embeddable":true,"href":"https:\/\/auto-diagnostic-obd.com\/de\/wp-json\/wp\/v2\/media\/745"}],"wp:attachment":[{"href":"https:\/\/auto-diagnostic-obd.com\/de\/wp-json\/wp\/v2\/media?parent=555"}],"wp:term":[{"taxonomy":"product_brand","embeddable":true,"href":"https:\/\/auto-diagnostic-obd.com\/de\/wp-json\/wp\/v2\/product_brand?post=555"},{"taxonomy":"product_cat","embeddable":true,"href":"https:\/\/auto-diagnostic-obd.com\/de\/wp-json\/wp\/v2\/product_cat?post=555"},{"taxonomy":"product_tag","embeddable":true,"href":"https:\/\/auto-diagnostic-obd.com\/de\/wp-json\/wp\/v2\/product_tag?post=555"}],"curies":[{"name":"wp","href":"https:\/\/api.w.org\/{rel}","templated":true}]}}