{"id":558,"date":"2023-05-11T18:09:35","date_gmt":"2023-05-11T16:09:35","guid":{"rendered":"https:\/\/auto-diagnostic-obd.com\/?post_type=product&#038;p=558"},"modified":"2025-12-01T13:29:46","modified_gmt":"2025-12-01T12:29:46","slug":"diagnoseschnittstelle-obd2-elm327-v1-5-wifi-4mhz-bluetooth-bt3-0","status":"publish","type":"product","link":"https:\/\/auto-diagnostic-obd.com\/de\/produkt\/diagnoseschnittstelle-obd2-elm327-v1-5-wifi-4mhz-bluetooth-bt3-0\/","title":{"rendered":"Interface de diagnostic automobile\u00a0OBD2 ELM327 Bluetooth\u00a0BT3.0 \/ WIFI 4\u00a0Mhz V1.5 [Lire et effacer les codes, Scanner OBD, Compatible IOS \/ Android]"},"content":{"rendered":"<p>Das ELM327 Bluetooth BT3.0\/WIFI 4 Mhz V1.5 Autodiagnose-Interface ist ein unverzichtbares Hilfsmittel f\u00fcr autodidaktische Autoenthusiasten, die Probleme mit ihrem Fahrzeug effizient und einfach ermitteln m\u00f6chten. Dank Bluetooth 3.0 oder WIFI 4 Mhz k\u00f6nnen Sie dieses Interface ganz einfach mit Ihrem Android- oder iOS-Smartphone oder Ihrem Windows-Computer verbinden, um auf Echtzeitdaten zur Leistung Ihres Fahrzeugs zuzugreifen.<\/p>\n<p>Diese Bluetooth-OBD-Schnittstelle erm\u00f6glicht es Ihnen, generische und herstellerspezifische DTC-Problemcodes und deren Bedeutung anhand einer Datenbank mit \u00fcber 3000 generischen Codedefinitionen zu identifizieren. Au\u00dferdem k\u00f6nnen Sie parallel dazu Fehlercodes l\u00f6schen und den MIL (Anzeige \"Motor \u00fcberpr\u00fcfen\") mit einem Klick ausschalten.<\/p>\n<p>Das ELM327 V1.5 Tool bietet auch die M\u00f6glichkeit, die maximale Anzahl der erhaltenen Antworten anzupassen, die ECU-Antwortverz\u00f6gerung zu entfernen, um die Geschwindigkeit der \u00dcbertragungen zu erh\u00f6hen. Mit einer anpassbaren Funktion zum Einstellen der Spulenmaske und zum Filtern der gew\u00fcnschten Daten ist es ideal f\u00fcr diejenigen, die ihre Kenntnisse \u00fcber die Funktionsweise des Fahrzeugs mit au\u00dfergew\u00f6hnlicher Lebendigkeit verbessern m\u00f6chten.<\/p>\n<p>Alles in allem ist die ELM327 OBD2 Bluetooth BT3.0\/WIFI 4 Mhz V1.5-Schnittstelle eine gute Wahl f\u00fcr alle, die einfach und effizient Diagnosen durchf\u00fchren m\u00f6chten. Seine Benutzerfreundlichkeit in Verbindung mit seiner Konnektivit\u00e4t mit Android-, iOS- und Windows-Ger\u00e4ten macht es zur perfekten L\u00f6sung, um Ihr Auto bequem und zuverl\u00e4ssig zu diagnostizieren.<\/p>\n<h2><\/h2>\n<h2>Zu den wichtigsten Lese- und L\u00f6schfunktionen dieser ELM 327 OBD2-Auto-Diagnose-Schnittstelle geh\u00f6ren :<\/h2>\n<ul>\n<li>Ablesen der Motordrehzahlen, um Ihnen ein Echtzeitverst\u00e4ndnis der Motorleistung zu geben<\/li>\n<li>Der berechnete Lastwert, damit Sie besser verstehen k\u00f6nnen, wie der Motor Luft und Kraftstoff verwendet<\/li>\n<li>K\u00fchlmitteltemperatur, damit Sie die Temperatur Ihres Motors \u00fcberwachen k\u00f6nnen<\/li>\n<li>Der Status des Kraftstoffsystems, damit Sie wissen, wie Ihr Motor den Kraftstoff verwendet.<\/li>\n<li>die Geschwindigkeit des Fahrzeugs, damit Sie die Fahrleistung in Echtzeit verfolgen k\u00f6nnen<\/li>\n<li>Kurzfristige Treibstoffreduktion, um Ihnen einen Eindruck von der Treibstoffnutzung in Echtzeit zu geben.<\/li>\n<li>Langfristiger Kraftstoffverbrauch, damit Sie den Kraftstoffverbrauch \u00fcber einen l\u00e4ngeren Zeitraum hinweg \u00fcberwachen k\u00f6nnen.<\/li>\n<li>Ansaugkr\u00fcmmerdruck, damit Sie die Leistung Ihres Motors verfolgen k\u00f6nnen<\/li>\n<li>Synchronisationsvorlauf, damit Sie wissen, wie der Motor Luft und Kraftstoff nutzt<\/li>\n<li>Die Temperatur der Ansaugluft, damit Sie die Fahrleistung in Echtzeit verfolgen k\u00f6nnen.<\/li>\n<li>Luftstrom, damit Sie die Leistung Ihres Motors verfolgen k\u00f6nnen<\/li>\n<li>Die absolute Steuerposition, damit Sie die Leistung Ihres Motors verfolgen k\u00f6nnen<\/li>\n<li>Sauerstoffsensorspannungen, damit Sie die Leistung Ihres Motors verfolgen k\u00f6nnen<\/li>\n<li>Die damit verbundenen Kurzzeit-Kraftstoffeinlagen, damit Sie die Leistung Ihres Motors im Auge behalten k\u00f6nnen.<\/li>\n<li>Der Status des Kraftstoffsystems, damit Sie wissen, wie Ihr Motor den Kraftstoff verwendet.<\/li>\n<li>Der Kraftstoffdruck, damit Sie die Leistung Ihres Motors verfolgen k\u00f6nnen.<\/li>\n<li>Und viele andere .....<\/li>\n<\/ul>\n<h2><\/h2>\n<h2>Technische Daten des drahtlosen OBD-Scanners :<\/h2>\n<p>Unser ELM327 ist mit der Firmware-Version V1.5 ausgestattet, um einen optimalen Betrieb zu gew\u00e4hrleisten. Er ist mit einem PIC18F25K80-Chip der neuesten Generation ausgestattet, der eine vollst\u00e4ndige Kompatibilit\u00e4t mit allen ELM327-Funktionen gew\u00e4hrleistet. Erhalten Sie zuverl\u00e4ssige Leistung und optimale Konnektivit\u00e4t f\u00fcr ein erstklassiges Diagnoseerlebnis.<\/p>\n<ul>\n<li>Bluetooth 3.0<\/li>\n<li>SSID: WiFiOBD, eine ultrazuverl\u00e4ssige WLAN-Verbindung<\/li>\n<li>IP-Adresse: 192.168.0.10, ein einfacher Zugang<\/li>\n<li>Subnetz: 255.255.255.0, f\u00fcr maximale Abdeckung<\/li>\n<li>Port: 35.000, f\u00fcr eine nahtlose Verbindungsstabilit\u00e4t<\/li>\n<li>Reichweite: 50 Fu\u00df \u00dcbertragungsreichweite, beeindruckende Reichweite<\/li>\n<li>Antenne: Intern, f\u00fcr optimale Leistung<\/li>\n<li>Stromverbrauch: 0,75 Watt, ein minimaler Verbrauch<\/li>\n<li>Wifi-Standard: 802,11 a\/b\/g, kompatibel mit den neuesten Standards<\/li>\n<li>Betriebstemperatur : -15 bis 100 Grad Celsius, zuverl\u00e4ssige Leistung auch unter extremen Bedingungen.<\/li>\n<\/ul>\n<h2><\/h2>\n<h2>Fahrzeugkompatibilit\u00e4t :<\/h2>\n<p>Unsere Diagnoseschnittstelle ELM327 ist nur mit 12-V-Benzin- und Dieselfahrzeugen kompatibel. Sie bietet eine Vorabpr\u00fcfung, um sicherzustellen, dass Ihr Auto unterst\u00fctzt wird. In unserer Liste der kompatiblen Automodelle k\u00f6nnen Sie nachsehen, ob Ihr Fahrzeug kompatibel ist: amerikanische Autos nach 1998, europ\u00e4ische Autos nach 2000, asiatische Autos nach 2002 (Japan, Korea, China usw.) und russische Autos nach 2012 (VAZ\/UAZ\/GAZ). Dadurch k\u00f6nnen die Nutzer auf wichtige Informationen \u00fcber den Betrieb ihres Fahrzeugs zugreifen.<\/p>\n<h2><\/h2>\n<h2>Unsere Diagnoseschnittstelle ELM327 unterst\u00fctzt auf dem OBD2-Stecker die folgenden Protokolle:<\/h2>\n<ul>\n<li>SAE J1850 PWM (41.6 Kbaud)<\/li>\n<li>SAE J1850 VPW (10.4 Kbaud)<\/li>\n<li>ISO9141-2 (5 Baud init, 10.4 Kbaud)<\/li>\n<li>ISO14230-4 KWP (5 Baud init, 10.4 Kbaud)<\/li>\n<li>ISO14230-4 KWP (Schnelleingabe, 10,4 Kbaud)<\/li>\n<li>ISO15765-4 (ID 11 bit, 500 Kbaud)<\/li>\n<li>ISO15765-4 (ID 29 bit, 500 Kbaud)<\/li>\n<li>ISO15765-4 (ID 11 bit, 250 Kbaud)<\/li>\n<li>ISO15765-4 (ID 29 bit, 250 Kbaud) A. SAE J1939 (ID 29 bit, 250 * Kbaud) B. USER1 (11 * bit ID, 125 * Kbaud) C. USER2 (11 * bit ID, 50 * kbaud)<\/li>\n<li>Die Standardeinstellungen k\u00f6nnen vom Nutzer angepasst werden.*.<\/li>\n<\/ul>\n<h2><\/h2>\n<h2>Unterst\u00fctzte Systeme und Software :<\/h2>\n<ul>\n<li>\n<h3>Wi-Fi-Version :<\/h3>\n<ul>\n<li>F\u00fcr iOS: Apps wie Auto Doctor, OBD Car Doctor, DashCommand, EOBD usw. werden unterst\u00fctzt.<\/li>\n<li>F\u00fcr Android: Apps wie Couple, Mini OBDII, Auto Doctor, OBD Car Doctor, DashCommand, EOBD usw. werden unterst\u00fctzt.<\/li>\n<li>F\u00fcr Symbian: OBDScope wird unterst\u00fctzt.<\/li>\n<li>F\u00fcr Windows: Software wie Scanmaster-ELM, Scantool.net, PCMSCAN usw. wird unterst\u00fctzt.<\/li>\n<\/ul>\n<\/li>\n<li>\n<h3>Bluetooth-Version :<\/h3>\n<ul>\n<li>F\u00fcr iOS: nicht unterst\u00fctzt.<\/li>\n<li>F\u00fcr Android: Apps wie Couple, Mini OBDII, Auto Doctor, OBD Car Doctor, DashCommand, EOBD usw. werden unterst\u00fctzt.<\/li>\n<li>F\u00fcr Symbian: OBDScope wird unterst\u00fctzt.<\/li>\n<li>F\u00fcr Windows: Software wie Scanmaster-ELM, Scantool.net, PCMSCAN usw. wird unterst\u00fctzt.<\/li>\n<\/ul>\n<\/li>\n<\/ul>\n<h3>Lieferumfang des ELM327 OBD2 Automobil-Diagnostikschnittstelle Bluetooth BT3.0\/WIFI 4 Mhz V1.5<\/h3>\n<ol>\n<li>Eine Diagnoseschnittstelle<\/li>\n<li>Ein Benutzerhandbuch<\/li>\n<\/ol>","protected":false},"excerpt":{"rendered":"<p>Das ELM327-Interface ist eine ausgezeichnete Wahl f\u00fcr Autofans, die ihr Fahrzeug auf einfache und effiziente Weise diagnostizieren m\u00f6chten. Dank Bluetooth 3.0 oder WIFI 4 Mhz l\u00e4sst sie sich problemlos mit Ihrem Android- oder iOS-Smartphone oder Ihrem Computer verbinden, um in Echtzeit auf Daten zur Leistung Ihres Autos zuzugreifen. Mit \u00fcber 3000 generischen Codedefinitionen und der M\u00f6glichkeit, die Funktionen anzupassen, um die gew\u00fcnschten Daten zu filtern, ist die ELM327-Schnittstelle perfekt f\u00fcr alle, die genaue Informationen \u00fcber die Aktivit\u00e4t ihres Fahrzeugs w\u00fcnschen.<\/p>","protected":false},"featured_media":736,"comment_status":"open","ping_status":"closed","template":"","meta":{"_seopress_robots_primary_cat":"none","_seopress_titles_title":"Interface diagnostic ELM327 Bluetooth 3.0 \/ WIFI 4Mhz V1.5 OBD2","_seopress_titles_desc":"ELM327 Bluetooth \/ WIFI: la solution compl\u00e8te pour le diagnostic de votre v\u00e9hicule. Effacez les codes d\u00e9fauts et les voyants moteur en toute simplicit\u00e9.","_seopress_robots_index":"","_seopress_analysis_target_kw":"interface,obd,obd2,wifi,bluetooth,4mhz"},"product_brand":[],"product_cat":[23,24],"product_tag":[],"class_list":{"0":"post-558","1":"product","2":"type-product","3":"status-publish","4":"has-post-thumbnail","6":"product_cat-interface-de-diagnostic-obd","7":"product_cat-interface-elm327","9":"first","10":"instock","11":"shipping-taxable","12":"purchasable","13":"product-type-variable"},"_links":{"self":[{"href":"https:\/\/auto-diagnostic-obd.com\/de\/wp-json\/wp\/v2\/product\/558","targetHints":{"allow":["GET"]}}],"collection":[{"href":"https:\/\/auto-diagnostic-obd.com\/de\/wp-json\/wp\/v2\/product"}],"about":[{"href":"https:\/\/auto-diagnostic-obd.com\/de\/wp-json\/wp\/v2\/types\/product"}],"replies":[{"embeddable":true,"href":"https:\/\/auto-diagnostic-obd.com\/de\/wp-json\/wp\/v2\/comments?post=558"}],"wp:featuredmedia":[{"embeddable":true,"href":"https:\/\/auto-diagnostic-obd.com\/de\/wp-json\/wp\/v2\/media\/736"}],"wp:attachment":[{"href":"https:\/\/auto-diagnostic-obd.com\/de\/wp-json\/wp\/v2\/media?parent=558"}],"wp:term":[{"taxonomy":"product_brand","embeddable":true,"href":"https:\/\/auto-diagnostic-obd.com\/de\/wp-json\/wp\/v2\/product_brand?post=558"},{"taxonomy":"product_cat","embeddable":true,"href":"https:\/\/auto-diagnostic-obd.com\/de\/wp-json\/wp\/v2\/product_cat?post=558"},{"taxonomy":"product_tag","embeddable":true,"href":"https:\/\/auto-diagnostic-obd.com\/de\/wp-json\/wp\/v2\/product_tag?post=558"}],"curies":[{"name":"wp","href":"https:\/\/api.w.org\/{rel}","templated":true}]}}