{"id":577,"date":"2023-05-11T18:17:42","date_gmt":"2023-05-11T16:17:42","guid":{"rendered":"https:\/\/auto-diagnostic-obd.com\/?post_type=product&#038;p=577"},"modified":"2025-11-05T00:48:41","modified_gmt":"2025-11-04T23:48:41","slug":"auto-diagnoseschnittstelle-elm327-wifi-bluetooth-obd2-v1-5","status":"publish","type":"product","link":"https:\/\/auto-diagnostic-obd.com\/de\/produkt\/auto-diagnoseschnittstelle-elm327-wifi-bluetooth-obd2-v1-5\/","title":{"rendered":"Interface diagnostic automobile ELM327 WIFI \/ Bluetooth BT2.0 OBD2 V1.5 multimarque [Lire et effacer les codes, Scanner OBD, Compatible IOS \/ Android]"},"content":{"rendered":"<h2>Schluss mit der teuren Diagnose in der Werkstatt mit unserer ELM327 WIFI\/Bluetooth OBD2-Diagnoseschnittstelle.<\/h2>\n<p>Die Diagnose von Autos kann eine komplexe und teure Herausforderung sein. In der Vergangenheit mussten Sie Ihr Fahrzeug zur Diagnose zu einem Mechaniker bringen, was mit hohen Kosten und einem langwierigen und zeitraubenden Prozess verbunden war. Gl\u00fccklicherweise hat der technologische Fortschritt diesen Prozess vereinfacht. Unser Autodiagnose-Interface ELM327 OBDII V1.5 WIFI\/Bluetooth ist ein Diagnosewerkzeug, das Fehler im Auto lesen und interpretieren kann, was das Erkennen und Beheben von Schwierigkeiten erheblich erleichtert. Mit diesem Tool k\u00f6nnen Sie Zeit und Geld sparen und von einer un\u00fcbertroffenen Zuverl\u00e4ssigkeit der Ergebnisse profitieren. Der ELM327 ist die effizienteste und kosteng\u00fcnstigste Methode zur Diagnose von Autoproblemen.<\/p>\n<h2>Entdecken Sie die neue ELM327 Bluetooth \/ WIFI 2023 OBD Diagnose-Tool kompatibel mit fast allen Fahrzeugen<\/h2>\n<p>Sehen Sie eine Welt, in der die Technologie und Ihr Auto m\u00fchelos miteinander harmonieren - ein Universum, in dem Sie jedes Problem mit Ihrem Fahrzeug in k\u00fcrzester Zeit diagnostizieren k\u00f6nnen. Mit dem OBD-Code-Leseger\u00e4t f\u00fcr iPhone (nur Wifi), Android (BT und WIFI) und PC stellen wir Ihnen die ultimative Erfindung im Bereich der Fahrzeugdiagnose vor. Mit diesem Ger\u00e4t k\u00f6nnen Sie \u00fcber WIFI oder BT eine Verbindung zu den meisten Fahrzeugen herstellen. Das R\u00e4tselraten bei der Autopannenhilfe hat mit dieser Spitzentechnologie ein Ende. Willkommen in einer neuen \u00c4ra der Bequemlichkeit mit dem OBD-Code-Leseger\u00e4t.<\/p>\n<h2>Dies sind die Daten, die vom OBD2-Leseger\u00e4t interpretiert werden k\u00f6nnen:<\/h2>\n<p>Dieser Auto-Diagnose-Code-Leser bietet Ihnen eine praktische und effiziente L\u00f6sung zur Erkennung und Behebung von Fehlern, die die Leistung Ihres Motors beeintr\u00e4chtigen k\u00f6nnten. Verbinden Sie ihn \u00fcber den OBDII-Anschluss mit Ihrer mobilen App und erhalten Sie eine detaillierte Beschreibung der gefundenen Fehler. Die Datenbank enth\u00e4lt mehr als 3000 Codes f\u00fcr Fehler, die f\u00fcr jede Fahrzeugmarke und jedes Modell spezifisch sind. Sobald Sie einen Fehlercode identifiziert haben, erhalten Sie eine vollst\u00e4ndige Beschreibung des Fehlers und zus\u00e4tzliche Informationen \u00fcber die Art des Eingriffs, der zur Behebung des Fehlers erforderlich ist. Mit diesem Leseger\u00e4t erhalten Sie eine praktische und zuverl\u00e4ssige L\u00f6sung zur Diagnose und Behebung der aufgetretenen Schwierigkeiten.<\/p>\n<p>Android\/iOS-Apps bieten einen n\u00fctzlichen und pr\u00e4zisen Weg, um \u00fcber die OBD-Diagnose auf die Fehlercodes eines Fahrzeugs zuzugreifen. Sobald ein Problem erkannt wurde, kann das Armaturenbrett zur\u00fcckgesetzt werden, indem die Codes ausgemerzt werden. Infolgedessen kann der normale Nutzungsmodus wiederhergestellt werden und alle Funktionen des Fahrzeugs sind dann zug\u00e4nglich. Mit einer benutzerfreundlichen und intuitiven Oberfl\u00e4che kann der Benutzer leicht auf alle notwendigen Werkzeuge und das L\u00f6schen der Codes zugreifen.<\/p>\n<p>Die ELM327 OBD-Schnittstelle bietet eine Vielzahl von M\u00f6glichkeiten, um genaue Daten \u00fcber Ihr Fahrzeug zu erhalten. So k\u00f6nnen Sie beispielsweise die K\u00fchlmitteltemperatur, die \u00d6ltemperatur, die Motordrehzahl, die Geschwindigkeit und die Au\u00dfentemperatur sowie zus\u00e4tzliche Informationen \u00fcber den Kraftstofffluss und den Kraftstoffdruck abrufen. Dank dieses bemerkenswerten Tools brauchen Sie sich keine Sorgen mehr zu machen: Ihre Daten sind nur einen Klick entfernt! Mit diesem Tool k\u00f6nnen Sie Ihr Fahrzeug im Auge behalten und es in gutem Zustand halten.<\/p>\n<p><strong>Ungeeignet, um die Warnleuchten von Airbag, ABS\/ESP und SRS FAP zu deaktivieren.<\/strong><\/p>\n<p><strong>Das Tool ist nicht kompatibel zum Zur\u00fccksetzen von Warnleuchten im Zusammenhang mit \u00d6lwechsel, Wartung oder Service (die nicht als Motorfehler gelten) und kann auch nicht bei Elektrofahrzeugen verwendet werden.<\/strong><\/p>\n<p>Als Reaktion auf das Feedback unserer Kunden laden wir Sie ein, CAR SCANNER (erh\u00e4ltlich f\u00fcr iOS und Android) herunterzuladen und zu verwenden! Diese Software ist v\u00f6llig kostenlos und kann bereits M\u00e4ngel beseitigen - und das sogar ohne Upgrade!<\/p>\n<h3>Hier ist eine Liste von Anwendungen, die mit unserem OBD-II-Motorsystem-Diagnosetool kompatibel sind :<\/h3>\n<ul>\n<li>CAR SCANNER und In Car Doc (Auch die kostenlose Version bietet M\u00f6glichkeiten zur Beseitigung von M\u00e4ngeln)<\/li>\n<li>OBD Mary<\/li>\n<li>EOBD Einfach<\/li>\n<li>Torque Lite und Pro<\/li>\n<li>OBD Auto Doctor<\/li>\n<li>W\u00e4hlen Sie unter vielen anderen f\u00fcr Ihr Smartphone, iPad und Windows diejenige aus, mit der Sie sich am wohlsten f\u00fchlen!<\/li>\n<\/ul>\n<h2>Beheben Sie Pannen in weniger als 5 Minuten, indem Sie die ELM327 OBD2-Technologie verwenden.<\/h2>\n<p>OBDII ist der Schl\u00fcssel zur sofortigen Beseitigung der erkannten Motorwarnleuchten und Fehler. Mit den vielf\u00e4ltigen Diagnoseoptionen k\u00f6nnen Sie problemlos \u00fcber WIFI oder BT eine Verbindung zu Ihrem Telefon herstellen, um Fahrzeugdaten abzurufen und die Ursache des Problems zu ermitteln. Sobald das Problem erkannt wurde, k\u00f6nnen Sie es schnell beheben und den Motor zur\u00fccksetzen oder Fehler in Sensoren und Aktoren beheben. Ebenso k\u00f6nnen Sie diese Informationen nutzen, um Ihr Fahrzeug besser zu pflegen und zuk\u00fcnftige Schwierigkeiten zu vermeiden.<\/p>\n<p>Auch wenn die Lichter mit wenigen Warnungen angehen und Anlass zur Sorge geben k\u00f6nnen, ist es wichtig, sich daran zu erinnern, dass sie oft auf ein tiefer liegendes Problem hinweisen. Es ist wichtig, sich die Zeit zu nehmen, das Problem zu bewerten und es richtig anzugehen, um zuk\u00fcnftige Hindernisse zu verhindern. Ein guter Weg ist es, Ihr Fahrzeug in einem guten Betriebszustand zu halten und in einen umfassenderen Wartungsplan zu investieren, um sicherzustellen, dass jedes auftretende Problem schnell behoben werden kann. Wenn Sie proaktiv handeln, k\u00f6nnen Sie eine sichere und zuverl\u00e4ssige Fahrt f\u00fcr die kommenden Jahre gew\u00e4hrleisten.<\/p>\n<h2>Wie funktioniert er?<\/h2>\n<ul>\n<li>Laden Sie zun\u00e4chst eine OBD-II-Anwendung wie CAR Scanner herunter.<\/li>\n<li>Schlie\u00dfen Sie Ihren OBDII-Koffer an Ihr Auto an und drehen Sie den Z\u00fcndschl\u00fcssel.<\/li>\n<li>Aktivieren Sie Wifi oder BT auf Ihrem Telefon und stellen Sie eine Verbindung zum WIFI_OBDII-Netzwerk her.<\/li>\n<li>Sobald die Anwendung gestartet ist, werden Sie aufgefordert, Ihre Anmeldeinformationen einzugeben, um sich mit Ihrem Fahrzeug zu verbinden. Nachdem Sie die erforderlichen Daten eingegeben und auf die Schaltfl\u00e4che \"Verbinden\" geklickt haben, verbindet sich die App mit Ihrem Fahrzeug und bietet Ihnen eine elegante und intuitive Benutzeroberfl\u00e4che. Sobald Sie angeschlossen sind, k\u00f6nnen Sie durch eine Reihe von Funktionen und Optionen navigieren, die alle darauf ausgelegt sind, Ihnen ein einzigartiges und individuelles Fahrerlebnis zu bieten.<\/li>\n<li>Mit dem Aufkommen moderner Technologien ist der Zugriff auf die elektronische Steuereinheit (ECU) des Motors einfacher als je zuvor. Die Steuerger\u00e4te sind so programmiert, dass sie eine Vielzahl von Systemen und Motorkomponenten steuern, darunter die Kraftstoffeinspritzung, den Funkenvorlauf und andere Funktionen. Mit diesem Zugang k\u00f6nnen Sie in Echtzeit \u00fcberwachen und verarbeiten von <strong style=\"background-color: var(--green-100); color: #353740;\">Leistung <\/strong>Ihres Motors zu \u00fcberpr\u00fcfen. So k\u00f6nnen Sie Probleme fr\u00fchzeitig erkennen und Korrekturma\u00dfnahmen ergreifen, bevor sie sich verschlimmern. Mit diesen Ihnen zur Verf\u00fcgung stehenden Informationen k\u00f6nnen Sie daf\u00fcr sorgen, dass Ihr Motor richtig l\u00e4uft und seine Leistung optimiert wird.<\/li>\n<\/ul>\n<h2>Detaillierte technische Beschreibung der Schnittstelle ELM 327 Wifi\/BT2.0 :<\/h2>\n<ul>\n<li>Produktabmessungen (L x B x H): 7.5 x 2.4 x 4 cm<\/li>\n<li>Arbeitsspannung: 9V ~ 16V<\/li>\n<li>Arbeitsstrom: 65 mA<\/li>\n<li>Standby-Strom: 45 mA<\/li>\n<li>Betriebstemperatur : -40 ~ 82\u00b0 Celcuis<\/li>\n<li>Luftfeuchtigkeit bei der Arbeit: unter 60 %<\/li>\n<li>Gewicht: 50 Gramm<\/li>\n<li>Kompatible Protokolle :<\/li>\n<li>SAE J1850 PWM (41,6 kbaud)<\/li>\n<li>SAE J1850 VPW (10,4 kbaud)<\/li>\n<li>ISO9141-2 (5 Baud init, 10,4 kbaud)<\/li>\n<li>ISO14230-4 KWP (5 Baud init, 10,4 kbaud)<\/li>\n<li>ISO14230-4 KWP (Fast init, 10,4 kbaud)<\/li>\n<li>ISO15765-4 CAN (11-Bit-ID, 500 kbaud)<\/li>\n<li>ISO15765-4 CAN (29-Bit-ID, 500 kbaud)<\/li>\n<li>ISO15765-4 CAN (11-Bit-ID, 250 kbaud)<\/li>\n<li>ISO15765-4 CAN (29-Bit-ID, 250 kbaud)<\/li>\n<li>Die Verpackung des ELM327 OBDII V1.5 WIFi\/BT2.0 enth\u00e4lt :<\/li>\n<li>ELM327 OBDII-Schnittstelle WIFI oder Bluetooth<\/li>\n<\/ul>","protected":false},"excerpt":{"rendered":"<p>Das ELM327 OBD2 V1.5 WIFI\/Bluetooth-Tool bietet eine Mehrzweckanalyse, die Ihnen hilft, Probleme in Ihrem Fahrzeug genau zu erkennen und zu beheben. Es l\u00e4sst sich \u00fcber mobile Apps wie Torque problemlos mit Ihrem Telefon verbinden und erm\u00f6glicht Ihnen das Lesen und L\u00f6schen von Codes, die \u00dcberpr\u00fcfung des Motorzustands und die Diagnose verschiedener Fehlfunktionen. Dieses Tool hilft Ihnen, Ihr Auto in gutem Zustand zu halten, und spart Ihnen Zeit und Geld. Mit dem ELM327 OBDII V1.5 erhalten Sie optimale Sicherheit und Zuverl\u00e4ssigkeit f\u00fcr eine sorgenfreie Fahrt.<\/p>","protected":false},"featured_media":719,"comment_status":"open","ping_status":"closed","template":"","meta":{"_seopress_robots_primary_cat":"none","_seopress_titles_title":"Interface diagnostic automobile ELM327 WIFI \/ Bluetooth OBD2","_seopress_titles_desc":"Obtenez l\u2019interface de diagnostic auto ELM327 Wifi \/ Bluetooth OBD2 V1.5 pour votre v\u00e9hicule. Diagnostiquez votre voiture avec facilit\u00e9 et pr\u00e9cision.","_seopress_robots_index":"","_seopress_analysis_target_kw":"elm327,wifi,bluetooth,interface,de,diagnostic,multimarque,torque,outil de diagnostic"},"product_brand":[],"product_cat":[23,24],"product_tag":[],"class_list":{"0":"post-577","1":"product","2":"type-product","3":"status-publish","4":"has-post-thumbnail","6":"product_cat-interface-de-diagnostic-obd","7":"product_cat-interface-elm327","9":"first","10":"instock","11":"shipping-taxable","12":"purchasable","13":"product-type-variable"},"_links":{"self":[{"href":"https:\/\/auto-diagnostic-obd.com\/de\/wp-json\/wp\/v2\/product\/577","targetHints":{"allow":["GET"]}}],"collection":[{"href":"https:\/\/auto-diagnostic-obd.com\/de\/wp-json\/wp\/v2\/product"}],"about":[{"href":"https:\/\/auto-diagnostic-obd.com\/de\/wp-json\/wp\/v2\/types\/product"}],"replies":[{"embeddable":true,"href":"https:\/\/auto-diagnostic-obd.com\/de\/wp-json\/wp\/v2\/comments?post=577"}],"wp:featuredmedia":[{"embeddable":true,"href":"https:\/\/auto-diagnostic-obd.com\/de\/wp-json\/wp\/v2\/media\/719"}],"wp:attachment":[{"href":"https:\/\/auto-diagnostic-obd.com\/de\/wp-json\/wp\/v2\/media?parent=577"}],"wp:term":[{"taxonomy":"product_brand","embeddable":true,"href":"https:\/\/auto-diagnostic-obd.com\/de\/wp-json\/wp\/v2\/product_brand?post=577"},{"taxonomy":"product_cat","embeddable":true,"href":"https:\/\/auto-diagnostic-obd.com\/de\/wp-json\/wp\/v2\/product_cat?post=577"},{"taxonomy":"product_tag","embeddable":true,"href":"https:\/\/auto-diagnostic-obd.com\/de\/wp-json\/wp\/v2\/product_tag?post=577"}],"curies":[{"name":"wp","href":"https:\/\/api.w.org\/{rel}","templated":true}]}}