{"id":598,"date":"2023-05-11T18:29:02","date_gmt":"2023-05-11T16:29:02","guid":{"rendered":"https:\/\/auto-diagnostic-obd.com\/?post_type=product&#038;p=598"},"modified":"2023-09-14T12:51:36","modified_gmt":"2023-09-14T10:51:36","slug":"lecksucher-autool-sdt101","status":"publish","type":"product","link":"https:\/\/auto-diagnostic-obd.com\/de\/produkt\/lecksucher-autool-sdt101\/","title":{"rendered":"D\u00e9tecteur de Fuite pour v\u00e9hicules AUTOOL\u00a0SDT101 [Machine \u00e0 fumer sous pression]"},"content":{"rendered":"<h2>Warum brauchen Sie einen Rauchmelder?<\/h2>\n<p>Sie ben\u00f6tigen das AUTOOL SDT101 Rauchleck entdecken, um die Schwierigkeiten mit der Unterdruckleitung Ihres Fahrzeugs zu beheben. Der Bruch einer Unterdruckleitung kann schwerwiegende Folgen haben, wie z. B. ein zu dickfl\u00fcssiges Kraftstoffgemisch, eine erh\u00f6hte Leerlaufdrehzahl, Startprobleme, eine geringe Motorleistung, einen erh\u00f6hten Kraftstoffverbrauch und die Freisetzung von schwarzem Rauch aus dem Auspuff. Au\u00dferdem kann das Blockieren einer Unterdruckleitung zu einer Abweichung von der Leerlaufdrehzahl und zu einer leichten Bewertung der Leerlaufdrehzahl f\u00fchren. Auch Luftlecks in der Unterdruckleitung k\u00f6nnen zu einer unzureichenden Zirkulation im Motor f\u00fchren.<\/p>\n<h2>Lernen Sie, wie Sie den leistungsstarken Rauchmelder AUTOOL SDT101 f\u00fcr genaue Diagnosen nutzen k\u00f6nnen.<\/h2>\n<p>Mit dem AUTOOL SDT101 Lecksuchger\u00e4t k\u00f6nnen Sie diese Probleme mithilfe einer externen Luftquelle aufsp\u00fcren. Um dieses Diagnoseger\u00e4t zu verwenden, m\u00fcssen Sie lediglich die Werkstattluftversorgung und die 12-Volt-Stromversorgung Ihres Fahrzeugs an den Tester anschlie\u00dfen, den Tank mit Test\u00f6l f\u00fcllen und dann den Durchflussregler gegen den Uhrzeigersinn drehen, um den Luftstrom zu \u00f6ffnen. Anschlie\u00dfend m\u00fcssen Sie nur noch den Strom auf der R\u00fcckseite des Ger\u00e4ts einschalten, damit die Nebelmaschine mit der Raucherzeugung beginnt.<\/p>\n<h2>Gro\u00dfe Auswahl an Tests mit dem AUTOOL SDT101 Rauchmelder<\/h2>\n<p>Der AUTOOL SDT101 Rauchmelder ist vielseitig einsetzbar und kann Rauchpr\u00fcfungen an verschiedenen Systemen durchf\u00fchren, z. B. an EVAP-Systemen, Ansaugsystemen, K\u00fchlsystemen, AGR-\/Abgasanlagen, Kurbelgeh\u00e4usesystemen, Vakuumlecks und Niederdruck-Turbolecks. Es ist mit einer Vielzahl von Fahrzeugen kompatibel, einschlie\u00dflich Autos, Motorr\u00e4dern, Schneemobilen, leichten LKWs und Booten.<\/p>\n<h3>Stellen Sie sicher, dass es keine Lecks gibt :<\/h3>\n<ul>\n<li>\u00dcberpr\u00fcfen Sie das Kurbelgeh\u00e4usesystem auf Sch\u00e4den, die durch zu hohen Druck oder Korrosion verursacht wurden.<\/li>\n<li>Testen Sie das Ansaugsystem, um sicherzustellen, dass der Motor gen\u00fcgend Luft bekommt.<\/li>\n<li>Vermeiden Sie Probleme wie W\u00e4rmeverlust, \u00fcberm\u00e4\u00dfigen L\u00e4rm und Wetterschutz durch eine gute Luftdichtheit.<\/li>\n<li>Vermeiden Sie Treibstofflecks, indem Sie den Tank und die Leitungen \u00fcberpr\u00fcfen.<\/li>\n<li>Vermeiden Sie Temperaturprobleme, indem Sie auf K\u00fchlmittellecks testen<\/li>\n<li>Testen Sie die Schl\u00e4uche f\u00fcr Bremse, Servolenkung, K\u00fchlung, Klimaanlage, Turbo, Kraftstoff, Ansaug- und Auspuffanlage usw.<\/li>\n<li>Vermeiden Sie das Austreten von Kraftstoffdampf in die Atmosph\u00e4re und Motorprobleme, indem Sie das Verdampfungssystem kontrollieren.<\/li>\n<li>Vermeiden Sie die Freisetzung sch\u00e4dlicher Gase in die Atmosph\u00e4re und \u00fcberm\u00e4\u00dfigen L\u00e4rm, indem Sie das Auspuffsystem \u00fcberpr\u00fcfen.<\/li>\n<\/ul>\n<h2>EVAP-Erkennung f\u00fcr US-amerikanische Fahrzeuge mit AUTOOL SDT101<\/h2>\n<p>Der Rauchmelder kann auch bei amerikanischen Fahrzeugen, die ab 1996 hergestellt wurden, eine EVAP-Erkennung durchf\u00fchren. Die meisten dieser Fahrzeuge sind mit EVA-Wartungs\u00f6ffnungen im Motorraum ausgestattet, aber bei einigen Sondermodellen kann sich die \u00d6ffnung auch an einer anderen Stelle befinden. Um eine EVAP-Erkennung zu betreiben, m\u00fcssen Sie lediglich das R\u00fcckschlagventil mit dem mitgelieferten Schl\u00fcssel entfernen, den Adapter f\u00fcr den EVAP-Serviceanschluss anbringen und den Rauch in das EVAP-Lecksuchsystem einleiten.<\/p>\n<h2>Fortschrittliche und sichere Rauchlecksuche mit AUTOOL SDT101<\/h2>\n<p>Die AUTOOL SDT101 Rauchmaschine ist fortschrittlich und sicher, sie erkennt selbst kleinste Lecks durch ihren dichten Rauchaussto\u00df. Und was noch beruhigender ist: Das Fahrzeug muss w\u00e4hrend der Benutzung nicht gestartet werden, was die Verwendung des Rauchlecksuchers sicher und zuverl\u00e4ssig macht. Au\u00dferdem ist der ausgesto\u00dfene Rauch f\u00fcr den Nutzer gesund und unsch\u00e4dlich. Au\u00dferdem schaltet sich der Rauchmelder automatisch aus, wenn die Temperatur die Unterbringungsgrenze von 75 Grad Celsius \u00fcberschreitet, um Sch\u00e4den zu vermeiden.<\/p>\n<p>Zusammenfassend l\u00e4sst sich sagen, dass der AUTOOL SDT101 Rauchmelder ein unverzichtbares Werkzeug f\u00fcr Mechaniker und Autobesitzer ist, die versuchen, Kraftstofflecks in ihren Fahrzeugen zu identifizieren. Mit einer gro\u00dfen Auswahl an verf\u00fcgbaren Tests kann dieser Rauchlecksucher bei einer Vielzahl von Fahrzeugen eingesetzt werden, von Pkw \u00fcber leichte Lkw bis hin zu Schnellbooten. Warten Sie also nicht l\u00e4nger, um sich diesen hochwertigen Rauchgaslecksucher zuzulegen, und sparen Sie Zeit und Geld, indem Sie Probleme mit auslaufendem Kraftstoff an Ihrem Fahrzeug schnell beheben.<\/p>\n<h2>Zusammenfassung der technischen Daten :<\/h2>\n<ul>\n<li>Der AUTOOL SDT101 Rauchgas-Lecksucher wurde entwickelt, um Lecks in verschiedenen Systemen aufzusp\u00fcren, z. B. EVAP-Systeme, Ansaugsysteme, K\u00fchlung, EGR\/Abgassysteme, Kurbelgeh\u00e4usesysteme, Vakuumlecks, Niederdruck-Turbolecks.<\/li>\n<li>Es ist mit einer Vielzahl von Fahrzeugen kompatibel, darunter Autos, Motorr\u00e4der, Schneemobile, Gel\u00e4ndewagen, Mountainbikes, Leichtlastwagen und Schnellboote.<\/li>\n<li>Die EVAP-Erkennung ist f\u00fcr ab 1996 hergestellte US-amerikanische Fahrzeuge mit EVA-Wartungs\u00f6ffnungen m\u00f6glich.<\/li>\n<li>Der Rauchmelder kann durch seinen dicken Rauchaussto\u00df selbst kleinste Lecks aufsp\u00fcren.<\/li>\n<li>Er ist sicher und zuverl\u00e4ssig in der Anwendung, da das Fahrzeug w\u00e4hrend der Nutzung nicht gestartet werden muss. Auch der ausgesto\u00dfene Rauch ist gesund und harmlos.<\/li>\n<li>Bei \u00dcberschreitung der Temperaturgrenze von 75 \u2103 wird der Strom dank der intelligenten Stromversorgungsfunktion automatisch abgeschaltet.<\/li>\n<\/ul>\n<h2>Mit der AUTOOL-Haupteinheit SDT101 erhalten Sie :<\/h2>\n<ul>\n<li>1 Clip f\u00fcr das Stromkabel<\/li>\n<li>1 Schl\u00fcssel f\u00fcr den Ventilkern<\/li>\n<li>1 Nachf\u00fcllflasche f\u00fcr Test\u00f6l (\u00d6l nicht im Lieferumfang enthalten)<\/li>\n<li>1 Adapter f\u00fcr die EVAP-Testschnittstelle<\/li>\n<li>1 Rauchrohr<\/li>\n<li>1 Benutzerhandbuch f\u00fcr die Benutzerhandbuch Alles, was Sie f\u00fcr einen einfachen Test ben\u00f6tigen<\/li>\n<\/ul>","protected":false},"excerpt":{"rendered":"<p>Vermuten Sie einen Defekt oder eine verschlissene Dichtung? M\u00f6chten Sie \u00fcberpr\u00fcfen, ob ein Leck vorhanden ist, oder wollen Sie bei einer Reparatur einfach nur sichergehen, dass alles richtig positioniert wurde? In all diesen F\u00e4llen ist es sinnvoll, den Melder SDT101 zu konsultieren, der durch das Erzeugen und Senden von Rauch eine eindeutige Beurteilung erm\u00f6glicht, ob ein Leck aufgetreten ist oder nicht.<\/p>","protected":false},"featured_media":688,"comment_status":"open","ping_status":"closed","template":"","meta":{"_seopress_robots_primary_cat":"none","_seopress_titles_title":"D\u00e9tecteur de Fuite pour v\u00e9hicules AUTOOL SDT101 12V","_seopress_titles_desc":"Besoin de v\u00e9rifier l&#039;\u00e9tanch\u00e9it\u00e9 ou de localiser une fuite dans les tuyaux de votre voiture ? Avec le d\u00e9tecteur SDT101 il n&#039;y a pas plus simple comme t\u00e2che !","_seopress_robots_index":""},"product_brand":[],"product_cat":[25,28],"product_tag":[],"class_list":{"0":"post-598","1":"product","2":"type-product","3":"status-publish","4":"has-post-thumbnail","6":"product_cat-outils-diagnostic-specifiques","7":"product_cat-testeur-injecteur","9":"first","10":"instock","11":"shipping-taxable","12":"purchasable","13":"product-type-simple"},"_links":{"self":[{"href":"https:\/\/auto-diagnostic-obd.com\/de\/wp-json\/wp\/v2\/product\/598","targetHints":{"allow":["GET"]}}],"collection":[{"href":"https:\/\/auto-diagnostic-obd.com\/de\/wp-json\/wp\/v2\/product"}],"about":[{"href":"https:\/\/auto-diagnostic-obd.com\/de\/wp-json\/wp\/v2\/types\/product"}],"replies":[{"embeddable":true,"href":"https:\/\/auto-diagnostic-obd.com\/de\/wp-json\/wp\/v2\/comments?post=598"}],"wp:featuredmedia":[{"embeddable":true,"href":"https:\/\/auto-diagnostic-obd.com\/de\/wp-json\/wp\/v2\/media\/688"}],"wp:attachment":[{"href":"https:\/\/auto-diagnostic-obd.com\/de\/wp-json\/wp\/v2\/media?parent=598"}],"wp:term":[{"taxonomy":"product_brand","embeddable":true,"href":"https:\/\/auto-diagnostic-obd.com\/de\/wp-json\/wp\/v2\/product_brand?post=598"},{"taxonomy":"product_cat","embeddable":true,"href":"https:\/\/auto-diagnostic-obd.com\/de\/wp-json\/wp\/v2\/product_cat?post=598"},{"taxonomy":"product_tag","embeddable":true,"href":"https:\/\/auto-diagnostic-obd.com\/de\/wp-json\/wp\/v2\/product_tag?post=598"}],"curies":[{"name":"wp","href":"https:\/\/api.w.org\/{rel}","templated":true}]}}