{"id":605,"date":"2023-05-11T18:31:29","date_gmt":"2023-05-11T16:31:29","guid":{"rendered":"https:\/\/auto-diagnostic-obd.com\/?post_type=product&#038;p=605"},"modified":"2025-05-19T00:41:42","modified_gmt":"2025-05-18T22:41:42","slug":"auto-batterietester-12v-autool-bt360","status":"publish","type":"product","link":"https:\/\/auto-diagnostic-obd.com\/de\/produkt\/auto-batterietester-12v-autool-bt360\/","title":{"rendered":"Testeur batterie de voiture 12V\u00a0Autool\u00a0BT360 [Un outil de diagnostic automobile parfait pour votre batterie]"},"content":{"rendered":"<h2>Entdecken Sie die unglaublichen Funktionen des AUTOOL BT360 12V Batteriescanners<\/h2>\n<p>Der AUTOOL BT360 12V-Batterieladestandpr\u00fcfer ist ein Muss f\u00fcr alle, die ihr Fahrzeug in einem einwandfreien Betriebszustand halten wollen. Er wurde speziell f\u00fcr 12V-Akkus aller g\u00e4ngigen Typen entwickelt und bietet eine schnelle, einfache und kosteng\u00fcnstige L\u00f6sung, um den Zustand Ihrer Batterie zu verstehen. Egal, ob Sie ein Kfz-Profi oder ein begeisterter Heimwerker sind, mit dem BT360 k\u00f6nnen Sie den Gesundheitszustand Ihrer Batterie leicht \u00fcberpr\u00fcfen und Probleme in k\u00fcrzester Zeit erkennen. Er ist mit Blei-S\u00e4ure-Autobatterien, AGM-Flachplatten, AGM-Spiralen, GEL- und EFB-Akkus kompatibel und somit ein vielseitiges Werkzeug f\u00fcr die unterschiedlichen Anforderungen Ihres Fahrzeugs. Warten Sie nicht l\u00e4nger auf Batteriesorgen, sondern entscheiden Sie sich f\u00fcr den AUTOOL BT360 12V-Batterieladestandpr\u00fcfer, damit Sie sicher fahren k\u00f6nnen.<\/p>\n<h2><\/h2>\n<h2>Schl\u00fcsselfunktionen f\u00fcr eine vertrauensvolle Diagnose<\/h2>\n<h3><\/h3>\n<h3>Testen des Zustands Ihrer Autobatterie<\/h3>\n<p>Es ist sehr einfach, den Ladezustand Ihrer Autobatterie in nur wenigen einfachen Schritten zu \u00fcberpr\u00fcfen. Verbinden Sie diese mit dem 12-V-Akkumulator, indem Sie die roten Klemmen f\u00fcr den positiven Pol und die schwarzen Klemmen f\u00fcr den negativen Pol verwenden. W\u00e4hlen Sie anschlie\u00dfend den zu pr\u00fcfenden Batterietyp, die Pr\u00fcfkriterien und den Pr\u00fcfbereich aus, um in k\u00fcrzester Zeit genaue Ergebnisse zu erhalten.<\/p>\n<h3>Startup-Test<\/h3>\n<p>Bevor Sie sich auf den Weg machen, m\u00fcssen Sie unbedingt sicherstellen, dass die Batterie ausreichend geladen ist, um den Motor zu starten. Dazu k\u00f6nnen Sie einen Starthilfe-Tester verwenden, indem Sie die mitgelieferten Anweisungen befolgen. Mit diesem Test k\u00f6nnen Sie feststellen, wie gesund Ihre Batterie ist und ob sie in der Lage ist, Ihr Fahrzeug in Gang zu setzen.<\/p>\n<h3>Belastungstest<\/h3>\n<p>Um die Leistung Ihres 12-Volt-Akkus in Echtzeit zu beurteilen, k\u00f6nnen Sie einen Ladestromtest durchf\u00fchren. Dabei beschleunigen Sie Ihren Motor f\u00fcnf Sekunden lang auf 2500 U\/min, um seine F\u00e4higkeit zu beurteilen, Energie f\u00fcr den Antrieb Ihres Motors zu liefern. Mit diesem Test k\u00f6nnen Sie die Leistung Ihres Akkus genau bestimmen und wissen, ob Sie ihn austauschen m\u00fcssen oder nicht.<\/p>\n<h2><\/h2>\n<h2>Ein leistungsstarkes mehrsprachiges Ger\u00e4t<\/h2>\n<p>Das AUTOOL BT-360 Batterietest-Tool verf\u00fcgt \u00fcber zwei Sprachoptionen, um sich Ihren Anforderungen anzupassen. Die erste Variante umfasst Sprachen wie Englisch, Spanisch, Deutsch, Franz\u00f6sisch und Russisch, sodass Sie die Sprache w\u00e4hlen k\u00f6nnen, die Ihnen am meisten zusagt. Die zweite Variante umfasst Englisch, Polnisch, Chinesisch, Niederl\u00e4ndisch und Japanisch. Wenn Sie eine andere Sprache ben\u00f6tigen, k\u00f6nnen wir diese f\u00fcr Sie anpassen, damit das Tool immer Ihren Anfragen entspricht. Unser Tool ist so konzipiert, dass es gleichzeitig professionell, menschlich und einzigartig ist.<\/p>\n<h2><\/h2>\n<h2>2 Jahre Garantie<\/h2>\n<p>Dieser AUTOOL BT-360 Batterieanalysator wurde f\u00fcr einen zuverl\u00e4ssigen und sorgenfreien Gebrauch entwickelt. Wir sind von der Qualit\u00e4t unseres Produkts \u00fcberzeugt und m\u00f6chten, dass Sie es auch sind. Deshalb bieten wir eine zweij\u00e4hrige Garantie, die haftbare Sch\u00e4den abdeckt. Wenn Sie aus irgendeinem Grund Teile Ihres Batterietesters austauschen m\u00fcssen, schicken wir Ihnen diese kostenlos zu. Wir sind da, um Sie zu unterst\u00fctzen, wenn Sie Fragen oder Bedenken haben.<\/p>\n<p>Wir verstehen, dass die Dinge manchmal kompliziert sein k\u00f6nnen, und wir sind hier, um Ihnen zu helfen. Wenn Sie Fragen haben, wenden Sie sich bitte an uns und wir werden Ihnen innerhalb von 24 Stunden antworten, um Ihnen bei der L\u00f6sung aller Probleme zu helfen.<\/p>\n<h2><\/h2>\n<h2>Effektivit\u00e4t und Sicherheit<\/h2>\n<p>Das AUTOOL BT360 wurde entwickelt, um bei jedem Einsatz eine zuverl\u00e4ssige und effiziente Leistung zu erbringen. Mit seiner fortschrittlichen leitf\u00e4higen Technologie zeigt er schnell genaue Informationen \u00fcber den Ladezustand des Akkus an, damit der Akku nicht umsonst ausgetauscht werden muss.<\/p>\n<p>Dieses Werkzeug wurde entwickelt, um die Sicherheit des Benutzers und des Akkus zu gew\u00e4hrleisten. Es enth\u00e4lt einen Schutz vor umgekehrt gepolten Anschl\u00fcssen, der Sch\u00e4den am Ger\u00e4t, am Auto oder am Akku verhindert.<\/p>\n<p>Das AUTOOL BT360 ist ein professionelles und zuverl\u00e4ssiges Werkzeug, das die g\u00e4ngigsten Teststandards f\u00fcr Batterien erf\u00fcllt.<\/p>\n<p>Es kann eine Palette von Akkumulatoren von 100 bis 2000 CCA und 30-220 AH testen und deckt dabei die Normen CCA, BCI, CA, MCA, JIS, DIN, IEC, EN, SAE und GB ab. Kurz gesagt: Das AUTOOL BT360 wurde f\u00fcr eine zuverl\u00e4ssige und effiziente Leistung entwickelt. Er garantiert die Sicherheit des Benutzers und der Batterie und kann eine breite Palette von Akkus nach den g\u00e4ngigsten Normen testen.<\/p>\n<p>&nbsp;<\/p>\n<h2>Technische Spezifikationen :<\/h2>\n<p>Die Spezifikationen des AUTOOL BT360 Autobatterie-Testers sind so ausgelegt, dass sie Ihnen eine optimale Leistung bieten. Dieses kompakte und leichte Modell (417 g) wurde f\u00fcr den Betrieb unter Umgebungsbedingungen von -20 \u00b0C bis 50 \u00b0C entwickelt und ist CE-zertifiziert, um Qualit\u00e4t und Sicherheit zu gew\u00e4hrleisten.<\/p>\n<p>Dieses Werkzeug ist f\u00fcr den Einsatz mit batterielosen 12-V-Systemen vorbereitet und kann einen Eingangsspannungsbereich von 6 V bis 30 V bew\u00e4ltigen. Sein AH-Bereich reicht von 30 bis 220AH, wodurch er sich f\u00fcr eine Vielzahl von Anwendungen eignet. Sein leicht ablesbares Display erm\u00f6glicht es Ihnen, in Sekundenschnelle genaue Ergebnisse zu erhalten.<\/p>\n<p>&nbsp;<\/p>\n<h2>Sie erhalten in Ihrem Paket :<\/h2>\n<ul>\n<li>1 x AUTOOL BT360 Autobatterie-Tester: Mit diesem hochwertigen Batterietester k\u00f6nnen Sie den Ladezustand Ihrer Batterie in Sekundenschnelle \u00fcberpr\u00fcfen. Er ist einfach zu bedienen und liefert genaue Ergebnisse, die Ihnen helfen, die richtigen Entscheidungen bei der Wartung Ihres Fahrzeugs zu treffen.<\/li>\n<li>2 x Kelvin-Clips mit Kupferkern komplett: Die Kelvin-Clips mit Kupferkern, die Ihrem Tester beiliegen, sind von hoher Qualit\u00e4t und sorgen f\u00fcr eine zuverl\u00e4ssige und stabile Verbindung, wenn Sie Ihre Tests durchf\u00fchren.<\/li>\n<li>1 x Benutzerhandbuch: Das mitgelieferte Handbuch f\u00fchrt Sie Schritt f\u00fcr Schritt durch die Funktionen und Schritte, die Sie ben\u00f6tigen, um einen Test genau durchzuf\u00fchren. Es bietet Ihnen au\u00dferdem n\u00fctzliche Informationen zur Pflege und Wartung Ihres Batterietesters.<\/li>\n<li>Erhalten Sie alles, was Sie brauchen, um noch heute damit zu beginnen, den Ladezustand Ihres Akkus mit diesem Tool zu \u00fcberpr\u00fcfen!<\/li>\n<\/ul>","protected":false},"excerpt":{"rendered":"<p>Ihr Auto stand etwas zu lange still, oder vielleicht haben Sie in der Garage eine alte Batterie Ihres Motorrads gefunden? Wenn Sie einen Austausch der Batterie in Erw\u00e4gung ziehen, sollten Sie zun\u00e4chst ihren Zustand \u00fcberpr\u00fcfen! Es k\u00f6nnte sein, dass Sie sie selbst nach einiger Zeit und, wie es scheinen mag, nach einer vollst\u00e4ndigen Entladung noch retten k\u00f6nnen. Mit dem BT360-Tester beseitigen Sie alle Zweifel und stellen eine klare Diagnose. Mit der Funktion, w\u00e4hrend des Motorstarts zu messen, k\u00f6nnen Sie au\u00dferdem einsch\u00e4tzen, ob eine scheinbar effiziente Batterie einen anstrengenden Start \u00fcberstehen kann - und so ein noch genaueres Ergebnis erzielen. Das Ger\u00e4t ist einfach und intuitiv zu bedienen und daher f\u00fcr jeden unerfahrenen Heimwerker geeignet. Wenn Sie Angst haben, das Ger\u00e4t aus Versehen zu besch\u00e4digen - keine Sorge! Der Verpolungsschutz bewahrt Sie davor, einen Fehler zu begehen. Z\u00f6gern Sie nicht l\u00e4nger und f\u00fcgen Sie den Tester BT360 Ihrem Werkzeugbestand hinzu!<\/p>","protected":false},"featured_media":665,"comment_status":"open","ping_status":"closed","template":"","meta":{"_seopress_robots_primary_cat":"none","_seopress_titles_title":"Testeur de batterie AUTOOL\u00a0BT360 12V [Outil de diagnostic AUTO]","_seopress_titles_desc":"Le testeur de batterie AUTOOL BT360 12V vous offre la possibilit\u00e9 de diagnostic de l&#039;\u00e9tat de sant\u00e9 de votre batterie automobile et de son niveau de charge.","_seopress_robots_index":""},"product_brand":[],"product_cat":[25,26],"product_tag":[],"class_list":{"0":"post-605","1":"product","2":"type-product","3":"status-publish","4":"has-post-thumbnail","6":"product_cat-outils-diagnostic-specifiques","7":"product_cat-testeur-batterie","9":"first","10":"instock","11":"featured","12":"shipping-taxable","13":"purchasable","14":"product-type-simple"},"_links":{"self":[{"href":"https:\/\/auto-diagnostic-obd.com\/de\/wp-json\/wp\/v2\/product\/605","targetHints":{"allow":["GET"]}}],"collection":[{"href":"https:\/\/auto-diagnostic-obd.com\/de\/wp-json\/wp\/v2\/product"}],"about":[{"href":"https:\/\/auto-diagnostic-obd.com\/de\/wp-json\/wp\/v2\/types\/product"}],"replies":[{"embeddable":true,"href":"https:\/\/auto-diagnostic-obd.com\/de\/wp-json\/wp\/v2\/comments?post=605"}],"wp:featuredmedia":[{"embeddable":true,"href":"https:\/\/auto-diagnostic-obd.com\/de\/wp-json\/wp\/v2\/media\/665"}],"wp:attachment":[{"href":"https:\/\/auto-diagnostic-obd.com\/de\/wp-json\/wp\/v2\/media?parent=605"}],"wp:term":[{"taxonomy":"product_brand","embeddable":true,"href":"https:\/\/auto-diagnostic-obd.com\/de\/wp-json\/wp\/v2\/product_brand?post=605"},{"taxonomy":"product_cat","embeddable":true,"href":"https:\/\/auto-diagnostic-obd.com\/de\/wp-json\/wp\/v2\/product_cat?post=605"},{"taxonomy":"product_tag","embeddable":true,"href":"https:\/\/auto-diagnostic-obd.com\/de\/wp-json\/wp\/v2\/product_tag?post=605"}],"curies":[{"name":"wp","href":"https:\/\/api.w.org\/{rel}","templated":true}]}}