{"id":10937,"date":"2024-09-07T14:43:17","date_gmt":"2024-09-07T12:43:17","guid":{"rendered":"https:\/\/auto-diagnostic-obd.com\/?page_id=10937"},"modified":"2026-03-27T11:05:06","modified_gmt":"2026-03-27T10:05:06","slug":"formulaire-de-retractation","status":"publish","type":"page","link":"https:\/\/auto-diagnostic-obd.com\/fr\/formulaire-de-retractation\/","title":{"rendered":"Formulaire de r\u00e9tractation"},"content":{"rendered":"<div class=\"et_pb_section_0 et_pb_section et_section_regular et_block_section preset--module--divi-section--default\"><div class=\"et_pb_row_0 et_pb_row et_block_row preset--module--divi-row--default\"><div class=\"et_pb_column_0 et_pb_column et_pb_column_4_4 et-last-child et_block_column et_pb_css_mix_blend_mode_passthrough\"><div class=\"et_pb_text_0 et_pb_text et_pb_bg_layout_light et_pb_module et_block_module preset--module--divi-text--default\"><div class=\"et_pb_text_inner\"><p><!-- divi:paragraph --><\/p>\n<p><strong><a href=\"https:\/\/auto-diagnostic-obd.com\/wp-content\/uploads\/2024\/07\/Formulaire-de-retractation-AUTO-DIAGNOSTIC-OBD.pdf\">Cliquez ici pour t\u00e9l\u00e9charger ce formulaire au format .pdf : Formulaire de r\u00e9tractation AUTO-DIAGNOSTIC-OBD<\/a><\/strong><\/p>\n<p><!-- \/divi:paragraph --><\/p>\n<p><!-- divi:heading --><\/p>\n<h2 class=\"wp-block-heading\">Formulaire de r\u00e9tractation<\/h2>\n<p><!-- \/divi:heading --><\/p>\n<p><!-- divi:paragraph --><\/p>\n<p>Veuillez compl\u00e9ter et renvoyer le pr\u00e9sent formulaire uniquement si vous souhaitez vous r\u00e9tracter du contrat conclu sur notre site internet :<\/p>\n<p><!-- \/divi:paragraph --><\/p>\n<p><!-- divi:paragraph --><\/p>\n<p><strong>Par courrier \u00e0 l'attention de la soci\u00e9t\u00e9 EI INNOV-TECH (AUTO-DIAGNOSTIC-OBD) dirig\u00e9 par TURYK Mark<\/strong><br \/><strong>Par adresse \u00e9lectronique : contact@auto-diagnostic-obd.com<\/strong><\/p>\n<p><!-- \/divi:paragraph --><\/p>\n<p><!-- divi:paragraph --><\/p>\n<p>Je vous notifie par la pr\u00e9sente ma r\u00e9tractation du contrat portant sur la vente des produits ci-dessous :<br \/>\u2026\u2026\u2026\u2026\u2026\u2026\u2026\u2026\u2026\u2026\u2026\u2026\u2026\u2026\u2026\u2026\u2026\u2026\u2026\u2026\u2026\u2026\u2026\u2026\u2026\u2026\u2026\u2026\u2026\u2026\u2026\u2026\u2026\u2026\u2026\u2026\u2026\u2026\u2026\u2026\u2026\u2026\u2026\u2026\u2026\u2026\u2026\u2026\u2026\u2026\u2026\u2026\u2026\u2026\u2026\u2026\u2026\u2026\u2026\u2026\u2026\u2026\u2026\u2026\u2026\u2026\u2026\u2026\u2026\u2026\u2026\u2026\u2026\u2026\u2026\u2026\u2026\u2026..\u2026\u2026\u2026\u2026\u2026\u2026\u2026\u2026\u2026\u2026\u2026\u2026\u2026\u2026\u2026\u2026\u2026\u2026\u2026\u2026\u2026\u2026\u2026\u2026\u2026\u2026\u2026\u2026\u2026\u2026\u2026\u2026\u2026\u2026\u2026\u2026\u2026\u2026\u2026\u2026\u2026\u2026\u2026\u2026\u2026\u2026\u2026\u2026\u2026\u2026\u2026\u2026\u2026\u2026\u2026\u2026\u2026\u2026\u2026\u2026\u2026\u2026\u2026\u2026\u2026\u2026\u2026\u2026\u2026\u2026\u2026\u2026\u2026\u2026\u2026\u2026\u2026\u2026\u2026\u2026\u2026\u2026\u2026\u2026\u2026\u2026\u2026\u2026\u2026\u2026\u2026\u2026\u2026\u2026\u2026\u2026\u2026\u2026\u2026\u2026\u2026\u2026\u2026\u2026\u2026\u2026\u2026\u2026\u2026\u2026\u2026\u2026\u2026\u2026\u2026\u2026\u2026\u2026\u2026\u2026\u2026\u2026\u2026\u2026\u2026\u2026\u2026\u2026\u2026\u2026\u2026\u2026\u2026\u2026\u2026\u2026\u2026\u2026\u2026\u2026\u2026\u2026\u2026\u2026\u2026\u2026\u2026\u2026\u2026\u2026\u2026\u2026\u2026\u2026\u2026\u2026\u2026\u2026\u2026\u2026\u2026\u2026\u2026\u2026\u2026\u2026\u2026\u2026\u2026\u2026\u2026\u2026\u2026\u2026\u2026\u2026\u2026\u2026\u2026\u2026\u2026\u2026\u2026\u2026\u2026\u2026\u2026\u2026\u2026\u2026\u2026\u2026\u2026\u2026\u2026\u2026\u2026\u2026\u2026\u2026\u2026\u2026\u2026\u2026\u2026\u2026\u2026\u2026\u2026\u2026\u2026\u2026\u2026\u2026\u2026\u2026\u2026\u2026\u2026\u2026\u2026\u2026\u2026\u2026\u2026\u2026\u2026\u2026\u2026\u2026\u2026\u2026\u2026\u2026\u2026\u2026\u2026\u2026\u2026\u2026\u2026\u2026\u2026\u2026\u2026\u2026\u2026\u2026\u2026\u2026\u2026\u2026\u2026\u2026\u2026\u2026\u2026\u2026\u2026\u2026\u2026\u2026\u2026\u2026\u2026\u2026\u2026\u2026\u2026\u2026\u2026\u2026\u2026\u2026\u2026\u2026\u2026\u2026\u2026\u2026\u2026\u2026\u2026\u2026\u2026\u2026\u2026\u2026\u2026\u2026\u2026\u2026\u2026\u2026\u2026\u2026\u2026\u2026\u2026\u2026\u2026\u2026\u2026\u2026\u2026\u2026\u2026\u2026\u2026\u2026\u2026\u2026\u2026\u2026\u2026\u2026\u2026\u2026\u2026\u2026\u2026\u2026\u2026\u2026\u2026\u2026\u2026\u2026\u2026\u2026\u2026\u2026\u2026\u2026\u2026\u2026\u2026\u2026\u2026\u2026\u2026\u2026\u2026\u2026\u2026\u2026\u2026\u2026\u2026\u2026\u2026\u2026\u2026\u2026\u2026\u2026\u2026\u2026\u2026\u2026\u2026\u2026\u2026\u2026\u2026\u2026\u2026\u2026\u2026\u2026\u2026\u2026\u2026\u2026\u2026\u2026\u2026\u2026\u2026\u2026\u2026\u2026\u2026<\/p>\n<p><!-- \/divi:paragraph --><\/p>\n<p><!-- divi:paragraph --><\/p>\n<p><strong>Command\u00e9 le :<\/strong><\/p>\n<p><!-- \/divi:paragraph --><\/p>\n<p><!-- divi:paragraph --><\/p>\n<p><strong>Re\u00e7u le :<\/strong><\/p>\n<p><!-- \/divi:paragraph --><\/p>\n<p><!-- divi:paragraph --><\/p>\n<p><strong>Votre nom :<\/strong><\/p>\n<p><!-- \/divi:paragraph --><\/p>\n<p><!-- divi:paragraph --><\/p>\n<p><strong>Num\u00e9ro de commande :<\/strong><\/p>\n<p><!-- \/divi:paragraph --><\/p>\n<p><!-- divi:paragraph --><\/p>\n<p><strong>Votre adresse :<\/strong><\/p>\n<p><!-- \/divi:paragraph --><\/p>\n<p><!-- divi:paragraph --><\/p>\n<p><strong>Signature du Client (uniquement en cas de notification du pr\u00e9sent formulaire sur papier) :<\/strong><\/p>\n<p><!-- \/divi:paragraph --><\/p>\n<p><!-- divi:paragraph --><\/p>\n<p><strong>Date :<\/strong><\/p>\n<p><!-- \/divi:paragraph --><\/p>\n<p><!-- divi:separator --><\/p>\n<hr class=\"wp-block-separator has-alpha-channel-opacity\"\/>\n<!-- \/divi:separator --><\/p>\n<p><!-- divi:paragraph --><\/p>\n<p>INFORMATIONS CONCERNANT L'EXERCICE DU DROIT DE R\u00c9TRACTATION PAR LE CLIENT<\/p>\n<p><!-- \/divi:paragraph --><\/p>\n<p><!-- divi:paragraph --><\/p>\n<p><em>Droit de r\u00e9tractation<\/em><\/p>\n<p><!-- \/divi:paragraph --><\/p>\n<p><!-- divi:paragraph --><\/p>\n<p>Vous avez le droit de vous r\u00e9tracter de votre Commande sans donner de motif dans un d\u00e9lai de quatorze (14) jours. Le d\u00e9lai de r\u00e9tractation expire quatorze (14) jours apr\u00e8s le jour o\u00f9 vous-m\u00eame ou un tiers autre que le transporteur et d\u00e9sign\u00e9 par vous, prend physiquement possession du(des) Produit(s) (ou en cas de livraison s\u00e9par\u00e9e de Produit(s) d\u2019une m\u00eame commande, possession du dernier Produit).<\/p>\n<p><!-- \/divi:paragraph --><\/p>\n<p><!-- divi:paragraph --><\/p>\n<p>Pour exercer le droit de r\u00e9tractation, vous devez nous notifier votre d\u00e9cision de vous r\u00e9tracter de votre Commande au moyen d\u2019une d\u00e9claration d\u00e9nu\u00e9e d'ambigu\u00eft\u00e9 (par exemple, courrier \u00e9lectronique ou lettre envoy\u00e9e par la Poste) envoy\u00e9e soit<\/p>\n<p><!-- \/divi:paragraph --><\/p>\n<p><!-- divi:paragraph --><\/p>\n<p><strong>-par courrier \u00e9lectronique adress\u00e9 \u00e0 : contact@auto-diagnostic-obd.com<\/strong><br \/><strong>-par courrier postal adress\u00e9 \u00e0 s : INNOV-TECH (TURYK Mark), 35 AVENUE DU PUY DE DOME, 63100 CLERMONT-FERRAND France<\/strong><\/p>\n<p><!-- \/divi:paragraph --><\/p>\n<p><!-- divi:paragraph --><\/p>\n<p>Vous pouvez utiliser le mod\u00e8le de formulaire de r\u00e9tractation mais ce n'est pas obligatoire. Vous pouvez \u00e9galement remplir et transmettre le mod\u00e8le de formulaire de r\u00e9tractation ou toute autre d\u00e9claration d\u00e9nu\u00e9e d'ambigu\u00eft\u00e9 sur notre site internet auto-diagnostic-obd.com. Si vous utilisez cette option, nous vous enverrons sans d\u00e9lai un accus\u00e9 de r\u00e9ception de la r\u00e9tractation par courriel. Pour que le d\u00e9lai de r\u00e9tractation soit respect\u00e9, il suffit que vous transmettiez votre communication relative \u00e0 l'exercice du droit de r\u00e9tractation avant l'expiration du d\u00e9lai de r\u00e9tractation.<\/p>\n<p><!-- \/divi:paragraph --><\/p>\n<p><!-- divi:paragraph --><\/p>\n<p><em>Effets de la r\u00e9tractation<\/em><\/p>\n<p><!-- \/divi:paragraph --><\/p>\n<p><!-- divi:paragraph --><\/p>\n<p>En cas de r\u00e9tractation de votre part de la Commande en cours, nous vous rembourserons tous les paiements re\u00e7us de vous, y compris les frais de livraison sans retard excessif et, en tout \u00e9tat de cause, au plus tard quatorze (14) jours \u00e0 compter du jour o\u00f9 nous sommes inform\u00e9s de votre d\u00e9cision de r\u00e9tractation de la Commande. Nous proc\u00e9derons au remboursement en utilisant le m\u00eame moyen de paiement que celui que vous aurez utilis\u00e9 pour la transaction initiale, sauf si vous convenez express\u00e9ment d'un moyen diff\u00e9rent ; en tout \u00e9tat de cause, ce remboursement n'occasionnera pas de frais pour vous. Nous pouvons diff\u00e9rer le remboursement jusqu'\u00e0 ce que nous ayons re\u00e7u le Produit ou jusqu'\u00e0 ce que vous ayez fourni une preuve d'exp\u00e9dition du Produit, la date retenue \u00e9tant celle du premier de ces faits.<\/p>\n<p><!-- \/divi:paragraph --><\/p>\n<p><!-- divi:paragraph --><\/p>\n<p>Vous devrez renvoyer ou rendre le Produit, \u00e0 nous-m\u00eames sans retard excessif et, en tout \u00e9tat de cause, au plus tard quatorze (14) jours apr\u00e8s que vous nous aurez communiqu\u00e9 votre d\u00e9cision de vous r\u00e9tracter de votre Commande. Ce d\u00e9lai est respect\u00e9 si vous renvoyez le(s) Produit(s) concern\u00e9(s) avant l'expiration du d\u00e9lai de quatorze (14) jours.<\/p>\n<p><!-- \/divi:paragraph --><\/p>\n<p><!-- divi:paragraph --><\/p>\n<p>Vous prendrez en charge les frais de renvoi du(des) Produit(s) concern\u00e9(s).<\/p>\n<p><!-- \/divi:paragraph --><\/p>\n<p><!-- divi:paragraph --><\/p>\n<p>Votre responsabilit\u00e9 n'est engag\u00e9e qu'\u00e0 l'\u00e9gard de la d\u00e9pr\u00e9ciation du(des) Produit(s) concern\u00e9(s) r\u00e9sultant de manipulations autres que celles n\u00e9cessaires pour \u00e9tablir la nature et les caract\u00e9ristiques de ce(s) Produit(s).<\/p>\n<p><!-- \/divi:paragraph --><\/p>\n<\/div><\/div><\/div><\/div><\/div>","protected":false},"excerpt":{"rendered":"","protected":false},"author":1,"featured_media":0,"parent":0,"menu_order":0,"comment_status":"closed","ping_status":"closed","template":"","meta":{"_seopress_robots_primary_cat":"","_seopress_titles_title":"","_seopress_titles_desc":"","_seopress_robots_index":"yes","footnotes":""},"class_list":["post-10937","page","type-page","status-publish","hentry"],"_links":{"self":[{"href":"https:\/\/auto-diagnostic-obd.com\/fr\/wp-json\/wp\/v2\/pages\/10937","targetHints":{"allow":["GET"]}}],"collection":[{"href":"https:\/\/auto-diagnostic-obd.com\/fr\/wp-json\/wp\/v2\/pages"}],"about":[{"href":"https:\/\/auto-diagnostic-obd.com\/fr\/wp-json\/wp\/v2\/types\/page"}],"author":[{"embeddable":true,"href":"https:\/\/auto-diagnostic-obd.com\/fr\/wp-json\/wp\/v2\/users\/1"}],"replies":[{"embeddable":true,"href":"https:\/\/auto-diagnostic-obd.com\/fr\/wp-json\/wp\/v2\/comments?post=10937"}],"version-history":[{"count":1,"href":"https:\/\/auto-diagnostic-obd.com\/fr\/wp-json\/wp\/v2\/pages\/10937\/revisions"}],"predecessor-version":[{"id":19285,"href":"https:\/\/auto-diagnostic-obd.com\/fr\/wp-json\/wp\/v2\/pages\/10937\/revisions\/19285"}],"wp:attachment":[{"href":"https:\/\/auto-diagnostic-obd.com\/fr\/wp-json\/wp\/v2\/media?parent=10937"}],"curies":[{"name":"wp","href":"https:\/\/api.w.org\/{rel}","templated":true}]}}