{"id":127,"date":"2023-05-11T13:06:50","date_gmt":"2023-05-11T11:06:50","guid":{"rendered":"https:\/\/auto-diagnostic-obd.com\/?page_id=127"},"modified":"2026-03-27T11:05:01","modified_gmt":"2026-03-27T10:05:01","slug":"mentions-legales","status":"publish","type":"page","link":"https:\/\/auto-diagnostic-obd.com\/fr\/mentions-legales\/","title":{"rendered":"Mentions l\u00e9gales"},"content":{"rendered":"\n<div class=\"et_pb_section_0 et_pb_section et_section_regular et_block_section preset--module--divi-section--b38d81d1-6b9d-4861-b42d-f0d8e23e9b92\"><div class=\"et_pb_row_0 et_pb_row et_block_row preset--module--divi-row--95aff1c8-c3fb-43ee-9dd9-e91736fee0a3\"><div class=\"et_pb_column_0 et_pb_column et_pb_column_4_4 et-last-child et_block_column et_pb_css_mix_blend_mode_passthrough\"><div class=\"et_pb_text_0 et_pb_text et_pb_bg_layout_dark et_pb_module et_block_module preset--module--divi-text--default\"><div class=\"et_pb_text_inner\"><h1>Mentions l\u00e9gales<\/H1><\/p>\n<\/div><\/div><\/div><\/div><\/div><div class=\"et_pb_section_1 et_pb_section et_section_regular et_block_section preset--module--divi-section--de740758-2089-44d9-a629-cab464c8f8bc\"><div class=\"et_pb_row_1 et_pb_row et_block_row preset--module--divi-row--abe4330f-8b4d-4d65-a0d5-f3385f248e49\"><div class=\"et_pb_column_1 et_pb_column et_pb_column_4_4 et-last-child et_block_column et_pb_css_mix_blend_mode_passthrough\"><div class=\"et_pb_text_1 et_pb_text et_pb_bg_layout_light et_pb_module et_block_module preset--module--divi-text--ec04cb4e-bbd6-4936-8296-f572f9e511f6\"><div class=\"et_pb_text_inner\"><p>Conform\u00e9ment aux dispositions de la loi n\u00b0 2004-575 du 21 juin 2004 pour la confiance en l'\u00e9conomie num\u00e9rique, il est pr\u00e9cis\u00e9 aux utilisateurs du site AUTO-DIAGNOSTIC-OBD l'identit\u00e9 des diff\u00e9rents intervenants dans le cadre de sa r\u00e9alisation et de son suivi.<\/p>\n<h3>Edition du site<\/h3>\n<p>Le pr\u00e9sent site, accessible \u00e0 l\u2019URL https:\/\/auto-diagnostic-obd.com\/ (le \u00ab Site \u00bb), est \u00e9dit\u00e9 par :<\/p>\n<p>EI INNOV-TECH, 35 Av. du Puy de D\u00f4me, 63100 Clermont-Ferrand, France dirig\u00e9 par TURYK Mark, inscrite au R.C.S. de Clermont-Ferrand sous le num\u00e9ro 818 675 639.<\/p>\n<h3>H\u00e9bergement<\/h3>\n<p>Le Site est h\u00e9berg\u00e9 par la soci\u00e9t\u00e9 O2Switch, situ\u00e9 222 Boulevard Gustave Flaubert, 63000 Clermont-Ferrand, (contact t\u00e9l\u00e9phonique ou email : (+33) 4 44 44 60 40).<\/p>\n<h3>Directeur de publication<\/h3>\n<p>Le Directeur de la publication du Site est Mark TURYK.<\/p>\n<h3>Nous contacter<\/h3>\n<p><strong>Par Chat<\/strong> : 5\/7 Jours 8 \u00e0 18h (Service Client)<br \/><strong>Par email<\/strong> : <a href=\"mailto:contact@auto-diagnostic-obd.com\">contact@auto-diagnostic-obd.com (Service Client)<\/a><br \/><strong>Par t\u00e9l\u00e9phone :<\/strong> +33651988943<br \/><strong>Par courrier : <\/strong><br \/>EI INNOV-TECH (TURYK Mark)<br \/>35 Av. du Puy de D\u00f4me<br \/>63100 Clermont-Ferrand, France<\/p>\n<h3>Donn\u00e9es personnelles<\/h3>\n<p>Le traitement des donn\u00e9es \u00e0 caract\u00e8re personnel est soumis \u00e0 notre Charte du respect de la vie priv\u00e9e, conforme au R\u00e8glement G\u00e9n\u00e9ral sur la Protection des Donn\u00e9es 2016\/679 du 27 avril 2016 (\u00abRGPD\u00bb). Cette charte est accessible depuis la section \u00ab<a href=\"https:\/\/auto-diagnostic-obd.com\/politique-de-confidentialite\/\"> <strong>Politique de confidentialit\u00e9<\/strong><\/a> \u00bb.<br \/><span><\/span><\/p>\n<h3>M\u00e9diateur de la consommation<\/h3>\n<p>En cas de litige non r\u00e9solu entre le professionnel et le consommateur, le consommateur peut recourir \u00e0 un m\u00e9diateur de la consommation. Conform\u00e9ment \u00e0 l\u2019article L.616-1 du Code de la consommation, le professionnel garantit au consommateur le recours effectif \u00e0 un dispositif de m\u00e9diation de la consommation.<\/p>\n<p>Le m\u00e9diateur comp\u00e9tent pour l\u2019entreprise EI INNOV-TECH est le Centre de la M\u00e9diation de la Consommation de Conciliateurs de Justice (CM2C). Le consommateur peut contacter ce m\u00e9diateur pour tout litige relatif \u00e0 une commande ou \u00e0 un contrat de vente conclu avec le professionnel.<\/p>\n<p>Adresse : 49 Rue de Ponthieu, 75008 Paris<br \/>Repr\u00e9sent\u00e9 par : Monsieur Ren\u00e9 Jalin, Pr\u00e9sident<\/p>\n<p>Par ailleurs, le consommateur peut \u00e9galement utiliser la plateforme de r\u00e8glement en ligne des litiges de l\u2019Union europ\u00e9enne (RLL) disponible \u00e0 l\u2019adresse suivante : <a href=\"https:\/\/ec.europa.eu\/consumers\/odr\/main\/\"><strong>Plateforme RLL.<\/strong><\/a><\/p>\n<h3><span>Propri\u00e9t\u00e9 intellectuelle et utilisation de ressources tierces<br \/><\/span><\/h3>\n<p>Les informations relatives \u00e0 la propri\u00e9t\u00e9 intellectuelle, incluant les images, vid\u00e9os et textes utilis\u00e9s sur ce site, sont r\u00e9parties comme suit :<\/p>\n<ul>\n<li>Certaines de ces ressources sont la propri\u00e9t\u00e9 de AUTO-DIAGNOSTIC-OBD.<\/li>\n<li>D'autres ressources sont fournies par nos partenaires et fournisseurs, dont les droits de propri\u00e9t\u00e9 intellectuelle leur appartiennent.<\/li>\n<li>Certaines ressources sont des images, vid\u00e9os ou textes libres de droits, utilis\u00e9es conform\u00e9ment aux licences appropri\u00e9es.<\/li>\n<\/ul>\n<p>Nous nous engageons \u00e0 respecter les droits de propri\u00e9t\u00e9 intellectuelle et \u00e0 obtenir les autorisations n\u00e9cessaires lors de l'utilisation de ressources qui ne nous appartiennent pas. Si vous constatez une violation de droits d'auteur ou si vous avez des questions concernant la propri\u00e9t\u00e9 intellectuelle sur notre site, veuillez nous contacter \u00e0 l'adresse suivante :<span>\u00a0<\/span><a href=\"mailto:contact@auto-diagnostic-obd.com\" target=\"_blank\" rel=\"noopener\">contact@auto-diagnostic-obd.com<\/a>.<\/p>\n<h3><span>\u00a0<\/span><\/h3>\n<\/div><\/div><\/div><\/div><\/div>\n","protected":false},"excerpt":{"rendered":"","protected":false},"author":1,"featured_media":0,"parent":0,"menu_order":0,"comment_status":"closed","ping_status":"closed","template":"","meta":{"_seopress_robots_primary_cat":"","_seopress_titles_title":"","_seopress_titles_desc":"","_seopress_robots_index":"yes","footnotes":""},"class_list":["post-127","page","type-page","status-publish","hentry"],"_links":{"self":[{"href":"https:\/\/auto-diagnostic-obd.com\/fr\/wp-json\/wp\/v2\/pages\/127","targetHints":{"allow":["GET"]}}],"collection":[{"href":"https:\/\/auto-diagnostic-obd.com\/fr\/wp-json\/wp\/v2\/pages"}],"about":[{"href":"https:\/\/auto-diagnostic-obd.com\/fr\/wp-json\/wp\/v2\/types\/page"}],"author":[{"embeddable":true,"href":"https:\/\/auto-diagnostic-obd.com\/fr\/wp-json\/wp\/v2\/users\/1"}],"replies":[{"embeddable":true,"href":"https:\/\/auto-diagnostic-obd.com\/fr\/wp-json\/wp\/v2\/comments?post=127"}],"version-history":[{"count":1,"href":"https:\/\/auto-diagnostic-obd.com\/fr\/wp-json\/wp\/v2\/pages\/127\/revisions"}],"predecessor-version":[{"id":19282,"href":"https:\/\/auto-diagnostic-obd.com\/fr\/wp-json\/wp\/v2\/pages\/127\/revisions\/19282"}],"wp:attachment":[{"href":"https:\/\/auto-diagnostic-obd.com\/fr\/wp-json\/wp\/v2\/media?parent=127"}],"curies":[{"name":"wp","href":"https:\/\/api.w.org\/{rel}","templated":true}]}}