{"id":87,"date":"2023-05-11T12:38:13","date_gmt":"2023-05-11T10:38:13","guid":{"rendered":"https:\/\/auto-diagnostic-obd.com\/?page_id=87"},"modified":"2026-03-27T11:04:55","modified_gmt":"2026-03-27T10:04:55","slug":"blog","status":"publish","type":"page","link":"https:\/\/auto-diagnostic-obd.com\/fr\/blog\/","title":{"rendered":"Blog"},"content":{"rendered":"\n<div class=\"et_pb_section_0 et_pb_section et_section_regular et_block_section preset--module--divi-section--b38d81d1-6b9d-4861-b42d-f0d8e23e9b92\"><div class=\"et_pb_row_0 et_pb_row et_block_row preset--module--divi-row--95aff1c8-c3fb-43ee-9dd9-e91736fee0a3\"><div class=\"et_pb_column_0 et_pb_column et_pb_column_1_2 et_block_column et_pb_css_mix_blend_mode_passthrough\"><div class=\"et_pb_text_0 et_pb_text et_pb_bg_layout_dark et_pb_module et_block_module preset--module--divi-text--a64da267-7139-46c8-b94f-22dc1673695d\"><div class=\"et_pb_text_inner\"><h1>D\u00e9couvrez le blog <span style=\"color: #ff0000;\">d'AUTO-DIAGNOSTIC-OBD<\/span><\/h1>\n<\/div><\/div><\/div><div class=\"et_pb_column_1 et_pb_column et_pb_column_1_2 et-last-child et_block_column et_pb_css_mix_blend_mode_passthrough\"><div class=\"et_pb_image_0 et_pb_image et_pb_module et_block_module\"><span class=\"et_pb_image_wrap\"><img loading=\"lazy\" decoding=\"async\" src=\"https:\/\/auto-diagnostic-obd.com\/wp-content\/uploads\/2023\/05\/cropped-Sans-titre-2.png\" width=\"512\" height=\"512\" srcset=\"https:\/\/auto-diagnostic-obd.com\/wp-content\/uploads\/2023\/05\/cropped-Sans-titre-2.png 512w, https:\/\/auto-diagnostic-obd.com\/wp-content\/uploads\/2023\/05\/cropped-Sans-titre-2-480x480.png 480w\" sizes=\"(min-width: 0px) and (max-width: 480px) 480px, (min-width: 481px) 512px, 100vw\" class=\"wp-image-61\" title=\"logo_ado.png\" alt=\"Logo AUTO-DIAGNOSTIC-OBD\" \/><\/span><\/div><\/div><\/div><\/div><div class=\"et_pb_section_1 et_pb_section et_section_regular et_block_section preset--module--divi-section--902ec16e-daf0-40b0-8611-8b5577ea5acc\"><div class=\"et_pb_row_1 et_pb_row et_block_row preset--module--divi-row--f1491037-5806-489a-9dbb-925045b014da\"><div class=\"et_pb_column_2 et_pb_column et_pb_column_4_4 et-last-child et_block_column et_pb_css_mix_blend_mode_passthrough\"><div class=\"et_pb_code_0 et_pb_code et_pb_module\"><div class=\"et_pb_code_inner\"><style>\n.dle-bl-60 > div {\n    \tdisplay: flex;\n    \tflex-wrap: wrap;\n}\n  \n.dle-bl-60 .entry-title, .dle-bl-60 .post-meta, .dle-bl-60 .post-content {\n   \t\tbackground: #fff;\n  \t\tbottom: 165px;\n    \tbox-shadow: 0px 12px 18px -6px rgba(0, 0, 0, 0.3);\n  \t\tfloat: right;\n    \tpadding: 10px 20px;\n    \tposition: relative;\n  \t\ttransition: all 0.5s;\n    \twidth: 60%;\n} \n  \n.dle-bl-60 .post-meta {\n  \t\tmargin-bottom: 0;\n    \tpadding: 0 20px 10px !important;\n}\n  \n.dle-bl-60 .et_pb_post:hover .entry-featured-image-url  {\n    \ttransform: translateY(20px) scale(1.1);\n}\n  \n.dle-bl-60 .et_pb_no_thumb .entry-title, .dle-bl-60 .et_pb_no_thumb .post-meta, .dle-bl-60 .et_pb_no_thumb .post-content, .dle-bl-60 .et_pb_no_thumb:hover .entry-title, .dle-bl-60 .et_pb_no_thumb:hover .post-meta, .dle-bl-60 .et_pb_no_thumb:hover .post-content {\n    \tbottom: 0 !important;\n}\n\n.dle-bl-60 .et_pb_post .entry-featured-image-url {\n    \tmargin: -50px 0 0;\n    \ttransition: all 0.5s;\n  \t\twidth: 80%;\n}\n  \n.dle-bl-60 .et_pb_post:hover .entry-title, .dle-bl-60 .et_pb_post:hover .post-content, .dle-bl-60 .et_pb_post:hover .post-meta {\n  \t\tbottom: 180px;\n}\n\n.dle-bl-60 a.more-link {\n    \tmargin-top: 20px;\n    \ttext-transform: capitalize;\n}\n  \n.dle-bl-60 .pagination.clearfix {\n  \t\tbottom: 0;\n  \t\tleft: 0;\n    \tposition: absolute;\n  \t\twidth: 100%;\n}\n  \n.dle-bl-60 .et_pb_post:nth-child(even) .entry-title, .dle-bl-60 .et_pb_post:nth-child(even) .post-meta, .dle-bl-60 .et_pb_post:nth-child(even) .post-content {\n      float: left;\n}\n  \n.dle-bl-60 .et_pb_post:nth-child(even) .entry-featured-image-url {\n    \tfloat: right;\n}\n  \n@media screen and (min-width: 981px) {\n  .dle-bl-60 .et_pb_post {\n      margin-bottom: 0;\n      width: 48%;\n\t}\n  \n  .dle-bl-60 .et_pb_no_thumb {\n    \t\tmargin-bottom: 100px;\n  }\n    \n \t.dle-bl-60 .et_pb_post:not(:nth-child(2n)) {\n      \tmargin-right: 4%;\n \t}\n}\n  \n@media screen and (max-width: 980px) {\n\t\t.dle-bl-60 .entry-title {\n      \tpadding: 10px 15px;\n\t\t}\n    \n\t\t.dle-bl-60 .post-content {\n      \tpadding: 0 15px 10px;\n\t\t}\n  \n  \t.dle-bl-60 .et_pb_post .entry-featured-image-url {\n    \t\tmargin-top: -20px;\n  \t}\n  \n  \t.dle-bl-60 .et_pb_post {\n    \t\tmargin-bottom: 0;\n    \t\twidth: 46%;\n  \t}\n  \n  \t.dle-bl-60 .et_pb_no_thumb {\n    \t\tmargin-bottom: 65px;\n  \t}\n  \n  \t.dle-bl-60 .et_pb_post:hover .entry-title, .dle-bl-60 .et_pb_post:hover .post-content, .dle-bl-60 .et_pb_post:hover .post-meta {\n    \t\tbottom: 110px;\n  \t}\n  \n  \t.dle-bl-60 .et_pb_post:not(:nth-child(2n)) {\n    \t\tmargin-right: 8%;\n  \t}\n    \n\t\t.dle-bl-60 .post-meta {\n      \tpadding: 0 15px 10px !important;\n  \t}\n  \n  \t.dle-bl-60 .et_pb_post .entry-featured-image-url {\n    \t\twidth: 90%;\n  \t}\n  \n  \t.dle-bl-60 .entry-title, .dle-bl-60 .post-meta, .dle-bl-60 .post-content {\n      \tbottom: 65px;\n    \t\twidth: 85%;\n  \t}\n  \n  \t.dle-bl-60 .pagination.clearfix {\n  \t\t\tbottom: -20px;\n\t\t}\n}\n\n @media screen and (max-width: 767px) {\n    .dle-bl-60 .et_pb_post {\n      \twidth: 100%;\n    }\n    \n    .dle-bl-60 .et_pb_post:not(:nth-child(2n)) {\n    \t\tmargin-right: 0;\n  \t}\n    \n    .dle-bl-60 .et_pb_post:nth-child(even) .entry-featured-image-url {\n      \tfloat: left;\n    }\n    \n    .dle-bl-60 .et_pb_post:nth-child(even) .entry-title, .dle-bl-60 .et_pb_post:nth-child(even) .post-meta, .dle-bl-60 .et_pb_post:nth-child(even) .post-content   {\n      \tfloat: right;\n    }\n    \n  .dle-bl-60 .et_pb_post:hover .entry-title, .dle-bl-60 .et_pb_post:hover .post-content, .dle-bl-60 .et_pb_post:hover .post-meta {\n    bottom: 130px;\n  }\n}\n<\/style><\/div><\/div><div class=\"et_pb_blog_0 et_pb_blog et_pb_bg_layout_light et_pb_text_align_left et_pb_posts et_pb_module dle-bl-60\"><div class=\"et_pb_ajax_pagination_container\"><div class=\"et_pb_posts et_block_module\"><article class=\"et_pb_post et_pb_post_id_240 clearfix et_pb_blog_item_0_0 post-240 post type-post status-publish format-standard has-post-thumbnail hentry category-non-classe\"><a href=\"https:\/\/auto-diagnostic-obd.com\/fr\/evolution-obd1-obd2-simplification-identification-resolution-problemes\/\" class=\"entry-featured-image-url\"><img loading=\"lazy\" decoding=\"async\" src=\"https:\/\/auto-diagnostic-obd.com\/wp-content\/uploads\/2023\/05\/De-lOBD1-a-lOBD2-Comment-levolution-des-systemes-de-diagnostic-automobile-a-simplifie-lidentification-et-la-resolution-des-problemes.jpg\" width=\"800\" height=\"675\" alt=\"De l&#039;OBD1 \u00e0 l&#039;OBD2 Comment l&#039;\u00e9volution des syst\u00e8mes de diagnostic automobile a simplifi\u00e9 l&#039;identification et la r\u00e9solution des probl\u00e8mes.\" class=\"et_pb_post_main_image\" \/><span data-icon=\"\ue050\" class=\"et_overlay et_pb_inline_icon\"><\/span><\/a><h2 class=\"entry-title\"><a href=\"https:\/\/auto-diagnostic-obd.com\/fr\/evolution-obd1-obd2-simplification-identification-resolution-problemes\/\">De l&rsquo;OBD1 \u00e0 l&rsquo;OBD2 : Comment l&rsquo;\u00e9volution des syst\u00e8mes de diagnostic automobile a simplifi\u00e9 l&rsquo;identification et la r\u00e9solution des probl\u00e8mes<\/a><\/h2><p class=\"post-meta\"><\/p><div class=\"post-content\"><div class=\"post-content-inner\"><\/div><\/div><\/article><article class=\"et_pb_post et_pb_post_id_233 clearfix et_pb_blog_item_0_1 post-233 post type-post status-publish format-standard has-post-thumbnail hentry category-non-classe\"><a href=\"https:\/\/auto-diagnostic-obd.com\/fr\/codes-dtc-marques-automobiles-populaires-signification-toyota-ford-chevrolet-bmw\/\" class=\"entry-featured-image-url\"><img loading=\"lazy\" decoding=\"async\" src=\"https:\/\/auto-diagnostic-obd.com\/wp-content\/uploads\/2023\/05\/Guide-pratique-pour-eviter-les-problemes-de-moteur-Surveillez-les-codes-DTC-et-effectuez-un-entretien-regulier.jpg\" width=\"800\" height=\"675\" alt=\"Guide pratique pour \u00e9viter les probl\u00e8mes de moteur Surveillez les codes DTC et effectuez un entretien r\u00e9gulier\" class=\"et_pb_post_main_image\" \/><span data-icon=\"\ue050\" class=\"et_overlay et_pb_inline_icon\"><\/span><\/a><h2 class=\"entry-title\"><a href=\"https:\/\/auto-diagnostic-obd.com\/fr\/codes-dtc-marques-automobiles-populaires-signification-toyota-ford-chevrolet-bmw\/\">Comprendre les codes DTC des marques automobiles populaires : D\u00e9couvrez la signification des codes de diagnostic pour Toyota, Ford, Chevrolet, BMW et plus encore<\/a><\/h2><p class=\"post-meta\"><\/p><div class=\"post-content\"><div class=\"post-content-inner\"><\/div><\/div><\/article><article class=\"et_pb_post et_pb_post_id_220 clearfix et_pb_blog_item_0_2 post-220 post type-post status-publish format-standard has-post-thumbnail hentry category-non-classe\"><a href=\"https:\/\/auto-diagnostic-obd.com\/fr\/guide-pratique-eviter-problemes-moteur-codes-dtc-entretien-regulier\/\" class=\"entry-featured-image-url\"><img loading=\"lazy\" decoding=\"async\" src=\"https:\/\/auto-diagnostic-obd.com\/wp-content\/uploads\/2023\/05\/Dechiffrer-les-codes-DTC-comprendre-les-differentes-categories-P-B-C-U.jpg\" width=\"800\" height=\"675\" alt=\"D\u00e9chiffrer les codes DTC comprendre les diff\u00e9rentes cat\u00e9gories (P, B, C, U)\" class=\"et_pb_post_main_image\" \/><span data-icon=\"\ue050\" class=\"et_overlay et_pb_inline_icon\"><\/span><\/a><h2 class=\"entry-title\"><a href=\"https:\/\/auto-diagnostic-obd.com\/fr\/guide-pratique-eviter-problemes-moteur-codes-dtc-entretien-regulier\/\">Guide pratique pour \u00e9viter les probl\u00e8mes de moteur : Surveillez les codes DTC et effectuez un entretien r\u00e9gulier<\/a><\/h2><p class=\"post-meta\"><\/p><div class=\"post-content\"><div class=\"post-content-inner\"><\/div><\/div><\/article><article class=\"et_pb_post et_pb_post_id_198 clearfix et_pb_blog_item_0_3 post-198 post type-post status-publish format-standard has-post-thumbnail hentry category-non-classe\"><a href=\"https:\/\/auto-diagnostic-obd.com\/fr\/dechiffrer-codes-dtc-categories-p-b-c-u\/\" class=\"entry-featured-image-url\"><img loading=\"lazy\" decoding=\"async\" src=\"https:\/\/auto-diagnostic-obd.com\/wp-content\/uploads\/2023\/05\/Blog_Comprendre_les_codes_DTC.jpg\" width=\"800\" height=\"675\" alt=\"Deux hommes r\u00e9parant une voiture. Image illustrant l&#039;article du blog : Comprendre les codes DTC.\" class=\"et_pb_post_main_image\" \/><span data-icon=\"\ue050\" class=\"et_overlay et_pb_inline_icon\"><\/span><\/a><h2 class=\"entry-title\"><a href=\"https:\/\/auto-diagnostic-obd.com\/fr\/dechiffrer-codes-dtc-categories-p-b-c-u\/\">D\u00e9chiffrer les codes DTC : comprendre les diff\u00e9rentes cat\u00e9gories (P, B, C, U)<\/a><\/h2><p class=\"post-meta\"><\/p><div class=\"post-content\"><div class=\"post-content-inner\"><\/div><\/div><\/article><article class=\"et_pb_post et_pb_post_id_191 clearfix et_pb_blog_item_0_4 post-191 post type-post status-publish format-standard has-post-thumbnail hentry category-non-classe\"><a href=\"https:\/\/auto-diagnostic-obd.com\/fr\/comprendre-codes-defaut-obd-guide-passionnes-automobile\/\" class=\"entry-featured-image-url\"><img loading=\"lazy\" decoding=\"async\" src=\"https:\/\/auto-diagnostic-obd.com\/wp-content\/uploads\/2023\/05\/\ud83d\ude97-Comprendre-les-codes-defaut-OBD-Guide-pour-les-passionnes-dautomobile-\ud83d\udee0\ufe0f.jpg\" width=\"800\" height=\"675\" alt=\"\ud83d\ude97 Comprendre les codes d\u00e9faut OBD Guide pour les passionn\u00e9s d&#039;automobile \ud83d\udee0\ufe0f\" class=\"et_pb_post_main_image\" \/><span data-icon=\"\ue050\" class=\"et_overlay et_pb_inline_icon\"><\/span><\/a><h2 class=\"entry-title\"><a href=\"https:\/\/auto-diagnostic-obd.com\/fr\/comprendre-codes-defaut-obd-guide-passionnes-automobile\/\">Comprendre les codes d\u00e9faut OBD : Guide pour les passionn\u00e9s d&rsquo;automobile<\/a><\/h2><p class=\"post-meta\"><\/p><div class=\"post-content\"><div class=\"post-content-inner\"><\/div><\/div><\/article><article class=\"et_pb_post et_pb_post_id_180 clearfix et_pb_blog_item_0_5 post-180 post type-post status-publish format-standard has-post-thumbnail hentry category-non-classe\"><a href=\"https:\/\/auto-diagnostic-obd.com\/fr\/meilleurs-lecteurs-obd2-diagnostiquer-vehicule-guide-complet-choisir\/\" class=\"entry-featured-image-url\"><img loading=\"lazy\" decoding=\"async\" src=\"https:\/\/auto-diagnostic-obd.com\/wp-content\/uploads\/2023\/05\/\ud83d\udd27-Les-meilleurs-lecteurs-OBD2-pour-diagnostiquer-votre-vehicule-Guide-complet-pour-bien-choisir-\ud83d\ude97.jpg\" width=\"800\" height=\"675\" alt=\"\ud83d\udd27 Les meilleurs lecteurs OBD2 pour diagnostiquer votre v\u00e9hicule Guide complet pour bien choisir \ud83d\ude97\" class=\"et_pb_post_main_image\" \/><span data-icon=\"\ue050\" class=\"et_overlay et_pb_inline_icon\"><\/span><\/a><h2 class=\"entry-title\"><a href=\"https:\/\/auto-diagnostic-obd.com\/fr\/meilleurs-lecteurs-obd2-diagnostiquer-vehicule-guide-complet-choisir\/\">Les meilleurs lecteurs OBD2 pour diagnostiquer votre v\u00e9hicule : Guide complet pour bien choisir<\/a><\/h2><p class=\"post-meta\"><\/p><div class=\"post-content\"><div class=\"post-content-inner\"><\/div><\/div><\/article><\/div><div class=\"pagination clearfix\">\n\t<div class=\"alignleft\"><a href=\"https:\/\/auto-diagnostic-obd.com\/fr\/wp-json\/wp\/v2\/pages\/87\/page\/2\/?et_blog\" >&laquo; Entr\u00e9es Plus Anciennes<\/a><\/div>\n\t<div class=\"alignright\"><\/div>\n<\/div><\/div><\/div><\/div><\/div><\/div>\n","protected":false},"excerpt":{"rendered":"","protected":false},"author":1,"featured_media":0,"parent":0,"menu_order":0,"comment_status":"closed","ping_status":"closed","template":"","meta":{"_seopress_robots_primary_cat":"","_seopress_titles_title":"Blog AUTO-DIAGNOSTIC-OBD - Une ressource utile pour votre voiture","_seopress_titles_desc":"Le blog AUTO-DIAGNOSTIC-OBD est d\u00e9di\u00e9 au diagnostic, \u00e0 la r\u00e9paration et \u00e0 l&#039;entretien automobile. C&#039;est un endroit o\u00f9 tout le monde peut trouver des conseils, des avis sur l&#039;\u00e9quipement et de l&#039;aide pour les codes de diagnostic.","_seopress_robots_index":"","footnotes":""},"class_list":["post-87","page","type-page","status-publish","hentry"],"_links":{"self":[{"href":"https:\/\/auto-diagnostic-obd.com\/fr\/wp-json\/wp\/v2\/pages\/87","targetHints":{"allow":["GET"]}}],"collection":[{"href":"https:\/\/auto-diagnostic-obd.com\/fr\/wp-json\/wp\/v2\/pages"}],"about":[{"href":"https:\/\/auto-diagnostic-obd.com\/fr\/wp-json\/wp\/v2\/types\/page"}],"author":[{"embeddable":true,"href":"https:\/\/auto-diagnostic-obd.com\/fr\/wp-json\/wp\/v2\/users\/1"}],"replies":[{"embeddable":true,"href":"https:\/\/auto-diagnostic-obd.com\/fr\/wp-json\/wp\/v2\/comments?post=87"}],"version-history":[{"count":1,"href":"https:\/\/auto-diagnostic-obd.com\/fr\/wp-json\/wp\/v2\/pages\/87\/revisions"}],"predecessor-version":[{"id":19278,"href":"https:\/\/auto-diagnostic-obd.com\/fr\/wp-json\/wp\/v2\/pages\/87\/revisions\/19278"}],"wp:attachment":[{"href":"https:\/\/auto-diagnostic-obd.com\/fr\/wp-json\/wp\/v2\/media?parent=87"}],"curies":[{"name":"wp","href":"https:\/\/api.w.org\/{rel}","templated":true}]}}