{"id":315,"date":"2023-05-11T16:07:41","date_gmt":"2023-05-11T14:07:41","guid":{"rendered":"https:\/\/auto-diagnostic-obd.com\/?post_type=product&#038;p=315"},"modified":"2023-05-11T17:41:22","modified_gmt":"2023-05-11T15:41:22","slug":"valise-de-diagnostic-obd2-launch-cr3008","status":"publish","type":"product","link":"https:\/\/auto-diagnostic-obd.com\/fr\/produit\/valise-de-diagnostic-obd2-launch-cr3008\/","title":{"rendered":"Valise de diagnostic automobile OBD2 Launch CR3008 Creader [Lecteur de code, Fonction test batterie, Scanner OBDII, Mise \u00e0 jour gratuite \u00e0 vie]"},"content":{"rendered":"<p>Maximisez les performances de votre automobile avec le nec plus ultra du bo\u00eetier de diagnostic automobile\u00a0CR3008 OBD2. Cet appareil de niveau professionnel vous aidera \u00e0 identifier et \u00e0 d\u00e9panner les d\u00e9faillances du moteur, \u00e0 lire et \u00e0 effacer les codes et \u00e0 \u00e9conomiser de l\u2019argent en \u00e9vitant des r\u00e9parations co\u00fbteuses. Avec une mise \u00e0 jour gratuite \u00e0 vie, vous aurez toujours les informations les plus r\u00e9centes en main, ce qui rend cet instrument parfait pour tous ceux qui cherchent \u00e0 faire fonctionner leur voiture de mani\u00e8re optimale. Prenez le contr\u00f4le de votre v\u00e9hicule d\u00e8s aujourd\u2019hui avec la valise de scan\u00a0OBD2 de chez launch\u2009!<\/p>\n<p>&nbsp;<\/p>\n<h2>Pourquoi choisir le scanner\u00a0OBD2 diagnostic LAUNCH Creader\u00a0CR3008, quels sont les avantages\u2009?<\/h2>\n<p>Le LAUNCH\u00a03008 est un outil d\u2019analyse de diagnostic universel et r\u00e9volutionnaire con\u00e7u pour fournir des diagnostics complets pour plusieurs v\u00e9hicules. Cet appareil convivial prend en charge les 10\u00a0modes de test OBD sur n\u2019importe quel v\u00e9hicule compatible OBDII, ce qui en fait un choix id\u00e9al pour les propri\u00e9taires de voitures et les m\u00e9caniciens. Avec ses fonctionnalit\u00e9s avanc\u00e9es et sa conception intuitive, le scanner LAUNCH\u00a0CR3008 simplifie le processus d\u2019identification avec pr\u00e9cision pour n\u2019importe quelle t\u00e2che, permettant une transition en douceur d\u2019un mode \u00e0 l\u2019autre sans tracas. Investissez dans des performances de premier ordre d\u00e8s aujourd\u2019hui et tirez le meilleur parti de votre v\u00e9hicule avec le LAUNCH\u00a0CR3008.<\/p>\n<h3>Prise en charge de plusieurs langues<\/h3>\n<p>Le LAUNCH\u00a0CR3008 OBD2 offre une prise en charge multilingue pour une gamme d\u2019utilisateurs internationaux, y compris l\u2019anglais, le Fran\u00e7ais, le russe, l\u2019espagnol, l\u2019allemand, le japonais et le portugais. Gr\u00e2ce \u00e0 cette capacit\u00e9 linguistique, les utilisateurs du monde entier peuvent profiter d\u2019une exp\u00e9rience utilisateur transparente avec une efficacit\u00e9 maximale.<\/p>\n<h3>Une conception robuste et \u00e9prouv\u00e9e<\/h3>\n<p>Le CR3008 est un bo\u00eetier convivial, \u00e9quip\u00e9 de touches de raccourci I\/M et d\u2019un \u00e9cran couleur \u00e9clatante pour un maximum de commodit\u00e9. Gr\u00e2ce \u00e0 sa conception r\u00e9fl\u00e9chie, les utilisateurs peuvent interagir intuitivement avec l\u2019appareil, ce qui rend les op\u00e9rations complexes plus faciles que jamais. Les touches de raccourci polyvalentes et l\u2019affichage vif offrent une exp\u00e9rience attrayante qui am\u00e9liore la productivit\u00e9 et simplifie l\u2019ex\u00e9cution rapide des t\u00e2ches. Dans l\u2019ensemble, la CR3008 est le choix id\u00e9al pour tous ceux qui recherchent une solution technologique fiable, efficace et impressionnante.<\/p>\n<h3>Une interface intuitive et pratique<\/h3>\n<p>L\u2019assistant de test d\u2019\u00e9mission est \u00e9quip\u00e9 de LED rouge-jaune-vert et d\u2019un haut-parleur int\u00e9gr\u00e9 pour indiquer clairement l\u2019\u00e9tat du moniteur d\u2019\u00e9mission. Que l\u2019\u00e9quipement soit en train de collecter des donn\u00e9es ou que des anomalies aient \u00e9t\u00e9 d\u00e9tect\u00e9es, ces indicateurs fourniront des informations pr\u00e9cieuses afin que vous puissiez prendre des d\u00e9cisions \u00e9clair\u00e9es lorsqu\u2019il s\u2019agit d\u2019assurer la conformit\u00e9 r\u00e9glementaire. Avec ce syst\u00e8me avanc\u00e9 en place, vous pouvez \u00eatre confiant dans la pr\u00e9cision et la fiabilit\u00e9 de vos r\u00e9sultats.<\/p>\n<h3>Pas besoin d\u2019alimentation externe, l\u2019appareil est autoaliment\u00e9 par votre v\u00e9hicule.<\/h3>\n<p>Aucune batterie suppl\u00e9mentaire n\u2019est n\u00e9cessaire, le scanner de voiture OBDII est aliment\u00e9 directement par la puissance de l\u2019allumage de votre v\u00e9hicule, \u00e9liminant ainsi le besoin d\u2019une alimentation ext\u00e9rieure. Faites l\u2019exp\u00e9rience d\u2019une proc\u00e9dure d\u2019installation plug-and-play simple sans perte de temps lors de la configuration, gr\u00e2ce \u00e0 notre conception conviviale. Profitez d\u2019une int\u00e9gration transparente avec votre syst\u00e8me actuel sans sacrifier les performances ou la qualit\u00e9. Investissez dans une solution sans tracas qui favorise l\u2019efficacit\u00e9 et la commodit\u00e9 \u2014 d\u00e9couvrez le scanner de voiture OBDII d\u00e8s aujourd\u2019hui\u2009!<\/p>\n<h3>Imprimez vos rapports de diagnostic\u2009!<\/h3>\n<p>Le scanner de diagnostic OBD est un outil puissant pour d\u00e9tecter et diagnostiquer les probl\u00e8mes dans les moteurs automobiles. Gr\u00e2ce \u00e0 sa connexion par c\u00e2ble USB, l\u2019appareil peut g\u00e9n\u00e9rer un rapport d\u00e9taill\u00e9 des informations pertinentes qui peuvent \u00eatre imprim\u00e9es pour une inspection plus approfondie. Contrairement \u00e0 d\u2019autres scanners qui se limitent \u00e0 la simple lecture de codes, notre appareil offre un aper\u00e7u complet de l\u2019\u00e9tat de votre voiture, vous permettant de mieux comprendre les probl\u00e8mes potentiels. Avec l\u2019outil de diagnostic personnel, vous avez la possibilit\u00e9 d\u2019obtenir des r\u00e9sultats pr\u00e9cis et fiables qui peuvent vous aider \u00e0 prendre des d\u00e9cisions \u00e9clair\u00e9es lorsqu\u2019il s\u2019agit de maintenir l\u2019int\u00e9grit\u00e9 de votre v\u00e9hicule.<\/p>\n<h3>Compatible avec 99\u00a0% des v\u00e9hicules apr\u00e8s 1996<\/h3>\n<p>Le CR3008 est un outil de diagnostic avanc\u00e9 de poche qui offre des capacit\u00e9s OBDII\/EOBD compl\u00e8tes. Il r\u00e9pond aux principales normes de l\u2019industrie, notamment ISO9141-2, ISO14230-4, SAEJ1850 et ISO\u00a015765-4, tout en offrant une pl\u00e9thore de fonctionnalit\u00e9s telles que son \u00e9cran couleur de 2,8\u00a0pouces avec diffusion de donn\u00e9es graphiques, interface USB, \u00e9volutivit\u00e9 Internet et enregistrement et relecture de donn\u00e9es. De plus, l\u2019appareil affiche la tension de la batterie de voiture en temps r\u00e9el et peut \u00eatre connect\u00e9 \u00e0 une imprimante pour imprimer des donn\u00e9es.<\/p>\n<h3>Un outil pour les professionnels et les particuliers\u2009!<\/h3>\n<p>L\u2019outil de diagnostic auto CR3008 est un atout inestimable pour les m\u00e9caniciens professionnels et ceux qui s\u2019occupent de l\u2019entretien automobile \u00e0 la maison, car il comporte des milliers de conseils de code de d\u00e9pannage accessibles par un seul bouton. L\u2019interface conviviale facilite encore plus le diagnostic rapide et pr\u00e9cis des probl\u00e8mes les plus d\u00e9licats. Ce sera le choix incontournable pour chaque famille et technicien professionnel.<\/p>\n<h2>Caract\u00e9ristiques techniques du lecteur de code launch Creader\u00a03008 OBDII\u00a0:<\/h2>\n<p>\u2013\u00a0Lire et effacer les codes d\u2019erreur du moteur ou des \u00e9missions pour diagnostiquer efficacement les probl\u00e8mes de voyants de contr\u00f4le du moteur<\/p>\n<p>\u2013\u00a0Rechercher les codes g\u00e9n\u00e9riques, sp\u00e9cifiques au fabricant et en attente, ainsi que r\u00e9cup\u00e9rer les fonctions\u00a0OBD2 connexes<\/p>\n<p>\u2013\u00a0Affichez le flux de donn\u00e9es PCM en direct, les lectures de capteurs et les donn\u00e9es d\u2019arr\u00eat sur image pour identifier facilement la cause premi\u00e8re des pannes de moteur<\/p>\n<p>\u2013\u00a0Effectuer des tests de surveillance en temps r\u00e9el, des v\u00e9rifications de la tension de la batterie, des tests du syst\u00e8me EVAP et plus encore<\/p>\n<p>\u2013\u00a0R\u00e9cup\u00e9rer les informations du v\u00e9hicule telles que le code VIN et d\u2019autres sp\u00e9cifications<\/p>\n<p>\u2013\u00a0D\u00e9panner avec des astuces de code utiles pour r\u00e9duire le temps de diagnostic et de r\u00e9paration<\/p>\n<p>\u2013\u00a0Internet Update permet des updates \u00e0 vie et la compatibilit\u00e9 avec tous les syst\u00e8mes Windows<\/p>\n<p>\u2013\u00a0Imprimez les codes d\u2019anomalie stock\u00e9s, les arr\u00eats sur image et les rapports de lecture de donn\u00e9es en direct via PC<\/p>\n<h3>Prise en charge de la voiture des protocoles OBD2 suivants :<\/h3>\n<p>1. SAE J1850 PWM(41.6Kbaud)<\/p>\n<p>2. SAE J1850 VPW(10.4Kbaud)<\/p>\n<p>3. ISO9141-2(5\u00a0baud init, 10.4Kbaud)<\/p>\n<p>4. ISO14230-4 KWP(5 baud init,10.4 Kbaud)<\/p>\n<p>5. ISO14230-4 KWP(fast init,10.4 Kbaud)<\/p>\n<p>6. ISO15765-4 CAN(11bit ID,500 Kbaud)<\/p>\n<p>7. ISO15765-4 CAN(29bit ID,500 Kbaud)<\/p>\n<p>8. ISO15765-4 CAN(11bit ID,250 Kbaud)<\/p>\n<p>9. ISO15765-4 CAN(29bit ID,250 Kbaud)<\/p>\n<p>&nbsp;<\/p>\n<h3>Le package Launch CR30018 comprend :<\/h3>\n<p>1 x Launch\u00a0CR30018<\/p>\n<p>1 x C\u00e2ble\u00a0OBD2<\/p>\n<p>1 x C\u00e2ble\u00a0USB<\/p>\n<p>1 x Manuel d\u2019utilisation<\/p>\n","protected":false},"excerpt":{"rendered":"<p>Le scanner X431 CR3008 est un appareil professionnel qui mettra fin \u00e0 vos inqui\u00e9tudes concernant la fiabilit\u00e9 de votre v\u00e9hicule. Beaucoup d\u2019automobilistes, et surtout les propri\u00e9taires de voitures un peu plus anciennes, connaissent la sensation qu&rsquo;ils \u00e9prouvent lorsque, au milieu d&rsquo;un voyage avec de nombreux kilom\u00e8tres encore \u00e0 parcourir, une lumi\u00e8re rouge appara\u00eet soudainement. C\u2019est le voyant moteur indiquant un dysfonctionnement &#8211; une visite chez le m\u00e9canicien le plus proche est recommand\u00e9e. Malheureusement, cela se produit \u00e9galement dans des voitures enti\u00e8rement neuves. Surcharg\u00e9s d&rsquo;\u00e9lectronique, les mod\u00e8les modernes coupent le courant au moindre d\u00e9r\u00e8glement et immobilisent la voiture.<br \/>\nLa solution ? Le scanner X431 CR3008. Cet outil puissant vous permettra de diagnostiquer et g\u00e9rer les codes affich\u00e9s par le v\u00e9hicule. De plus, il dispose \u00e9galement d&rsquo;une fonction de lecture de flux de donn\u00e9es PCM en temps r\u00e9el ! Il vous laisse \u00e9galement la possibilit\u00e9 d\u2019enregistrer et d\u2019imprimer les informations r\u00e9colt\u00e9es.<br \/>\nAlors n&rsquo;h\u00e9sitez plus et faites un pas vers une conduite plus confiante, sans la moindre surprise en cours de route. Soyez pr\u00eat \u00e0 faire face \u00e0 toutes les circonstances.<\/p>\n","protected":false},"featured_media":344,"comment_status":"open","ping_status":"closed","template":"","meta":{"_seopress_robots_primary_cat":"none","_seopress_titles_title":"Valise de diagnostic automobile OBD2 Launch CR3008 Creader","_seopress_titles_desc":"Le lecteur de code Launch Creader CR3008 est un outil de num\u00e9risation OBDII complet. Il est id\u00e9al pour scanner tous les codes OBD2 d\u00e9faillant.","_seopress_robots_index":""},"product_brand":[],"product_cat":[30],"product_tag":[],"class_list":{"0":"post-315","1":"product","2":"type-product","3":"status-publish","4":"has-post-thumbnail","6":"product_cat-valise-de-diagnostic-obd","8":"first","9":"instock","10":"shipping-taxable","11":"purchasable","12":"product-type-simple"},"_links":{"self":[{"href":"https:\/\/auto-diagnostic-obd.com\/fr\/wp-json\/wp\/v2\/product\/315","targetHints":{"allow":["GET"]}}],"collection":[{"href":"https:\/\/auto-diagnostic-obd.com\/fr\/wp-json\/wp\/v2\/product"}],"about":[{"href":"https:\/\/auto-diagnostic-obd.com\/fr\/wp-json\/wp\/v2\/types\/product"}],"replies":[{"embeddable":true,"href":"https:\/\/auto-diagnostic-obd.com\/fr\/wp-json\/wp\/v2\/comments?post=315"}],"wp:featuredmedia":[{"embeddable":true,"href":"https:\/\/auto-diagnostic-obd.com\/fr\/wp-json\/wp\/v2\/media\/344"}],"wp:attachment":[{"href":"https:\/\/auto-diagnostic-obd.com\/fr\/wp-json\/wp\/v2\/media?parent=315"}],"wp:term":[{"taxonomy":"product_brand","embeddable":true,"href":"https:\/\/auto-diagnostic-obd.com\/fr\/wp-json\/wp\/v2\/product_brand?post=315"},{"taxonomy":"product_cat","embeddable":true,"href":"https:\/\/auto-diagnostic-obd.com\/fr\/wp-json\/wp\/v2\/product_cat?post=315"},{"taxonomy":"product_tag","embeddable":true,"href":"https:\/\/auto-diagnostic-obd.com\/fr\/wp-json\/wp\/v2\/product_tag?post=315"}],"curies":[{"name":"wp","href":"https:\/\/api.w.org\/{rel}","templated":true}]}}