{"id":359,"date":"2023-05-11T16:24:10","date_gmt":"2023-05-11T14:24:10","guid":{"rendered":"https:\/\/auto-diagnostic-obd.com\/?post_type=product&#038;p=359"},"modified":"2024-08-28T09:57:05","modified_gmt":"2024-08-28T07:57:05","slug":"valise-de-diagnostic-obd2-launch-crp123e","status":"publish","type":"product","link":"https:\/\/auto-diagnostic-obd.com\/fr\/produit\/valise-de-diagnostic-obd2-launch-crp123e\/","title":{"rendered":"Valise de diagnostic automobile Launch\u00a0CRP123E OBD2 Creader [Lire et effacer les codes, Scanner OBD, SRS, ABS, Airbag, Mise \u00e0 jour gratuite \u00e0 vie]"},"content":{"rendered":"<p>Le scanner\u00a0OBD2 launch CRP123E est un must pour tout technicien automobile ou bricoleur. Cette technologie puissante offre une pr\u00e9cision et une exactitude accrues aux diagnostics du moteur, \u00e0 la transmission, \u00e0 l\u2019ABS et au SRS, \u00e9liminant ainsi les conjectures li\u00e9es \u00e0 la r\u00e9solution de probl\u00e8mes complexes. Un outil aussi avanc\u00e9 vous donne la confiance n\u00e9cessaire pour entreprendre facilement les t\u00e2ches les plus intimidantes, garantissant un r\u00e9sultat r\u00e9ussi \u00e0 chaque fois. Investir dans le X431 CRP123E, c\u2019est investir dans votre succ\u00e8s. L\u2019entretien automobile professionnel commence ici \u2014 ajoutez-le \u00e0 votre \u00e9tabli d\u00e8s aujourd\u2019hui\u2009!<\/p>\n<p>&nbsp;<\/p>\n<h2>D\u00e9couvrez la puissance des solutions de diagnostic professionnelles avec le Launch\u00a0CRP123E<\/h2>\n<p>Le scanner Launch CRP123E OBD2 est un outil de diagnostic intelligent pour la m\u00e9canique, offrant une gamme compl\u00e8te de fonctions bas\u00e9es sur la plate-forme Android. Ce lecteur de code avanc\u00e9 met \u00e0 l\u2019\u00e9preuve 57 constructeurs de v\u00e9hicules automobiles et ajoute le puissant avantage de la lecture d\u2019infos en continu pour quatre syst\u00e8mes : moteur\/transmission\/ABS\/SRS. De plus, avec cet outil d\u2019analyse, les m\u00e9caniciens ont acc\u00e8s \u00e0 des rapports utiles sur les v\u00e9hicules, ce qui leur permet d\u2019\u00e9viter des r\u00e9parations inutiles et d\u2019optimiser leur temps et leur budget.<\/p>\n<p>L\u2019appareil est tout autant con\u00e7u pour un usage professionnel que particulier. Si vous \u00eates un m\u00e9canicien, l\u2019outil vous permettra d\u2019obtenir les donn\u00e9es les plus pr\u00e9cises, ainsi que de g\u00e9n\u00e9rer et de partager directement le rapport de diagnostic \u00e0 vos clients ou techniciens. En tant que bricoleur, vous pouvez disposer d\u2019informations compl\u00e8tes concernant votre voiture, mieux communiquer avec votre garagiste ou entreprendre vous-m\u00eame des r\u00e9parations. C\u2019est si simple que \u00e7a\u2009!<\/p>\n<ol>\n<li>Le syst\u00e8me d\u2019exploitation Android 7.0 de cet outil offre une r\u00e9ponse pour des performances sans pr\u00e9c\u00e9dent. Il am\u00e9liore consid\u00e9rablement le fonctionnement et offre une meilleure r\u00e9activit\u00e9 et une vitesse plus rapide qu\u2019auparavant. Les utilisateurs peuvent ex\u00e9cuter des applications plus complexes avec une consommation de batterie minimale. Son \u00e9cran tactile facilite son utilisation, sans l\u2019aide d\u2019un ordinateur, et fournit un fonctionnement plus rapide, plus fluide et plus stable. Cela permet donc aux utilisateurs de gagner du temps.<\/li>\n<li>\u00a0Avec une mise \u00e0 niveau de sa batterie de 4000\u00a0mAh \u00e0 6100\u00a0mAh, le LAUNCH\u00a0CRP123 fonctionne de mani\u00e8re fiable et durable. Gr\u00e2ce \u00e0 cette capacit\u00e9 exceptionnelle, votre appareil a une dur\u00e9e de travail impressionnante.<\/li>\n<li>Le CRP123E est \u00e9quip\u00e9 d\u2019une m\u00e9moire pouvant atteindre les 16 Go, lui permettant alors de programmer une vari\u00e9t\u00e9 plus grande de v\u00e9hicules. De plus, le processeur s\u2019active avec une fr\u00e9quence allant jusqu\u2019\u00e0 1,1 Ghz ce qui am\u00e9liore la vitesse d\u2019ex\u00e9cution du scanner de voiture.<\/li>\n<li>Le CRP123E est dot\u00e9 d\u2019un \u00e9cran tactile 5,0 pouces au captivant visuel de 720P pour une analyse des probl\u00e8mes immersif et fluide.<\/li>\n<li>Mise \u00e0 jour du logiciel de voiture \u00e0 2019\/2020\/2021 et prend en charge plus de 10000+ v\u00e9hicules, y compris les voitures, les SUV, les minivans, les camionnettes 12v ainsi que les voitures \u00e0 essence et diesel : un total de 57+ marques couvertes.<\/li>\n<li>AutoVin tech simplifie la d\u00e9tection des v\u00e9hicules avec une rapidit\u00e9 et une pr\u00e9cision \u00e9tonnante. Sa capacit\u00e9 \u00e0 num\u00e9riser le num\u00e9ro d\u2019identification du v\u00e9hicule permet de r\u00e9duire spectaculairement les temps de diagnostic et facilite la r\u00e9solution rapide des probl\u00e8mes.<\/li>\n<li>\u00a0Profitez d\u2019une mise \u00e0 jour facile et rapide et \u00e0 vie du logiciel avec un simple clic n\u2019importe o\u00f9 et \u00e0 tout moment gr\u00e2ce au WIFI\u2009! Pas de restriction IP.<\/li>\n<li>\u00a0Gr\u00e2ce \u00e0 sa poign\u00e9e antid\u00e9rapante et sa coque antichute, le\u00a0scanner de Launch est plus robuste et r\u00e9sistant aux impacts. Cette conception renforce consid\u00e9rablement la dur\u00e9e de vie du scanner et est tr\u00e8s utile pour les m\u00e9tiers du d\u00e9pannage.<\/li>\n<li>Des ressources de maintenance en ligne offrent des comp\u00e9tences op\u00e9rationnelles, une aide DTC, un manuel de technique automobile, des cas de r\u00e9paration et des vid\u00e9os pratiques instructives.<\/li>\n<\/ol>\n<p>&nbsp;<\/p>\n<h2>4 Diagnostics du syst\u00e8me pour le moteur\/la transmission\/ABS\/SRS<\/h2>\n<h3>Diagnostic de l\u2019ABS<\/h3>\n<p>Le scanner LAUNCH Creader OBDII a acc\u00e8s au syst\u00e8me ABS afin de visualiser les donn\u00e9es en direct et d\u2019extraire des codes d\u2019erreur. Ainsi, il peut facilement diagnostiquer et r\u00e9soudre les dysfonctionnements relatifs \u00e0 l\u2019ABS par le biais d\u2019une analyse OBD2 des composants du frein qui m\u00e8nent \u00e0 l\u2019allumage et l\u2019extinction du t\u00e9moin d\u2019avertissement.<\/p>\n<h3>Diagnostic du SRS<\/h3>\n<p>Cet outil de diagnostic peut v\u00e9rifier l\u2019\u00e9tat de sant\u00e9 des param\u00e8tres \u00e9lectroniques du syst\u00e8me SRS afin de d\u00e9tecter tout probl\u00e8me potentiel rapidement et pr\u00e9venir votre s\u00e9curit\u00e9 en tant que conducteur, notamment en \u00e9teignant le voyant d\u2019avertissement de l\u2019Airbag.<\/p>\n<h3>Diagnostic du moteur<\/h3>\n<p>L\u2019outil de diagnostic peut faciliter l\u2019identification des raisons d\u2019un probl\u00e8me moteur et \u00e9teindre le voyant d\u2019avertissement associ\u00e9 imm\u00e9diatement. En lisant et effa\u00e7ant les codes DTC et en scrutant le flux de donn\u00e9es en direct, ce mode vous offrira une garantie de bon fonctionnement du moteur et am\u00e9liorera ses performances.<\/p>\n<h3>Diagnostic de la transmission<\/h3>\n<p>Cet outil peut contr\u00f4ler le syst\u00e8me de transmission, lire les codes pour r\u00e9soudre le probl\u00e8me, visualiser les informations en direct afin de v\u00e9rifier son \u00e9tat de sant\u00e9, envoyer \u00e0 votre bo\u00eete les param\u00e8tres voulus et s\u2019assurer que la puissance transmise aux roues est ad\u00e9quate face aux donn\u00e9es constructrices.<\/p>\n<h3>Diagnostic intelligent (D\u00e9tection automatique)<\/h3>\n<p>Identifie automatiquement le VIN de l\u2019automobile (CIN\/VIN\/CVN), lit les informations de version de l\u2019ECU.<\/p>\n<h3>D\u00e9verrouillez les diagnostics complets du syst\u00e8me moteur<\/h3>\n<p>\u2013\u00a0Les donn\u00e9es de diagnostic du groupe motopropulseur fournissent des informations essentielles sur le fonctionnement et l\u2019\u00e9tat du groupe motopropulseur d\u2019un v\u00e9hicule<\/p>\n<p>Les donn\u00e9es d\u2019image du groupe motopropulseur gel\u00e9es peuvent \u00eatre utilis\u00e9es pour examiner les cycles de conduite, analyser les codes d\u2019erreur et les tendances des \u00e9missions au fil du temps, et pr\u00e9dire les besoins futurs en \u00e9missions<\/p>\n<p>\u2013\u00a0Les codes de DTC des probl\u00e8mes d\u2019\u00e9missions sont importants pour identifier les probl\u00e8mes sous-jacents qui peuvent causer des probl\u00e8mes d\u2019\u00e9missions dans les v\u00e9hicules<\/p>\n<p>\u2013\u00a0L\u2019\u00e9limination ou la r\u00e9initialisation des informations de diagnostic li\u00e9es aux \u00e9missions peut aider \u00e0 recalibrer le syst\u00e8me et \u00e0 r\u00e9tablir des performances optimales<\/p>\n<p>\u2013\u00a0Les tests de surveillance des capteurs d\u2019oxyg\u00e8ne peuvent aider \u00e0 diagnostiquer les syst\u00e8mes associ\u00e9s au contr\u00f4le des \u00e9missions ainsi qu\u2019\u00e0 v\u00e9rifier les performances de livraison de carburant<\/p>\n<p>\u2013\u00a0Les r\u00e9sultats des tests de surveillance embarqu\u00e9s permettent aux techniciens de confirmer les informations disponibles sur une vari\u00e9t\u00e9 de param\u00e8tres li\u00e9s aux performances du syst\u00e8me<\/p>\n<p>\u2013\u00a0Les codes li\u00e9s \u00e9missions \u00e0 l\u2019\u00e9tat d\u2019\u00e9quilibre permettent d\u2019\u00e9tablir des diagnostics pr\u00e9cis de vos \u00e9missions.<\/p>\n<p>\u2013\u00a0Le contr\u00f4le du composant du syst\u00e8me embarqu\u00e9 est essentiel lorsqu\u2019il s\u2019agit d\u2019effectuer des diagnostics fiables et de r\u00e9soudre les probl\u00e8mes<\/p>\n<p>\u2013 Les informations sur le v\u00e9hicule sont n\u00e9cessaires non seulement pour des diagnostics complets, mais aussi pour fournir aux clients des attentes r\u00e9alistes en mati\u00e8re de r\u00e9parations et de services<\/p>\n<h3>Graphique de la tension de la batterie en temps r\u00e9el<\/h3>\n<p>V\u00e9rifiez l\u2019\u00e9tat de la batterie en temps r\u00e9el et \u00e9liminez les probl\u00e8mes li\u00e9s \u00e0 la batterie qui sont g\u00e9n\u00e9ralement facilement n\u00e9glig\u00e9s.<\/p>\n<h3>Mise \u00e0 jour gratuite \u00e0 vie Wifi<\/h3>\n<p>Il d\u00e9passe les incompatibilit\u00e9s li\u00e9es \u00e0 la mise \u00e0 jour par ordinateur en r\u00e9solvant le probl\u00e8me.<\/p>\n<p>La mise \u00e0 jour WiFi simplifi\u00e9e est plus rapide et facile lorsqu\u2019on se connecte au service sans fil. De plus, la version r\u00e9cente du logiciel est compatible avec une vari\u00e9t\u00e9 de mod\u00e8les allant des versions 2019 \u00e0 2021.<\/p>\n<h3>La prise en charge de plusieurs langues est fournie.<\/h3>\n<p>\u00c9liminer les barri\u00e8res linguistiques est facile \u2014 vous pouvez facilement passer \u00e0 l\u2019anglais, \u00e0 l\u2019espagnol, au Fran\u00e7ais, \u00e0 l\u2019allemand, \u00e0 l\u2019italien, au russe, au japonais, au cor\u00e9en ou au portugais.<\/p>\n<h3>Enregistrement, lecture et affichage de l\u2019historique<\/h3>\n<p>Le CRP123E a une caract\u00e9ristique majeure qui est sa capacit\u00e9 \u00e0 afficher les donn\u00e9es en direct et de les enregistrer sous forme d\u2019une onde. Cela vous fait gagner du temps puisque vous n\u2019avez pas \u00e0 lire et comprendre toutes les informations qui sont affich\u00e9es. Vous pouvez m\u00eame consulter ces donn\u00e9es pour une analyse plus approfondie, une rectification et une utilisation ult\u00e9rieure.<\/p>\n<h3>Google DTC Inside<\/h3>\n<p>Gr\u00e2ce au syst\u00e8me Google DTC int\u00e9gr\u00e9, une fois que vous avez les r\u00e9sultats, obtenez rapidement les informations d\u2019entretien \u00e0 effectuer.<\/p>\n<h3>Partage du rapport via le Wi-Fi<\/h3>\n<p>Plut\u00f4t que de perdre du temps, avec ce scanner LAUNCH, vous seriez facilement en mesure de g\u00e9n\u00e9rer des rapports de test \u00e0 vos clients ou techniciens via Wi-Fi.<\/p>\n<p>Les personnes int\u00e9ress\u00e9es pourront consulter un rapport de diagnostic complet, compr\u00e9hensible et d\u00e9taill\u00e9, avant de comprendre pr\u00e9cis\u00e9ment quelles sont les actions \u00e0 mettre en \u0153uvre.<\/p>\n<p>Fini le temps o\u00f9 vous deviez consacrer du temps et de l\u2019\u00e9nergie \u00e0 la recherche de solutions moins fiables sur Google.<\/p>\n<p>&nbsp;<\/p>\n<h2>Vous trouverez ci-dessous une liste des articles contenue dans le colis\u00a0:<\/h2>\n<ul>\n<li>1* CRP123E<\/li>\n<li>1* Sac de transport<\/li>\n<li>1* C\u00e2ble OBDII<\/li>\n<li>1* C\u00e2ble de charge<\/li>\n<li>1* Manuel de l\u2019utilisateur<\/li>\n<\/ul>\n","protected":false},"excerpt":{"rendered":"<p>Le lecteur des codes X431 CRP123E est un outil puissant permettant d\u2019effectuer les analyses et les diagnostics complets de votre voiture ou du v\u00e9hicule de votre client. Ce mod\u00e8le vous donnera la possibilit\u00e9 de lire les donn\u00e9es telles que, entre autres, le num\u00e9ro du VIN, afficher la tension de la batterie en temps r\u00e9el, tester le capteur O2, ainsi qu\u2019\u00e9teindre les voyants moteur, effacer les codes et r\u00e9initialiser les moniteurs !<\/p>\n<p>L&rsquo;appareil est tout autant con\u00e7u pour un usage professionnel que particulier. Si vous \u00eates un m\u00e9canicien l\u2019outil vous permettra d\u2019obtenir les donn\u00e9es les plus pr\u00e9cises, ainsi que de g\u00e9n\u00e9rer et de partager directement le rapport de diagnostic \u00e0 vos clients ou techniciens. En tant que bricoleur vous pouvez disposer d\u2019informations compl\u00e8tes concernant votre voiture, mieux communiquer avec votre garagiste ou entreprendre vous-m\u00eame des r\u00e9parations. C\u2019est si simple que \u00e7a\u00a0!<\/p>\n","protected":false},"featured_media":372,"comment_status":"open","ping_status":"closed","template":"","meta":{"_seopress_robots_primary_cat":"none","_seopress_titles_title":"Valise diagnostic automobile Launch CRP123E OBD2 Creader","_seopress_titles_desc":"Diagnostic automobile de qualit\u00e9 professionnelle avec le scanner Launch CRP123E OBD2. Fini les probl\u00e8mes ABS, SRS, d\u2019airbag, r\u00e9initialisation de l\u2019huile (Mise \u00e0 jour gratuite)","_seopress_robots_index":""},"product_brand":[],"product_cat":[30],"product_tag":[],"class_list":{"0":"post-359","1":"product","2":"type-product","3":"status-publish","4":"has-post-thumbnail","6":"product_cat-valise-de-diagnostic-obd","8":"first","9":"instock","10":"shipping-taxable","11":"purchasable","12":"product-type-simple"},"_links":{"self":[{"href":"https:\/\/auto-diagnostic-obd.com\/fr\/wp-json\/wp\/v2\/product\/359","targetHints":{"allow":["GET"]}}],"collection":[{"href":"https:\/\/auto-diagnostic-obd.com\/fr\/wp-json\/wp\/v2\/product"}],"about":[{"href":"https:\/\/auto-diagnostic-obd.com\/fr\/wp-json\/wp\/v2\/types\/product"}],"replies":[{"embeddable":true,"href":"https:\/\/auto-diagnostic-obd.com\/fr\/wp-json\/wp\/v2\/comments?post=359"}],"wp:featuredmedia":[{"embeddable":true,"href":"https:\/\/auto-diagnostic-obd.com\/fr\/wp-json\/wp\/v2\/media\/372"}],"wp:attachment":[{"href":"https:\/\/auto-diagnostic-obd.com\/fr\/wp-json\/wp\/v2\/media?parent=359"}],"wp:term":[{"taxonomy":"product_brand","embeddable":true,"href":"https:\/\/auto-diagnostic-obd.com\/fr\/wp-json\/wp\/v2\/product_brand?post=359"},{"taxonomy":"product_cat","embeddable":true,"href":"https:\/\/auto-diagnostic-obd.com\/fr\/wp-json\/wp\/v2\/product_cat?post=359"},{"taxonomy":"product_tag","embeddable":true,"href":"https:\/\/auto-diagnostic-obd.com\/fr\/wp-json\/wp\/v2\/product_tag?post=359"}],"curies":[{"name":"wp","href":"https:\/\/api.w.org\/{rel}","templated":true}]}}