{"id":415,"date":"2023-05-11T16:46:09","date_gmt":"2023-05-11T14:46:09","guid":{"rendered":"https:\/\/auto-diagnostic-obd.com\/?post_type=product&#038;p=415"},"modified":"2023-05-11T17:50:55","modified_gmt":"2023-05-11T15:50:55","slug":"stylo-testeur-de-liquide-frein-dot3-dot4-dot5-1","status":"publish","type":"product","link":"https:\/\/auto-diagnostic-obd.com\/fr\/produit\/stylo-testeur-de-liquide-frein-dot3-dot4-dot5-1\/","title":{"rendered":"Stylo testeur de liquide de frein DOT 5\/4\/3\/2\/1, ENV6, ENV4 [Mesure de l\u2019hygroscopie]"},"content":{"rendered":"<h2>D\u00e9couvrez les caract\u00e9ristiques de notre testeur de liquide de frein :<\/h2>\n<p>Le testeur de liquide de frein est un accessoire utile pour tous les propri\u00e9taires de v\u00e9hicules qui souhaitent contr\u00f4ler la qualit\u00e9 de leur fluide de frein. Il offre la possibilit\u00e9 de v\u00e9rifier rapidement le degr\u00e9 d\u2019humidit\u00e9 dans votre syst\u00e8me de freinage. Ce stylo testeur est facile d\u2019usage et affiche les r\u00e9sultats en quelques instants gr\u00e2ce \u00e0 ses LEDs vertes, jaunes et rouges qui indiquent l\u2019\u00e9tat de qualit\u00e9 du liquide de frein. Si la lumi\u00e8re est de couleur rouge, cela signifie qu\u2019il est temps de changer le liquide de frein.<\/p>\n<p>Ce testeur est compatible avec divers liquides de frein, comme le DOT3, le DOT4 et le DOT5, entre autres. Sa jauge d\u2019humidit\u00e9 int\u00e9gr\u00e9e permet d\u2019effectuer une v\u00e9rification minutieuse de la teneur en eau pr\u00e9sente dans le liquide de frein. Il est consid\u00e9r\u00e9 comme l\u2019un des meilleurs produits sur le march\u00e9 pour d\u00e9terminer la qualit\u00e9 des liquides de frein, qui est indispensable au bon fonctionnement du syst\u00e8me de freinage de votre v\u00e9hicule.<\/p>\n<p>L\u2019utilisation est ais\u00e9e : il suffit de plonger les \u00e9lectrodes dans le liquide de frein. La LED donne alors un aper\u00e7u pr\u00e9cis du pourcentage d\u2019eau pr\u00e9sent dans le liquide. Il est essentiel de se rem\u00e9morer que le liquide de frein est hygroscopique et peut se d\u00e9grader au fil du temps. Ainsi, pour assurer une capacit\u00e9 de freinage optimale, il est indispensable de v\u00e9rifier fr\u00e9quemment son \u00e9tat.<\/p>\n<p>Le testeur de liquide de frein est aliment\u00e9 par des piles AAA et est dot\u00e9 d\u2019un capuchon qui prot\u00e8ge les \u00e9lectrodes des \u00e9l\u00e9ments corrosifs. Con\u00e7u pour \u00eatre r\u00e9sistant et durable, il est parfait pour les m\u00e9caniciens et les propri\u00e9taires de v\u00e9hicules souhaitant surveiller l\u2019\u00e9tat de leur syst\u00e8me de freinage. Il est important de v\u00e9rifier la qualit\u00e9 du liquide de frein fr\u00e9quemment pour pr\u00e9server le bon fonctionnement de voiture. En outre, les recommandations du constructeur doivent \u00eatre respect\u00e9es pour remplacer le liquide de frein \u00e0 temps et conserver une stabilit\u00e9 \u00e0 des temp\u00e9ratures allant jusqu\u2019\u00e0 140 \u00b0C \u00e0 180 \u00b0C, le point d\u2019\u00e9bullition du liquide de frein.<\/p>\n<h2><\/h2>\n<h2>Caract\u00e9ristiques d\u00e9taill\u00e9es du testeur liquide de frein (Testeur hygroscopique) :<\/h2>\n<ul>\n<li>Couleur : Noir<\/li>\n<li>Taille : 150 mm<\/li>\n<li>Mat\u00e9riel : ABS de haute qualit\u00e9<\/li>\n<li>Alimentation : 1 pile AAA (non incluses)<\/li>\n<\/ul>\n<h3>Compatibles avec les fluides de freinage suivants :<\/h3>\n<ul>\n<li>DOT3<\/li>\n<li>DOT4<\/li>\n<li>DOT5<\/li>\n<li>DOT5.1<\/li>\n<li>ENV6<\/li>\n<li>ENV4<\/li>\n<\/ul>\n<h3>Tr\u00e8s simple \u00e0 interpr\u00e9t\u00e9 :<\/h3>\n<ol>\n<li>Vert (0%)<\/li>\n<li>Vert jaune (&lt;1%),<\/li>\n<li>Vert jaune jaune (1 %-2%)<\/li>\n<li>Vert jaune jaune rouge (2%-4%)<\/li>\n<li>Vert jaune jaune rouge rouge (&gt;4%)<\/li>\n<\/ol>\n<h3>Contenu du colis :<\/h3>\n<ol>\n<li>Un stylo testeur<\/li>\n<li>Manuel d&rsquo;instruction<\/li>\n<\/ol>\n","protected":false},"excerpt":{"rendered":"<p>Vous ne savez pas si votre liquide de frein est encore utilisable ? Devriez-vous le remplacer maintenant, ou attendre le prochain contr\u00f4le technique ? Nous n&rsquo;avons probablement pas besoin de vous rappeler \u00e0 quel point il est important, autant pour votre s\u00e9curit\u00e9, que celle des autres usagers de la route, d&rsquo;avoir des freins sains et op\u00e9rationnels\u2026 alors ne prenez pas de risques ! Le testeur de liquide de frein vous permettra d&rsquo;\u00e9valuer clairement si vous pouvez continuer \u00e0 rouler en toute s\u00e9curit\u00e9 ou s&rsquo;il est d\u00e9j\u00e0 n\u00e9cessaire de remplacer le liquide.<\/p>\n<p>Le Stylo testeur de liquide de frein DOT 5\/4\/3\/2\/1, ENV6, ENV4 mesure le pourcentage d&rsquo;humidit\u00e9 du liquide de frein, qui est d\u00e9termin\u00e9 \u00e0 partir de la variation de la conductivit\u00e9. Sa conception simple rend son utilisation accessible \u00e0 absolument tout le monde. Il vous suffit de contr\u00f4ler les voyants LED du bo\u00eetier pour savoir si c\u2019est le temps changer le liquide de frein. Ne prenez plus des risques &#8211; cet outil pratique et maniable devrait \u00eatre dans la poche de chaque usager de la route !<\/p>\n","protected":false},"featured_media":438,"comment_status":"open","ping_status":"closed","template":"","meta":{"_seopress_robots_primary_cat":"none","_seopress_titles_title":"Stylo testeur de liquide de frein DOT 5\/4\/3\/2\/1, ENV6, ENV4","_seopress_titles_desc":"Ce stylo testeur de liquide de frein permettra de v\u00e9rifier le taux d\u2019humidit\u00e9 dans le liquide de frein de votre voiture, qui vous assurera ainsi sa qualit\u00e9.","_seopress_robots_index":""},"product_brand":[],"product_cat":[25,27],"product_tag":[],"class_list":{"0":"post-415","1":"product","2":"type-product","3":"status-publish","4":"has-post-thumbnail","6":"product_cat-outils-diagnostic-specifiques","7":"product_cat-testeur-circuit-freinage","9":"first","10":"instock","11":"shipping-taxable","12":"purchasable","13":"product-type-simple"},"_links":{"self":[{"href":"https:\/\/auto-diagnostic-obd.com\/fr\/wp-json\/wp\/v2\/product\/415","targetHints":{"allow":["GET"]}}],"collection":[{"href":"https:\/\/auto-diagnostic-obd.com\/fr\/wp-json\/wp\/v2\/product"}],"about":[{"href":"https:\/\/auto-diagnostic-obd.com\/fr\/wp-json\/wp\/v2\/types\/product"}],"replies":[{"embeddable":true,"href":"https:\/\/auto-diagnostic-obd.com\/fr\/wp-json\/wp\/v2\/comments?post=415"}],"wp:featuredmedia":[{"embeddable":true,"href":"https:\/\/auto-diagnostic-obd.com\/fr\/wp-json\/wp\/v2\/media\/438"}],"wp:attachment":[{"href":"https:\/\/auto-diagnostic-obd.com\/fr\/wp-json\/wp\/v2\/media?parent=415"}],"wp:term":[{"taxonomy":"product_brand","embeddable":true,"href":"https:\/\/auto-diagnostic-obd.com\/fr\/wp-json\/wp\/v2\/product_brand?post=415"},{"taxonomy":"product_cat","embeddable":true,"href":"https:\/\/auto-diagnostic-obd.com\/fr\/wp-json\/wp\/v2\/product_cat?post=415"},{"taxonomy":"product_tag","embeddable":true,"href":"https:\/\/auto-diagnostic-obd.com\/fr\/wp-json\/wp\/v2\/product_tag?post=415"}],"curies":[{"name":"wp","href":"https:\/\/api.w.org\/{rel}","templated":true}]}}