{"id":4887,"date":"2023-07-27T21:24:16","date_gmt":"2023-07-27T19:24:16","guid":{"rendered":"https:\/\/auto-diagnostic-obd.com\/?post_type=product&#038;p=4887"},"modified":"2025-10-02T19:52:34","modified_gmt":"2025-10-02T17:52:34","slug":"mucar-vo6-valise-diagnostic-auto-professionnelle","status":"publish","type":"product","link":"https:\/\/auto-diagnostic-obd.com\/fr\/produit\/mucar-vo6-valise-diagnostic-auto-professionnelle\/","title":{"rendered":"MUCAR VO6 &#8211; Valise de Diagnostic Auto Multimarques Professionnelle [Scanner OBD complet, Codage ECU, Test d&rsquo;action]\ud83d\ude80\ud83c\udfaf"},"content":{"rendered":"<h2>MUCAR VO6 &#8211; L&rsquo;outil de diagnostic automobile ultime<\/h2>\n<p>Si vous recherchez un outil de diagnostic automobile complet, ne cherchez pas plus loin &#8211; MUCAR VO6 est l\u00e0 pour r\u00e9pondre \u00e0 tous vos besoins. Voici les raisons pour lesquelles vous avez besoin de MUCAR VO6 :<\/p>\n<ol>\n<li>Mise \u00e0 jour gratuite \u00e0 vie du diagnostic complet des syst\u00e8mes pour toutes les voitures\u00a0: Avec MUCAR VO6, vous b\u00e9n\u00e9ficiez de mises \u00e0 jour gratuites \u00e0 vie pour le diagnostic complet des syst\u00e8mes de toutes les voitures. Vous serez toujours \u00e0 jour avec les derni\u00e8res fonctionnalit\u00e9s et les meilleures performances.<\/li>\n<li>28 r\u00e9initialisations de fonctions sp\u00e9ciales gratuites \u00e0 vie pour toutes les voitures\u00a0: Profitez de 28 r\u00e9initialisations de fonctions sp\u00e9ciales gratuites \u00e0 vie pour toutes les voitures. Que vous ayez besoin de r\u00e9initialiser l&rsquo;huile, les freins, la batterie BMS, le filtre \u00e0 particules diesel (DPF), ou d&rsquo;autres fonctions, MUCAR VO6 a tout couvert.<\/li>\n<li>Codage ECU et test actif (contr\u00f4le bidirectionnel) professionnels\u00a0: Avec MUCAR VO6, vous pouvez profiter de la fonction de codage ECU professionnelle ainsi que de l&rsquo;extension du test actif (contr\u00f4le bidirectionnel). Cette fonctionnalit\u00e9 avanc\u00e9e n\u00e9cessite un abonnement annuel de 49,95 $ par marque de voiture, disponible \u00e0 l&rsquo;achat chez MUCAR Store.<\/li>\n<li>Compatibilit\u00e9 avec plus de 126 marques de voitures\u00a0: MUCAR VO6 est compatible avec plus de 126 marques de voitures, vous permettant de diagnostiquer et de r\u00e9soudre les probl\u00e8mes sur une large gamme de v\u00e9hicules.<\/li>\n<li>Support de 14 langues\u00a0: MUCAR VO6 prend en charge 14 langues diff\u00e9rentes, dont l&rsquo;anglais, le fran\u00e7ais, l&rsquo;espagnol, l&rsquo;allemand, le russe, l&rsquo;italien, le portugais, le japonais, le polonais, le hongrois, l&rsquo;arabe, le grec, le slovaque et le chinois traditionnel.<\/li>\n<li>Support technique \u00e0 vie\u00a0: Avec MUCAR VO6, vous b\u00e9n\u00e9ficiez d&rsquo;un support technique \u00e0 vie, vous assurant une assistance professionnelle chaque fois que vous en avez besoin.<\/li>\n<\/ol>\n<p>Pour une exp\u00e9rience d&rsquo;utilisation r\u00e9elle, veuillez vous r\u00e9f\u00e9rer \u00e0 notre manuel multilingue inclus dans l&#8217;emballage.<\/p>\n<h3>Diagnostic complet du syst\u00e8me de toutes les voitures gratuit \u00e0 vie<\/h3>\n<p>L&rsquo;application Diagnostics permet une liaison de donn\u00e9es vers le syst\u00e8me de contr\u00f4le \u00e9lectronique du v\u00e9hicule d&rsquo;essai pour le diagnostic du v\u00e9hicule. L&rsquo;application effectue des tests fonctionnels, r\u00e9cup\u00e8re les informations de diagnostic du v\u00e9hicule telles que les codes de panne et d&rsquo;\u00e9v\u00e9nement, et les donn\u00e9es en direct pour divers syst\u00e8mes de contr\u00f4le du v\u00e9hicule, tels que ABS, SRS, moteur, transmission, syst\u00e8me de freinage, syst\u00e8me d&rsquo;\u00e9mission, syst\u00e8me de carburant, syst\u00e8me d&rsquo;\u00e9clairage, syst\u00e8me d&rsquo;essuie-glace, etc.<\/p>\n<h2>Acc\u00e8s illimit\u00e9 \u00e0 vie \u00e0 28 services de r\u00e9initialisation pour v\u00e9hicules.<\/h2>\n<ul>\n<li>R\u00e9initialisation de l&rsquo;huile<\/li>\n<li>R\u00e9initialisation des freins<\/li>\n<li>R\u00e9initialisation de la batterie BMS<\/li>\n<li>R\u00e9g\u00e9n\u00e9ration du filtre \u00e0 particules diesel (DPF)<\/li>\n<li>R\u00e9initialisation de l&rsquo;ange de direction SAS<\/li>\n<li>R\u00e9initialisation de la pression des pneus TPMS<\/li>\n<li>Correspondance des cl\u00e9s IMMO<\/li>\n<li>Saignement ABS<\/li>\n<li>R\u00e9initialisation du toit ouvrant<\/li>\n<li>R\u00e9initialisation de la suspension<\/li>\n<li>R\u00e9initialisation de la bo\u00eete de vitesses (transmission)<\/li>\n<li>R\u00e9initialisation des phares AFS<\/li>\n<li>Codage d&rsquo;injecteur<\/li>\n<li>Apprentissage ETS (adaptation de l&rsquo;acc\u00e9l\u00e9rateur)<\/li>\n<li>Apprentissage d&rsquo;\u00e9quipement<\/li>\n<li>EGR auto-apprentissage<\/li>\n<li>R\u00e9initialisation A\/F<\/li>\n<li>R\u00e9initialisation Adblue (filtre de gaz d&rsquo;\u00e9chappement de moteur diesel)<\/li>\n<li>R\u00e9initialisation de l&rsquo;airbag<\/li>\n<li>Saignement du liquide de refroidissement<\/li>\n<li>Modification des pneus<\/li>\n<li>Changement de langue<\/li>\n<li>R\u00e9initialisation du capteur Nox<\/li>\n<li>Lecture du compteur kilom\u00e9trique<\/li>\n<li>Arr\u00eat\/D\u00e9marrage R\u00e9initialiser<\/li>\n<li>\u00c9talonnage du si\u00e8ge<\/li>\n<li>Mode de transport<\/li>\n<li>\u00c9talonnage des fen\u00eatres<\/li>\n<\/ul>\n<h3>Support de codage ECU et test actif (contr\u00f4le bi-directionnel)<\/h3>\n<p>La fonction de codage vous permet de reprogrammer les modules de commande du v\u00e9hicule pour r\u00e9soudre divers probl\u00e8mes de performance et d&rsquo;efficacit\u00e9. Le test actif (contr\u00f4le bi-directionnel) vous permet d&rsquo;activer les actionneurs du v\u00e9hicule pour des tests pr\u00e9cis et efficaces.<\/p>\n<h4>Fonctions OBD2 compl\u00e8tes gratuites<\/h4>\n<p>En plus du diagnostic complet et du support de codage ECU, MUCAR VO6 offre des fonctions OBD2 compl\u00e8tes gratuites, y compris la lecture et l&rsquo;effacement des codes d&rsquo;erreur, l&rsquo;affichage des donn\u00e9es en direct et des param\u00e8tres de fonctionnement du v\u00e9hicule, le test des composants, la r\u00e9cup\u00e9ration des informations du v\u00e9hicule et bien plus encore.<\/p>\n<h4>Couverture de diagnostic \u00e9tendue<\/h4>\n<p>MUCAR VO6 prend en charge la plupart des v\u00e9hicules prenant en charge le protocole OBDII apr\u00e8s 1996. Que ce soit pour les voitures am\u00e9ricaines, europ\u00e9ennes ou asiatiques, MUCAR VO6 est pr\u00eat \u00e0 les diagnostiquer et \u00e0 r\u00e9soudre les probl\u00e8mes.<\/p>\n<h4>Gestion des donn\u00e9es scientifiques 4 en 1<\/h4>\n<p>MUCAR VO6 offre une gestion des donn\u00e9es scientifiques compl\u00e8te. Vous pouvez enregistrer et lire les donn\u00e9es de diagnostic, g\u00e9n\u00e9rer des rapports d&rsquo;impression et analyser les informations de diagnostic enregistr\u00e9es pour une meilleure analyse.<\/p>\n<h4>Mise \u00e0 jour gratuite \u00e0 vie via WIFI<\/h4>\n<p>Mettez \u00e0 jour votre MUCAR VO6 en un clic via la connexion WIFI. Restez \u00e0 jour avec les derni\u00e8res am\u00e9liorations et fonctionnalit\u00e9s pour garantir des performances optimales.<\/p>\n<h4>Comment s&rsquo;inscrire\/mettre \u00e0 jour MUCAR VO6<\/h4>\n<ol>\n<li>Allumez la machine et connectez-vous au WIFI.<\/li>\n<li>Cliquez sur le bouton de mise \u00e0 niveau sur la page d&rsquo;accueil pour effectuer une mise \u00e0 niveau en un clic.<\/li>\n<li>Suivez les instructions pour vous inscrire et configurer votre compte. Vous pouvez \u00e9galement saisir les informations commerciales n\u00e9cessaires.<\/li>\n<\/ol>\n<h2><\/h2>\n<h2>Sp\u00e9cificit\u00e9s du produit :<\/h2>\n<ul>\n<li>\u00c9cran d&rsquo;affichage : 5.99 pouces\/TFT(IPS)<\/li>\n<li>Connexion : Wi-Fi\/Bluetooth<\/li>\n<li>RAM : 2G<\/li>\n<li>ROM : 16G<\/li>\n<li>Temp\u00e9rature de fonctionnement : 32 \u2109 ~ 122 \u2109<\/li>\n<li>Temp\u00e9rature de stockage : -4 \u2109 ~ 144 \u2109<\/li>\n<\/ul>\n<h2>Liste d&#8217;emballage :<\/h2>\n<ul>\n<li>1 * MUCAR VO6 H\u00f4te<\/li>\n<li>1 * Dongle de diagnostic<\/li>\n<li>1 * C\u00e2ble de charge<\/li>\n<li>1 * Manuel multilingue<\/li>\n<li>1 * Adaptateur d&rsquo;alimentation<\/li>\n<\/ul>\n<p>Ne cherchez plus, MUCAR VO6 est l&rsquo;outil de diagnostic automobile ultime pour r\u00e9soudre tous les probl\u00e8mes de votre v\u00e9hicule. Profitez de sa polyvalence, de sa fiabilit\u00e9 et de ses performances exceptionnelles.<\/p>\n","protected":false},"excerpt":{"rendered":"<p>\ud83d\udd27\ud83d\ude97 D\u00e9couvrez le MUCAR VO6, l&rsquo;outil de diagnostic automobile ultime. Offrant des mises \u00e0 jour \u00e0 vie gratuites pour le diagnostic complet \ud83d\ude80 et 28 r\u00e9initialisations de fonctions sp\u00e9ciales pour toutes les voitures \ud83d\ude80, MUCAR VO6 est votre alli\u00e9 parfait pour entretenir votre v\u00e9hicule.<\/p>\n<p>Profitez du codage ECU professionnel \ud83d\udee0\ufe0f, des tests actifs (contr\u00f4le bidirectionnel) et d&rsquo;une compatibilit\u00e9 \u00e9tendue \u00e0 plus de 126 marques de voitures \ud83c\udf0e. En plus, MUCAR VO6 prend en charge 14 langues diff\u00e9rentes \ud83c\udf10.<\/p>\n<p>Offrant des fonctions OBD2 compl\u00e8tes gratuites \ud83c\udf81, MUCAR VO6 propose une couverture de diagnostic large pour la plupart des v\u00e9hicules supportant le protocole OBDII apr\u00e8s 1996. Son syst\u00e8me de gestion des donn\u00e9es 4 en 1 vous permet une analyse compl\u00e8te et une mise \u00e0 jour facile via WIFI \ud83d\udcc8\ud83d\udcca.<\/p>\n<p>Equip\u00e9 d&rsquo;un \u00e9cran de 5,99 pouces, d&rsquo;une connexion Wi-Fi\/Bluetooth, de 2 Go de RAM et de 16 Go de ROM, il est livr\u00e9 avec un dongle de diagnostic, un c\u00e2ble de charge, un manuel multilingue et un adaptateur d&rsquo;alimentation.<\/p>\n<p>MUCAR VO6, plus qu&rsquo;un simple outil de diagnostic, est le partenaire ultime pour garder votre v\u00e9hicule au top de sa performance \ud83c\udfce\ufe0f\ud83d\udca8.<\/p>\n","protected":false},"featured_media":4906,"comment_status":"open","ping_status":"closed","template":"","meta":{"_seopress_robots_primary_cat":"none","_seopress_titles_title":"MUCAR VO6 - La Valise de Diagnostic Auto Multimarques Professionnelle","_seopress_titles_desc":"Trouvez la solution \u00e0 tous vos probl\u00e8mes de diagnostic auto avec la valise MUCAR VO6. Outil complet, compatible OBD2, pour des donn\u00e9es en temps r\u00e9el.","_seopress_robots_index":""},"product_brand":[],"product_cat":[30],"product_tag":[],"class_list":{"0":"post-4887","1":"product","2":"type-product","3":"status-publish","4":"has-post-thumbnail","6":"product_cat-valise-de-diagnostic-obd","8":"first","9":"instock","10":"shipping-taxable","11":"purchasable","12":"product-type-simple"},"_links":{"self":[{"href":"https:\/\/auto-diagnostic-obd.com\/fr\/wp-json\/wp\/v2\/product\/4887","targetHints":{"allow":["GET"]}}],"collection":[{"href":"https:\/\/auto-diagnostic-obd.com\/fr\/wp-json\/wp\/v2\/product"}],"about":[{"href":"https:\/\/auto-diagnostic-obd.com\/fr\/wp-json\/wp\/v2\/types\/product"}],"replies":[{"embeddable":true,"href":"https:\/\/auto-diagnostic-obd.com\/fr\/wp-json\/wp\/v2\/comments?post=4887"}],"wp:featuredmedia":[{"embeddable":true,"href":"https:\/\/auto-diagnostic-obd.com\/fr\/wp-json\/wp\/v2\/media\/4906"}],"wp:attachment":[{"href":"https:\/\/auto-diagnostic-obd.com\/fr\/wp-json\/wp\/v2\/media?parent=4887"}],"wp:term":[{"taxonomy":"product_brand","embeddable":true,"href":"https:\/\/auto-diagnostic-obd.com\/fr\/wp-json\/wp\/v2\/product_brand?post=4887"},{"taxonomy":"product_cat","embeddable":true,"href":"https:\/\/auto-diagnostic-obd.com\/fr\/wp-json\/wp\/v2\/product_cat?post=4887"},{"taxonomy":"product_tag","embeddable":true,"href":"https:\/\/auto-diagnostic-obd.com\/fr\/wp-json\/wp\/v2\/product_tag?post=4887"}],"curies":[{"name":"wp","href":"https:\/\/api.w.org\/{rel}","templated":true}]}}