{"id":492,"date":"2023-05-11T16:58:07","date_gmt":"2023-05-11T14:58:07","guid":{"rendered":"https:\/\/auto-diagnostic-obd.com\/?post_type=product&#038;p=492"},"modified":"2025-11-02T00:39:08","modified_gmt":"2025-11-01T23:39:08","slug":"interface-diagnostic-vgate-vlinker-fd-plus","status":"publish","type":"product","link":"https:\/\/auto-diagnostic-obd.com\/fr\/produit\/interface-diagnostic-vgate-vlinker-fd-plus\/","title":{"rendered":"\ud83d\ude97 Interface de diagnostic VGATE VLINKER FD+ [Bluetooth 4.0 pour FORD\/MAZDA: OBD2 Scanner, FORScan &#038; ELM327 Compatible] \ud83d\udee0\ufe0f"},"content":{"rendered":"<h2>Interface de diagnostic VGATE VLINKER FD+ : l&rsquo;outil ultime pour FORD\/MAZDA<\/h2>\n<h3>Diagnostic professionnel \u00e0 port\u00e9e de main<\/h3>\n<p>L&rsquo;interface de diagnostic VGATE VLINKER FD+ vous offre des fonctionnalit\u00e9s de diagnostic professionnel directement sur votre appareil mobile ou PC. Compatible avec Windows, iOS et Android, cet outil vous permet de lire et effacer les erreurs, visualiser les param\u00e8tres en temps r\u00e9el pendant le fonctionnement du v\u00e9hicule, effectuer des codages, adaptations, calibrages et tests d&rsquo;ex\u00e9cution.<\/p>\n<h3>Connexion sans fil et compatibilit\u00e9 FORScan<\/h3>\n<p>L&rsquo;interface VLINKER FD+ se connecte \u00e0 votre appareil via Bluetooth 4.0, offrant une connexion sans fil rapide et stable. Elle est \u00e9galement recommand\u00e9e pour le programme FORScan et enti\u00e8rement compatible avec MS-CAN, HS-CAN, SW-CAN, ainsi que les 5 protocoles standard OBD-II. Acc\u00e9dez aux r\u00e9seaux priv\u00e9s Ford pour des diagnostics encore plus pouss\u00e9s.<\/p>\n<h2>Transformez votre appareil en un outil de diagnostic avanc\u00e9<\/h2>\n<h3>Fonctions de programmation et personnalisation<\/h3>\n<p>Gr\u00e2ce \u00e0 l&rsquo;interface VGATE VLINKER FD+, vous pouvez programmer diff\u00e9rentes fonctions pour am\u00e9liorer votre exp\u00e9rience automobile. Activez les essuie-glaces en cas de pluie, l&rsquo;avertissement sonore pour la marche arri\u00e8re, le r\u00e9chauffement de la vitre avant, le verrouillage automatique des portes \u00e0 une vitesse d\u00e9termin\u00e9e\u00a0et bien plus encore. Personnalisez votre v\u00e9hicule \u00e0 votre convenance pour une exp\u00e9rience de conduite unique et sur mesure.<\/p>\n<h3>Surveillance des performances en temps r\u00e9el<\/h3>\n<p>L&rsquo;interface VLINKER FD+ vous permet \u00e9galement de surveiller les performances de votre v\u00e9hicule en temps r\u00e9el. Suivez les param\u00e8tres cl\u00e9s tels que la tension de la batterie, les octets d&rsquo;exp\u00e9dition, le mode veille et autres donn\u00e9es importantes pour assurer un fonctionnement optimal de votre v\u00e9hicule.<\/p>\n<h2>Compatibilit\u00e9 et facilit\u00e9 d&rsquo;utilisation<\/h2>\n<h3>Compatible avec une large gamme de v\u00e9hicules<\/h3>\n<p>L&rsquo;interface de diagnostic VGATE VLINKER FD+ est universelle et compatible avec presque tous les mod\u00e8les de v\u00e9hicules dot\u00e9s d&rsquo;une prise OBD2 standard. Elle fonctionne \u00e9galement avec des applications universelles de diagnostic pour tous les mod\u00e8les de voitures, offrant des fonctions de base pour vous aider \u00e0 d\u00e9tecter les probl\u00e8mes potentiels.<\/p>\n<h3>Plug and Play &#8211; Aucune batterie n\u00e9cessaire<\/h3>\n<p>Il suffit de connecter l&rsquo;interface VLINKER FD+ au connecteur OBD2 de votre v\u00e9hicule pour commencer \u00e0 l&rsquo;utiliser. Aucune batterie n&rsquo;est requise, ce qui rend cet outil encore plus pratique et facile \u00e0 utiliser.<\/p>\n<h3>Description technique d\u00e9taill\u00e9e<\/h3>\n<ul>\n<li>Interface Diagnostique D\u00e9di\u00e9e pour FORD\/MAZDA<\/li>\n<li>Fonctions principales: lecture et effacement des erreurs, visualisation des param\u00e8tres en temps r\u00e9el, codage, adaptations, calibrages, tests d&rsquo;ex\u00e9cution<\/li>\n<li>Compatible avec Windows, iOS et Android<\/li>\n<li>Communication via Bluetooth 4.0<\/li>\n<li>Recommand\u00e9 pour le programme FORScan<\/li>\n<li>Enti\u00e8rement compatible avec MS-CAN, HS-CAN, SW-CAN et plus des 5 protocoles standard OBD-II<\/li>\n<\/ul>\n<h3>Contenu du colis<\/h3>\n<ul>\n<li>Scanner diagnostique OBDII Vgate vLinker FD WiFi<\/li>\n<li>Emballage du produit<\/li>\n<li>Manuel en anglais<\/li>\n<\/ul>\n","protected":false},"excerpt":{"rendered":"<p>D\u00e9couvrez l&rsquo;interface de diagnostic VGATE VLINKER FD+, con\u00e7ue sp\u00e9cialement pour les v\u00e9hicules Ford, Mazda, Lincoln et Mercury. Cet outil puissant et polyvalent vous permet de r\u00e9aliser des diagnostics automobiles professionnels directement depuis votre smartphone, tablette ou PC. Gr\u00e2ce \u00e0 sa connexion Bluetooth 4.0, profitez d&rsquo;une communication sans fil rapide et stable avec vos appareils iOS, Android et Windows. Compatible avec le programme FORScan, l&rsquo;interface VLINKER FD+ prend en charge les protocoles MS-CAN, HS-CAN et plus des 5 protocoles standard OBD-II pour acc\u00e9der aux r\u00e9seaux priv\u00e9s Ford.<\/p>\n<p>Transformez votre appareil mobile en un outil de diagnostic avanc\u00e9 et moniteur de performance en temps r\u00e9el. Programmez diff\u00e9rentes fonctions, comme l&rsquo;activation des essuie-glaces en cas de pluie, l&rsquo;avertissement sonore pour la marche arri\u00e8re, le r\u00e9chauffement de la vitre avant, le verrouillage automatique des portes \u00e0 une vitesse d\u00e9termin\u00e9e et bien d&rsquo;autres encore. L&rsquo;interface VLINKER FD+ est universelle et compatible avec presque tous les mod\u00e8les de v\u00e9hicules dot\u00e9s d&rsquo;une prise OBD2 standard, fonctionnant \u00e9galement avec des applications universelles de diagnostic pour tous les mod\u00e8les de voitures dans des fonctions de base. Ne manquez pas l&rsquo;opportunit\u00e9 d&rsquo;am\u00e9liorer votre exp\u00e9rience automobile avec cet outil de diagnostic incontournable !<\/p>\n","protected":false},"featured_media":597,"comment_status":"open","ping_status":"closed","template":"","meta":{"_seopress_robots_primary_cat":"none","_seopress_titles_title":"\ud83d\udd27 VGATE VLINKER FD+ OBD2: Diagnostic FORD\/MAZDA facile \ud83d\ude98","_seopress_titles_desc":"D\u00e9couvrez l&#039;interface de diagnostic VGATE VLINKER FD+ pour FORD\/MAZDA. Transformez votre appareil mobile en un outil de diagnostic avanc\u00e9 et personnalisez votre v\u00e9hicule.","_seopress_robots_index":""},"product_brand":[],"product_cat":[23],"product_tag":[],"class_list":{"0":"post-492","1":"product","2":"type-product","3":"status-publish","4":"has-post-thumbnail","6":"product_cat-interface-de-diagnostic-obd","8":"first","9":"instock","10":"shipping-taxable","11":"purchasable","12":"product-type-simple"},"_links":{"self":[{"href":"https:\/\/auto-diagnostic-obd.com\/fr\/wp-json\/wp\/v2\/product\/492","targetHints":{"allow":["GET"]}}],"collection":[{"href":"https:\/\/auto-diagnostic-obd.com\/fr\/wp-json\/wp\/v2\/product"}],"about":[{"href":"https:\/\/auto-diagnostic-obd.com\/fr\/wp-json\/wp\/v2\/types\/product"}],"replies":[{"embeddable":true,"href":"https:\/\/auto-diagnostic-obd.com\/fr\/wp-json\/wp\/v2\/comments?post=492"}],"wp:featuredmedia":[{"embeddable":true,"href":"https:\/\/auto-diagnostic-obd.com\/fr\/wp-json\/wp\/v2\/media\/597"}],"wp:attachment":[{"href":"https:\/\/auto-diagnostic-obd.com\/fr\/wp-json\/wp\/v2\/media?parent=492"}],"wp:term":[{"taxonomy":"product_brand","embeddable":true,"href":"https:\/\/auto-diagnostic-obd.com\/fr\/wp-json\/wp\/v2\/product_brand?post=492"},{"taxonomy":"product_cat","embeddable":true,"href":"https:\/\/auto-diagnostic-obd.com\/fr\/wp-json\/wp\/v2\/product_cat?post=492"},{"taxonomy":"product_tag","embeddable":true,"href":"https:\/\/auto-diagnostic-obd.com\/fr\/wp-json\/wp\/v2\/product_tag?post=492"}],"curies":[{"name":"wp","href":"https:\/\/api.w.org\/{rel}","templated":true}]}}