{"id":4949,"date":"2023-07-28T11:09:36","date_gmt":"2023-07-28T09:09:36","guid":{"rendered":"https:\/\/auto-diagnostic-obd.com\/?post_type=product&#038;p=4949"},"modified":"2024-12-10T18:00:23","modified_gmt":"2024-12-10T17:00:23","slug":"valise-diagnostic-auto-multimarque-mucar-cs6","status":"publish","type":"product","link":"https:\/\/auto-diagnostic-obd.com\/fr\/produit\/valise-diagnostic-auto-multimarque-mucar-cs6\/","title":{"rendered":"Valise de Diagnostic Auto Multimarque MUCAR CS6 : Outil de Diagnostic Professionnel OBD2 Bluetooth avec R\u00e9initialisation Multisyst\u00e8me [ECM, ABS, SRS, BCM, TCM, TPMS] \ud83d\ude80\ud83d\udca1"},"content":{"rendered":"<h2>La Valise de Diagnostic MUCAR CS6 : Un Outil de Diagnostic Auto Multimarques \ud83d\ude97\ud83d\udee0\ufe0f<\/h2>\n<p>Prendre soin de votre v\u00e9hicule n&rsquo;a jamais \u00e9t\u00e9 aussi simple avec la valise de diagnostic MUCAR CS6. Con\u00e7ue pour une utilisation intuitive, cette valise de diagnostic auto multimarques est votre alli\u00e9e incontestable pour une maintenance facile et efficace de votre v\u00e9hicule.<\/p>\n<p>MUCAR CS6 transcende les limites de la maintenance automobile traditionnelle en vous offrant un outil ultra-complet et performant. Ce bijou technologique vous permet de surveiller la sant\u00e9 de votre v\u00e9hicule en temps r\u00e9el, d&rsquo;identifier les anomalies et d&rsquo;intervenir rapidement. Un vrai co-pilote technologique pour un entretien sans souci.<\/p>\n<h3>Diagnostics Multi-syst\u00e8mes \ud83e\udde9<\/h3>\n<p>La MUCAR CS6 offre des fonctionnalit\u00e9s de diagnostic pour six syst\u00e8mes essentiels de votre v\u00e9hicule. Voici une pr\u00e9sentation d\u00e9taill\u00e9e de ces syst\u00e8mes :<\/p>\n<ul>\n<li>ECM (Module de commande du moteur) : Cet outil r\u00e9alise un diagnostic complet du syst\u00e8me moteur pour d\u00e9tecter les probl\u00e8mes \u00e9ventuels. Il vous aide \u00e0 identifier et r\u00e9soudre les probl\u00e8mes qui peuvent allumer le voyant de contr\u00f4le du moteur.<\/li>\n<li>ABS (Syst\u00e8me de freinage antiblocage) : Le syst\u00e8me ABS est essentiel pour votre s\u00e9curit\u00e9. La MUCAR CS6 effectue un diagnostic complet de ce syst\u00e8me pour identifier et r\u00e9soudre tout probl\u00e8me qui pourrait d\u00e9clencher le voyant d&rsquo;avertissement ABS.<\/li>\n<li>SRS (Syst\u00e8me de retenue suppl\u00e9mentaire, c&rsquo;est-\u00e0-dire les airbags) : Cet outil diagnostique votre syst\u00e8me d&rsquo;airbag pour identifier et r\u00e9soudre tout probl\u00e8me qui pourrait d\u00e9clencher le voyant d&rsquo;avertissement d&rsquo;airbag.<\/li>\n<li>BCM (Module de contr\u00f4le de la carrosserie) : Le BCM contr\u00f4le diff\u00e9rentes fonctions du v\u00e9hicule, comme l&rsquo;\u00e9clairage int\u00e9rieur et ext\u00e9rieur, la centralisation des portes, etc. La MUCAR CS6 effectue un diagnostic complet de ce syst\u00e8me pour identifier et r\u00e9soudre tout probl\u00e8me.<\/li>\n<li>TCM (Module de commande de la transmission) : La valise diagnostique le syst\u00e8me de transmission et vous aide \u00e0 identifier et r\u00e9soudre tout probl\u00e8me qui pourrait allumer le voyant de transmission.<\/li>\n<li>TPMS (Syst\u00e8me de surveillance de la pression des pneus) : Cet outil v\u00e9rifie que les informations d&rsquo;identification du capteur de pression des pneus sont compatibles et identifie tout probl\u00e8me qui pourrait affecter le syst\u00e8me TPMS.<\/li>\n<\/ul>\n<h3>R\u00e9initialisation de Services avec la Valise MUCAR CS6<\/h3>\n<ul>\n<li>La valise MUCAR CS6 va bien au-del\u00e0 des diagnostics et propose des services de r\u00e9initialisation pour sept \u00e9l\u00e9ments cl\u00e9s de votre v\u00e9hicule. Chacune de ces r\u00e9initialisations est d\u00e9taill\u00e9e ci-dessous :<\/li>\n<li>Huile : Apr\u00e8s un changement d&rsquo;huile, cette fonction permet de remettre \u00e0 z\u00e9ro le syst\u00e8me de maintenance de l&rsquo;huile moteur. Vous pouvez ainsi surveiller facilement le prochain changement n\u00e9cessaire.<\/li>\n<li>EPB (Frein de stationnement \u00e9lectronique) : Cette fonction permet la maintenance et la r\u00e9initialisation du frein de stationnement \u00e9lectronique, notamment apr\u00e8s le remplacement des plaquettes de frein.<\/li>\n<li>TPMS (Syst\u00e8me de surveillance de la pression des pneus) : Apr\u00e8s une maintenance du syst\u00e8me de pression des pneus, la r\u00e9initialisation TPMS assure que le syst\u00e8me continue de fournir des lectures pr\u00e9cises.<\/li>\n<li>SAS (Syst\u00e8me d&rsquo;angle de direction) : Apr\u00e8s une r\u00e9paration ou un r\u00e9glage du syst\u00e8me de direction, cette fonction permet de r\u00e9initialiser l&rsquo;angle de direction pour assurer une conduite s\u00fbre et stable.<\/li>\n<li>ETS (Syst\u00e8me de contr\u00f4le de traction \u00e9lectronique) : Lorsque des modifications ont \u00e9t\u00e9 effectu\u00e9es sur les pneus ou les roues, cette fonction permet de r\u00e9initialiser le syst\u00e8me de contr\u00f4le de traction.<\/li>\n<li>ABS (Syst\u00e8me de freinage anti-blocage) : Apr\u00e8s une r\u00e9paration ou un remplacement des pi\u00e8ces du syst\u00e8me ABS, cette fonction permet de purger l&rsquo;air dans le syst\u00e8me de freinage anti-blocage.<\/li>\n<li>DPF (Filtre \u00e0 particules diesel) : Apr\u00e8s une maintenance ou un nettoyage du DPF, cette fonction permet de r\u00e9initialiser le compteur du DPF pour assurer un fonctionnement optimal.<\/li>\n<\/ul>\n<h3>Fonctions OBD2 Compl\u00e8tes \ud83c\udf9b\ufe0f<\/h3>\n<p>La MUCAR CS6 est \u00e9quip\u00e9e d&rsquo;une gamme compl\u00e8te de fonctions OBD2 pour permettre un diagnostic pr\u00e9cis et une maintenance efficace de votre v\u00e9hicule. Voici le d\u00e9tail de ces fonctions :<\/p>\n<ul>\n<li>Lecture rapide des codes : Cet outil peut lire rapidement les codes d&rsquo;erreur de la voiture pour vous aider \u00e0 identifier rapidement les probl\u00e8mes.<\/li>\n<li>Effacement des codes d&rsquo;erreur : Une fois le probl\u00e8me r\u00e9solu, vous pouvez effacer les codes d&rsquo;erreur, ce qui permet de supprimer les alertes de votre tableau de bord.<\/li>\n<li>Visualisation des donn\u00e9es graphiques en direct : Avec cette fonction, vous pouvez suivre les donn\u00e9es en temps r\u00e9el de votre v\u00e9hicule pour un diagnostic pr\u00e9cis.<\/li>\n<li>Affichage des param\u00e8tres de fonctionnement du v\u00e9hicule : Cela vous permet de comprendre le fonctionnement interne de votre voiture et de d\u00e9tecter tout dysfonctionnement potentiel.<\/li>\n<li>Lecture de l&rsquo;\u00e9tat de pr\u00e9paration I\/M : Cela vous permet de v\u00e9rifier si votre v\u00e9hicule est pr\u00eat pour un contr\u00f4le d&rsquo;\u00e9mission.<\/li>\n<li>Test du capteur O2 : Cette fonction v\u00e9rifie le bon fonctionnement des capteurs d&rsquo;oxyg\u00e8ne pour assurer une combustion efficace du carburant.<\/li>\n<li>Lecture des r\u00e9sultats des tests de surveillance de diagnostic embarqu\u00e9s : Cela vous permet de voir les r\u00e9sultats des tests effectu\u00e9s par les syst\u00e8mes de diagnostic embarqu\u00e9s de votre v\u00e9hicule.<\/li>\n<li>R\u00e9cup\u00e9ration des informations du v\u00e9hicule de VIN, CINs et CVNs : Acc\u00e9dez rapidement et facilement aux informations de votre v\u00e9hicule pour faciliter le diagnostic et la maintenance.<\/li>\n<li>Test des composants : V\u00e9rifiez le bon fonctionnement des composants individuels pour assurer une performance optimale de votre v\u00e9hicule.<\/li>\n<\/ul>\n<h3>Compatibilit\u00e9 et Langues Support\u00e9es \ud83c\udf0d<\/h3>\n<p>La MUCAR CS6 est compatible avec la majorit\u00e9 des v\u00e9hicules qui prennent en charge le protocole OBDII apr\u00e8s 1996. Elle inclut de nombreux mod\u00e8les am\u00e9ricains, europ\u00e9ens et asiatiques. Elle supporte \u00e9galement 13 langues diff\u00e9rentes : Russe, Anglais, Fran\u00e7ais, Allemand, Italien, Espagnol, Portugais, Japonais, Polonais, Hongrois, Arabe, Grec, Slovaque.<\/p>\n<h2>\ud83d\udca1 Information Technique :<\/h2>\n<ul>\n<li>Syst\u00e8me de diagnostic pour 6 syst\u00e8mes de v\u00e9hicule : ABS, SRS, ECM, TCM, BCM, TPMS.<\/li>\n<li>R\u00e9initialise 7 services : huile, EPB, TPMS, SAS, ETS, ABS, DPF.<\/li>\n<li>Fonction OBD2 compl\u00e8te<\/li>\n<li>Cr\u00e9ation de raccourcis d&rsquo;\u00e9cran pour une facilit\u00e9 d&rsquo;utilisation.<\/li>\n<li>Mise \u00e0 jour du logiciel \u00e0 vie.<\/li>\n<li>Supporte 13 langues.<\/li>\n<li>Flux de donn\u00e9es en direct.<\/li>\n<\/ul>\n<h2>\ud83d\udce6 Contenu du Colis :<\/h2>\n<ul>\n<li>1* h\u00f4te MUCAR CS6<\/li>\n<li>1* Manuel<\/li>\n<li>1* c\u00e2ble de charge<\/li>\n<li>1* adaptateur d&rsquo;alimentation<\/li>\n<\/ul>\n<p>Avec la valise de diagnostic MUCAR CS6, facilitez-vous la vie et am\u00e9liorez votre exp\u00e9rience automobile. Soyez le m\u00e9canicien de votre propre v\u00e9hicule et gardez-le en parfait \u00e9tat de marche. **Cliquez sur \u00ab\u00a0Ajouter au Panier\u00a0\u00bb pour la commander d\u00e8s maintenant !<\/p>\n","protected":false},"excerpt":{"rendered":"<p>Transformez votre exp\u00e9rience de diagnostic automobile avec la Valise de Diagnostic MUCAR CS6 \ud83c\udfaf\ud83d\ude97. Cet outil multimarque unique simplifie le diagnostic auto et met un garage professionnel \u00e0 port\u00e9e de main.<\/p>\n<p>Gr\u00e2ce \u00e0 son interface OBD2 Bluetooth, la valise MUCAR CS6 assure une connexion stable et efficace \u00e0 votre v\u00e9hicule \ud83d\udcf2\ud83d\udd35. En plus de sa compatibilit\u00e9 multimarques, elle prend en charge six syst\u00e8mes essentiels du v\u00e9hicule : ABS, SRS, ECM, TCM, BCM et TPMS. \ud83e\udde9\ud83d\ude80<\/p>\n<p>Avec notre valise de diagnostic, plus besoin d&rsquo;\u00eatre un expert pour lire et supprimer les codes d&rsquo;erreur. L&rsquo;outil fournit un flux de donn\u00e9es en temps r\u00e9el, visible sous forme graphique, ce qui facilite l&rsquo;interpr\u00e9tation et le diagnostic. \ud83d\udcca\ud83c\udfaf<\/p>\n<p>L&rsquo;un des avantages incontestables de notre valise MUCAR CS6 est sa capacit\u00e9 \u00e0 effectuer des mises \u00e0 jour \u00e0 vie. Cela garantit que votre outil reste \u00e0 jour avec les derni\u00e8res technologies et mod\u00e8les de voitures. \ud83d\udd04\u23f0<\/p>\n<p>Pour vous faciliter la t\u00e2che, notre valise offre une r\u00e9initialisation de 7 services, dont le service d&rsquo;huile, l&rsquo;EPB, le TPMS, le SAS, l&rsquo;ETS, l&rsquo;ABS et le DPF. \ud83d\udd27\ud83d\udd04<\/p>\n<p>Enfin, la MUCAR CS6 est un v\u00e9ritable outil de diagnostic international. Elle prend en charge 13 langues, ce qui facilite son utilisation partout dans le monde. \ud83c\udf0d\ud83c\udf0e<\/p>\n<p>Il est temps de prendre le contr\u00f4le de la sant\u00e9 de votre v\u00e9hicule avec la valise de diagnostic auto MUCAR CS6. Passez commande d\u00e8s maintenant! \ud83c\udf81\ud83d\uded2<\/p>\n","protected":false},"featured_media":4963,"comment_status":"open","ping_status":"closed","template":"","meta":{"_seopress_robots_primary_cat":"","_seopress_titles_title":"Valise de Diagnostic Auto MUCAR CS6 - Outil Professionnel OBD","_seopress_titles_desc":"D\u00e9couvrez la Valise de Diagnostic MUCAR CS6, votre outil de diagnostic auto multimarque avec OBD2 Bluetooth. R\u00e9initialisation multisyst\u00e8me, mises \u00e0 jour \u00e0 vie!","_seopress_robots_index":""},"product_brand":[],"product_cat":[30],"product_tag":[],"class_list":{"0":"post-4949","1":"product","2":"type-product","3":"status-publish","4":"has-post-thumbnail","6":"product_cat-valise-de-diagnostic-obd","8":"first","9":"instock","10":"shipping-taxable","11":"purchasable","12":"product-type-simple"},"_links":{"self":[{"href":"https:\/\/auto-diagnostic-obd.com\/fr\/wp-json\/wp\/v2\/product\/4949","targetHints":{"allow":["GET"]}}],"collection":[{"href":"https:\/\/auto-diagnostic-obd.com\/fr\/wp-json\/wp\/v2\/product"}],"about":[{"href":"https:\/\/auto-diagnostic-obd.com\/fr\/wp-json\/wp\/v2\/types\/product"}],"replies":[{"embeddable":true,"href":"https:\/\/auto-diagnostic-obd.com\/fr\/wp-json\/wp\/v2\/comments?post=4949"}],"wp:featuredmedia":[{"embeddable":true,"href":"https:\/\/auto-diagnostic-obd.com\/fr\/wp-json\/wp\/v2\/media\/4963"}],"wp:attachment":[{"href":"https:\/\/auto-diagnostic-obd.com\/fr\/wp-json\/wp\/v2\/media?parent=4949"}],"wp:term":[{"taxonomy":"product_brand","embeddable":true,"href":"https:\/\/auto-diagnostic-obd.com\/fr\/wp-json\/wp\/v2\/product_brand?post=4949"},{"taxonomy":"product_cat","embeddable":true,"href":"https:\/\/auto-diagnostic-obd.com\/fr\/wp-json\/wp\/v2\/product_cat?post=4949"},{"taxonomy":"product_tag","embeddable":true,"href":"https:\/\/auto-diagnostic-obd.com\/fr\/wp-json\/wp\/v2\/product_tag?post=4949"}],"curies":[{"name":"wp","href":"https:\/\/api.w.org\/{rel}","templated":true}]}}