{"id":4993,"date":"2023-07-28T17:39:06","date_gmt":"2023-07-28T15:39:06","guid":{"rendered":"https:\/\/auto-diagnostic-obd.com\/?post_type=product&#038;p=4993"},"modified":"2023-07-28T17:39:07","modified_gmt":"2023-07-28T15:39:07","slug":"valise-diagnostic-auto-thinkcar-thinktoo-mini2","status":"publish","type":"product","link":"https:\/\/auto-diagnostic-obd.com\/fr\/produit\/valise-diagnostic-auto-thinkcar-thinktoo-mini2\/","title":{"rendered":"Valise de Diagnostic Auto Pro Multimarques ThinkCar THINKTOO MINI \/ 2 \u2013 Outil OBD2 sans fil [R\u00e9initialisation &#038; Codage ECU] \ud83d\udd27"},"content":{"rendered":"<h2>D\u00e9couvrez le ThinkCar THINKTOO MINI2 : Diagnostic automobile avanc\u00e9 et sans fil<\/h2>\n<h3>Caract\u00e9ristiques principales<\/h3>\n<ul>\n<li>Diagnostic complet des syst\u00e8mes de niveau OE : Effectuez des fonctions de diagnostic compl\u00e8tes au m\u00eame niveau qu&rsquo;un scanner de diagnostic de voiture OEM (fabricant d&rsquo;\u00e9quipement d&rsquo;origine).<\/li>\n<li>Langues : Anglais, espagnol, fran\u00e7ais, allemand, russe, italien, portugais, japonais, cor\u00e9en, chinois, su\u00e9dois, n\u00e9erlandais, polonais, hongrois, arabe, grec.<\/li>\n<li>Services sp\u00e9ciaux \u00e0 chaud : 28 fonctions de service communes et avanc\u00e9es, dont la purge ABS, la r\u00e9initialisation de la lampe \u00e0 huile, la r\u00e9initialisation des freins, le r\u00e9glage SAS, la r\u00e9initialisation de la position de l&rsquo;acc\u00e9l\u00e9rateur, le r\u00e9apprentissage du ralenti, etc.<\/li>\n<li>Couverture du v\u00e9hicule : Mise \u00e0 jour en un clic avec plus de 93 logiciels de marques de voitures am\u00e9ricaines, europ\u00e9ennes, asiatiques et australiennes, pour les mod\u00e8les de 1996 et plus r\u00e9cents.<\/li>\n<li>AutoAuth pour FCA SGW : Connexion \u00e0 votre compte pour activer automatiquement le mini scanner de voiture ThinkTool et identifier votre v\u00e9hicule.<\/li>\n<li>Diagnostic intelligent sans fil : Effectuez des diagnostics sans fil via un adaptateur Bluetooth pour une plus grande libert\u00e9 de mouvement.<\/li>\n<li>Fonction bidirectionnelle en option (49.95 $\/an\/marque) : Ouvrez les fonctions cach\u00e9es de BMW\/Benz et utilisez pleinement les fonctionnalit\u00e9s du v\u00e9hicule.<\/li>\n<li>Configuration haut de gamme pour des performances optimales.<\/li>\n<\/ul>\n<h3>Caract\u00e9ristiques suppl\u00e9mentaires<\/h3>\n<ul>\n<li>Compatible avec les diagnostics OEM complets des syst\u00e8mes et des sous-syst\u00e8mes.<\/li>\n<li>Fonctions sp\u00e9ciales : R\u00e9initialisation de la lampe \u00e0 huile, r\u00e9initialisation des freins, r\u00e9glage SAS, programmation des cl\u00e9s IMMO, etc.<\/li>\n<li>Compatibilit\u00e9 mondiale avec les v\u00e9hicules des r\u00e9gions suivantes :<\/li>\n<\/ul>\n<ul>\n<li>Am\u00e9rique : Ford, LINCOLN, BUICK, Chrysler, GM, Chevrolet, Dodge, Jeep, SGM, etc.<\/li>\n<li>Europe : AstonMartin, Benz, BMW, Ferrari, LandRover, Mini, Volkswagen, Renault, Saab, Volvo, etc.<\/li>\n<li>Asie : Acura, Honda, Hyundai, Toyota, Nissan, Mazda, Mitsubishi, Subaru, Suzuki, etc.<\/li>\n<\/ul>\n<p>Fonctions extensibles : Test d&rsquo;actionnement et codage ECU pour une marque sp\u00e9cifique de voiture (abonnement optionnel).<\/p>\n<h3>Services sp\u00e9ciaux OBDII complets (gratuit \u00e0 vie)<\/h3>\n<ul>\n<li>Lire les codes : Sait identifier le probl\u00e8me en fonction du code d&rsquo;erreur (DTC) et de sa d\u00e9finition.<\/li>\n<li>Effacer les codes : Supprime les DTC et \u00e9teint les voyants d&rsquo;avertissement apr\u00e8s la lecture du code et certaines r\u00e9parations.<\/li>\n<li>Live Data : Obtenez les donn\u00e9es de diagnostic en temps r\u00e9el du groupe motopropulseur.<\/li>\n<li>Freeze Frame : Affiche les informations de l&rsquo;instantan\u00e9 au moment de la panne du v\u00e9hicule.<\/li>\n<li>Test du capteur O2 : R\u00e9sultats du test de surveillance du capteur d&rsquo;oxyg\u00e8ne.<\/li>\n<li>Test de surveillance embarqu\u00e9 : R\u00e9sultats du test de surveillance embarqu\u00e9e pour des syst\u00e8mes sp\u00e9cifiques.<\/li>\n<li>I\/M Readiness : Codes de diagnostic li\u00e9s aux \u00e9missions d\u00e9tect\u00e9s pendant le cycle de conduite en cours ou le dernier cycle termin\u00e9.<\/li>\n<li>Test EVAP : D\u00e9marre le test d&rsquo;\u00e9tanch\u00e9it\u00e9 du syst\u00e8me EVAP du v\u00e9hicule.<\/li>\n<li>Informations sur le v\u00e9hicule : Affiche les informations telles que le VIN, CID et CVN.<\/li>\n<\/ul>\n<h3>Autres fonctionnalit\u00e9s<\/h3>\n<ul>\n<li>Analyse automatique du VIN pour identifier automatiquement le v\u00e9hicule et s\u00e9lectionner le logiciel de diagnostic appropri\u00e9.<\/li>\n<li>Repr\u00e9sentation graphique des donn\u00e9es en direct, avec possibilit\u00e9 de fusionner 4 flux de donn\u00e9es en un seul graphique.<\/li>\n<li>Mise \u00e0 jour en un clic pour obtenir les derni\u00e8res fonctions et corrections de bugs.<\/li>\n<li>Enregistrement des donn\u00e9es et historique des vues pour un suivi d\u00e9taill\u00e9 du diagnostic.<\/li>\n<\/ul>\n<h3>Caract\u00e9ristiques techniques<\/h3>\n<p class=\"h4\">THINKTOOL MINI<\/p>\n<ul>\n<li>Ne prend pas en charge CAN FD.<\/li>\n<li>\u00c9cran : 6 pouces.<\/li>\n<li>Processeur : Quad-core 1.8GHz.<\/li>\n<li>M\u00e9moire : 2G RAM &amp; 32G ROM.<\/li>\n<li>Capacit\u00e9 de la batterie : 6400mAh.<\/li>\n<\/ul>\n<p class=\"h4\">THINKTOOL MINI 2<\/p>\n<ul>\n<li>Prend en charge CAN FD, permettant le diagnostic des v\u00e9hicules utilisant le protocole CAN Flexible Data-Rate.<\/li>\n<li>\u00c9cran : 6 pouces.<\/li>\n<li>Processeur : Quad-core 1.8GHz.<\/li>\n<li>M\u00e9moire : 2G RAM &amp; 32G ROM.<\/li>\n<li>Capacit\u00e9 de la batterie : 6400mAh.<\/li>\n<\/ul>\n<h3>Contenu de l&#8217;emballage<\/h3>\n<ul>\n<li>1x ThinkTool Mini (h\u00f4te).<\/li>\n<li>1x Dongle de diagnostic.<\/li>\n<li>1x C\u00e2ble de chargement.<\/li>\n<li>1x Adaptateur power.<\/li>\n<li>1x Manuel utilisateur.<\/li>\n<\/ul>\n<p>Veuillez noter que certaines fonctions sp\u00e9ciales et compatibilit\u00e9s peuvent varier en fonction de la marque et du mod\u00e8le du v\u00e9hicule. Veillez \u00e0 v\u00e9rifier la compatibilit\u00e9 avec le num\u00e9ro de VIN avant l&rsquo;achat.<\/p>\n<p>Avec toutes ces fonctionnalit\u00e9s, il n&rsquo;est pas \u00e9tonnant que le THINKTOO MINI2 soit l&rsquo;outil de choix pour les professionnels de la m\u00e9canique et les passionn\u00e9s de voiture. Ajoutez ce produit \u00e0 votre panier d\u00e8s maintenant et commencez \u00e0 profiter de ses fonctionnalit\u00e9s avanc\u00e9es pour des diagnostics automobiles pr\u00e9cis et efficaces.<\/p>\n","protected":false},"excerpt":{"rendered":"<p>\u00c9levez votre expertise en diagnostic \u00e0 un tout autre niveau gr\u00e2ce \u00e0 la mallette de diagnostic auto universelle THINKTOO MINI2! \ud83d\ude97\u2699\ufe0f Cet outil avant-gardiste constitue votre alli\u00e9 secret pour une analyse rigoureuse et efficace de votre v\u00e9hicule.<\/p>\n<p>Incrust\u00e9 d&rsquo;un joyau de la technologie, le THINKTOO MINI2 est un outil de diagnostic tout-en-un \ud83d\udcda, vous conf\u00e9rant le pouvoir d&rsquo;effectuer des diagnostics sans fil gr\u00e2ce \u00e0 sa connectivit\u00e9 Bluetooth. Exp\u00e9rimentez une agilit\u00e9 et une libert\u00e9 de mouvement in\u00e9gal\u00e9es au cours de vos s\u00e9ances de diagnostic. \ud83c\udf10\ud83d\udd04<\/p>\n<p>Dot\u00e9 d&rsquo;une couverture de v\u00e9hicule \u00e9largie, il prend en charge plus de 93 logiciels de marques automobiles, incluant des marques am\u00e9ricaines, europ\u00e9ennes, asiatiques et australiennes pour des mod\u00e8les \u00e0 partir de 1996 et ult\u00e9rieurs. \ud83c\udf0d\ud83d\ude98<\/p>\n<p>Il propose \u00e9galement 28 fonctions de service sp\u00e9cifiques, allant des plus basiques aux plus sophistiqu\u00e9es. Des op\u00e9rations telles que la purge ABS, la r\u00e9initialisation du voyant d&rsquo;huile, la r\u00e9initialisation des freins et bien d&rsquo;autres, sont toutes \u00e0 port\u00e9e de main. \ud83d\udc46\ud83d\udd27<\/p>\n<p>Sa fonction bidirectionnelle optionnelle vous permet d&rsquo;acc\u00e9der aux fonctionnalit\u00e9s secr\u00e8tes de BMW\/Benz, et de jouir pleinement des capacit\u00e9s de votre v\u00e9hicule. \ud83d\ude97\ud83d\udd13<\/p>\n<p>Disponible en plusieurs langues \ud83c\udf10, il vous offre une interface intuitive et simple \u00e0 utiliser, ind\u00e9pendamment de votre niveau d&rsquo;expertise en m\u00e9canique. En quelques clics, vous pouvez obtenir des diagnostics exacts et des conseils judicieux pour r\u00e9soudre les soucis de votre v\u00e9hicule.<\/p>\n<p>Saisissez cette occasion unique de transformer votre garage en une station de diagnostic de niveau professionnel avec le THINKTOO MINI2! Int\u00e9grez-le \u00e0 votre arsenal d&rsquo;outils d\u00e8s \u00e0 pr\u00e9sent! \ud83d\uded2\ud83d\udca8<\/p>\n","protected":false},"featured_media":5012,"comment_status":"open","ping_status":"closed","template":"","meta":{"_seopress_robots_primary_cat":"none","_seopress_titles_title":"Valise de Diagnostic Auto THINKTOO MINI2 - Outil OBD2 sans Fil","_seopress_titles_desc":"D\u00e9couvrez le THINKTOO MINI2, notre valise de diagnostic automobile multimarques. Outil de diagnostic sans fil OBD2 avec une couverture \u00e9tendue de v\u00e9hicules, diagnostics complets, 28 r\u00e9initialisations, codage ECU.","_seopress_robots_index":""},"product_brand":[],"product_cat":[30],"product_tag":[],"class_list":{"0":"post-4993","1":"product","2":"type-product","3":"status-publish","4":"has-post-thumbnail","6":"product_cat-valise-de-diagnostic-obd","8":"first","9":"instock","10":"shipping-taxable","11":"purchasable","12":"product-type-variable"},"_links":{"self":[{"href":"https:\/\/auto-diagnostic-obd.com\/fr\/wp-json\/wp\/v2\/product\/4993","targetHints":{"allow":["GET"]}}],"collection":[{"href":"https:\/\/auto-diagnostic-obd.com\/fr\/wp-json\/wp\/v2\/product"}],"about":[{"href":"https:\/\/auto-diagnostic-obd.com\/fr\/wp-json\/wp\/v2\/types\/product"}],"replies":[{"embeddable":true,"href":"https:\/\/auto-diagnostic-obd.com\/fr\/wp-json\/wp\/v2\/comments?post=4993"}],"wp:featuredmedia":[{"embeddable":true,"href":"https:\/\/auto-diagnostic-obd.com\/fr\/wp-json\/wp\/v2\/media\/5012"}],"wp:attachment":[{"href":"https:\/\/auto-diagnostic-obd.com\/fr\/wp-json\/wp\/v2\/media?parent=4993"}],"wp:term":[{"taxonomy":"product_brand","embeddable":true,"href":"https:\/\/auto-diagnostic-obd.com\/fr\/wp-json\/wp\/v2\/product_brand?post=4993"},{"taxonomy":"product_cat","embeddable":true,"href":"https:\/\/auto-diagnostic-obd.com\/fr\/wp-json\/wp\/v2\/product_cat?post=4993"},{"taxonomy":"product_tag","embeddable":true,"href":"https:\/\/auto-diagnostic-obd.com\/fr\/wp-json\/wp\/v2\/product_tag?post=4993"}],"curies":[{"name":"wp","href":"https:\/\/api.w.org\/{rel}","templated":true}]}}