{"id":5019,"date":"2023-07-28T18:27:34","date_gmt":"2023-07-28T16:27:34","guid":{"rendered":"https:\/\/auto-diagnostic-obd.com\/?post_type=product&#038;p=5019"},"modified":"2023-07-31T16:46:41","modified_gmt":"2023-07-31T14:46:41","slug":"valise-diagnostic-xtool-d7s","status":"publish","type":"product","link":"https:\/\/auto-diagnostic-obd.com\/fr\/produit\/valise-diagnostic-xtool-d7s\/","title":{"rendered":"Valise de Diagnostic Automobile Tout Syst\u00e8me XTOOL D7\/S [Programmeur de Cl\u00e9 de Codage ECU, Vin, 36+ R\u00e9initialisation, Test Actif Canonique, OBD2]"},"content":{"rendered":"<h2>XTOOL D7S &#8211; Valide de Diagnostic Automobile Tout Syst\u00e8me, Programmeur de Cl\u00e9 de Codage ECU, Vin existent avec 36+ R\u00e9initialisation, Test Actif Canonique, D7S OBD2<\/h2>\n<h3>Avantages de l&rsquo;outil XTOOL D7 :<\/h3>\n<ul>\n<li style=\"list-style-type: none;\">\n<ul>\n<li>Achat avec une mise \u00e0 jour gratuite du logiciel de 3 ans (valeur de 300 $) et un service technique professionnel \u00e0 vie :<\/li>\n<\/ul>\n<\/li>\n<\/ul>\n<p>Contrairement \u00e0 la plupart des scanners du march\u00e9 qui n&rsquo;offrent qu&rsquo;un an de mises \u00e0 jour gratuites, le scanner XTOOL D7 propose 3 ans de mises \u00e0 jour logicielles gratuites. Vous pourrez ainsi ajouter la couverture de mod\u00e8les de voiture et am\u00e9liorer ses performances et capacit\u00e9s pendant 3 ans. M\u00eame apr\u00e8s l&rsquo;expiration de la p\u00e9riode de mises \u00e0 jour gratuites, vous pourrez toujours utiliser le scanner normalement.<\/p>\n<ul>\n<li style=\"list-style-type: none;\">\n<ul>\n<li>36+ services de maintenance avanc\u00e9s, plus de 10 types de fonctions avanc\u00e9es :<\/li>\n<\/ul>\n<\/li>\n<\/ul>\n<p>XTOOL D7 couvre toutes les fonctions d&rsquo;entretien courantes telles que la r\u00e9initialisation de l&rsquo;huile, la purge ABS, le codage de l&rsquo;injecteur, l&rsquo;apprentissage de la garniture de carburant, la r\u00e9initialisation de la transmission, le changement de langue, les r\u00e9glages A\/F, la r\u00e9initialisation Stop\/Start, la r\u00e9initialisation SAS, la r\u00e9initialisation TPMS, etc. De plus, de nouvelles fonctions sont ajout\u00e9es en 2023, telles que le calibrage du module de commande HVAC, le test de compression de contr\u00f4le hybride, la r\u00e9initialisation de l&rsquo;arr\u00eat\/d\u00e9marrage, la suspension pneumatique, les r\u00e9glages de phares, le mode de transport, la mise \u00e0 niveau des pneus, l&rsquo;apprentissage du capteur de position du vilebrequin, le calibrage du point z\u00e9ro, la r\u00e9initialisation de la garniture de carburant, la r\u00e9initialisation de la composition en alcool du carburant, la r\u00e9initialisation air\/carburant, le test EVAP, la r\u00e9initialisation de l&rsquo;apprentissage du ralenti, la r\u00e9initialisation de l&rsquo;unit\u00e9 de contr\u00f4le, etc.<\/p>\n<ul>\n<li style=\"list-style-type: none;\">\n<ul>\n<li>Fonction de programmation cl\u00e9 (indispensable pour chaque atelier) :<\/li>\n<\/ul>\n<\/li>\n<\/ul>\n<p>Avec XTOOL D7, vous pourrez d\u00e9sactiver une cl\u00e9 de v\u00e9hicule perdue et programmer un porte-cl\u00e9s de remplacement pour des v\u00e9hicules sp\u00e9cifiques. Veuillez toutefois v\u00e9rifier le type de cl\u00e9 requis avant d&rsquo;acheter.<\/p>\n<ul>\n<li style=\"list-style-type: none;\">\n<ul>\n<li>Diagnostic complet des syst\u00e8mes de niveau OE :<\/li>\n<\/ul>\n<\/li>\n<\/ul>\n<p>Le scanner XTOOL D7 dispose de capacit\u00e9s compl\u00e8tes pour lire et effacer les codes, afficher les donn\u00e9es en direct, effectuer des tests actifs, fournir des informations ECU, effectuer des adaptations et des correspondances, etc. Il offre un puissant diagnostic de niveau OE pour plus de 80 marques et mod\u00e8les am\u00e9ricains, asiatiques et europ\u00e9ens.<\/p>\n<ul>\n<li style=\"list-style-type: none;\">\n<ul>\n<li>Contr\u00f4le bidirectionnel am\u00e9lior\u00e9 (test actif) :<\/li>\n<\/ul>\n<\/li>\n<\/ul>\n<p>Avec le test actif ou l&rsquo;outil d&rsquo;analyse bidirectionnel, vous pouvez effectuer divers tests pour v\u00e9rifier l&rsquo;int\u00e9grit\u00e9 et les conditions de fonctionnement des syst\u00e8mes ou des composants du v\u00e9hicule. Vous pourrez ainsi tester le moteur, l&rsquo;ABS, les fen\u00eatres, les portes, les sol\u00e9no\u00efdes, les relais, les interrupteurs, les vannes, le toit ouvrant, les phares, etc. pour v\u00e9rifier leur bon fonctionnement.<\/p>\n<ul>\n<li style=\"list-style-type: none;\">\n<ul>\n<li>Graphique 8 en 1, donn\u00e9es en direct plus compl\u00e8tes :<\/li>\n<\/ul>\n<\/li>\n<\/ul>\n<p>Le graphique original 4-en-1 a \u00e9t\u00e9 am\u00e9lior\u00e9 pour devenir un graphique 8-en-1, vous permettant de personnaliser un PID sp\u00e9cifique et de fusionner jusqu&rsquo;\u00e0 8 donn\u00e9es PID combin\u00e9es en une seule fois dans un graphique.<\/p>\n<ul>\n<li style=\"list-style-type: none;\">\n<ul>\n<li>Rapport de diagnostic PDF et support \u00e0 distance :<\/li>\n<\/ul>\n<\/li>\n<\/ul>\n<p>L&rsquo;outil d&rsquo;analyse de diagnostic automatique D7 permet aux techniciens ou m\u00e9caniciens de g\u00e9n\u00e9rer des rapports de diagnostic pour partager avec les clients en les imprimant ou en les envoyant sous format PDF. Si vous rencontrez des probl\u00e8mes que vous ne pouvez pas r\u00e9soudre, vous pourrez contacter l&rsquo;\u00e9quipe technique de XTOOL pour b\u00e9n\u00e9ficier d&rsquo;une assistance \u00e0 distance.<\/p>\n<ul>\n<li style=\"list-style-type: none;\">\n<ul>\n<li>Syst\u00e8me d&rsquo;exploitation Android 10.0 am\u00e9lior\u00e9, \u00e9cran capacitif LED de 7 pouces avec r\u00e9solution de 1024 \u00d7 600 :<\/li>\n<\/ul>\n<\/li>\n<\/ul>\n<p>La version 2023 de D7 a \u00e9t\u00e9 mise \u00e0 jour avec le syst\u00e8me d&rsquo;exploitation Android 10, offrant ainsi une exp\u00e9rience plus rapide, fluide et coh\u00e9rente.<\/p>\n<ul>\n<li style=\"list-style-type: none;\">\n<ul>\n<li>Couverture \u00e9largie pour plus de v\u00e9hicules (toujours en continuation&#8230;) :<\/li>\n<\/ul>\n<\/li>\n<\/ul>\n<p>XTOOL D7 continue d&rsquo;ajouter de nouveaux mod\u00e8les de v\u00e9hicules et d&rsquo;\u00e9tendre sa couverture. En 2021 et 2022, il a d\u00e9j\u00e0 ajout\u00e9 plus de mod\u00e8les et couvre d\u00e9sormais plus de 140 marques et 10 000 mod\u00e8les de voitures domestiques en Europe, en Asie et aux \u00c9tats-Unis pour des diagnostics de niveau OE et des tests actifs. L&rsquo;\u00e9quipe technique de XTOOL travaille en permanence pour ajouter de nouveaux mod\u00e8les \u00e0 la liste.<\/p>\n<ul>\n<li style=\"list-style-type: none;\">\n<ul>\n<li>Outil OE-LEVEL de scanner de diagnostic de syst\u00e8me complet, outil professionnel pour m\u00e9canicien automobile :<\/li>\n<\/ul>\n<\/li>\n<\/ul>\n<p>XTOOL D7 est un scanner de diagnostic de syst\u00e8me complet car il peut scanner tous les syst\u00e8mes disponibles de la voiture pour lire et effacer les codes, visualiser le flux de donn\u00e9es en direct de divers capteurs et les repr\u00e9senter graphiquement, r\u00e9cup\u00e9rer le cadre de gel, effectuer des tests actifs pour v\u00e9rifier l&rsquo;\u00e9tat de fonctionnement des modules, vous fournissant un diagnostic de niveau concessionnaire uniquement et une analyse pr\u00e9cise et approfondie de tous les syst\u00e8mes automobiles. Il prend en charge une large gamme de syst\u00e8mes tels que ABS, moteur, SAS, TPMS, IMMO, batterie, service d&rsquo;huile, SRS, DPF, climatisation, transmission, etc.<\/p>\n<ul>\n<li style=\"list-style-type: none;\">\n<ul>\n<li>Codage ECU avanc\u00e9 (fonctionne uniquement sur VW\/AUDI\/SKODA) :<\/li>\n<\/ul>\n<\/li>\n<\/ul>\n<p>Le XTOOL D7 permet de personnaliser votre voiture en d\u00e9ployant des fonctionnalit\u00e9s cach\u00e9es ou en d\u00e9sactivant des fonctions g\u00eanantes, comme le bip de secours ou le buzzer de la ceinture de s\u00e9curit\u00e9. Vous pourrez \u00e9galement r\u00e9initialiser les donn\u00e9es adaptatives pour certains composants apr\u00e8s une r\u00e9paration ou un remplacement.<\/p>\n<ul>\n<li style=\"list-style-type: none;\">\n<ul>\n<li>Test actif\/Outil d&rsquo;analyse bidirectionnel :<\/li>\n<\/ul>\n<\/li>\n<\/ul>\n<p>XTOOL D7 est un outil d&rsquo;analyse bidirectionnel, ce qui signifie qu&rsquo;il vous permet de demander des informations ou de commander un module pour effectuer des tests et des fonctions sp\u00e9cifiques tout en observant les donn\u00e9es r\u00e9sultantes pour d\u00e9panner et r\u00e9parer rapidement. Vous pourrez effectuer des tests EVAP, des r\u00e9initialisations de garniture de carburant, des r\u00e9initialisations de composition du carburant, des tests de bourdonnement d&rsquo;injecteur, de pompe \u00e0 carburant, de verrouillage de fen\u00eatre\/miroir\/porte, des tests de pompe et de valve, etc. Veuillez noter que la disponibilit\u00e9 des tests actifs varie selon le syst\u00e8me du v\u00e9hicule.<\/p>\n<ul>\n<li style=\"list-style-type: none;\">\n<ul>\n<li>36+ fonctions de service \u00e0 chaud pour un entretien complet de la voiture :<\/li>\n<\/ul>\n<\/li>\n<\/ul>\n<p>XTOOL D7 propose une gamme compl\u00e8te de fonctions de service \u00e0 chaud pour un entretien complet de votre voiture. Parmi ces fonctions, citons la r\u00e9initialisation du voyant d&rsquo;huile\/service\/entretien, la r\u00e9initialisation EPB, le r\u00e9apprentissage de l&rsquo;acc\u00e9l\u00e9rateur, la r\u00e9initialisation TPMS, le saignement ABS, l&rsquo;antid\u00e9marrage, la r\u00e9g\u00e9n\u00e9ration du DPF, le codage des injecteurs, l&rsquo;\u00e9talonnage SAS, la r\u00e9initialisation BMS, l&rsquo;initialisation de la fen\u00eatre, la correspondance de la bo\u00eete de vitesses, le groupe d&rsquo;instruments, le r\u00e9glage des phares, la suspension pneumatique, l&rsquo;apprentissage de la vitesse, l&rsquo;adaptateur EEPROM, la r\u00e9paration d&rsquo;airbag, les configurations de si\u00e8ge, l&rsquo;activation de la pompe \u00e9lectronique, le transport pour handicap\u00e9s, la mise \u00e0 niveau des pneus performants, le r\u00e9glage A\/F, la r\u00e9initialisation Stop\/Start, le changement de langue, la r\u00e9initialisation de l&rsquo;unit\u00e9 de contr\u00f4le, le r\u00e9glage du capteur de pluie\/lumi\u00e8re, le r\u00e9apprentissage A\/C, la r\u00e9initialisation de la batterie HT, le r\u00e9apprentissage VGT, la r\u00e9initialisation FRM, le r\u00e9apprentissage EGR, la SRS, l&rsquo;adaptation d&#8217;embrayage, la limite de vitesse, etc. De plus, de nouvelles fonctions continuent d&rsquo;\u00eatre ajout\u00e9es.<\/p>\n<ul>\n<li style=\"list-style-type: none;\">\n<ul>\n<li>15 langues prises en charge, plus de barri\u00e8re de langues :<\/li>\n<\/ul>\n<\/li>\n<\/ul>\n<p>XTOOL D7 prend en charge 15 options de menu de langues, par d\u00e9faut en anglais. Vous pourrez cependant changer la langue en espagnol, allemand, fran\u00e7ais, italien, finnois, arabe, japonais, cor\u00e9en, polonais, portugais, vietnamien, russe, chinois simplifi\u00e9 et chinois traditionnel, etc.<\/p>\n<h3>Diff\u00e9rences entre XTOOL D7S et XTOOL D7 :<\/h3>\n<ol>\n<li>XTOOL D7S a les m\u00eames fonctions de diagnostic que D7.<\/li>\n<li>XTOOL D7S est \u00e9quip\u00e9 de 64 Go de m\u00e9moire ROM.<\/li>\n<li>XTOOL D7S est compatible avec CAN FD + DOIP, tandis que D7 ne l&rsquo;est pas.<\/li>\n<li>XTOOL D7S est \u00e9quip\u00e9 d&rsquo;une cam\u00e9ra et peut fonctionner avec XV100.<\/li>\n<\/ol>\n<h3>Nouvelle mise \u00e0 jour XTOOL D7 avec codage ECU :<\/h3>\n<p>XTOOL D7 est un outil de service tout-en-un version am\u00e9lior\u00e9e 2023, rentable et le meilleur choix sur Aliexpress!!!<\/p>\n<h3>Nouvelles fonctions ajout\u00e9es de CODAGE ECU :<\/h3>\n<p>La nouvelle mise \u00e0 jour du scanner XTOOL D7 comprend le codage ECU (uniquement pour VW\/AUDI\/SKODA) et des configurations personnalis\u00e9es con\u00e7ues pour lib\u00e9rer des fonctions cach\u00e9es pour BMW, Ford, Mazda, VW\/Audi\/Skoda, Toyota\/Lexus\/Scion et Lincoln. Vous pouvez activer des fonctions avanc\u00e9es dans votre voiture et d\u00e9sactiver des fonctionnalit\u00e9s g\u00eanantes, telles que le d\u00e9sactivation du buzzer de ceinture de s\u00e9curit\u00e9 ou la personnalisation d&rsquo;options suppl\u00e9mentaires, comme le contr\u00f4le des fen\u00eatres avec le porte-cl\u00e9s \u00e0 distance.<\/p>\n<p>&nbsp;<\/p>\n<h2>Description technique :<\/h2>\n<ul>\n<li>Syst\u00e8me d&rsquo;exploitation : Android 10.0 O.S.<\/li>\n<li>Affichage : \u00e9cran tactile de 7.0 pouces avec une r\u00e9solution de 1024&#215;600<\/li>\n<li>Puissance et batterie : 4000mAh, 3.7V<\/li>\n<li>M\u00e9moire : 2 Go + 32 Go<\/li>\n<li>Consommation \u00e9lectrique : 8W<\/li>\n<li>Tension de puissance : 5V<\/li>\n<li>Processeur : Quad-core 1.6GHz Processeur<\/li>\n<li>Connectivit\u00e9 : Micro USB + WIFI (2.4Ghz &amp; 5Ghz)<\/li>\n<li>Dimensions (L * l * H) : 218 * 150 * 29 mm<\/li>\n<li>Capteurs : capteur de gravit\u00e9, capteur de lumi\u00e8re<\/li>\n<\/ul>\n<h2>Contenu du colis :<\/h2>\n<ul>\n<li>D7 Smart Diagnostic Tablette * 1<\/li>\n<li>C\u00e2ble Principal VGA * 1<\/li>\n<li>Connecteur OBD II-16 * 1<\/li>\n<li>C\u00e2ble Micro USB * 1<\/li>\n<li>Chargeur pour tablette * 1<\/li>\n<li>Adaptateur chargeur UE * 1<\/li>\n<li>Adaptateur de chargeur am\u00e9ricain * 1<\/li>\n<li>Manuel de l&rsquo;utilisateur * 1<\/li>\n<\/ul>\n","protected":false},"excerpt":{"rendered":"<p>D\u00e9couvrez la valise de diagnostic auto multimarque XTOadvocate, l&rsquo;outil de diagnostic automobile tout syst\u00e8me pour les pros ! \ud83c\udfaf Con\u00e7u pour un diagnostic auto multimarques, cet outil diagnostic auto vous permet de prendre le contr\u00f4le total de votre v\u00e9hicule.<\/p>\n<p>Le scanner XTOadvocate offre trois ans de mises \u00e0 jour logicielles gratuites, une fonctionnalit\u00e9 unique sur le march\u00e9 des valises diagnostic. Ainsi, vous b\u00e9n\u00e9ficiez de performances et de capacit\u00e9s am\u00e9lior\u00e9es pour une couverture de mod\u00e8les de voiture toujours \u00e0 jour. \ud83c\udd95<\/p>\n<p>Dot\u00e9 de 36+ services de maintenance avanc\u00e9s, notre outil de diagnostic couvre toutes les fonctions d&rsquo;entretien courantes, des r\u00e9initialisations d&rsquo;huile \u00e0 l&rsquo;apprentissage de la garniture de carburant. Profitez de plus de 10 types de fonctions avanc\u00e9es sp\u00e9cialement ajout\u00e9es en 2023 ! \ud83d\udcc8<\/p>\n<p>Le XTOadvocate vous permet aussi de programmer une cl\u00e9 de v\u00e9hicule de remplacement. C&rsquo;est un indispensable pour chaque atelier! \ud83d\udee0\ufe0f Mais n&rsquo;oubliez pas de v\u00e9rifier le type de cl\u00e9 requis avant d&rsquo;acheter.<\/p>\n<p>La valise de diagnostic propose un diagnostic complet des syst\u00e8mes de niveau OE, pour une analyse pr\u00e9cise et approfondie de tous les syst\u00e8mes automobiles. Avec sa capacit\u00e9 \u00e0 afficher des donn\u00e9es en temps r\u00e9el, vous disposez d&rsquo;un outil professionnel complet pour un diagnostic de v\u00e9hicule proactif et efficace. \ud83d\udcca<\/p>\n<p>Enfin, le XTOadvocate propose un contr\u00f4le bidirectionnel am\u00e9lior\u00e9, une fonction de programmation cl\u00e9, et un graphique 8 en 1 pour des donn\u00e9es en direct plus compl\u00e8tes. \ud83d\udc40<\/p>\n<p>Choisissez la valise de diagnostic XTOadvocate pour un diagnostic auto pro, un service \u00e0 vie et des mises \u00e0 jour gratuites pendant 3 ans. Achetez maintenant ! \ud83d\udecd\ufe0f<\/p>\n","protected":false},"featured_media":5279,"comment_status":"open","ping_status":"closed","template":"","meta":{"_seopress_robots_primary_cat":"none","_seopress_titles_title":"Outil Diagnostic Automobile Tout Syst\u00e8me | XTOOL X100 PAD3","_seopress_titles_desc":"D\u00e9couvrez l&#039;outil de diagnostic automobile tout-en-un XTOOL X100 PAD3 avec 36+ fonctions de r\u00e9initialisation, test actif et programmation de cl\u00e9 ECU. Compatible avec plus de 80 marques et mod\u00e8les !","_seopress_robots_index":""},"product_brand":[],"product_cat":[30],"product_tag":[],"class_list":{"0":"post-5019","1":"product","2":"type-product","3":"status-publish","4":"has-post-thumbnail","6":"product_cat-valise-de-diagnostic-obd","8":"first","9":"instock","10":"featured","11":"shipping-taxable","12":"purchasable","13":"product-type-variable"},"_links":{"self":[{"href":"https:\/\/auto-diagnostic-obd.com\/fr\/wp-json\/wp\/v2\/product\/5019","targetHints":{"allow":["GET"]}}],"collection":[{"href":"https:\/\/auto-diagnostic-obd.com\/fr\/wp-json\/wp\/v2\/product"}],"about":[{"href":"https:\/\/auto-diagnostic-obd.com\/fr\/wp-json\/wp\/v2\/types\/product"}],"replies":[{"embeddable":true,"href":"https:\/\/auto-diagnostic-obd.com\/fr\/wp-json\/wp\/v2\/comments?post=5019"}],"wp:featuredmedia":[{"embeddable":true,"href":"https:\/\/auto-diagnostic-obd.com\/fr\/wp-json\/wp\/v2\/media\/5279"}],"wp:attachment":[{"href":"https:\/\/auto-diagnostic-obd.com\/fr\/wp-json\/wp\/v2\/media?parent=5019"}],"wp:term":[{"taxonomy":"product_brand","embeddable":true,"href":"https:\/\/auto-diagnostic-obd.com\/fr\/wp-json\/wp\/v2\/product_brand?post=5019"},{"taxonomy":"product_cat","embeddable":true,"href":"https:\/\/auto-diagnostic-obd.com\/fr\/wp-json\/wp\/v2\/product_cat?post=5019"},{"taxonomy":"product_tag","embeddable":true,"href":"https:\/\/auto-diagnostic-obd.com\/fr\/wp-json\/wp\/v2\/product_tag?post=5019"}],"curies":[{"name":"wp","href":"https:\/\/api.w.org\/{rel}","templated":true}]}}