{"id":514,"date":"2023-05-11T17:14:00","date_gmt":"2023-05-11T15:14:00","guid":{"rendered":"https:\/\/auto-diagnostic-obd.com\/?post_type=product&#038;p=514"},"modified":"2025-05-24T22:39:55","modified_gmt":"2025-05-24T20:39:55","slug":"testeur-batterie-kingbolen-bm550","status":"publish","type":"product","link":"https:\/\/auto-diagnostic-obd.com\/fr\/produit\/testeur-batterie-kingbolen-bm550\/","title":{"rendered":"\ud83d\udd0b Testeur de Batterie KINGBOLEN\u00a0BM550\u00a0: Analyseur Automobile\u00a06V\u00a012V\u00a024V pour Batteries de Voiture\u00a02023 \ud83d\udd0c"},"content":{"rendered":"<h2>Testeur de Batterie KINGBOLEN\u00a0BM550\u00a0: L\u2019outil indispensable pour votre boite \u00e0 outils\ud83d\ude97<\/h2>\n<h3>Pourquoi choisir le testeur de batterie KINGBOLEN\u00a0BM550\u2009?<\/h3>\n<p>Le testeur de batterie KINGBOLEN\u00a0BM550 est l\u2019outil de diagnostic id\u00e9al pour les professionnels et les bricoleurs. Voici quelques raisons pour lesquelles vous devriez l\u2019ajouter \u00e0 votre arsenal\u00a0:<\/p>\n<ul>\n<li>Simple et facile \u00e0 utiliser\u00a0: Connectez simplement les c\u00e2bles rouge (+) et noir (- ) \u00e0 votre batterie et laissez le BM550 faire le reste.<\/li>\n<li>Testez la batterie dans et hors du v\u00e9hicule\u00a0: Vous n\u2019avez pas besoin de retirer la batterie pour effectuer les tests.<\/li>\n<li>Grand \u00e9cran LCD lisible de 1,8\u00a0pouces\u00a0: Les r\u00e9sultats sont clairs et faciles \u00e0 lire, m\u00eame dans des conditions de faible luminosit\u00e9.<\/li>\n<li>Compatible avec une large gamme de batteries\u00a0: Testez les batteries acide\/plomb, AGM plat\/\u00e0 plaques, AGM spiral\u00e9, Gel et EFB.<\/li>\n<li>Test de batteries de 6V\/12V\/24V\u00a0: Le BM550 est compatible avec la plupart des batteries de voiture, moto et bateau.<\/li>\n<\/ul>\n<h3>Fonctionnalit\u00e9s avanc\u00e9es du KINGBOLEN\u00a0BM550<\/h3>\n<p>Le testeur de batterie KINGBOLEN\u00a0BM550 offre une multitude de fonctionnalit\u00e9s pour vous aider \u00e0 maintenir votre batterie en parfait \u00e9tat\u00a0:<\/p>\n<ul>\n<li>Mesure de la tension et du pourcentage de charge de la batterie<\/li>\n<li>Test du courant de d\u00e9marrage et du fonctionnement de l\u2019alternateur<\/li>\n<li>Analyse de la r\u00e9sistance interne de l\u2019accumulateur<\/li>\n<li>Test du syst\u00e8me de d\u00e9marrage du v\u00e9hicule\u00a0: temps de d\u00e9marrage, tension et \u00e9tat<\/li>\n<li>Test du syst\u00e8me de charge du v\u00e9hicule\u00a0: tension de charge, tension \u00e0 vide<\/li>\n<\/ul>\n<div>\n<h3>Profitez d\u2019une tranquillit\u00e9 d\u2019esprit avec le testeur de batterie\u00a0BM550<\/h3>\n<p>Avec le testeur de batterie KINGBOLEN\u00a0BM550, vous pouvez\u00a0:<\/p>\n<ul>\n<li>V\u00e9rifier l\u2019\u00e9tat de sant\u00e9 de votre batterie r\u00e9guli\u00e8rement pour pr\u00e9venir les pannes inattendues<\/li>\n<li>Identifier les probl\u00e8mes de d\u00e9marrage et de charge avant qu\u2019ils ne deviennent critiques<\/li>\n<li>Prolonger la dur\u00e9e de vie de votre batterie en effectuant des tests r\u00e9guliers et en maintenant une charge optimale<\/li>\n<\/ul>\n<h3>Faites confiance au BM550 pour un diagnostic pr\u00e9cis et fiable<\/h3>\n<p>Le KINGBOLEN\u00a0BM550 est con\u00e7u pour offrir des r\u00e9sultats de test pr\u00e9cis et fiables\u00a0:<\/p>\n<ul>\n<li>R\u00e9sultats des tests bas\u00e9s sur les normes JIS, EN, DIN, SAE et IEC<\/li>\n<li>Gamme de mesure de la capacit\u00e9 de la batterie\u00a0: 2Ah-220Ah<\/li>\n<li>Tension d\u2019entr\u00e9e\u00a0: 4,9 V ~\u00a032V<\/li>\n<\/ul>\n<h3>Description technique d\u00e9taill\u00e9e\u00a0:<\/h3>\n<ul>\n<li>Environnement de travail Temp\u00e9rature\u00a0: 0\u00a0\u00b0C \u00e0 50\u00a0\u00b0C<\/li>\n<li>Temp\u00e9rature de stockage\u00a0: -20\u00a0\u00b0C \u00e0 70\u00a0\u00b0C<\/li>\n<li>Mat\u00e9riau du bo\u00eetier\u00a0: ABS<\/li>\n<li>R\u00e9sultats de mesure de l\u2019\u00e9tat de la batterie en % SOC \u2014 \u00e9tat de charge de la batterie SOH \u2014 \u00e9tat d\u2019usure de la batterie R \u2014 r\u00e9sistance VOL \u2014 \u00e9tat de la tension (V)<\/li>\n<\/ul>\n<h3>Contenu du colis\u00a0:<\/h3>\n<ul>\n<li>Testeur KINGBOLEN\u00a0BM550<\/li>\n<li>Emballage en blister en plastique<\/li>\n<li>Aucune batterie ou accumulateur suppl\u00e9mentaire n\u2019est n\u00e9cessaire pour alimenter l\u2019appareil, il puise son alimentation directement \u00e0 partir de la batterie de la voiture test\u00e9e.<\/li>\n<\/ul>\n","protected":false},"excerpt":{"rendered":"<div>D\u00e9couvrez le testeur de batterie KINGBOLEN BM550, l\u2019outil de diagnostic automobile ultime pour \u00e9valuer la sant\u00e9 de votre batterie de voiture. Compatible avec les batteries 6V, 12V et 24V, ce testeur polyvalent est id\u00e9al pour un usage domestique et professionnel. Gr\u00e2ce \u00e0 son grand \u00e9cran LCD de 1,8 pouces, il affiche clairement la tension, la capacit\u00e9 de d\u00e9marrage, la r\u00e9sistance interne et l\u2019\u00e9tat de charge de votre batterie.<\/div>\n<div><\/div>\n<div>Le BM550 est facile \u00e0 utiliser et peut \u00eatre connect\u00e9 \u00e0 une large gamme de v\u00e9hicules, y compris les voitures, les motos, les bateaux et les tondeuses \u00e0 gazon. Il offre des r\u00e9sultats pr\u00e9cis bas\u00e9s sur les normes JIS, EN, DIN, SAE et IEC, et teste \u00e9galement le syst\u00e8me de d\u00e9marrage et de charge de votre v\u00e9hicule.<\/div>\n<div><\/div>\n<div>Avec une gamme de capacit\u00e9 de 2 Ah \u00e0 220 Ah, le KINGBOLEN BM550 est con\u00e7u pour analyser et lire efficacement les donn\u00e9es importantes de votre batterie. Ne laissez pas une batterie d\u00e9fectueuse vous surprendre \u2014 le BM550 vous aidera \u00e0 d\u00e9tecter les probl\u00e8mes avant qu\u2019ils ne surviennent. Investissez dans cet outil de diagnostic fiable et d\u00e9couvrez la tranquillit\u00e9 d\u2019esprit d\u2019une batterie en bonne sant\u00e9.<\/div>\n","protected":false},"featured_media":655,"comment_status":"open","ping_status":"closed","template":"","meta":{"_seopress_robots_primary_cat":"none","_seopress_titles_title":"\ud83d\udd0b Testeur Batterie KINGBOLEN\u00a0BM550\u00a0: Analyse\u00a06V\u00a012V\u00a024V \ud83d\ude97","_seopress_titles_desc":"D\u00e9couvrez le testeur de batterie KINGBOLEN\u00a0BM550 pour des diagnostics pr\u00e9cis de batteries\u00a06V, 12V et 24V. Facile \u00e0 utiliser, il prolonge la dur\u00e9e de vie de votre batterie.","_seopress_robots_index":""},"product_brand":[],"product_cat":[25,26],"product_tag":[],"class_list":{"0":"post-514","1":"product","2":"type-product","3":"status-publish","4":"has-post-thumbnail","6":"product_cat-outils-diagnostic-specifiques","7":"product_cat-testeur-batterie","9":"first","10":"instock","11":"shipping-taxable","12":"purchasable","13":"product-type-simple"},"_links":{"self":[{"href":"https:\/\/auto-diagnostic-obd.com\/fr\/wp-json\/wp\/v2\/product\/514","targetHints":{"allow":["GET"]}}],"collection":[{"href":"https:\/\/auto-diagnostic-obd.com\/fr\/wp-json\/wp\/v2\/product"}],"about":[{"href":"https:\/\/auto-diagnostic-obd.com\/fr\/wp-json\/wp\/v2\/types\/product"}],"replies":[{"embeddable":true,"href":"https:\/\/auto-diagnostic-obd.com\/fr\/wp-json\/wp\/v2\/comments?post=514"}],"wp:featuredmedia":[{"embeddable":true,"href":"https:\/\/auto-diagnostic-obd.com\/fr\/wp-json\/wp\/v2\/media\/655"}],"wp:attachment":[{"href":"https:\/\/auto-diagnostic-obd.com\/fr\/wp-json\/wp\/v2\/media?parent=514"}],"wp:term":[{"taxonomy":"product_brand","embeddable":true,"href":"https:\/\/auto-diagnostic-obd.com\/fr\/wp-json\/wp\/v2\/product_brand?post=514"},{"taxonomy":"product_cat","embeddable":true,"href":"https:\/\/auto-diagnostic-obd.com\/fr\/wp-json\/wp\/v2\/product_cat?post=514"},{"taxonomy":"product_tag","embeddable":true,"href":"https:\/\/auto-diagnostic-obd.com\/fr\/wp-json\/wp\/v2\/product_tag?post=514"}],"curies":[{"name":"wp","href":"https:\/\/api.w.org\/{rel}","templated":true}]}}