{"id":520,"date":"2023-05-11T17:32:49","date_gmt":"2023-05-11T15:32:49","guid":{"rendered":"https:\/\/auto-diagnostic-obd.com\/?post_type=product&#038;p=520"},"modified":"2025-03-01T17:03:00","modified_gmt":"2025-03-01T16:03:00","slug":"interface-diagnostic-mucar-bt200-pro-obd2","status":"publish","type":"product","link":"https:\/\/auto-diagnostic-obd.com\/fr\/produit\/interface-diagnostic-mucar-bt200-pro-obd2\/","title":{"rendered":"\ud83d\ude97 Interface de diagnostic MUCAR BT200 PRO OBD2 :\u00a0[Scanner et effacer les codes, 15 Services de r\u00e9initialisation, ABS, DPF, EPB, SAS, AFS &#8230;]"},"content":{"rendered":"<h2>Pr\u00e9sentation du THINKCAR MUCAR BT200 PRO, l\u2019outil de diagnostic Bluetooth OBD2 ultime<\/h2>\n<h3>Diagnostic complet pour toutes les voitures<\/h3>\n<p>Le MUCAR\u00a0BT200 est un outil de diagnostic complet qui prend en charge plus de 126\u00a0marques de voitures et est compatible avec tous les v\u00e9hicules \u00e9quip\u00e9s du protocole OBD\u00a0II apr\u00e8s 1996. Gr\u00e2ce \u00e0 son syst\u00e8me complet de diagnostic, il offre une couverture \u00e9tendue pour le diagnostic de votre v\u00e9hicule, y compris le moteur, la transmission, l\u2019ABS, le TPMS et bien plus encore.<\/p>\n<h3>15 fonctions sp\u00e9ciales pour un diagnostic avanc\u00e9 gratuit pendant 1\u00a0an puis un abonnement annuel aupr\u00e8s du fabricant THINKCAR\u2009!<\/h3>\n<p>Le MUCAR\u00a0BT200 est \u00e9quip\u00e9 de 15\u00a0fonctions sp\u00e9ciales, dont\u00a0:<\/p>\n<ul>\n<li>Remise \u00e0 z\u00e9ro du service de lampe \u00e0 huile<\/li>\n<li>Service EPB (Electronic Parking Brake)<\/li>\n<li>Batterie Bat<\/li>\n<li>Service DPF (Diesel Particulate Filter)<\/li>\n<li>Service SAS (Steering Angle Sensor)<\/li>\n<li>Service TPMS (Tire Pressure Monitoring System)<\/li>\n<li>Programmation de cl\u00e9s IMMO<\/li>\n<li>Purge ABS<\/li>\n<li>R\u00e9initialisation du toit ouvrant<\/li>\n<li>R\u00e9initialisation de la suspension<\/li>\n<li>R\u00e9initialisation de la bo\u00eete de vitesses<\/li>\n<li>R\u00e9initialisation des phares AFS<\/li>\n<li>Encodage des injecteurs<\/li>\n<li>Adaptation de la commande des gaz<\/li>\n<li>Apprentissage du changement de vitesses<\/li>\n<\/ul>\n<h2>Profitez d\u2019une dur\u00e9e de vie illimit\u00e9 avec toutes les fonctions OBDII\/EOBD en 10\u00a0modes\u00a0:<\/h2>\n<p>Ce mod\u00e8le est compatible avec tous les mod\u00e8les qui prennent en charge le protocole OBD\u00a0II apr\u00e8s 1996, avec les accords ISO\u00a014230-4 (KWP2000), IOS\u00a015765-4 (CAN), ISO\u00a09141-2 (IOS), ISO14229 (UDS) et SAEJ\u00a01850 (VPW et PWM).<\/p>\n<p>Les 10\u00a0modes de fonctions sont les suivants\u00a0:<\/p>\n<ul>\n<li>Mode\u00a01\u00a0: Permet de lire en direct le flux de donn\u00e9es.<\/li>\n<li>Mode\u00a02\u00a0: Donne la possibilit\u00e9 de lire les donn\u00e9es de trame fig\u00e9e.<\/li>\n<li>Mode\u00a03\u00a0: Permet de lire les codes de panne diagnostiques, \u00e9galement appel\u00e9s DTCs.<\/li>\n<li>Mode\u00a04\u00a0: Permet d\u2019effacer les DTCs.<\/li>\n<li>Mode\u00a05\u00a0: Surveille le capteur d\u2019oxyg\u00e8ne.<\/li>\n<li>Mode\u00a06\u00a0: Surveille le syst\u00e8me.<\/li>\n<li>Mode\u00a07\u00a0: Permet de lire les DTCs en attente.<\/li>\n<li>Mode\u00a08\u00a0: Contr\u00f4le le fonctionnement du syst\u00e8me embarqu\u00e9.<\/li>\n<li>Mode\u00a09\u00a0: Donne la possibilit\u00e9 de lire les informations sur le v\u00e9hicule.<\/li>\n<li>Mode\u00a010\u00a0: Permet de demander des codes de probl\u00e8mes diagnostiques li\u00e9s aux \u00e9missions avec un statut permanent apr\u00e8s un clair\/r\u00e9initialiser l\u2019information diagnostique li\u00e9e aux \u00e9missions.<\/li>\n<\/ul>\n<h3>Interface intuitive et connexion Bluetooth<\/h3>\n<p>Le MUCAR\u00a0BT200 se connecte facilement \u00e0 votre smartphone ou tablette iOS via Bluetooth et vous offre une interface intuitive pour visualiser les donn\u00e9es de diagnostic en temps r\u00e9el, lire les codes d\u2019erreur et effectuer les fonctions sp\u00e9ciales. Gr\u00e2ce \u00e0 l\u2019application d\u00e9di\u00e9e, vous pouvez \u00e9galement imprimer le rapport de diagnostic et le partager avec votre m\u00e9canicien ou le conserver pour vos archives personnelles.<\/p>\n<h3>Mise \u00e0 jour gratuite et support technique<\/h3>\n<p>Le MUCAR\u00a0BT200 offre une mise \u00e0 jour gratuite pendant 1\u00a0an pour toutes les voitures, vous assurant ainsi de toujours disposer des derni\u00e8res fonctionnalit\u00e9s et am\u00e9liorations pour votre outil de diagnostic. De plus, vous b\u00e9n\u00e9ficiez du support technique de l\u2019\u00e9quipe Thinkcar et d\u2019AUTO-DIAGNOSTIC-OBD pour vous aider en cas de besoin.<\/p>\n<h2>Caract\u00e9ristiques techniques du MUCAR\u00a0BT200 PRO<\/h2>\n<ul>\n<li>Prise en charge de 9\u00a0langues\u00a0: anglais, fran\u00e7ais, allemand, espagnol, italien, portugais, japonais, russe, polonais<\/li>\n<li>Diagnostic complet pour plus de 126\u00a0marques de voitures<\/li>\n<li>15 fonctions sp\u00e9ciales pour un diagnostic avanc\u00e9<\/li>\n<li>Connexion Bluetooth s\u00e9curis\u00e9e avec smartphones et tablettes iOS<\/li>\n<li>Mise \u00e0 jour gratuite pendant 1\u00a0an pour toutes les voitures<\/li>\n<li>Support technique de Thinkcar Technology<\/li>\n<\/ul>\n<h2>Contenu du colis<\/h2>\n<ul>\n<li>1 x Interface de diagnostic MUCAR\u00a0BT200 PRO<\/li>\n<li>1 x Manuel d\u2019utilisation<\/li>\n<li>1 x Carte de garantie<\/li>\n<\/ul>\n","protected":false},"excerpt":{"rendered":"<p>D\u00e9couvrez l\u2019Interface de diagnostic MUCAR\u00a0BT200 PRO, l\u2019outil de diagnostic de voiture Bluetooth\u00a0OBD2 ultime qui r\u00e9volutionne le diagnostic automobile\u2009! Facile \u00e0 utiliser et compatible avec tous les v\u00e9hicules \u00e9quip\u00e9s du protocole OBD\u00a0II apr\u00e8s 1996, le MUCAR\u00a0BT200 PRO est l\u2019alli\u00e9 parfait pour les propri\u00e9taires de voitures et les professionnels de l\u2019automobile. Gr\u00e2ce \u00e0 son syst\u00e8me complet de diagnostic, il prend en charge plus de 126\u00a0marques de voitures et offre 15\u00a0fonctions sp\u00e9ciales, incluant la r\u00e9initialisation du service de lampe \u00e0 huile, l\u2019encodage des injecteurs, la programmation de cl\u00e9s IMMO et bien plus encore\u2009!<\/p>\n<p>Le MUCAR\u00a0BT200 PRO se connecte facilement \u00e0 votre smartphone ou tablette iOS via Bluetooth pour vous offrir un diagnostic complet et des donn\u00e9es en direct sur tous les syst\u00e8mes de contr\u00f4le de votre v\u00e9hicule. \u00c9conomique et portable, cet outil de diagnostic de panne est id\u00e9al pour faciliter le diagnostic du v\u00e9hicule et vous permet d\u2019imprimer le rapport de diagnostic directement depuis l\u2019application d\u00e9di\u00e9e.<\/p>\n<p>Avec sa mise \u00e0 jour gratuite pendant 1\u00a0an pour toutes les voitures, le MUCAR\u00a0BT200 PRO surpasse les autres scanners de voiture Bluetooth du march\u00e9. Achetez d\u00e8s maintenant votre MUCAR\u00a0BT200 et profitez d\u2019un diagnostic de voiture sur diverses marques et mod\u00e8les en toute simplicit\u00e9\u2009!<\/p>\n","protected":false},"featured_media":725,"comment_status":"open","ping_status":"closed","template":"","meta":{"_seopress_robots_primary_cat":"none","_seopress_titles_title":"\ud83d\udd27 MUCAR\u00a0BT200\u00a0: Outil de diagnostic Bluetooth\u00a0OBD2 ultime\u2009!","_seopress_titles_desc":"D\u00e9couvrez le MUCAR\u00a0BT200, l\u2019outil de diagnostic Bluetooth\u00a0OBD2 pour toutes les voitures avec 15\u00a0fonctions sp\u00e9ciales, diagnostic complet et mise \u00e0 jour gratuite.","_seopress_robots_index":""},"product_brand":[],"product_cat":[23],"product_tag":[],"class_list":{"0":"post-520","1":"product","2":"type-product","3":"status-publish","4":"has-post-thumbnail","6":"product_cat-interface-de-diagnostic-obd","8":"first","9":"instock","10":"shipping-taxable","11":"purchasable","12":"product-type-simple"},"_links":{"self":[{"href":"https:\/\/auto-diagnostic-obd.com\/fr\/wp-json\/wp\/v2\/product\/520","targetHints":{"allow":["GET"]}}],"collection":[{"href":"https:\/\/auto-diagnostic-obd.com\/fr\/wp-json\/wp\/v2\/product"}],"about":[{"href":"https:\/\/auto-diagnostic-obd.com\/fr\/wp-json\/wp\/v2\/types\/product"}],"replies":[{"embeddable":true,"href":"https:\/\/auto-diagnostic-obd.com\/fr\/wp-json\/wp\/v2\/comments?post=520"}],"wp:featuredmedia":[{"embeddable":true,"href":"https:\/\/auto-diagnostic-obd.com\/fr\/wp-json\/wp\/v2\/media\/725"}],"wp:attachment":[{"href":"https:\/\/auto-diagnostic-obd.com\/fr\/wp-json\/wp\/v2\/media?parent=520"}],"wp:term":[{"taxonomy":"product_brand","embeddable":true,"href":"https:\/\/auto-diagnostic-obd.com\/fr\/wp-json\/wp\/v2\/product_brand?post=520"},{"taxonomy":"product_cat","embeddable":true,"href":"https:\/\/auto-diagnostic-obd.com\/fr\/wp-json\/wp\/v2\/product_cat?post=520"},{"taxonomy":"product_tag","embeddable":true,"href":"https:\/\/auto-diagnostic-obd.com\/fr\/wp-json\/wp\/v2\/product_tag?post=520"}],"curies":[{"name":"wp","href":"https:\/\/api.w.org\/{rel}","templated":true}]}}