{"id":523,"date":"2023-05-11T17:35:53","date_gmt":"2023-05-11T15:35:53","guid":{"rendered":"https:\/\/auto-diagnostic-obd.com\/?post_type=product&#038;p=523"},"modified":"2023-07-09T18:17:49","modified_gmt":"2023-07-09T16:17:49","slug":"testeur-batterie-autool-bt760-imprimante-integree","status":"publish","type":"product","link":"https:\/\/auto-diagnostic-obd.com\/fr\/produit\/testeur-batterie-autool-bt760-imprimante-integree\/","title":{"rendered":"\ud83d\udd0b Testeur de Batterie AUTOOL\u00a0BT760 avec Imprimante Int\u00e9gr\u00e9e\u00a0: Analyse Rapide et Efficace pour de votre batterie de Voiture \ud83d\ude97"},"content":{"rendered":"<h2>Pourquoi choisir l\u2019AUTOOL\u00a0BT760\u2009? \ud83e\udd14<\/h2>\n<h3>Une analyse compl\u00e8te de la batterie<\/h3>\n<p>L\u2019AUTOOL\u00a0BT760 est capable d\u2019analyser\u00a0:<\/p>\n<ul>\n<li>L\u2019\u00e9tat de la batterie<\/li>\n<li>Le test de charge<\/li>\n<li>Le test du d\u00e9marreur<\/li>\n<li>L\u2019impression des donn\u00e9es via l\u2019imprimante int\u00e9gr\u00e9e<\/li>\n<\/ul>\n<p>Gr\u00e2ce \u00e0 sa technologie de test de conductance, il mesure principalement la valeur des appareils \u00e9lectriques chargeables maximum, pour une \u00e9valuation pr\u00e9cise de la sant\u00e9 de votre batterie.<\/p>\n<h3>Compatible avec la plupart des normes de batterie<\/h3>\n<p>Ce testeur de batterie de voiture est conforme aux normes de batterie telles que\u00a0:<\/p>\n<ul>\n<li>CCA<\/li>\n<li>JIS<\/li>\n<li>DIN<\/li>\n<li>SAE<\/li>\n<li>IEC<\/li>\n<li>EN<\/li>\n<li>GB<\/li>\n<\/ul>\n<p>Ainsi, il est adapt\u00e9 pour analyser la majorit\u00e9 des batteries de d\u00e9marrage et de charge\u00a012V et 24V.<\/p>\n<h3>Supporte 12 langues<\/h3>\n<p>L\u2019AUTOOL\u00a0BT760 prend en charge 12\u00a0langues, dont l\u2019anglais, le portugais, l\u2019espagnol, le fran\u00e7ais, l\u2019allemand, l\u2019italien, le russe, le cor\u00e9en, le chinois, le japonais, le turc et le tha\u00eflandais. Cela permet \u00e0 tous les utilisateurs de profiter pleinement de cet appareil, quelle que soit leur langue.<\/p>\n<h2>Les avantages de l\u2019AUTOOL\u00a0BT760 \ud83d\udcaa<\/h2>\n<h3>Imprimante\u00a0int\u00e9gr\u00e9e pour des rapports clairs et d\u00e9taill\u00e9s<\/h3>\n<p>L\u2019AUTOOL\u00a0BT760 est \u00e9quip\u00e9 d\u2019une imprimante int\u00e9gr\u00e9e qui utilise du papier thermique standard, permettant d\u2019imprimer facilement les r\u00e9sultats des tests et de joindre des impressions aux bons de travail. Ainsi, vous aurez toujours un compte-rendu clair et d\u00e9taill\u00e9 de l\u2019\u00e9tat de la batterie.<\/p>\n<h3>Mat\u00e9riaux de haute qualit\u00e9 pour une durabilit\u00e9 accrue<\/h3>\n<p>Fabriqu\u00e9 avec du cuivre de haute qualit\u00e9 et un fil enduit de PVC, ce testeur de batterie offre une excellente connectivit\u00e9 et durabilit\u00e9, garantissant un fonctionnement fiable et une longue dur\u00e9e de vie.<\/p>\n<h3>Analyse pr\u00e9cise et fiable des batteries<\/h3>\n<p>L\u2019AUTOOL\u00a0BT760 est capable d\u2019analyser les batteries au gel, les batteries spirales AGM, les batteries EFB et bien d\u2019autres types de batteries. Cela vous permet d\u2019obtenir une analyse pr\u00e9cise et fiable de la batterie de votre v\u00e9hicule, quel que soit le type de batterie utilis\u00e9.<\/p>\n<h2>Description technique d\u00e9taill\u00e9e :<\/h2>\n<ul>\n<li>Plage de mesure du courant de d\u00e9marrage dans les unit\u00e9s de donn\u00e9es\u00a0: CCA (20-3000), BCI (20-3000), CA (20-3000), MCA (20-3000), DIN (20-2500), IEC (20-2500), EN (20-2500), SAE (20-3000), GB (30-220), JIS (26A17-N200Z)<\/li>\n<li>Plage de temp\u00e9rature de fonctionnement\u00a0: -20\u00a0\u00b0C \u00e0 50\u00a0\u00b0C<\/li>\n<li>Mat\u00e9riau du bo\u00eetier\u00a0: plastique ABS r\u00e9sistant aux acides<\/li>\n<li>Plage de mesure de la capacit\u00e9 de la batterie\u00a0: 4\u00a0Ah-240 Ah<\/li>\n<li>Plage de mesure de la tension\u00a0: 6-30 VDC<\/li>\n<li>Application\u00a0: 12V\/24V<\/li>\n<\/ul>\n<h2>Contenu du colis :<\/h2>\n<ul>\n<li>Testeur AUTOOL\u00a0BT-760<\/li>\n<li>1 * Rouleau de papier pour l\u2019imprimante<\/li>\n<li>C\u00e2ble de mesure avec pinces crocodile<\/li>\n<li>Manuel d\u2019utilisation en PDF envoy\u00e9 par e-mail<\/li>\n<li>\u00c9tui pour l\u2019appareil<\/li>\n<li>Emballage d\u2019origine<\/li>\n<\/ul>\n","protected":false},"excerpt":{"rendered":"<p>D\u00e9couvrez l\u2019AUTOOL\u00a0BT760, le testeur de batterie de voiture ultime avec imprimante int\u00e9gr\u00e9e\u2009! Con\u00e7u pour analyser rapidement et efficacement la sant\u00e9 de la batterie de votre voiture, moto ou automobile, ce testeur est compatible avec les batteries\u00a012V et 24V. Gr\u00e2ce \u00e0 sa technologie de test de conductance, l\u2019AUTOOL\u00a0BT760 mesure l\u2019\u00e9tat de la batterie, le test de charge, le test du d\u00e9marreur et permet l\u2019impression des donn\u00e9es via l\u2019imprimante int\u00e9gr\u00e9e. Id\u00e9al pour les professionnels et les propri\u00e9taires priv\u00e9s, cet appareil de haute qualit\u00e9 est conforme aux normes de batterie telles que CCA, JIS, DIN et bien d\u2019autres. En outre, il prend en charge 12\u00a0langues pour s\u2019adapter \u00e0 tous les utilisateurs.<\/p>\n<p>L\u2019AUTOOL\u00a0BT760 est \u00e9quip\u00e9 d\u2019une imprimante int\u00e9gr\u00e9e qui utilise du papier thermique standard pour vous permettre de joindre facilement des impressions aux bons de travail. Fabriqu\u00e9 avec du cuivre de haute qualit\u00e9 et un fil enduit de PVC, ce testeur offre une excellente connectivit\u00e9 et durabilit\u00e9. Il est \u00e9galement capable d\u2019analyser les batteries au gel, les batteries spirales AGM et les batteries EFB.<\/p>\n<p>Ne vous inqui\u00e9tez plus de la sant\u00e9 de votre batterie\u2009! Obtenez le testeur de batterie AUTOOL\u00a0BT760 pour vous assurer que votre v\u00e9hicule fonctionne toujours au maximum de ses performances.<\/p>\n","protected":false},"featured_media":765,"comment_status":"open","ping_status":"closed","template":"","meta":{"_seopress_robots_primary_cat":"none","_seopress_titles_title":"\ud83d\udd0b AUTOOL BT760: Testeur de Batterie avec Imprimante \ud83d\ude97","_seopress_titles_desc":"D\u00e9couvrez l&#039;AUTOOL BT760, testeur de batterie avec imprimante int\u00e9gr\u00e9e! Analysez rapidement et efficacement les batteries de voiture, moto et automobile. \ud83d\ude97\ud83d\udd0b","_seopress_robots_index":""},"product_brand":[],"product_cat":[25,26],"product_tag":[],"class_list":{"0":"post-523","1":"product","2":"type-product","3":"status-publish","4":"has-post-thumbnail","6":"product_cat-outils-diagnostic-specifiques","7":"product_cat-testeur-batterie","9":"first","10":"instock","11":"shipping-taxable","12":"purchasable","13":"product-type-simple"},"_links":{"self":[{"href":"https:\/\/auto-diagnostic-obd.com\/fr\/wp-json\/wp\/v2\/product\/523","targetHints":{"allow":["GET"]}}],"collection":[{"href":"https:\/\/auto-diagnostic-obd.com\/fr\/wp-json\/wp\/v2\/product"}],"about":[{"href":"https:\/\/auto-diagnostic-obd.com\/fr\/wp-json\/wp\/v2\/types\/product"}],"replies":[{"embeddable":true,"href":"https:\/\/auto-diagnostic-obd.com\/fr\/wp-json\/wp\/v2\/comments?post=523"}],"wp:featuredmedia":[{"embeddable":true,"href":"https:\/\/auto-diagnostic-obd.com\/fr\/wp-json\/wp\/v2\/media\/765"}],"wp:attachment":[{"href":"https:\/\/auto-diagnostic-obd.com\/fr\/wp-json\/wp\/v2\/media?parent=523"}],"wp:term":[{"taxonomy":"product_brand","embeddable":true,"href":"https:\/\/auto-diagnostic-obd.com\/fr\/wp-json\/wp\/v2\/product_brand?post=523"},{"taxonomy":"product_cat","embeddable":true,"href":"https:\/\/auto-diagnostic-obd.com\/fr\/wp-json\/wp\/v2\/product_cat?post=523"},{"taxonomy":"product_tag","embeddable":true,"href":"https:\/\/auto-diagnostic-obd.com\/fr\/wp-json\/wp\/v2\/product_tag?post=523"}],"curies":[{"name":"wp","href":"https:\/\/api.w.org\/{rel}","templated":true}]}}