{"id":5281,"date":"2023-07-31T18:17:21","date_gmt":"2023-07-31T16:17:21","guid":{"rendered":"https:\/\/auto-diagnostic-obd.com\/?post_type=product&#038;p=5281"},"modified":"2023-07-31T18:25:11","modified_gmt":"2023-07-31T16:25:11","slug":"interface-diagnostic-automobile-thinkcar-thinkdiag2","status":"publish","type":"product","link":"https:\/\/auto-diagnostic-obd.com\/fr\/produit\/interface-diagnostic-automobile-thinkcar-thinkdiag2\/","title":{"rendered":"Interface de Diagnostic Automobile THINKCAR ThinkDiag 2 OBD-II : Multimarques avec Bluetooth 5.0, Protocole CAN-FD, R\u00e9initialisation de 15 Syst\u00e8mes Complet \ud83d\ude97\ud83d\udd27"},"content":{"rendered":"<h2>\ud83d\udc96 D\u00e9couvrez Thinkdiag 2 OBD2 Une Interfa\u00e7e de Diagnostic Auto avec Protocole CAN-FD pour une Performance Am\u00e9lior\u00e9e<\/h2>\n<h3>\ud83c\udfaf Un Diagnostic Pr\u00e9cis et Rapide &#8211; Compatible avec le Protocole CAN-FD<\/h3>\n<p>Thinkdiag 2 OBD2 Scanner Diagnostic Auto est con\u00e7u pour offrir un diagnostic automobile de pointe gr\u00e2ce \u00e0 l&rsquo;ajout du protocole CAN-FD. Cette am\u00e9lioration permet une compatibilit\u00e9 \u00e9tendue avec de nombreux mod\u00e8les de voitures, une transmission de donn\u00e9es plus rapide et une lecture d&rsquo;erreur plus pr\u00e9cise. Profitez d&rsquo;un diagnostic rapide et pr\u00e9cis pour votre v\u00e9hicule, ce qui vous permet de r\u00e9soudre les probl\u00e8mes plus efficacement.<\/p>\n<h3>\ud83d\ude97 Diagnostic de Tous les Syst\u00e8mes &#8211; Un Outil Complet pour Votre Voiture<\/h3>\n<p>Avec Thinkdiag 2 Bluetooth OBD2 Diagnostic, vous pouvez acc\u00e9der \u00e0 toutes les fonctions de diagnostic des syst\u00e8mes de votre voiture. Qu&rsquo;il s&rsquo;agisse de l&rsquo;ECM, du BCM, du SRS, du TCM, du BMS, du TPMS, du SAS, du syst\u00e8me A\/C et bien plus encore, cet outil complet vous permet de lire et d&rsquo;effacer les codes de panne, de consulter les donn\u00e9es en temps r\u00e9el et d&rsquo;acc\u00e9der aux informations du module de commande. Vous pouvez ainsi diagnostiquer votre voiture de mani\u00e8re approfondie et identifier rapidement les probl\u00e8mes potentiels.<\/p>\n<h3>\ud83d\udd27 15 Fonctions de Maintenance &#8211; \u00c9conomisez Temps et Argent sur les R\u00e9parations<\/h3>\n<ul>\n<li>Thinkdiag 2 OBD2 Scanner propose 15 fonctions de maintenance essentielles pour votre voiture. Chaque fonction offre un moyen sp\u00e9cifique d&rsquo;optimiser les performances de votre v\u00e9hicule et de prolonger sa dur\u00e9e de vie. Voici en d\u00e9tail les 15 fonctions de maintenance :<\/li>\n<li>R\u00e9initialisation de l&rsquo;huile : Permet d&rsquo;effectuer une r\u00e9initialisation pour un nouveau calcul du syst\u00e8me de dur\u00e9e de vie de l&rsquo;huile moteur apr\u00e8s avoir chang\u00e9 l&rsquo;huile.<\/li>\n<li>R\u00e9g\u00e9n\u00e9ration du DPF : Elle est utilis\u00e9e pour \u00e9liminer les particules du filtre DPF gr\u00e2ce \u00e0 un mode d&rsquo;oxydation \u00e0 combustion continue. Il fonctionne sp\u00e9cialement pour le syst\u00e8me de filtre \u00e0 particules diesel avec DPF.<\/li>\n<li>Adaptation \u00e9lectronique du papillon des gaz : Utilis\u00e9e pour initialiser l&rsquo;actionneur du papillon des gaz \u00e0 l&rsquo;aide du d\u00e9codeur de la voiture, afin que la valeur d&rsquo;apprentissage de l&rsquo;ECU revienne \u00e0 l&rsquo;\u00e9tat initial.<\/li>\n<li>R\u00e9initialisation des plaquettes de frein : Pour d\u00e9sactiver et activer les syst\u00e8mes de contr\u00f4le des freins, aider au contr\u00f4le du liquide de frein, ouvrir et fermer les plaquettes de frein, et r\u00e9gler les freins apr\u00e8s le remplacement des disques ou des plaquettes.<\/li>\n<li>R\u00e9initialisation du SAS : Aide \u00e0 effacer les m\u00e9moires d\u00e9fectueuses du capteur d&rsquo;angle de braquage pour r\u00e9initialiser l&rsquo;angle de braquage et joue un r\u00f4le important dans l&rsquo;\u00e9talonnage du capteur d&rsquo;angle de braquage.<\/li>\n<li>Correspondance IMMO : Pour \u00e9viter que la voiture ne soit utilis\u00e9e par des cl\u00e9s non autoris\u00e9es, la fonction de correspondance des cl\u00e9s antivol doit \u00eatre ex\u00e9cut\u00e9e pour que le syst\u00e8me de contr\u00f4le de l&rsquo;immobilisation de la voiture identifie et autorise les cl\u00e9s de t\u00e9l\u00e9commande \u00e0 utiliser normalement la voiture.<\/li>\n<li>Codage de l&rsquo;injecteur : Apr\u00e8s le remplacement du calculateur ou de l&rsquo;injecteur, le code de l&rsquo;injecteur de chaque cylindre doit \u00eatre confirm\u00e9 ou recod\u00e9 afin que le cylindre puisse mieux identifier les injecteurs pour contr\u00f4ler pr\u00e9cis\u00e9ment l&rsquo;injection de carburant.<\/li>\n<li>R\u00e9initialisation du TPMS : Lorsque la pression des pneus est trop basse, que les pneus fuient, que le dispositif de surveillance de la pression des pneus est remplac\u00e9 ou install\u00e9, que les pneus sont remplac\u00e9s et que le capteur de pression des pneus est endommag\u00e9, la fonction de r\u00e9initialisation de la pression des pneus doit \u00eatre effectu\u00e9e pour r\u00e9initialiser la pression des pneus et \u00e9teindre le TPMS.<\/li>\n<li>Suspension Matching : Lors du remplacement du capteur de hauteur de caisse dans le syst\u00e8me de suspension pneumatique, ou le module de commande ou lorsque le niveau du v\u00e9hicule est incorrect, cette fonction peut ajuster le capteur de hauteur de caisse pour le calibrage du niveau.<\/li>\n<li>R\u00e9initialisation AFS : Cette fonction est utilis\u00e9e pour initialiser le syst\u00e8me de phares adaptatifs.<\/li>\n<li>Gearbox Matching : Cette fonction permet de compl\u00e9ter l&rsquo;auto-apprentissage de la bo\u00eete de vitesses afin d&rsquo;am\u00e9liorer la qualit\u00e9 du passage des vitesses.<\/li>\n<li>Initialisation du toit ouvrant : Cette fonction permet de r\u00e9gler le verrouillage du toit ouvrant, sa fermeture en cas de pluie, la fonction de m\u00e9moire du toit ouvrant coulissant\/basculant, le seuil de temp\u00e9rature \u00e0 l&rsquo;ext\u00e9rieur de la voiture, etc.<\/li>\n<li>Adaptation EGR : Cette fonction est utilis\u00e9e pour apprendre la vanne EGR (Exhaust Gas Recirculation) apr\u00e8s son nettoyage ou son remplacement.<\/li>\n<li>Codage de l&rsquo;ECU : Vous permet de recoder des donn\u00e9es adaptatives pour certains composants apr\u00e8s une r\u00e9paration ou un remplacement, offrant des possibilit\u00e9s pour r\u00e9soudre des probl\u00e8mes tels que la conduite, l&rsquo;efficacit\u00e9 du carburant, la perte de puissance, les codes d&rsquo;erreur et la durabilit\u00e9 des pi\u00e8ces m\u00e9caniques.<\/li>\n<li>Test d&rsquo;actionnement : Thinkdiag 2 OBD2 Scanner peut envoyer des commandes au calculateur, lire les donn\u00e9es du calculateur pour d\u00e9terminer l&rsquo;int\u00e9grit\u00e9 du syst\u00e8me ou du composant, et surveiller le fonctionnement des composants pour vous permettre de d\u00e9terminer rapidement si un syst\u00e8me, un composant ou un sous-syst\u00e8me donn\u00e9 fonctionne normalement.<\/li>\n<\/ul>\n<h3>\ud83d\ude97 Caract\u00e9ristiques Premium &#8211; Puissant et Convivial<\/h3>\n<p>Thinkdiag 2 OBD2 Scanner Diagnostic Auto est \u00e9quip\u00e9 du Bluetooth 5.0, offrant une connexion stable et rapide avec une port\u00e9e allant jusqu&rsquo;\u00e0 33 pieds. Il est compatible avec les syst\u00e8mes Android et iOS, et prend en charge 10 langues, dont l&rsquo;anglais, le fran\u00e7ais, l&rsquo;espagnol, l&rsquo;allemand, l&rsquo;italien, le n\u00e9erlandais, le russe et le portugais. Profitez d&rsquo;une exp\u00e9rience utilisateur fluide et personnalis\u00e9e avec cet outil de diagnostic professionnel.<\/p>\n<h3>\u2705 Conseils d&rsquo;Utilisation &#8211; Assistance Client\u00e8le de Qualit\u00e9<\/h3>\n<p>Avant d&rsquo;acheter Thinkdiag 2 OBD2 Scanner, n&rsquo;h\u00e9sitez pas \u00e0 nous contacter pour v\u00e9rifier la compatibilit\u00e9 avec votre voiture. Il est compatible avec plus de 115 marques de voitures apr\u00e8s 1996. Nous offrons une garantie de 5 ans, une politique de retour de 30 jours et des conseils techniques gratuits \u00e0 vie. Notre \u00e9quipe est d\u00e9di\u00e9e \u00e0 vous fournir un service client\u00e8le de qualit\u00e9 et \u00e0 garantir votre satisfaction.<\/p>\n<h3>Abonnement et Mises \u00e0 Jour &#8211; Flexibilit\u00e9 et Options<\/h3>\n<p>Thinkdiag 2 ne prend en charge qu&rsquo;une ann\u00e9e d&rsquo;utilisation et de mise \u00e0 niveau de la fonction logicielle compl\u00e8te. Apr\u00e8s un an, si elle n&rsquo;est pas renouvel\u00e9e, seule la fonction OBDII de base compl\u00e8te peut \u00eatre utilis\u00e9e. Pour continuer \u00e0 b\u00e9n\u00e9ficier de toutes les fonctionnalit\u00e9s et caract\u00e9ristiques, des abonnements flexibles d&rsquo;un an, de deux ans ou de cinq ans sont disponibles. Vous pouvez \u00e9galement souscrire \u00e0 des abonnements sp\u00e9cifiques aux marques de voitures pour une utilisation compl\u00e8te de toutes les fonctions et caract\u00e9ristiques sp\u00e9ciales de votre mod\u00e8le de voiture pr\u00e9f\u00e9r\u00e9. Profitez \u00e9galement du programme de points dans l&rsquo;application Thinkdiag pour gagner des avantages suppl\u00e9mentaires.<\/p>\n<p>D\u00e9couvrez Thinkdiag 2 OBD2 Scanner Diagnostic Auto et transformez votre appareil intelligent en un puissant outil de diagnostic automobile. R\u00e9solvez rapidement les probl\u00e8mes, \u00e9conomisez temps et argent sur les r\u00e9parations, et profitez d&rsquo;une conduite en toute confiance.<\/p>\n<h2>Caract\u00e9ristiques Techniques :<\/h2>\n<ul>\n<li>Mod\u00e8le : Thinkdiag 2<\/li>\n<li>Version Bluetooth : Bluetooth 5.0<\/li>\n<li>Tension de fonctionnement : 9~18V<\/li>\n<li>Puissance : \u22642W<\/li>\n<li>Dimensions : 120.5*65*29mm<\/li>\n<li>Temp\u00e9rature de fonctionnement : -10\u2103 \u00e0 50\u2103 (14\u2109 \u00e0 122 \u2109)<\/li>\n<li>Temp\u00e9rature de stockage : -20\u2103 \u00e0 60\u2103 (-4\u2109 \u00e0 140 \u2109)<\/li>\n<\/ul>\n<h2>Options d&rsquo;Abonnement :<\/h2>\n<ul>\n<li>Abonnement d&rsquo;un an : $99,95 USD<\/li>\n<li>Abonnement de deux ans : $159,95 USD<\/li>\n<li>Abonnement de cinq ans : $339,95 USD<\/li>\n<li>Abonnement par marque de voiture : $49,95 USD\/an (permet d&rsquo;utiliser toutes les fonctions et caract\u00e9ristiques sp\u00e9ciales pour les mod\u00e8les compatibles de la marque choisie)<\/li>\n<\/ul>\n<h2>Contenu du Colis :<\/h2>\n<ul>\n<li>Scanner Bluetooth Thinkdiag 2<\/li>\n<li>C\u00e2ble de diagnostic DB15 \u00e0 trois rang\u00e9es vers OBD 16pin<\/li>\n<li>Sac de rangement EVA<\/li>\n<li>Manuels multilingues<\/li>\n<\/ul>\n<p>Profitez de ces caract\u00e9ristiques avanc\u00e9es, de multiples options d&rsquo;abonnement et d&rsquo;un contenu complet pour votre Thinkdiag 2 OBD2 Scanner Diagnostic Auto. Transformez votre appareil intelligent en un outil de diagnostic professionnel pour une exp\u00e9rience de conduite en toute confiance.<\/p>\n","protected":false},"excerpt":{"rendered":"<p>\ud83d\ude97 Embarquez pour un voyage de d\u00e9couverte de vos propres v\u00e9hicules avec notre interface de diagnostic auto ThinkDiag 2 OBD II. \ud83d\ude97 Avec ce scanner, vivez l&rsquo;exp\u00e9rience du diagnostic auto professionnel dans le confort de votre domicile.<\/p>\n<p>Chaque voyant qui s&rsquo;allume sur votre tableau de bord cache une histoire. Il est essentiel de comprendre ce qu&rsquo;ils veulent dire, mais surtout, de comprendre la source de ces alertes. Et c&rsquo;est l\u00e0 que l&rsquo;interface de diagnostic ThinkDiag 2 entre en jeu ! \ud83d\ude80<\/p>\n<p>Compatible avec le protocole CAN-FD, ce puissant outil multi-marques apporte un diagnostic pr\u00e9cis et rapide \u00e0 port\u00e9e de votre main. Gr\u00e2ce \u00e0 la transmission de donn\u00e9es ultra-rapide et la lecture pr\u00e9cise des erreurs, vous pouvez r\u00e9soudre les probl\u00e8mes de votre v\u00e9hicule de mani\u00e8re plus efficace et plus s\u00fbre. C&rsquo;est comme avoir un m\u00e9canicien personnel dans votre poche! \ud83d\udd27<\/p>\n<p>Mais ce n&rsquo;est pas tout ! L&rsquo;interface de diagnostic ThinkDiag 2 est un v\u00e9ritable outil de diagnostic multimarque. Elle vous donne acc\u00e8s \u00e0 toutes les fonctions de diagnostic de votre voiture. Qu&rsquo;il s&rsquo;agisse de l&rsquo;ECM, du BCM, du SRS, du TCM, du BMS, du TPMS, du SAS, du syst\u00e8me A\/C et bien plus encore, ce scanner OBD2 vous permet de lire et d&rsquo;effacer les codes de panne, de consulter les donn\u00e9es en temps r\u00e9el et d&rsquo;acc\u00e9der aux informations du module de commande. \ud83d\udd0d<\/p>\n<p>Pour faire simple, l&rsquo;interface de diagnostic ThinkDiag 2 est l&rsquo;outil id\u00e9al pour identifier rapidement les probl\u00e8mes potentiels. Avec elle, vous pouvez effectuer un diagnostic en profondeur de votre v\u00e9hicule sans avoir \u00e0 d\u00e9penser une fortune en r\u00e9parations inutiles. \ud83d\udcb0<\/p>\n<p>Ajoutez \u00e0 cela les 15 fonctions de maintenance essentielles qui vous permettront d&rsquo;optimiser les performances de votre v\u00e9hicule et de prolonger sa dur\u00e9e de vie. Que vous souhaitiez effectuer une r\u00e9initialisation de l&rsquo;huile, r\u00e9g\u00e9n\u00e9rer le DPF, adapter \u00e9lectroniquement le papillon des gaz, r\u00e9initialiser les plaquettes de frein, ou m\u00eame r\u00e9aliser un codage de l&rsquo;ECU, ThinkDiag 2 a tout pour vous faciliter la vie. \ud83c\udf81<\/p>\n<p>Pour couronner le tout, ThinkDiag 2 utilise la technologie Bluetooth 5.0 pour une connexion stable et rapide \u00e0 votre smartphone ou votre PC. Et gr\u00e2ce \u00e0 sa compatibilit\u00e9 avec le protocole OBD-II, il est parfaitement adapt\u00e9 \u00e0 la plupart des v\u00e9hicules sur le march\u00e9.<\/p>\n<p>N&rsquo;attendez plus, prenez le contr\u00f4le de votre v\u00e9hicule d\u00e8s aujourd&rsquo;hui avec l&rsquo;interface de diagnostic auto ThinkDiag 2 OBD II. Cliquez sur le bouton \u00ab\u00a0Ajouter au panier\u00a0\u00bb maintenant ! \ud83d\uded2<\/p>\n","protected":false},"featured_media":5304,"comment_status":"open","ping_status":"closed","template":"","meta":{"_seopress_robots_primary_cat":"none","_seopress_titles_title":"Interface Diagnostic Automobile ThinkDiag 2 - OBDII Multi-marques, Bluetooth 5.0","_seopress_titles_desc":"D\u00e9couvrez ThinkDiag 2, l&#039;interface de diagnostic auto OBD II en Fran\u00e7ais. Diagnostic pr\u00e9cis, rapide et compatible avec de nombreux mod\u00e8les de voiture. Fonctions de r\u00e9initialisation pour 15 syst\u00e8mes complets.","_seopress_robots_index":""},"product_brand":[],"product_cat":[23],"product_tag":[],"class_list":{"0":"post-5281","1":"product","2":"type-product","3":"status-publish","4":"has-post-thumbnail","6":"product_cat-interface-de-diagnostic-obd","8":"first","9":"instock","10":"shipping-taxable","11":"purchasable","12":"product-type-simple"},"_links":{"self":[{"href":"https:\/\/auto-diagnostic-obd.com\/fr\/wp-json\/wp\/v2\/product\/5281","targetHints":{"allow":["GET"]}}],"collection":[{"href":"https:\/\/auto-diagnostic-obd.com\/fr\/wp-json\/wp\/v2\/product"}],"about":[{"href":"https:\/\/auto-diagnostic-obd.com\/fr\/wp-json\/wp\/v2\/types\/product"}],"replies":[{"embeddable":true,"href":"https:\/\/auto-diagnostic-obd.com\/fr\/wp-json\/wp\/v2\/comments?post=5281"}],"wp:featuredmedia":[{"embeddable":true,"href":"https:\/\/auto-diagnostic-obd.com\/fr\/wp-json\/wp\/v2\/media\/5304"}],"wp:attachment":[{"href":"https:\/\/auto-diagnostic-obd.com\/fr\/wp-json\/wp\/v2\/media?parent=5281"}],"wp:term":[{"taxonomy":"product_brand","embeddable":true,"href":"https:\/\/auto-diagnostic-obd.com\/fr\/wp-json\/wp\/v2\/product_brand?post=5281"},{"taxonomy":"product_cat","embeddable":true,"href":"https:\/\/auto-diagnostic-obd.com\/fr\/wp-json\/wp\/v2\/product_cat?post=5281"},{"taxonomy":"product_tag","embeddable":true,"href":"https:\/\/auto-diagnostic-obd.com\/fr\/wp-json\/wp\/v2\/product_tag?post=5281"}],"curies":[{"name":"wp","href":"https:\/\/api.w.org\/{rel}","templated":true}]}}