{"id":542,"date":"2023-05-11T18:16:51","date_gmt":"2023-05-11T16:16:51","guid":{"rendered":"https:\/\/auto-diagnostic-obd.com\/?post_type=product&#038;p=542"},"modified":"2025-08-24T08:18:18","modified_gmt":"2025-08-24T06:18:18","slug":"interface-de-diagnostic-vgate-pro-elm327-bluetooth3-0-4-0-wifi","status":"publish","type":"product","link":"https:\/\/auto-diagnostic-obd.com\/fr\/produit\/interface-de-diagnostic-vgate-pro-elm327-bluetooth3-0-4-0-wifi\/","title":{"rendered":"Interface de diagnostic ELM327 V2.3 Vgate Icar Pro Bluetooth 4.0 \/ WIFI OBD2 [Lire et effacer les codes, Scanner OBD, Compatible IOS\/Android]"},"content":{"rendered":"<p>L\u2019interface de diagnostic Vgate iCar Pro OBD2 WIFI\/Bluetooth est un outil de diagnostic automobile indispensable pour les propri\u00e9taires de voitures soucieux de la sant\u00e9 de leur v\u00e9hicule. Il offre une couverture \u00e9tendue des mod\u00e8les \u00e0 essence et diesel allant de 1996 \u00e0 2004, ce qui signifie que peu importe la marque ou le mod\u00e8le, il y a de fortes chances qu\u2019il puisse vous aider \u00e0 surveiller les performances et identifier rapidement les probl\u00e8mes.<\/p>\n<p>Gr\u00e2ce \u00e0 sa mise \u00e0 jour vers ELM327 V2.3, cet outil est plus intelligent que jamais. Il lit les donn\u00e9es en temps r\u00e9el et peut effacer les codes DTC du MIL en un rien de temps. C\u2019est un outil outil de diagnostic de voiture OBDII haut de gamme qui vous permettra d\u2019\u00eatre pr\u00eat \u00e0 r\u00e9soudre les probl\u00e8mes avant qu\u2019ils ne s\u2019aggravent.<\/p>\n<p>Sa conception ergonomique et sa compatibilit\u00e9 avec Android, IOS et Windows le rendent facile \u00e0 employer. De plus, il sort de veille automatiquement lorsqu\u2019il est dans votre voiture et y retourne lorsqu\u2019il n\u2019est pas utilis\u00e9, ce qui \u00e9conomise de l\u2019\u00e9nergie. Pour une utilisation optimale, il est conseill\u00e9 de connecter le Bluetooth directement \u00e0 l\u2019application.<\/p>\n<p>De plus, l\u2019iCar Pro est compatible avec une vari\u00e9t\u00e9 d\u2019applications tierces disponibles sur App Store et Google Play. Certaines exigent un paiement, mais cela d\u00e9pend des besoins personnels des utilisateurs. Pour IOS, Bimmercode, Geekobd et Accurate sont fortement recommand\u00e9s tandis que Torque, Geekobd et Dashconmand sont populaires chez les utilisateurs Android.<\/p>\n<p>En conclusion, si vous recherchez un outil fiable pour surveiller la performance de votre v\u00e9hicule et identifier rapidement les probl\u00e8mes alors l\u2019interface Vgate iCar Pro est une excellente option gr\u00e2ce \u00e0 sa conception facile d\u2019utilisation, sa compatibilit\u00e9 avec diff\u00e9rents syst\u00e8mes et applications ainsi que sa large couverture des v\u00e9hicules.<\/p>\n<h2><\/h2>\n<h2>L\u2019interface Vgate Icar Pro OBDII Bluetooth\u00a04.0\/WIFI EOBD offre les fonctionnalit\u00e9s suivantes\u00a0:<\/h2>\n<ul>\n<li>Lecture et effacement des codes d\u2019erreur OBDII<\/li>\n<li>Effacement du voyant CHECK ENGINE<\/li>\n<li>Lecture des codes d\u2019erreur en attente avant l\u2019allumage du MIL<\/li>\n<li>Lecture des codes d\u2019erreur enregistr\u00e9s ayant caus\u00e9 l\u2019allumage du MIL<\/li>\n<li>Lecture des codes d\u2019erreur g\u00e9n\u00e9raux et sp\u00e9cifiques du fabricant<\/li>\n<li>Visualisation d\u2019images fixes<\/li>\n<li>Surveillance en temps r\u00e9el des param\u00e8tres de fonctionnement du moteur<\/li>\n<li>Lecture en ligne des param\u00e8tres<\/li>\n<li>V\u00e9rification de la signification des codes d\u2019erreur<\/li>\n<li>Mesure de la puissance du moteur en HP<\/li>\n<li>Mesure de param\u00e8tres tels que le temps 0 \u00e0 100 km\/h<\/li>\n<li>Lecture des informations DPF pour les voitures OPEL via l\u2019application OPL Monitor (Android) pour les moteurs suivants : 2,0 CDTI, A20DT, A20DTC, A20DTE, A20DTJ, A20DTH, A20DTL, A20DTR, B20DTH, B16DTH.<\/li>\n<li>Le groupe Volkswagen, via l\u2019application VAG DPF \u2014 Android, prend en charge les moteurs suivants : DETA, CRBC, CFHD, CUNA, CFFB, CFWA (*), CLHA, CXXB, CAYC, CAHA, CXHA, DTTC, CDUC, CFGB (*), CFGC, CJCA, CRMB, CUPA, CUSA, CXFA, CAYB, CAYD, CRLB, CUTA, CFHC, CAGA (*), CSHA, CJCD, DFSB, CLAB, DFLA, DCXA, CFCA, CGLC, CFJB, CFHA, CRUA, DDYA, DFFA, CRKB, DCYA, DFCA, CUUB, CGLB, CUAA, CUSB, CAPA (*), DFGA, DFSF, DFHA, CNHA, DGTA, DGTE (*), CCWA, DGDA, DLUB, CJCB, DGTD, CDUD, CSUD, DEUA, DAUA, DJGA, CXXA, DFEA, DBGC, CAYA, CRTD, DGDB, CUUA, DAVA, CKFC, CRCA, CGQB (*) (*) = support partiel ou selon version logiciel.<\/li>\n<li>De plus, Fdpf \u2014 Moniteur DPF pour FORD \u2014 Android prend en charge les moteurs 1,6 Duratorq 2011-&gt; (sans ECONETIC), 2,0 Duratorq 2011, 2,2 Duratorq 2011, 3,2 Duratorq 2011, 1,5 EcoBlue, 2,0 EcoBlue.<\/li>\n<li>FAPlite Citroen\/Peugeot OBD2 \u2014 Android permet de prendre en charge les moteurs suivants : EDC15C2, EDC17C10, EDC17C10_BR2, DCM3.5, DCM3.5_BR2, HDI_SID803, EDC16CP39, DCM3.4, HDI_SID807_BR2, MED17.4.2, MM6LPB_EURO, MEV47.4, DCM3.4P, HDI_SID807, MEV17.4_EURO5, MEV17.4.2, ME745, MED17_4_EURO5, SID201, DCM35_HY, J34P, MM6LP, ME749, MM6KP, EDC17CP42, EDC17CP11, MED17_4_EURO4, V46, DCM47.2, DCM47.2, DCM47.2, DCM47.2, DCM47.2 21, EDC17C60, MED17.4.4, S2000PM2, MEVD17.4.4, VD46, V34.4, S2000P, SID801, ME7.4.4, ME749_EC5, M7.4.4, V46_6, V46_52, V34.3, DCM71v5, MD1CS003.<\/li>\n<li>Enfin, bimmer-tool \u2014 Android prend en charge les moteurs M47N\/M57N (DDE5) des BMW E60, E83**, E81, E87, F10, F30, F25.<\/li>\n<li>De plus, DPF Monitor \u2014 Fiat, Alfa Romeo \u2014 Android permet de prendre en charge les moteurs suivants pour Fiat et Alfa Romeo\u00a0: Alfa Romeo\u00a0: 159\/Brera\/Spider\u00a01.9 2,4 2.0, Giulietta 1,6 2.0, Giulia\u00a02.2, Stelvio\u00a02.2, MiTo\u00a01.3 1,6\/ Fiat\u00a0: 500 1.3 1.6 , 500L, 500X 1.3 1.6 2.0, Panda 1.3 1.9, Bravo 1.6 1.9 2.0, Croma 1.9 2.4, Doblo 1.3 1.6 1.9 2.0, Ducato 2.0, 2.2, 2.3, 3.0, Id\u00e9e 1.6, Linea 1.3 1.9, Ducato 1.6 1.6, Fiorino 1.3, Punto 1.3 1.9, Punto Evo 1.3, 1.6, Grande Punto 1.3 1.6 1.9, Idea 1.3 1.6 1.9, Qubo 1.3, Strada 1.3, Tipo 1.3 1.6, 2.0, Toro 2.0, Lancia 2.0 : Delta 1.6 1.9 2 1.3 1.6 1.9, Th\u00e8se 2.4, Delta 2014 1.6 2.0, Ypsilon 1.3 \/ Dodge\u00a0: Journey\u00a02.0, Dodge Neon\u00a01.3 1.6\/Jeep: Cherokee\u00a02.0, Boussole\u00a01.6, 2.0, Renegade\u00a01.6, 2,0\/ Suzuki\u00a0: SX4 1,9 2,0 DDiS.<\/li>\n<\/ul>\n<p>Notre appareil ne peut pas d\u00e9tecter les erreurs de s\u00e9curit\u00e9 telles que les airbags, l\u2019ABS, l\u2019ESP, la ceinture de s\u00e9curit\u00e9, etc. Cependant, vous pouvez facilement supprimer vous-m\u00eame les voyants de vidange d\u2019huile et de pression des pneus pour les v\u00e9hicules VW sans avoir recours \u00e0 un \u00e9quipement sp\u00e9cial.<\/p>\n<h2><\/h2>\n<h2>Quelles applications mobiles Android\/IOS l\u2019interface prend-elle en charge\u2009?<\/h2>\n<p>Notre interface prend en charge un large \u00e9ventail d\u2019applis. Nous recommandons Car Scanner pour les diagnostics, qui fonctionne parfaitement avec notre appareil. D\u2019autres applications disponibles sur le march\u00e9 sont \u00e9galement compatibles, telles que Torque, SDPROG et Piston. Vgate collabore \u00e9troitement avec les principaux d\u00e9veloppeurs de logiciels de diagnostic, ce qui nous permet de proposer la plus grande compatibilit\u00e9 parmi toutes les marques accessibles sur le march\u00e9.<\/p>\n<h2><\/h2>\n<h2>Icar b\u00e9n\u00e9ficie-t-il des derni\u00e8res mises \u00e0 jour\u2009?<\/h2>\n<p>Devrions-nous\u00a0envisager des mises \u00e0 jour pour nos appareils iCar\u2009? Absolument\u2009! Nous fournissons des mises \u00e0 jour r\u00e9guli\u00e8res qui am\u00e9liorent la s\u00e9curit\u00e9, offrent plus de fonctionnalit\u00e9s et permettent une meilleure prise en charge des applications.<\/p>\n<h2><\/h2>\n<h2>Sp\u00e9cifications techniques et d\u00e9taill\u00e9es du scanner\u00a0OBD2\u00a0:<\/h2>\n<h3><\/h3>\n<h3>Le Vgate iCar Pro offre\u00a0:<\/h3>\n<ul>\n<li>Une tension d\u2019alimentation allant de 11,5 V \u00e0 15V<\/li>\n<li>Un courant d\u2019alimentation inf\u00e9rieur \u00e0 200 mA<\/li>\n<li>En mode veille, le courant consomm\u00e9 est compris entre 0 et 30 mA<\/li>\n<li>Temp\u00e9rature optimale de fonctionnement comprise entre -40 \u00b0C et 85 \u00b0C<\/li>\n<li>Humidit\u00e9 optimale de fonctionnement comprise entre 5 % et 95 % hr sans ros\u00e9e<\/li>\n<li>Version mat\u00e9rielle actuelle est la V2.3<\/li>\n<\/ul>\n<p>Compatible avec les syst\u00e8mes Android\/iOS via Bluetooth 3.0\/4,0 ou WiFi<\/p>\n<h3><\/h3>\n<h3>L\u2019outil de num\u00e9risation automobile Vgate iCar Pro OBD II est un dispositif de haute qualit\u00e9 qui prend en charge tous les protocoles OBD-II, incluant :<\/h3>\n<ul>\n<li>SAE J1850 PWM (41.6 Kbaud)<\/li>\n<li>SAE J1850 VPW (10.4 Kbaud)<\/li>\n<li>ISO9141-2 (5 bauds init, 10.4 Kbaud)<\/li>\n<li>ISO14230-4 KWP (5 bauds init, 10.4 Kbaud)<\/li>\n<li>ISO14230-4 KWP (init rapide, 10,4 Kbaud)<\/li>\n<li>Bo\u00eete de ISO15765-4 (ID 11 bit, 500 Kbaud)<\/li>\n<li>Bo\u00eete de ISO15765-4 (ID 29 bit, 500 Kbaud)<\/li>\n<li>Bo\u00eete de ISO15765-4 (ID 11 bit, 250 Kbaud)<\/li>\n<li>Bo\u00eete de ISO15765-4 (ID 29 bit, 250 Kbaud)<\/li>\n<li>Bo\u00eete SAE J1939 (ID 29 bit, 250 * Kbaud)<\/li>\n<li>Bo\u00eete USER1 (11 * bit ID, 125 * Kbaud)<\/li>\n<li>Bo\u00eete\u00a0USER2 (ID 11 * bit, 50 * kbaud)<\/li>\n<\/ul>\n<p>Param\u00e8tres r\u00e9glables par l\u2019utilisateur *<\/p>\n<h3><\/h3>\n<h3>Le kit comprend\u00a0:<\/h3>\n<ul>\n<li>1 Vgate iCar Pro OBDII adaptateur<\/li>\n<li>1 manuel d\u2019utilisation<\/li>\n<\/ul>\n","protected":false},"excerpt":{"rendered":"<p>L\u2019interface de diagnostic Vgate iCar Pro est un outil essentiel pour les propri\u00e9taires de voitures qui souhaitent surveiller la performance et identifier rapidement les probl\u00e8mes. Avec sa compatibilit\u00e9 avec Android, iOS et Windows, ainsi que sa fonction de r\u00e9veil automatique, l\u2019utilisation est simple et pratique.<\/p>\n<p>Cet outil haut de gamme prend en charge tous les protocoles OBD-II et est compatible avec plusieurs applications tierces pour une utilisation personnalis\u00e9e selon vos besoins. Il peut lire les donn\u00e9es en temps r\u00e9el et effacer les codes de diagnostic de la m\u00e9moire des d\u00e9fauts, ce qui vous assure des informations pr\u00e9cises et \u00e0 jour sur la performance de votre v\u00e9hicule.<\/p>\n<p>En optant pour cet outil, vous am\u00e9liorerez non seulement le rendement de votre automobile, mais aussi \u00e9conomiserez du temps et de l\u2019argent en identifiant rapidement les probl\u00e8mes avant qu\u2019ils ne s\u2019aggravent.<\/p>\n<p>Cet appareil vous permettra d\u2019assurer la s\u00fbret\u00e9 et la fiabilit\u00e9 de votre voiture sur la route gr\u00e2ce \u00e0 une gestion proactive. En bref, l\u2019iCar Pro est un investissement judicieux pour les propri\u00e9taires automobiles soucieux du bien-\u00eatre de leur v\u00e9hicule et d\u00e9sirant perfectionner leur exp\u00e9rience au volant.<\/p>\n","protected":false},"featured_media":571,"comment_status":"open","ping_status":"closed","template":"","meta":{"_seopress_robots_primary_cat":"none","_seopress_titles_title":"Interface de diagnostic Vgate Icar Pro Bluetooth 4.0 \/ WIFI OBD2","_seopress_titles_desc":"Dites adieu aux visites chez le garagiste gr\u00e2ce au scanner Vgate Icar Pro ELM327 V2.5 OBD2 Bluetooth 4.0 \/ WIFI, compatible avec Android et IOS.","_seopress_robots_index":""},"product_brand":[],"product_cat":[23,24],"product_tag":[],"class_list":{"0":"post-542","1":"product","2":"type-product","3":"status-publish","4":"has-post-thumbnail","6":"product_cat-interface-de-diagnostic-obd","7":"product_cat-interface-elm327","9":"first","10":"instock","11":"shipping-taxable","12":"purchasable","13":"product-type-variable"},"_links":{"self":[{"href":"https:\/\/auto-diagnostic-obd.com\/fr\/wp-json\/wp\/v2\/product\/542","targetHints":{"allow":["GET"]}}],"collection":[{"href":"https:\/\/auto-diagnostic-obd.com\/fr\/wp-json\/wp\/v2\/product"}],"about":[{"href":"https:\/\/auto-diagnostic-obd.com\/fr\/wp-json\/wp\/v2\/types\/product"}],"replies":[{"embeddable":true,"href":"https:\/\/auto-diagnostic-obd.com\/fr\/wp-json\/wp\/v2\/comments?post=542"}],"wp:featuredmedia":[{"embeddable":true,"href":"https:\/\/auto-diagnostic-obd.com\/fr\/wp-json\/wp\/v2\/media\/571"}],"wp:attachment":[{"href":"https:\/\/auto-diagnostic-obd.com\/fr\/wp-json\/wp\/v2\/media?parent=542"}],"wp:term":[{"taxonomy":"product_brand","embeddable":true,"href":"https:\/\/auto-diagnostic-obd.com\/fr\/wp-json\/wp\/v2\/product_brand?post=542"},{"taxonomy":"product_cat","embeddable":true,"href":"https:\/\/auto-diagnostic-obd.com\/fr\/wp-json\/wp\/v2\/product_cat?post=542"},{"taxonomy":"product_tag","embeddable":true,"href":"https:\/\/auto-diagnostic-obd.com\/fr\/wp-json\/wp\/v2\/product_tag?post=542"}],"curies":[{"name":"wp","href":"https:\/\/api.w.org\/{rel}","templated":true}]}}