{"id":546,"date":"2023-05-11T17:56:55","date_gmt":"2023-05-11T15:56:55","guid":{"rendered":"https:\/\/auto-diagnostic-obd.com\/?post_type=product&#038;p=546"},"modified":"2025-02-15T21:18:47","modified_gmt":"2025-02-15T20:18:47","slug":"valise-diagnostic-automobile-thinkcar-thinkscan-plus-s7-obd2","status":"publish","type":"product","link":"https:\/\/auto-diagnostic-obd.com\/fr\/produit\/valise-diagnostic-automobile-thinkcar-thinkscan-plus-s7-obd2\/","title":{"rendered":"Valise de diagnostic automobile THINKCAR Thinkscan Plus\u00a0S7 OBD2 [Lire et effacer les codes, 28\u00a0Services de r\u00e9initialisation, ABS, SRS, DPF, SAS, BCM, AirBag, TPMS\u2026]"},"content":{"rendered":"<p>Le Thinkscan Plus\u00a0S7 OBD2 est un outil de diagnostic haut de gamme pour les v\u00e9hicules automobiles. Il propose une prise en charge de 7\u00a0syst\u00e8mes diff\u00e9rents, tels que l\u2019ECM, le TCM, l\u2019ABS, le SRS, le BCM, le AC et l\u2019IC. Avec 5\u00a0r\u00e9initialisations suppl\u00e9mentaires gratuites \u00e0 vie, parmi 28\u00a0fonctions, il offre un emploi optimal. Ce scanner\u00a0OBD2 complet peut effectuer des diagnostics, des lectures et des effacements de codes, ainsi que fournir des informations sur le flux de donn\u00e9es, la pr\u00e9paration I\/M, le capteur\u00a0O2 et les codes DTC.<\/p>\n<p>Le Thinkscan Plus\u00a0S7 de THINKCAR est facilement mis \u00e0 jour en un clic et prend en charge plusieurs langues pour une utilisation internationale. Il est compatible avec plus de 120\u00a0mod\u00e8les de voitures et est portable gr\u00e2ce \u00e0 son \u00e9cran tactile de 5\u00a0pouces \u00e0 la technologie TFT (IPS).<\/p>\n<p>Ce scanner automobile dispose de fonctionnalit\u00e9s avanc\u00e9es telles que la surveillance de la tension de la batterie \u00e0 cl\u00e9 chaude, la possibilit\u00e9 d\u2019enregistrer et de partager des captures d\u2019\u00e9cran via QR et l\u2019impression de rapports de diagnostic. Il est \u00e9quip\u00e9 d\u2019un c\u00e2ble de donn\u00e9es de type C pour l\u2019exportation d\u2019informations telles que les photos, les vid\u00e9os et les rapports.<\/p>\n<p>Le Thinkscan Plus\u00a0S7 est id\u00e9al pour la maintenance de votre v\u00e9hicule, vous octroyant d\u2019\u00eatre \u00e0 l\u2019aff\u00fbt les codes d\u2019erreur et de r\u00e9initialiser les syst\u00e8mes ABS, SRS, DPF et SAS. Il est une excellente option pour les professionnels de l\u2019industrie automobile, en leur permettant de consulter les codes, de surveiller les capteurs et de r\u00e9initialiser les airbags.<\/p>\n<h2><\/h2>\n<h2>Des fonctions de diagnostic OBDII complet avec le THINKSCAN Plus\u00a0S7\u00a0:<\/h2>\n<ul>\n<li>Lecture rapide des codes d\u2019erreur actuels, en attente et persistants de l\u2019OBD.<\/li>\n<li>Effacement infaillible des codes d\u2019erreur d\u00e9cel\u00e9s et extinction de la lumi\u00e8re de contr\u00f4le du moteur.<\/li>\n<li>Analyse facile gr\u00e2ce \u00e0 la visualisation graphique en temps r\u00e9el des donn\u00e9es informatiques du v\u00e9hicule.<\/li>\n<li>Affichage instantan\u00e9 des param\u00e8tres d\u2019activit\u00e9 du v\u00e9hicule \u00e0 la d\u00e9tection d\u2019un DTC.<\/li>\n<li>Lecture de l\u2019\u00e9tat de pr\u00e9paration I\/M pour passer l\u2019inspection de conformit\u00e9 aux \u00e9missions de l\u2019\u00c9tat.<\/li>\n<li>Test de capteur\u00a0O2 pour v\u00e9rifier l\u2019efficacit\u00e9 de la consommation de carburant et les \u00e9missions du v\u00e9hicule.<\/li>\n<li>Lecture des r\u00e9sultats des examens de surveillance diagnostiques int\u00e9gr\u00e9s pour des composants\/syst\u00e8mes sp\u00e9cifiques.<\/li>\n<li>R\u00e9cup\u00e9ration compl\u00e8te des informations du v\u00e9hicule, telles que le VIN, les CINs et les CVNs.<\/li>\n<li>Tests de composants en permettant de d\u00e9marrer un test d\u2019\u00e9tanch\u00e9it\u00e9 pour le syst\u00e8me EVAP du v\u00e9hicule.<\/li>\n<\/ul>\n<h2><\/h2>\n<h2>7 Fonctions de diagnostic et de r\u00e9initialisation incluse \u00e0 vie\u00a0:<\/h2>\n<ul>\n<li>\n<h3>Diagnostic du syst\u00e8me moteur<\/h3>\n<ul>\n<li>Notre scanner\u00a0OBD2 pour automobiles peut diagnostiquer et effacer des codes de d\u00e9faut du syst\u00e8me moteur. Il est compatible avec les 10\u00a0modes de test OBDII tels que les donn\u00e9es en temps r\u00e9el, l\u2019essai des capteurs\u00a0O2, le contr\u00f4le des composants, etc. Avec ce scanner, vous pouvez pr\u00e9cis\u00e9ment identifier la source du probl\u00e8me et \u00e9teindre le t\u00e9moin d\u2019erreur du moteur MIL.<\/li>\n<\/ul>\n<\/li>\n<li>\n<h3>Diagnostic du syst\u00e8me TCM<\/h3>\n<ul>\n<li>Apr\u00e8s avoir examin\u00e9 le syst\u00e8me de transmission, ce scanner peut d\u00e9terminer les anomalies \u00e0 travers des codes de lecture et surveiller l\u2019\u00e9tat de sant\u00e9 en affichant les informations en temps r\u00e9el. Il peut \u00e9galement \u00e9teindre le t\u00e9moin d\u2019alerte pour s\u2019assurer que la puissance ad\u00e9quate soit envoy\u00e9e aux roues.<\/li>\n<\/ul>\n<\/li>\n<li>\n<h3>Diagnostic du syst\u00e8me ABS<\/h3>\n<ul>\n<li>Ce scanner peut identifier les d\u00e9faillances du syst\u00e8me ABS en r\u00e9cup\u00e9rant les codes d\u2019erreur et en d\u00e9terminant la source du probl\u00e8me. Il offre ainsi une aide pr\u00e9cieuse pour cerner la cause d\u2019un dysfonctionnement ABS.<\/li>\n<\/ul>\n<\/li>\n<\/ul>\n<ul>\n<li>\n<h3>Diagnostic du syst\u00e8me SRS<\/h3>\n<ul>\n<li>Le syst\u00e8me de s\u00e9curit\u00e9 de retenue est constitu\u00e9 de capteurs d\u2019impact, d\u2019un module de contr\u00f4le et des airbags. Ce scanner peut surveiller les param\u00e8tres \u00e9lectroniques pour \u00e9valuer l\u2019\u00e9tat de chaque composant.<\/li>\n<\/ul>\n<\/li>\n<\/ul>\n<ul>\n<li>\n<h3>Diagnostic du syst\u00e8me BCM<\/h3>\n<\/li>\n<li style=\"list-style-type: none;\">\n<ul>\n<li>Le module de contr\u00f4le du v\u00e9hicule assure un r\u00f4le crucial en maintenant la gestion de ses diff\u00e9rentes fonctions. Ce scanner peut d\u00e9tecter les anomalies dans ce syst\u00e8me et en identifier la source. Il peut \u00e9galement surveiller les \u00e9quipements \u00e9lectriques de la carrosserie, tels que les phares, les essuie-glaces, les verrous de porte, les fen\u00eatres \u00e9lectriques, les toits ouvrants, etc.<\/li>\n<\/ul>\n<\/li>\n<li>\n<h3>Diagnostic du syst\u00e8me CA<\/h3>\n<ul>\n<li>Le syst\u00e8me de climatisation peut \u00eatre contr\u00f4l\u00e9 pour r\u00e9pondre aux exigences du processus de production et am\u00e9liorer les conditions climatiques int\u00e9rieures. Ce scanner peut diagnostiquer les probl\u00e8mes dans ce syst\u00e8me.<\/li>\n<\/ul>\n<\/li>\n<li>\n<h3>Diagnostic du syst\u00e8me IC<\/h3>\n<ul>\n<li>Le syst\u00e8me d\u2019instruments peut d\u00e9tecter la cause de l\u2019anomalie et \u00e9teindre le voyant de d\u00e9faut. Ce scanner peut le diagnostiquer.<\/li>\n<\/ul>\n<\/li>\n<\/ul>\n<h2><\/h2>\n<h2>Un outil de diagnostic avec 28\u00a0services de r\u00e9initialisation possible\u00a0:<\/h2>\n<p>THINKSCAN Plus\u00a0S7 propose 28\u00a0services de maintenance pour les v\u00e9hicules, comprenant l\u2019\u00e9ventualit\u00e9 de s\u00e9lectionner 5\u00a0r\u00e9initialisations gratuites \u00e0 vie. Des services additionnels peuvent \u00eatre achet\u00e9s pour un co\u00fbt annuel de 29,95\u00a0$ par r\u00e9initialisation.<\/p>\n<ul>\n<li>\n<h3>R\u00e9initialisation de la Lampe \u00e0 Huile<\/h3>\n<ul>\n<li>Le service de r\u00e9initialisation du voyant d\u2019huile permet de d\u00e9terminer la dur\u00e9e restante du syst\u00e8me d\u2019huile moteur une fois l\u2019huile remplac\u00e9e.<\/li>\n<\/ul>\n<\/li>\n<li>\n<h3>R\u00e9initialisation du Frein de Stationnement EPB<\/h3>\n<ul>\n<li>Le processus de r\u00e9initialisation du frein de stationnement \u00e9lectronique est important pour assurer la s\u00e9curit\u00e9 et l\u2019efficacit\u00e9 du syst\u00e8me de freinage.<\/li>\n<\/ul>\n<\/li>\n<li>\n<h3>Service de Batterie BAT<\/h3>\n<ul>\n<li>Le service BAT permet de surveiller la performance de la batterie, d\u2019enregistrer les remplacements et de contr\u00f4ler l\u2019\u00e9tat de veille du v\u00e9hicule.<\/li>\n<\/ul>\n<\/li>\n<li>\n<h3>R\u00e9initialisation du Filtre \u00e0 Particules Diesel DPF<\/h3>\n<ul>\n<li>Le service cible les syst\u00e8mes de filtre \u00e0 particules diesel et comprend l\u2019installation de nouveaux composants DPF, la r\u00e9g\u00e9n\u00e9ration du DPF et l\u2019ajustement du DPF suite \u00e0 la substitution de la commande moteur.<\/li>\n<\/ul>\n<\/li>\n<li>\n<h3>R\u00e9initialisation du Capteur d\u2019Angle de Direction SAS<\/h3>\n<ul>\n<li>La r\u00e9initialisation du SAS (capteur d\u2019angle de direction) permet de nettoyer les m\u00e9moires des capteurs d\u00e9faillants et est cruciale pour le calibrage du capteur.<\/li>\n<\/ul>\n<\/li>\n<li>\n<h3>R\u00e9initialisation du Syst\u00e8me TPMS<\/h3>\n<ul>\n<li>La r\u00e9initialisation du TPMS (syst\u00e8me de surveillance de la pression des pneus) permet d\u2019afficher les ID des capteurs depuis l\u2019ECU, de saisir les ID des capteurs TPMS de rechange et de v\u00e9rifier les capteurs.<\/li>\n<\/ul>\n<\/li>\n<li>\n<h3>Programmation des Cl\u00e9s IMMO<\/h3>\n<ul>\n<li>La programmation IMMO des cl\u00e9s permet de d\u00e9sactiver les cl\u00e9s de voiture perdues et d\u2019ajouter une nouvelle cl\u00e9 de remplacement, avec une fonction de lecture de code PIN.<\/li>\n<\/ul>\n<\/li>\n<li>\n<h3>ABS Reset<\/h3>\n<ul>\n<li>Le reset ABS des freins offre une plaquette de frein solide apr\u00e8s avoir purg\u00e9 le syst\u00e8me de pompe ABS suite \u00e0 une r\u00e9paration.<\/li>\n<\/ul>\n<\/li>\n<li>\n<h3>R\u00e9initialisation du toit ouvrant<\/h3>\n<ul>\n<li>Lorsque la commande du toit ouvrant conna\u00eet des difficult\u00e9s de communication ou est substitu\u00e9e, une r\u00e9initialisation est n\u00e9cessaire pour un fonctionnement optimal du toit ouvrant.<\/li>\n<\/ul>\n<\/li>\n<li>\n<h3>R\u00e9initialisation de la suspension<\/h3>\n<ul>\n<li>Si la suspension pneumatique \u00e9lectronique avec syst\u00e8me de massage ne fonctionne pas correctement, une r\u00e9initialisation peut s\u2019av\u00e9rer n\u00e9cessaire. Il suffit de fermer toutes les portes de la voiture pour d\u00e9marrer la proc\u00e9dure.<\/li>\n<\/ul>\n<\/li>\n<li>\n<h3>R\u00e9initialisation de la bo\u00eete de vitesses<\/h3>\n<ul>\n<li>Pour optimiser les capacit\u00e9s de la transmission, il est recommand\u00e9 de suivre les \u00e9tapes de r\u00e9initialisation de l\u2019apprentissage adaptatif de la transmission. Le v\u00e9hicule doit \u00eatre d\u00e9marr\u00e9 et roul\u00e9 pour que la commande moteur et la commande de transmission travaillent de mani\u00e8re coordonn\u00e9e en surveillant le style de conduite.<\/li>\n<\/ul>\n<\/li>\n<li>\n<h3>R\u00e9initialisation des phares AFS<\/h3>\n<ul>\n<li>Le syst\u00e8me d\u2019\u00e9clairage avant adaptatif (AFS) est capable de pivoter en fonction du volant. Pour maintenir les phares en position droite, il suffit d\u2019appuyer sur un bouton.<\/li>\n<\/ul>\n<\/li>\n<li>\n<h3>Codage des injecteurs<\/h3>\n<ul>\n<li>Le codage des injecteurs peut r\u00e9v\u00e9ler des soucis avec les injecteurs. Il permet de d\u00e9tecter les injecteurs qui fuient ou qui ne fonctionnent pas ad\u00e9quatement, ainsi que les autres probl\u00e8mes reli\u00e9s au syst\u00e8me d\u2019allumage et aux \u00e9l\u00e9ments m\u00e9caniques.<\/li>\n<\/ul>\n<\/li>\n<li>\n<h3>Adaptation du corps de papillon<\/h3>\n<ul>\n<li>Le corps de papillon est crucial pour commander la quantit\u00e9 d\u2019air qui p\u00e9n\u00e8tre dans le moteur. Si ce composant est nettoy\u00e9 ou r\u00e9par\u00e9, il est essentiel de r\u00e9initialiser la position du capteur d\u2019acc\u00e9l\u00e9ration pour une performance optimale.<\/li>\n<\/ul>\n<\/li>\n<li>\n<h3>Vitesse d\u2019apprentissage<\/h3>\n<ul>\n<li>L\u2019outil de scan est utilis\u00e9 pour contr\u00f4ler les signaux des capteurs de position d\u2019arbre \u00e0 cames afin de d\u00e9terminer si les conditions sont propices pour poursuivre le fonctionnement du moteur.<\/li>\n<\/ul>\n<\/li>\n<li>\n<h3>R\u00e9initialisation EGR<\/h3>\n<ul>\n<li>La r\u00e9initialisation EGR a pour but de r\u00e9duire les oxydes d\u2019azote (NOx) dans les gaz d\u2019\u00e9chappement tout en am\u00e9liorant l\u2019\u00e9conomie de carburant \u00e0 charge partielle.<\/li>\n<\/ul>\n<\/li>\n<li>\n<h3>R\u00e9initialisation du rapport Air\/carburant<\/h3>\n<ul>\n<li>La r\u00e9initialisation A\/F est utilis\u00e9e pour d\u00e9finir ou apprendre les param\u00e8tres de rapport Air\/carburant.<\/li>\n<\/ul>\n<\/li>\n<li>\n<h3>R\u00e9initialisation du filtre Adblue<\/h3>\n<ul>\n<li>Apr\u00e8s avoir remplac\u00e9 ou rempli le liquide de traitement des gaz d\u2019\u00e9chappement diesel (ur\u00e9e de voiture), il est n\u00e9cessaire d\u2019effectuer une r\u00e9initialisation de l\u2019ur\u00e9e.<\/li>\n<\/ul>\n<\/li>\n<li>\n<h3>R\u00e9initialisation de l\u2019airbag<\/h3>\n<ul>\n<li>La r\u00e9initialisation de l\u2019airbag efface l\u2019indicateur de d\u00e9faut de collision d\u2019airbag en r\u00e9initialisant les donn\u00e9es correspondantes.<\/li>\n<\/ul>\n<\/li>\n<li>\n<h3>Purge du liquide de refroidissement<\/h3>\n<ul>\n<li>Cette fonction active la pompe \u00e0 eau \u00e9lectronique avant de faire circuler l\u2019air dans le syst\u00e8me de refroidissement pour \u00e9viter tout probl\u00e8me.<\/li>\n<\/ul>\n<\/li>\n<li>\n<h3>Apprentissage du syst\u00e8me<\/h3>\n<ul>\n<li>La proc\u00e9dure d\u2019autoapprentissage de la transmission peut am\u00e9liorer ses performances. En cas de d\u00e9montage ou de r\u00e9paration de la bo\u00eete de vitesses qui cause des probl\u00e8mes de changement de vitesse, cette fonction est n\u00e9cessaire pour ajuster la transmission aux conditions de conduite pour un meilleur confort et un rendement optimal des changements de vitesse.<\/li>\n<\/ul>\n<\/li>\n<li>\n<h3>Changement de langue<\/h3>\n<ul>\n<li>Cette fonction est utilis\u00e9e pour changer la langue utilis\u00e9e sur le syst\u00e8me de commande central du v\u00e9hicule.<\/li>\n<\/ul>\n<\/li>\n<li>\n<h3>R\u00e9initialisation du capteur Nox<\/h3>\n<ul>\n<li>Le capteur Nox est utilis\u00e9 pour d\u00e9tecter les niveaux d\u2019oxydes d\u2019azote (Nox) dans les gaz d\u2019\u00e9chappement. Apr\u00e8s avoir r\u00e9initialis\u00e9 le d\u00e9faut Nox et remplac\u00e9 le convertisseur catalytique Nox, il est n\u00e9cessaire de r\u00e9initialiser les valeurs stock\u00e9es dans l\u2019ECU du moteur.<\/li>\n<\/ul>\n<\/li>\n<li>\n<h3>R\u00e9initialisation ODO<\/h3>\n<ul>\n<li>La r\u00e9initialisation de l\u2019odom\u00e8tre implique l\u2019actualisation de la valeur de kilom\u00e9trage enregistr\u00e9e sur la puce de l\u2019odom\u00e8tre gr\u00e2ce \u00e0 un ordinateur de diagnostic et un c\u00e2ble de donn\u00e9es. Cela permet de s\u2019assurer que l\u2019odom\u00e8tre refl\u00e8te toujours le kilom\u00e9trage r\u00e9el. En cas de panne du capteur de vitesse ou de d\u00e9faillance du compteur kilom\u00e9trique, une r\u00e9initialisation ODO est souvent requise pour remettre le kilom\u00e9trage \u00e0 jour apr\u00e8s une maintenance.<\/li>\n<\/ul>\n<\/li>\n<li>\n<h3>R\u00e9initialisation de la fonction STOP\/START<\/h3>\n<ul>\n<li>La fonction de mise en marche\/arr\u00eat automatique peut \u00eatre activ\u00e9e ou d\u00e9sactiv\u00e9e via les r\u00e9glages cach\u00e9s de l\u2019ECU si le v\u00e9hicule dispose de cette capacit\u00e9 et est compatible avec le mat\u00e9riel.<\/li>\n<\/ul>\n<\/li>\n<li>\n<h3>Calibrage des si\u00e8ges<\/h3>\n<ul>\n<li>Cette fonctionnalit\u00e9 est utilis\u00e9e pour faire correspondre les si\u00e8ges avec les fonctionnalit\u00e9s m\u00e9moires, en cas de remplacement ou de r\u00e9paration.<\/li>\n<\/ul>\n<\/li>\n<li>\n<h3>Mode de transport<\/h3>\n<ul>\n<li>Afin d\u2019optimiser la consommation d\u2019\u00e9nergie, certaines fonctions peuvent \u00eatre d\u00e9sactiv\u00e9es, telles que la limitation de la vitesse du v\u00e9hicule, la d\u00e9sactivation de l\u2019ouverture des portes et la cl\u00e9 de t\u00e9l\u00e9commande. Pour annuler ces r\u00e9glages, le mode de transport doit \u00eatre d\u00e9sactiv\u00e9 pour restaurer le v\u00e9hicule \u00e0 son \u00e9tat normal.<\/li>\n<\/ul>\n<\/li>\n<li>\n<h3>\u00c9talonnage des fen\u00eatres<\/h3>\n<ul>\n<li>Cette fonctionnalit\u00e9 vise \u00e0 faire correspondre les fen\u00eatres de porte en r\u00e9cup\u00e9rant la m\u00e9moire initiale de l\u2019ECU et en restaurant la fonction de mont\u00e9e et de descente automatique de la fen\u00eatre \u00e9lectrique.<\/li>\n<\/ul>\n<\/li>\n<\/ul>\n<h2><\/h2>\n<h2>Compatible avec presque tous les v\u00e9hicules du march\u00e9<\/h2>\n<p>THINKCAR offre une couverture mondiale pour assurer la compatibilit\u00e9 de votre flotte automobile avec les marques les plus fiables et les plus populaires, telles qu\u2019Audi, Benz, BMW, Chrysler, Citroen, Dacia, Daewoo, Fiat, GM, Holden, Honda, Hyundai, Jaguar, Jpisuzu, Kia, Land Rover, Mahindra, Maruti, Mazda, Mini, Mitsubishi, Nissan, Opel, Peugeot, Porsche, Renault, Saab, Seat, Skoda, Smart, Sprinter, Subaru, Suzuki, Tata, Toyota, USAFord, Volvo et Volkswagen. Contactez notre service client\u00e8le pour obtenir des informations sur les options de couverture disponibles.<\/p>\n<h2><\/h2>\n<h2>Contenu du colis\u00a0:<\/h2>\n<ul>\n<li>1 Valise de diagnostic Thinkscan Plus\u00a0S7<\/li>\n<li>1 Dongle de diagnostic<\/li>\n<li>1 C\u00e2ble de recharge<\/li>\n<li>1 Adaptateur secteur<\/li>\n<\/ul>\n<p>Notez que tous les \u00e9l\u00e9ments de cette liste de mat\u00e9riel de diagnostic de voiture sont con\u00e7us pour une utilisation pratique et efficace. Avec l\u2019h\u00f4te Thinkscan Plus\u00a0S7, vous aurez un outil fiable pour diagnostiquer les probl\u00e8mes de votre v\u00e9hicule. Le dongle de diagnostic fourni vous permettra de connecter l\u2019h\u00f4te \u00e0 votre voiture, tandis que le c\u00e2ble de recharge et l\u2019adaptateur secteur assureront une alimentation constante pour un fonctionnement ininterrompu.<\/p>\n","protected":false},"excerpt":{"rendered":"<p>Le ThinkScan Plus S7 est un dispositif de diagnostic de pointe pour les syst\u00e8mes automobiles, y compris ABS, AC, BCM, ECM, IC, SRS et TCM. Il offre cinq r\u00e9initialisations \u00e0 vie pour 28\u00a0services diff\u00e9rents. Ce scanner est multilingue, prenant en charge l\u2019anglais, le fran\u00e7ais, l\u2019allemand, l\u2019italien, le japonais, le portugais, le russe et l\u2019espagnol, et est compatible avec plus de 120\u00a0marques de voitures.<\/p>\n<p>Il peut effectuer des identifications compl\u00e8tes, telles que la lecture et l\u2019effacement de codes, la supervision des donn\u00e9es, les tests\u00a0O2 et I\/M, et biens plus encore. Le ThinkScan Plus\u00a0S7 dispose d\u2019un moniteur tactile de 5\u00a0pouces, d\u2019un enregistreur d\u2019\u00e9cran, d\u2019une fonction de partage et d\u2019impression de rapports, ainsi que d\u2019un c\u00e2ble de donn\u00e9es Type C. Il est \u00e9galement \u00e9quip\u00e9 d\u2019une surveillance de la batterie \u00e0 cl\u00e9 chaude.<\/p>\n<p>Facile \u00e0 utiliser et \u00e0 transporter, le ThinkScan Plus\u00a0S7 est une solution id\u00e9ale pour les professionnels de l\u2019industrie automobile. Il est con\u00e7u pour offrir une pr\u00e9cision, une commodit\u00e9 et une fiabilit\u00e9 maximales pour les diagnostics de voitures.<\/p>\n","protected":false},"featured_media":805,"comment_status":"open","ping_status":"closed","template":"","meta":{"_seopress_robots_primary_cat":"none","_seopress_titles_title":"Valise de diagnostic automobile Thinkscan Plus S7 OBD2 [Scanner]","_seopress_titles_desc":"Le scanner THINKCAR THINKSCAN Plus S7 OBD2 diagnostique et r\u00e9initialise plusieurs syst\u00e8mes, tels que l\u2019ABS, SRS, DPF, BCM, Airbag, SAS, etc.","_seopress_robots_index":""},"product_brand":[],"product_cat":[30],"product_tag":[],"class_list":{"0":"post-546","1":"product","2":"type-product","3":"status-publish","4":"has-post-thumbnail","6":"product_cat-valise-de-diagnostic-obd","8":"first","9":"instock","10":"featured","11":"shipping-taxable","12":"purchasable","13":"product-type-simple"},"_links":{"self":[{"href":"https:\/\/auto-diagnostic-obd.com\/fr\/wp-json\/wp\/v2\/product\/546","targetHints":{"allow":["GET"]}}],"collection":[{"href":"https:\/\/auto-diagnostic-obd.com\/fr\/wp-json\/wp\/v2\/product"}],"about":[{"href":"https:\/\/auto-diagnostic-obd.com\/fr\/wp-json\/wp\/v2\/types\/product"}],"replies":[{"embeddable":true,"href":"https:\/\/auto-diagnostic-obd.com\/fr\/wp-json\/wp\/v2\/comments?post=546"}],"wp:featuredmedia":[{"embeddable":true,"href":"https:\/\/auto-diagnostic-obd.com\/fr\/wp-json\/wp\/v2\/media\/805"}],"wp:attachment":[{"href":"https:\/\/auto-diagnostic-obd.com\/fr\/wp-json\/wp\/v2\/media?parent=546"}],"wp:term":[{"taxonomy":"product_brand","embeddable":true,"href":"https:\/\/auto-diagnostic-obd.com\/fr\/wp-json\/wp\/v2\/product_brand?post=546"},{"taxonomy":"product_cat","embeddable":true,"href":"https:\/\/auto-diagnostic-obd.com\/fr\/wp-json\/wp\/v2\/product_cat?post=546"},{"taxonomy":"product_tag","embeddable":true,"href":"https:\/\/auto-diagnostic-obd.com\/fr\/wp-json\/wp\/v2\/product_tag?post=546"}],"curies":[{"name":"wp","href":"https:\/\/api.w.org\/{rel}","templated":true}]}}