{"id":549,"date":"2023-05-11T18:00:03","date_gmt":"2023-05-11T16:00:03","guid":{"rendered":"https:\/\/auto-diagnostic-obd.com\/?post_type=product&#038;p=549"},"modified":"2025-08-03T14:36:11","modified_gmt":"2025-08-03T12:36:11","slug":"valise-diagnostic-automobile-obd-mucar-cde900","status":"publish","type":"product","link":"https:\/\/auto-diagnostic-obd.com\/fr\/produit\/valise-diagnostic-automobile-obd-mucar-cde900\/","title":{"rendered":"Valise de diagnostic automobile OBD MUCAR\u00a0CDE900 [Lire et effacer les codes, v\u00e9rification moteur, OBD2 Scanner, Un outil de diagnostic automobile ultime\u2009!]"},"content":{"rendered":"<p>L&rsquo;outil propos\u00e9 par AUTO-DIAGNOSTIC-OBD est id\u00e9al pour les techniciens et les bricoleurs d&rsquo;automobiles. Il offre une exp\u00e9rience exceptionnelle et une performance maximalis\u00e9e pour le diagnostic de v\u00e9hicules. La conception de ce produit r\u00e9pond aux besoins des usagers, avec un \u00e9cran tactile capacitif de 4 pouces et des boutons physiques pour une manipulation stable. L\u2019interface intuitive avec des ic\u00f4nes permet d\u2019acc\u00e9der facilement aux fonctionnalit\u00e9s.<\/p>\n<p>Le scanner OBD2\u00a0CDE900 peut lire jusqu\u2019\u00e0 120\u00a0flux de donn\u00e9es simultan\u00e9ment et prend en charge 16\u00a0langues, pour un d\u00e9tection efficace sur les voitures \u00e0 partir de 1996. Des fonctionnalit\u00e9s suppl\u00e9mentaires telles que ECM+SRS+TCM+ABS sont disponible en tout temps. Une mise \u00e0 jour OTA gratuite via Wi-Fi garantit sa performance.<\/p>\n<p>Ce produit embarque le syst\u00e8me d\u2019exploitation Android\u00a06.0, 2\u00a0Go de RAM pour une rapidit\u00e9 accrue et 16\u00a0Go de stockage extensible jusqu\u2019\u00e0 256\u00a0Go. La batterie sans alimentation directe de 1500\u00a0mA vous permet d\u2019allumer l\u2019appareil pour consulter les donn\u00e9es diagnostiques \u00e0 tout moment.<\/p>\n<p>En somme, ce mod\u00e8le est indispensable aux techniciens et aux bricoleurs automobiles. Il offre une performance optimale et une exp\u00e9rience exceptionnelle pour l\u2019identification des DTC, avec des fonctionnalit\u00e9s avanc\u00e9es pour une utilisation efficace et sans faille. N\u2019attendez plus, achetez le CDE900 maintenant\u2009!<\/p>\n<h2><\/h2>\n<h2>Fonctionnalit\u00e9s d\u00e9taill\u00e9es du scanner MUCAR\u00a0CDE900 OBD\u00a0:<\/h2>\n<h3>Lire le flux de donn\u00e9es I\/M<\/h3>\n<p>Le SMOG vous permet de lire le flux de donn\u00e9es I\/M apr\u00e8s la mise sous tension. Les couleurs du SMOG sont utilis\u00e9es pour vous informer de l\u2019\u00e9tat du syst\u00e8me\u00a0:<\/p>\n<ul>\n<li>Rouge\u00a0: d\u00e9faut d\u00e9tect\u00e9<\/li>\n<li>Gris\u00a0: protocole non pris en charge<\/li>\n<li>Vert\u00a0: pas de d\u00e9faut<\/li>\n<\/ul>\n<p>Si le protocole n\u2019est pas pris en charge, une fen\u00eatre contextuelle vous demandera confirmation.<\/p>\n<h3>Code\/Freeze Frame<\/h3>\n<p>Vous pouvez s\u00e9lectionner l\u2019interface secondaire \u00ab\u2009Code\/Freeze Frame\u2009\u00bb pour afficher les codes d\u2019erreur et geler les donn\u00e9es.<\/p>\n<h3>Effacer<\/h3>\n<p>Vous pouvez \u00e9galement s\u00e9lectionner \u00ab\u2009Effacer\u2009\u00bb pour faire dispara\u00eetre les DTC d\u2019erreur une fois que votre automobile\u00a0a \u00e9t\u00e9 r\u00e9par\u00e9e.<\/p>\n<h3>Live Data Stream<\/h3>\n<p>En s\u00e9lectionnant \u00ab\u2009Live Data Stream\u2009\u00bb, vous pouvez afficher tous les flux de donn\u00e9es en direct.<\/p>\n<h3>Test du capteur\u00a0O2<\/h3>\n<p>Le SMOG vous permet \u00e9galement d\u2019\u00e9prouver le capteur d\u2019oxyg\u00e8ne en s\u00e9lectionnant \u00ab\u2009TEST DU CAPTEUR O2\u2033. Notez que cette fonction n\u2019est disponible que pour certaines voitures. Il est conseill\u00e9 de poser des questions avant d\u2019acheter le produit.<\/p>\n<h3>Surveillance embarqu\u00e9e<\/h3>\n<p>Vous pouvez s\u00e9lectionner \u201cSURVEILLANCE EMBARQU\u00c9E\u201d pour afficher le flux du moniteur embarqu\u00e9.<\/p>\n<h3>Autres fonctions de diagnostic<\/h3>\n<p>En s\u00e9lectionnant \u201cAutre diagnostic\u201d, vous avez acc\u00e8s \u00e0 davantage de fonctions OBDII, telles que\u00a0:<\/p>\n<ul>\n<li>EVAP SYSTEM<\/li>\n<li>DTC LOOKUP<\/li>\n<li>Version Information<\/li>\n<\/ul>\n<p>Vous pouvez s\u00e9lectionner \u201cEVAP SYSTEM\u201d et cliquer sur \u201cOK\u201d pour afficher le flux de donn\u00e9es EVAP, s\u00e9lectionner \u201cDTC LOOKUP\u201d pour afficher l\u2019analyse DTC et choisir \u201cVersion Information\u201d pour afficher les informations de version OBDII.<\/p>\n<h3>Rapport<\/h3>\n<p>Vous pouvez \u00e9galement s\u00e9lectionner \u201cRapport\u201d pour afficher le journal de diagnostic.<\/p>\n<h3>Param\u00e8tres<\/h3>\n<p>Enfin, vous pouvez s\u00e9lectionner \u201cParam\u00e8tres\u201d pour d\u00e9finir les donn\u00e9es locales, telles que les commentaires, les informations de maintenance<\/p>\n<h2><\/h2>\n<h2>Les 10\u00a0modes complets de fonctions OBD-II<\/h2>\n<h3>MUCAR\u00a0CDE900 OBDII pour le diagnostic des syst\u00e8mes moteur<\/h3>\n<h3>Mode\u00a01\u00a0: Lire les codes<\/h3>\n<p>Il vous permet de lire les codes d\u2019erreur existants dans l\u2019ECU (unit\u00e9 de contr\u00f4le \u00e9lectronique) actuel de votre voiture. Si le t\u00e9moin d\u2019erreur de votre v\u00e9hicule est allum\u00e9, ce mode vous aidera \u00e0 trouver le code d\u2019erreur correspondant.<\/p>\n<h3>Mode\u00a02\u00a0: Effacer les codes<\/h3>\n<p>Vous pouvez utiliser ce mode pour effacer les DTC d\u2019erreur dans l\u2019ECU actuel. Une fois le souci de votre voiture r\u00e9solu, ce mode vous permettra d\u2019\u00e9teindre le t\u00e9moin d\u2019erreur. Si le probl\u00e8me persiste, ex\u00e9cutez ce mode une fois l\u2019entretien n\u00e9cessaire effectu\u00e9.<\/p>\n<h3>Mode\u00a03\u00a0: Donn\u00e9es en direct<\/h3>\n<p>Il vous permet de lire et d\u2019afficher les informations en temps r\u00e9el de l\u2019ECU de votre voiture, y compris les param\u00e8tres de fonctionnement. Les techniciens de maintenance peuvent utiliser ce mode pour surveiller les performances g\u00e9n\u00e9rales de votre v\u00e9hicule et vous donner des conseils pour l\u2019entretien.<\/p>\n<h3>Mode\u00a04\u00a0: Arr\u00eat sur image<\/h3>\n<p>Si votre v\u00e9hicule a un d\u00e9faut, ce mode vous permet d\u2019afficher les donn\u00e9es du moment o\u00f9 le DTC d\u2019erreur est g\u00e9n\u00e9r\u00e9. Les techniciens de maintenance peuvent alors utiliser ces donn\u00e9es pour d\u00e9terminer l\u2019emplacement du d\u00e9faut.<\/p>\n<h3>Mode\u00a05\u00a0: Pr\u00e9paration I\/M<\/h3>\n<p>Ce mode indique si les diff\u00e9rents syst\u00e8mes li\u00e9s aux \u00e9missions de votre v\u00e9hicule fonctionnent correctement et sont pr\u00eats pour les tests d\u2019inspection et d\u2019entretien.<\/p>\n<h3>Mode\u00a06\u00a0: Test du capteur\u00a0O2<\/h3>\n<p>Il vous permet de r\u00e9cup\u00e9rer et d\u2019afficher les r\u00e9sultats du test de monitorage du capteur\u00a0O2 \u00e0 partir de l\u2019ordinateur de bord de votre v\u00e9hicule.<\/p>\n<h3>Mode\u00a07\u00a0: Test du moniteur embarqu\u00e9<\/h3>\n<p>Vous pouvez utiliser ce mode pour lire les r\u00e9sultats du test de surveillance du diagnostic embarqu\u00e9 pour un composant ou un syst\u00e8me sp\u00e9cifique.<\/p>\n<h3>Mode\u00a08\u00a0: Test EVAP<\/h3>\n<p>Ce mode permet d\u2019effectuer un examen de fuite du syst\u00e8me EVAP de votre v\u00e9hicule. En envoyant un signal \u00e0 l\u2019ordinateur de bord, le test est d\u00e9clench\u00e9. Il est primordial de se r\u00e9f\u00e9rer au manuel d\u2019entretien pour conna\u00eetre les proc\u00e9dures et m\u00e9thodes n\u00e9cessaires pour arr\u00eater l\u2019analyse. Ce dernier peut aider \u00e0 d\u00e9terminer si le dispositif EVAP fonctionne ad\u00e9quatement et s\u2019il est pr\u00eat pour les inspections et entretiens li\u00e9s aux \u00e9missions.<\/p>\n<h3>Mode\u00a09\u00a0: Informations sur le v\u00e9hicule<\/h3>\n<p>Ce mode vous permet de lire les informations de version de l\u2019ECU (Unit\u00e9 de Commande \u00c9lectronique) de votre v\u00e9hicule. Cela peut inclure des d\u00e9tails tels que le num\u00e9ro de s\u00e9rie, la version du logiciel, etc.<\/p>\n<h3>Mode\u00a010\u00a0: Recherche DTC<\/h3>\n<p>Ce mode vous offre la possibilit\u00e9 d\u2019explorer en d\u00e9tail les\u00a0erreurs DTC (Diagnostic Trouble Code). Vous avez la facult\u00e9 de saisir un code DTC \u00e0 5\u00a0chiffres pour afficher sa description compl\u00e8te, des conseils et des solutions de d\u00e9pistage pour les codes d\u2019erreur actuels. Cela peut \u00eatre b\u00e9n\u00e9fique pour mieux comprendre les probl\u00e8mes rencontr\u00e9s par votre v\u00e9hicule et trouver des moyens plus efficaces de les r\u00e9soudre.<\/p>\n<h2><\/h2>\n<h2>Diagnostics des syst\u00e8mes cl\u00e9s \u00e0 l\u2019aide du lecteur de code\u00a0CDE900<\/h2>\n<h3>Une valise\u00a0de diagnostic pour votre voiture\u00a0: Le MUCAR\u00a0CDE900<\/h3>\n<p>Voulez-vous prendre soin de votre v\u00e9hicule et \u00e9viter les tracas\u2009? Cette valise\u00a0est la solution\u2009! Il vous permet d\u2019effectuer facilement et efficacement une d\u00e9tection des probl\u00e8mes que votre auto peut rencontrer. Vous pouvez m\u00eame choisir une mise \u00e0 niveau pour acc\u00e9der \u00e0 des diagnostics suppl\u00e9mentaires pour quatre syst\u00e8mes cl\u00e9s, pour seulement 40\u00a0$, sans frais annuels. De plus, vous b\u00e9n\u00e9ficierez d\u2019un soutien technique et d\u2019un service client personnalis\u00e9 de qualit\u00e9.<\/p>\n<h3>Diagnostic ECM (Check Engine)*<\/h3>\n<p>Vous souhaitez en savoir plus sur ce qui ne va pas avec votre moteur et \u00e9teindre la lumi\u00e8re \u201cCheck Engine\u201d\u2009? Le diagnostic ECM est fait pour vous\u2009! Il recueille les codes actuels, permanents et en attente de votre syst\u00e8me moteurs et vous fournit des informations essentielles telles que la consommation de carburant et les \u00e9missions en temps r\u00e9el. Cela vous permet d\u2019\u00eatre s\u00fbr que votre moteur fonctionne correctement, en toute s\u00e9curit\u00e9 et avec une efficacit\u00e9 optimale.<\/p>\n<h3>Diagnostic ABS (freinage antiblocage)*<\/h3>\n<p>Vous souhaitez une conduite fluide et s\u00fbre\u2009? Le diagnostic ABS vous permet de lire et d\u2019effacer les codes d\u2019erreur du syst\u00e8me de freinage antiblocage, ainsi que de surveiller en temps r\u00e9el les donn\u00e9es pour garantir que les r\u00e9parations sont compl\u00e8tes et efficaces. Gr\u00e2ce \u00e0 cet outil, vous pouvez maintenir votre voiture en bon \u00e9tat et \u00e9viter des probl\u00e8mes avant m\u00eame qu\u2019ils ne surviennent.<\/p>\n<h3>Diagnostic SRS (airbag)*<\/h3>\n<p>V\u00e9rifiez l\u2019\u00e9tat de sant\u00e9 de votre dispositif de retenue de s\u00e9curit\u00e9 avec le diagnostic SRS. Il est con\u00e7u pour analyser tous les param\u00e8tres \u00e9lectroniques, y compris les capteurs d\u2019impact, le module de commande et les airbags eux-m\u00eames. Le processus est simple et ne prend que quelques minutes pour fournir un d\u00e9pistage complet. Vous pouvez ainsi \u00eatre assur\u00e9 que votre syst\u00e8me fonctionne correctement et en toute s\u00e9curit\u00e9.<\/p>\n<h3>Diagnostic TCM (transmission automatique)*<\/h3>\n<p>Vous souhaitez v\u00e9rifier si votre transmission automatique fonctionne ad\u00e9quatement ? Le diagnostic TCM est un outil pratique pour d\u00e9tecter les probl\u00e8mes \u00e9lectroniques de votre transmission, tels que les pi\u00e8ces d\u00e9fectueuses et les irr\u00e9gularit\u00e9s du syst\u00e8me informatique. Il vous permet de lire rapidement le code d\u2019erreur et de vous assurer que la r\u00e9paration est effectu\u00e9e correctement afin d\u2019\u00e9teindre la lumi\u00e8re de transmission en quelques minutes.<\/p>\n<h2><\/h2>\n<h2>Notre produit compatible pour tous les v\u00e9hicules<\/h2>\n<h3>Protocoles pris en charge<\/h3>\n<p>Notre produit est con\u00e7u pour fonctionner avec une vari\u00e9t\u00e9 de protocoles, y compris ISO9141, KWP2000 (ISO\u00a014230), J1850PWM, J1850VPM et CAN OBD-II. Il est compatible avec la plupart des voitures fabriqu\u00e9es apr\u00e8s 1996.<\/p>\n<h3>V\u00e9rification de la compatibilit\u00e9 avant l\u2019achat<\/h3>\n<p>Avant de proc\u00e9der \u00e0 votre achat, nous vous conseillons de v\u00e9rifier si notre article est compatible avec votre v\u00e9hicule. Nous sommes disponibles pour r\u00e9pondre \u00e0 toutes vos interrogations et vous assister. Parcourez notre catalogue pour d\u00e9couvrir l\u2019ensemble des possibilit\u00e9s offertes par nos produits.<\/p>\n<h3>Couverture \u00e9tendue et mises \u00e0 jour constantes<\/h3>\n<p>Notre produit peut s\u2019adapter \u00e0 plus de 100\u2009000\u00a0mod\u00e8les de v\u00e9hicules vari\u00e9s et est propos\u00e9 en 13\u00a0langues distinctes. Nous nous effor\u00e7ons d\u2019offrir des mises \u00e0 jour r\u00e9guli\u00e8res pour corriger les bogues, ajouter des mod\u00e8les de voitures suppl\u00e9mentaires et am\u00e9liorer les fonctionnalit\u00e9s.<\/p>\n<h3>Compatible avec les diff\u00e9rentes r\u00e9gions<\/h3>\n<h4>Am\u00e9rique<\/h4>\n<p>Notre produit est compatible avec les marques les plus populaires en Am\u00e9rique, telles que Ford (Australie), Lincoln, Buick, Chrysler, GM, Cadillac, Chevrolet, Dodge, Fiat (Br\u00e9sil), GM (Br\u00e9sil), Jeep et SGM.<\/p>\n<h4>Europe<\/h4>\n<p>En Europe, notre produit est conciliable avec les marques suivantes\u00a0: Aston Martin, Benz, Sprinter, BMW, Ferrari, Fiat, Land Rover, Maserati, Opel, Peugeot, Porsche, Lancia, LT3, Maybach, Mini, Seat, Skoda, Vauxhall, Volkswagen\u00a0CV, Renault, Saab, Smart, Volvo et Volkswagen. De plus Abarth, Alfa Romeo, Audi, Bentley, Bugatti, Citro\u00ebn et Dacia sont aussi pris en charge. Enfin Jaguar, Lamborghini et ALFA ROMEO (ainsi que BENTLEY et BUGATTI) sont pareillement compatibles. DR DACIA EURO FORD GAZ IVECO IZH MERCEDES MAYBACH OPEL (AFRIQUE DU SUD) PAZ RENAULT ROVER ROLLS-ROYCE SPRINTER UAZ VAZ VAUXHALL et ZAZ sont \u00e9galement support\u00e9s.<\/p>\n<h4>Asie<\/h4>\n<p>En Asie, notre produit peut \u00eatre utilis\u00e9 avec les marques suivantes\u00a0: Acura, Daewoo, Daihatsu, Honda, Hyundai, Infiniti, Isuzu, Kia, Lexus, Maruti Suzuki, Mazda, Mitsubishi, Nissan, SsangYong, Subaru, Suzuki, Toyota, GTR, Scion, IKCO, LUXGEN, MAHINDRA (INDE), MARUTI (INDE), MAHINDRA (INDE),<\/p>\n<p>* En option aupr\u00e8s du fabricant<\/p>\n<h2>Contenu du colis :<\/h2>\n<p>1 x Valise de diagnostic<br \/>\n1 X c\u00e2ble USB<br \/>\n1 X Manuel<\/p>\n","protected":false},"excerpt":{"rendered":"<p>Le scanner\u00a0CDE900 OBD est un outil indispensable pour les professionnels et les passionn\u00e9s de l\u2019automobile. Avec son \u00e9cran tactile capacitif de 4\u00a0pouces et ses boutons physiques, il propose une interface intuitive et facile \u00e0 manipuler. Il peut lire jusqu\u2019\u00e0 120\u00a0flux d\u2019informations en simultan\u00e9 et prend en charge 16\u00a0langues. Dot\u00e9 d\u2019un syst\u00e8me d\u2019exploitation Android\u00a06.0 avec 2\u00a0Go de m\u00e9moire RAM et 16\u00a0Go de stockage extensibles jusqu\u2019\u00e0 256\u00a0Go, le\u00a0CDE900 est con\u00e7u pour offrir un d\u00e9pistage optimal des v\u00e9hicules ainsi qu\u2019une exp\u00e9rience utilisateur exceptionnelle. La batterie sans fil de 1500\u00a0mA permet un acc\u00e8s continu aux donn\u00e9es de diagnostic, tandis que des mises \u00e0 jour gratuites \u00e0 vie sont disponibles via Wi-Fi. Investissez dans le scanneur CDE900 pour b\u00e9n\u00e9ficier d\u2019une prestation optimale et d\u2019une exp\u00e9rience utilisateur inoubliable.<\/p>\n","protected":false},"featured_media":774,"comment_status":"open","ping_status":"closed","template":"","meta":{"_seopress_robots_primary_cat":"none","_seopress_titles_title":"Valise de diagnostic automobile MUCAR CDE900 OBD2","_seopress_titles_desc":"Scanner MUCAR\u00a0CDE900: diagnostic automobile rapide & pr\u00e9cis. Utilise cet outil\u00a0OBD2 pour trouver les codes DTC de votre voiture en un temps record.","_seopress_robots_index":""},"product_brand":[],"product_cat":[30],"product_tag":[],"class_list":{"0":"post-549","1":"product","2":"type-product","3":"status-publish","4":"has-post-thumbnail","6":"product_cat-valise-de-diagnostic-obd","8":"first","9":"instock","10":"featured","11":"shipping-taxable","12":"purchasable","13":"product-type-simple"},"_links":{"self":[{"href":"https:\/\/auto-diagnostic-obd.com\/fr\/wp-json\/wp\/v2\/product\/549","targetHints":{"allow":["GET"]}}],"collection":[{"href":"https:\/\/auto-diagnostic-obd.com\/fr\/wp-json\/wp\/v2\/product"}],"about":[{"href":"https:\/\/auto-diagnostic-obd.com\/fr\/wp-json\/wp\/v2\/types\/product"}],"replies":[{"embeddable":true,"href":"https:\/\/auto-diagnostic-obd.com\/fr\/wp-json\/wp\/v2\/comments?post=549"}],"wp:featuredmedia":[{"embeddable":true,"href":"https:\/\/auto-diagnostic-obd.com\/fr\/wp-json\/wp\/v2\/media\/774"}],"wp:attachment":[{"href":"https:\/\/auto-diagnostic-obd.com\/fr\/wp-json\/wp\/v2\/media?parent=549"}],"wp:term":[{"taxonomy":"product_brand","embeddable":true,"href":"https:\/\/auto-diagnostic-obd.com\/fr\/wp-json\/wp\/v2\/product_brand?post=549"},{"taxonomy":"product_cat","embeddable":true,"href":"https:\/\/auto-diagnostic-obd.com\/fr\/wp-json\/wp\/v2\/product_cat?post=549"},{"taxonomy":"product_tag","embeddable":true,"href":"https:\/\/auto-diagnostic-obd.com\/fr\/wp-json\/wp\/v2\/product_tag?post=549"}],"curies":[{"name":"wp","href":"https:\/\/api.w.org\/{rel}","templated":true}]}}