{"id":555,"date":"2023-05-11T18:02:54","date_gmt":"2023-05-11T16:02:54","guid":{"rendered":"https:\/\/auto-diagnostic-obd.com\/?post_type=product&#038;p=555"},"modified":"2025-12-20T06:33:29","modified_gmt":"2025-12-20T05:33:29","slug":"valise-diagnostic-automobile-obd2-launch-cr529-creader","status":"publish","type":"product","link":"https:\/\/auto-diagnostic-obd.com\/fr\/produit\/valise-diagnostic-automobile-obd2-launch-cr529-creader\/","title":{"rendered":"Valise de diagnostic automobile\u00a0OBD2 Launch\u00a0CR529 Creader"},"content":{"rendered":"<h2>D\u00e9couvrez les fonctions incontournables du Launch\u00a0CR529 OBD2<\/h2>\n<p>Le Launch\u00a0CR529 est le dernier ajout \u00e0 la gamme de scanners de diagnostic automobile de la marque Launch. Il est con\u00e7u pour \u00eatre compatible avec une large vari\u00e9t\u00e9 de v\u00e9hicules en supportant les protocoles\u00a0OBD2 tels que KWP2000, ISO9141, J1850 VPW, J1850 PWM et CAN. Avec ses options de plusieurs langues, telles que l\u2019anglais, le fran\u00e7ais, l\u2019espagnol, l\u2019allemand, le portugais, le russe et le japonais, ce scanner est accessible \u00e0 tous.<\/p>\n<p>En un simple clic, vous pouvez v\u00e9rifier l\u2019\u00e9tat de votre v\u00e9hicule pour le test d\u2019\u00e9mission de smog. Les donn\u00e9es sont affich\u00e9es de mani\u00e8re graphique pour un audit facile, et les lampes t\u00e9moins rouge-jaune-vert indiquent visuellement l\u2019\u00e9tat du v\u00e9hicule, \u00e9vitant ainsi des op\u00e9rations pas \u00e0 pas superflues.<\/p>\n<p>Le Launch Creader CR529 est un outil de diagnostic qui peut \u00e9galement \u00e9teindre le voyant moteur (Check Engine Light) sur votre tableau de bord. Il peut effacer les codes de panne en quelques secondes, vous \u00e9conomisant des co\u00fbts de r\u00e9paration inutiles et vous permettant d\u2019effectuer des r\u00e9parations de bricolage appropri\u00e9es sans deviner.<\/p>\n<p>Le CR529 OBD2 scanner est un atout pour votre bo\u00eete \u00e0 outils. Il est con\u00e7u avec une construction robuste pour r\u00e9sister aux chocs quotidiens. Il est \u00e9quip\u00e9 d\u2019un raccourci clavier HELP pour un acc\u00e8s rapide aux conseils les plus courants. Il est \u00e9galement Plug &amp; Play, ce qui signifie qu\u2019aucune batterie n\u2019est n\u00e9cessaire. Il propose des fonctionnalit\u00e9s telles qu\u2019AutoVin, DTC LookUp (Recherche du code), lecture et impression d\u2019informations, etc. Que vous soyez un propri\u00e9taire de voiture ou un m\u00e9canicien automobile, le X431 CR529 peut vous faire \u00e9conomiser des milliers de dollars sur l\u2019entretien de votre v\u00e9hicule et vous faire gagner du temps sur les rep\u00e9rages des d\u00e9fauts de votre v\u00e9hicule.<\/p>\n<p>Le CR529 est plus qu\u2019un simple lecteur de code. C\u2019est un outil de d\u00e9pistage automobile complet qui peut lire les donn\u00e9es et imprimer les r\u00e9sultats du diagnostic sur papier. Il vous permet de v\u00e9rifier tous les moniteurs d\u2019\u00e9mission et les codes DTC de votre v\u00e9hicule en utilisant le num\u00e9ro d\u2019identification du v\u00e9hicule (VIN). Cela vous aide \u00e0 v\u00e9rifier l\u2019\u00e9tat de votre v\u00e9hicule en se connectant \u00e0 divers dispositifs, \u00e9quivalents que le moteur, la transmission, l\u2019airbag, l\u2019ABS et d\u2019autres syst\u00e8mes critiques. Il peut parall\u00e8lement aider \u00e0 diagnostiquer les codes de d\u00e9faut et \u00e0 effacer les codes de m\u00e9moire du syst\u00e8me de votre v\u00e9hicule.<\/p>\n<p>En plus de lire les codes de d\u00e9faut, le CR529 peut pareillement afficher les donn\u00e9es en direct du v\u00e9hicule telles que la vitesse du moteur, la temp\u00e9rature de l\u2019huile, la pression d\u2019huile et bien d\u2019autres informations importantes. Cet outil peut vous aider \u00e0 d\u00e9terminer la cause d\u2019un probl\u00e8me sur votre v\u00e9hicule en vous fournissant des donn\u00e9es d\u00e9taill\u00e9es sur les diff\u00e9rents dispositifs.<\/p>\n<p>Le CR529 est \u00e9galement facile \u00e0 employer. Il dispose d\u2019un \u00e9cran LCD clair et d\u2019un menu convivial qui peut \u00eatre utilis\u00e9 par des professionnels et des amateurs. Il est identiquement compact et portable, ce qui vous permet de l\u2019emporter partout avec vous pour effectuer des diagnostics sur le terrain.<\/p>\n<h2><\/h2>\n<h2>Pourquoi opter pour le scanner LAUNCH\u00a0CR529 OBD2 Scanner\u2009?<\/h2>\n<h3>Fonctions compl\u00e8tes\u00a0OBD2<\/h3>\n<p>Il y a plusieurs raisons qui font du LAUNCH\u00a0CR529 un choix judicieux pour les diagnostics de votre v\u00e9hicule\u00a0:<\/p>\n<ul>\n<li>Vous pouvez effectuer des t\u00e2ches telles que la suppression de l\u2019avertisseur \u00ab\u2009Check Engine\u2009\u00bb ou l\u2019\u00e9valuation de l\u2019\u00e9tat d\u2019\u00e9mission de votre v\u00e9hicule.<\/li>\n<\/ul>\n<h3>Preparation I\/M en un clic brevet\u00e9e<\/h3>\n<ul>\n<li>Acc\u00e9dez rapidement aux moniteurs d\u2019\u00e9mission et effacez les indicateurs d\u2019avancement en un seul clic.<\/li>\n<\/ul>\n<h3>Recherche DTC<\/h3>\n<ul>\n<li>Vous pouvez trouver rapidement la d\u00e9finition d\u2019un code DTC dans sa biblioth\u00e8que.<\/li>\n<\/ul>\n<h3>Donn\u00e9es en temps r\u00e9el<\/h3>\n<ul>\n<li>Surveillez les composants du moteur en action et utilisez la technologie de capture d\u2019image pour identifier les probl\u00e8mes.<\/li>\n<\/ul>\n<h3>Acc\u00e8s \u00e0 VIN, CIN &amp; CVN<\/h3>\n<ul>\n<li>Vous pouvez acc\u00e9der \u00e0 toutes les informations importantes sur votre v\u00e9hicule sans aucun souci, ce qui peut \u00eatre tr\u00e8s utile pour l\u2019enregistrement ou le suivi de votre voiture.<\/li>\n<\/ul>\n<h3>Prise en charge de 7\u00a0langues<\/h3>\n<ul>\n<li>Le scanner prend en charge 7\u00a0langues diff\u00e9rentes, dont l\u2019anglais, le portugais, le russe, l\u2019italien, l\u2019espagnol, le fran\u00e7ais et l\u2019allemand, pour les professionnels du monde entier.<\/li>\n<\/ul>\n<h3>Impression de donn\u00e9es via PC<\/h3>\n<ul>\n<li>Imprimez les r\u00e9sultats de vos diagnostics pour les consulter plus tard ou les partager avec d\u2019autres experts.<\/li>\n<\/ul>\n<h3>\u00c9cran LCD de 2,8\u00a0pouces<\/h3>\n<ul>\n<li>L\u2019\u00e9cran est suffisamment grand pour une lecture facile des donn\u00e9es.<\/li>\n<\/ul>\n<h3>Acc\u00e8s \u00e0 VIN, CIN &amp; CVN<\/h3>\n<ul>\n<li>Le scanner LAUNCH\u00a0CR529 OBD2 vous permet \u00e9galement d\u2019acc\u00e9der \u00e0 plusieurs informations importantes sur votre v\u00e9hicule, telles que VIN (num\u00e9ro d\u2019identification du v\u00e9hicule), CID (ID d\u2019\u00e9talonnage) et CVN (num\u00e9ro de<\/li>\n<\/ul>\n<p>v\u00e9rification d\u2019\u00e9talonnage).<\/p>\n<h2><\/h2>\n<h2>Les avantages suppl\u00e9mentaires du scanner LAUNCH\u00a0X431 CR529 OBD2<\/h2>\n<ul>\n<li>Acc\u00e8s aux informations importantes sur votre v\u00e9hicule\u00a0: VIN, CID, CVN<\/li>\n<li>Pr\u00e9sentation des donn\u00e9es en temps r\u00e9el sous forme de graphiques<\/li>\n<li>Compatible avec la plupart des v\u00e9hicules fabriqu\u00e9s apr\u00e8s 1996<\/li>\n<li>Impression des donn\u00e9es via PC pour une consultation facile<\/li>\n<\/ul>\n<h3>Acc\u00e8s aux informations importantes sur votre v\u00e9hicule<\/h3>\n<p>Le scanner LAUNCH\u00a0CR529 OBD2 vous permet d\u2019acc\u00e9der facilement \u00e0 des informations importantes telles que le VIN (num\u00e9ro d\u2019identification du v\u00e9hicule), le CID (ID d\u2019\u00e9talonnage) et le CVN (num\u00e9ro de v\u00e9rification d\u2019\u00e9talonnage). Cela peut \u00eatre tr\u00e8s utile pour l\u2019enregistrement ou le suivi de votre v\u00e9hicule.<\/p>\n<h3>Pr\u00e9sentation des donn\u00e9es en temps r\u00e9el sous forme de graphiques<\/h3>\n<p>Le CR529 pr\u00e9sente les informations en temps r\u00e9el sous forme de graphiques, ce qui permet une compr\u00e9hension rapide et claire des donn\u00e9es.<\/p>\n<h3>Compatible avec la plupart des v\u00e9hicules fabriqu\u00e9s apr\u00e8s 1996<\/h3>\n<p>Cet outil\u00a0OBD2 est compatible avec la plupart des v\u00e9hicules fabriqu\u00e9s apr\u00e8s 1996 qui respectent les protocoles\u00a0OBD2 tels que KWP2000, ISO9141, J1850 VPW, J1850 PWM et CAN (Controller Area Network).<\/p>\n<h3>Impression des donn\u00e9es via PC pour une consultation facile<\/h3>\n<p>Si vous avez des probl\u00e8mes complexes qui d\u00e9passent votre compr\u00e9hension, vous pouvez facilement imprimer les donn\u00e9es via un PC et les pr\u00e9senter \u00e0 votre m\u00e9canicien.<\/p>\n<h2><\/h2>\n<h2>Description technique d\u00e9taill\u00e9e\u00a0:<\/h2>\n<ul>\n<li>\u00c9cran\u00a0: LCD de 2,8\u00a0pouces avec une r\u00e9solution de 320 * 240\u00a0dpi<\/li>\n<li>Plage de temp\u00e9ratures de fonctionnement\u00a0: De -10 \u2103 \u00e0 50 \u2103<\/li>\n<li>Plage de temp\u00e9ratures de stockage\u00a0: De -20 \u2103 \u00e0 70 \u2103<\/li>\n<li>Alimentation\u00a0: Alimentation de 9,0 \u00e0 18,0\u00a0V fournie par la batterie du v\u00e9hicule<\/li>\n<li>Dimensions\u00a0: Longueur de 179\u00a0mm, largeur de 103\u00a0mm et hauteur de 30\u00a0mm (7,0\u00a0pouces de longueur, 4,0\u00a0pouces de largeur et 1,2\u00a0pouce de hauteur)<\/li>\n<li>Poids\u00a0: Inf\u00e9rieur \u00e0 500\u00a0g (1,102\u00a0lb)<\/li>\n<\/ul>\n<h2><\/h2>\n<h2>Launch\u00a0CR529 Contenu du colis\u00a0:<\/h2>\n<p>1 x Scanner de diagnostic\u00a0CR3001<br \/>\n1 X c\u00e2ble USB<br \/>\n1 X Manuel<\/p>\n","protected":false},"excerpt":{"rendered":"<p>Le Launch CReader\u00a0529 est un lecteur de code\u00a0OBD2 professionnel pour le diagnostic automobile. Il peut v\u00e9rifier l\u2019\u00e9tat de votre voiture en utilisant les protocoles\u00a0OBD2 et afficher les r\u00e9sultats en 7\u00a0langues universelles diff\u00e9rentes. Cet outil de d\u00e9tection peut surveiller les composants en temps r\u00e9el, contr\u00f4ler tous les moniteurs d\u2019\u00e9mission, et ex\u00e9cuter des fonctions telles que le test de smog en appuyant sans encombre sur un bouton. Vous pouvez \u00e9galement suivre facilement les enregistrements pr\u00e9c\u00e9dents d\u2019un v\u00e9hicule et consulter d\u2019autres experts sur la situation du capteur gr\u00e2ce au syst\u00e8me de support de donn\u00e9es multilingue.<\/p>\n","protected":false},"featured_media":745,"comment_status":"open","ping_status":"closed","template":"","meta":{"_seopress_robots_primary_cat":"none","_seopress_titles_title":"Valise de diagnostic automobile LAUNCH Creader CR529 OBD2","_seopress_titles_desc":"Le Launch CR529 OBD2 est un outil de diagnostic rapide et facile \u00e0 utiliser pour scanner et effacer vos codes DTC en toute simplicit\u00e9.","_seopress_robots_index":""},"product_brand":[],"product_cat":[30],"product_tag":[],"class_list":{"0":"post-555","1":"product","2":"type-product","3":"status-publish","4":"has-post-thumbnail","6":"product_cat-valise-de-diagnostic-obd","8":"first","9":"instock","10":"featured","11":"shipping-taxable","12":"purchasable","13":"product-type-simple"},"_links":{"self":[{"href":"https:\/\/auto-diagnostic-obd.com\/fr\/wp-json\/wp\/v2\/product\/555","targetHints":{"allow":["GET"]}}],"collection":[{"href":"https:\/\/auto-diagnostic-obd.com\/fr\/wp-json\/wp\/v2\/product"}],"about":[{"href":"https:\/\/auto-diagnostic-obd.com\/fr\/wp-json\/wp\/v2\/types\/product"}],"replies":[{"embeddable":true,"href":"https:\/\/auto-diagnostic-obd.com\/fr\/wp-json\/wp\/v2\/comments?post=555"}],"wp:featuredmedia":[{"embeddable":true,"href":"https:\/\/auto-diagnostic-obd.com\/fr\/wp-json\/wp\/v2\/media\/745"}],"wp:attachment":[{"href":"https:\/\/auto-diagnostic-obd.com\/fr\/wp-json\/wp\/v2\/media?parent=555"}],"wp:term":[{"taxonomy":"product_brand","embeddable":true,"href":"https:\/\/auto-diagnostic-obd.com\/fr\/wp-json\/wp\/v2\/product_brand?post=555"},{"taxonomy":"product_cat","embeddable":true,"href":"https:\/\/auto-diagnostic-obd.com\/fr\/wp-json\/wp\/v2\/product_cat?post=555"},{"taxonomy":"product_tag","embeddable":true,"href":"https:\/\/auto-diagnostic-obd.com\/fr\/wp-json\/wp\/v2\/product_tag?post=555"}],"curies":[{"name":"wp","href":"https:\/\/api.w.org\/{rel}","templated":true}]}}