{"id":558,"date":"2023-05-11T18:09:35","date_gmt":"2023-05-11T16:09:35","guid":{"rendered":"https:\/\/auto-diagnostic-obd.com\/?post_type=product&#038;p=558"},"modified":"2025-12-01T13:29:46","modified_gmt":"2025-12-01T12:29:46","slug":"interface-de-diagnostic-obd2-elm327-v1-5-wifi-4mhz-bluetooth-bt3-0","status":"publish","type":"product","link":"https:\/\/auto-diagnostic-obd.com\/fr\/produit\/interface-de-diagnostic-obd2-elm327-v1-5-wifi-4mhz-bluetooth-bt3-0\/","title":{"rendered":"Interface de diagnostic automobile\u00a0OBD2 ELM327 Bluetooth\u00a0BT3.0 \/ WIFI 4\u00a0Mhz V1.5 [Lire et effacer les codes, Scanner OBD, Compatible IOS \/ Android]"},"content":{"rendered":"<p>L\u2019interface de diagnostic auto ELM327 Bluetooth BT3.0\/WIFI 4 Mhz V1.5 est un outil indispensable pour les passionn\u00e9s d\u2019automobiles autodidactes qui cherchent \u00e0 d\u00e9terminer les soucis de leur v\u00e9hicule avec efficacit\u00e9 et simplicit\u00e9. Gr\u00e2ce aux fonctionnalit\u00e9s Bluetooth 3.0 ou WIFI 4 Mhz, il est facile de connecter cette interface \u00e0 votre smartphone Android ou iOS, ou \u00e0 votre ordinateur sous Windows, afin d\u2019acc\u00e9der \u00e0 des donn\u00e9es en temps r\u00e9el sur la performance de votre v\u00e9hicule.<\/p>\n<p>Cette interface OBD Bluetooth vous permet d\u2019identifier les codes de probl\u00e8mes DTC g\u00e9n\u00e9riques et sp\u00e9cifiques au fabricant ainsi que leurs significations gr\u00e2ce \u00e0 une base de donn\u00e9es contenant plus de 3000 d\u00e9finitions de codes g\u00e9n\u00e9riques. De plus, vous pouvez parall\u00e8lement effacer les codes de panne et \u00e9teindre le MIL (voyant \u00ab\u2009v\u00e9rifier le moteur\u2009\u00bb) en un seul clic.<\/p>\n<p>L\u2019outil ELM327 V1.5 offre \u00e9galement la possibilit\u00e9 d\u2019ajuster le nombre maximal de r\u00e9ponses obtenues, supprimer les d\u00e9lais de r\u00e9ponses ECU pour accro\u00eetre la rapidit\u00e9 des transmissions. Avec une fonction personnalisable pour d\u00e9finir le masque canette et filtrer les donn\u00e9es d\u00e9sir\u00e9es, elle est id\u00e9ale pour ceux qui veulent am\u00e9liorer leurs connaissances sur le fonctionnement du v\u00e9hicule avec une vivacit\u00e9 exceptionnel.<\/p>\n<p>En somme, cette interface\u00a0ELM327 OBD2 Bluetooth\u00a0BT3.0\/WIFI 4\u00a0Mhz\u00a0V1.5 est un choix judicieux pour tous ceux qui souhaitent effectuer des diagnostics\u00a0simplement et efficacement. Sa facilit\u00e9 d\u2019utilisation associ\u00e9e \u00e0 sa connectivit\u00e9 avec les appareils Android, iOS et Windows en font la solution parfaite pour diagnostiquer votre voiture avec praticit\u00e9 et fiabilit\u00e9.<\/p>\n<h2><\/h2>\n<h2>Les fonctions de lecteur et d\u2019effacement cl\u00e9s de cet interface de diagnostic ELM\u00a0327\u00a0OBD2 auto incluent\u00a0:<\/h2>\n<ul>\n<li>La lecture des r\u00e9gimes moteur pour vous donner une compr\u00e9hension en temps r\u00e9el de la performance du moteur<\/li>\n<li>La valeur calcul\u00e9e de charge pour vous permettre de mieux comprendre comment le moteur utilise l\u2019air et le carburant<\/li>\n<li>La temp\u00e9rature du liquide de refroidissement pour vous permettre de surveiller la temp\u00e9rature de votre moteur<\/li>\n<li>L\u2019\u00e9tat du syst\u00e8me de carburant pour vous permettre de savoir comment votre moteur utilise le carburant<\/li>\n<li>La vitesse du v\u00e9hicule pour vous permettre de suivre les performances de conduite en temps r\u00e9el<\/li>\n<li>La r\u00e9duction \u00e0 court terme du carburant pour vous donner une id\u00e9e de l\u2019utilisation du carburant en temps r\u00e9el<\/li>\n<li>La consommation de carburant \u00e0 long terme pour vous permettre de surveiller l\u2019utilisation de carburant sur une p\u00e9riode plus longue<\/li>\n<li>La pression du collecteur d\u2019admission pour vous permettre de suivre la performance de votre moteur<\/li>\n<li>L\u2019avance de synchronisation pour vous permettre de savoir comment le moteur utilise l\u2019air et le carburant<\/li>\n<li>La temp\u00e9rature de l\u2019air d\u2019admission pour vous permettre de suivre les performances de conduite en temps r\u00e9el<\/li>\n<li>Le d\u00e9bit d\u2019air pour vous permettre de suivre la performance de votre moteur<\/li>\n<li>La position absolue de commande pour vous permettre de suivre la performance de votre moteur<\/li>\n<li>Les tensions de sonde de l\u2019oxyg\u00e8ne pour vous permettre de suivre la performance de votre moteur<\/li>\n<li>Les garnitures de carburant \u00e0 court terme connexes pour vous permettre de suivre la performance de votre moteur<\/li>\n<li>L\u2019\u00e9tat du syst\u00e8me de carburant pour vous permettre de savoir comment votre moteur utilise le carburant<\/li>\n<li>La pression du carburant pour vous permettre de suivre la performance de votre moteur.<\/li>\n<li>Et pleins d\u2019autres \u2026..<\/li>\n<\/ul>\n<h2><\/h2>\n<h2>Caract\u00e9ristiques techniques du scanner OBD sans fil\u00a0:<\/h2>\n<p>Notre ELM327 est dot\u00e9 de la version du firmware\u00a0V1.5 pour un fonctionnement optimal. Il est \u00e9quip\u00e9 d\u2019une puce\u00a0PIC18F25K80 de derni\u00e8re g\u00e9n\u00e9ration qui assure une compatibilit\u00e9 totale avec toutes les fonctions\u00a0ELM327. Obtenez des performances fiables et une connectivit\u00e9 optimale pour une exp\u00e9rience de diagnostic\u00a0de qualit\u00e9 sup\u00e9rieure.<\/p>\n<ul>\n<li>Bluetooth\u00a03.0<\/li>\n<li>SSID\u00a0: WiFiOBD, une connexion Wifi ultra fiable<\/li>\n<li>Adresse IP\u00a0: 192.168.0.10, un acc\u00e8s en toute simplicit\u00e9<\/li>\n<li>Sous-r\u00e9seau\u00a0: 255.255.255.0, pour une couverture maximale<\/li>\n<li>Port\u00a0: 35\u2009000, pour une stabilit\u00e9 de connexion sans faille<\/li>\n<li>Gamme\u00a0: 50\u00a0pieds de distance de transmission, une port\u00e9e impressionnante<\/li>\n<li>Antenne\u00a0: Interne, pour une performance optimale<\/li>\n<li>Consommation \u00e9lectrique\u00a0: 0,75\u00a0Watts, une consommation minimale<\/li>\n<li>Norme Wifi\u00a0: 802,11 a\/b\/g, compatible avec les standards les plus r\u00e9cents<\/li>\n<li>Temp\u00e9rature de fonctionnement\u00a0: -15 \u00e0 100\u00a0degr\u00e9s Celsius, une performance fiable dans des conditions extr\u00eames.<\/li>\n<\/ul>\n<h2><\/h2>\n<h2>Compatibilit\u00e9 des v\u00e9hicules\u00a0:<\/h2>\n<p>Notre interface de diagnostic\u00a0ELM327 est compatible uniquement avec les v\u00e9hicules essence et diesel 12\u00a0V. Elle offre une v\u00e9rification pr\u00e9alable pour s\u2019assurer que votre voiture est prise en charge. Consultez notre liste des mod\u00e8les de voitures compatibles pour vous assurer que votre v\u00e9hicule est compatible\u00a0: les voitures am\u00e9ricaines apr\u00e8s 1998, les voitures europ\u00e9ennes apr\u00e8s 2000, les voitures asiatiques apr\u00e8s 2002 (Japon, Cor\u00e9e, Chine, etc.) et les voitures russes apr\u00e8s 2012 (VAZ\/UAZ\/GAZ). Cela permettra aux utilisateurs d\u2019acc\u00e9der \u00e0 des informations importantes sur le fonctionnement de leur v\u00e9hicule.<\/p>\n<h2><\/h2>\n<h2>Notre interface de diagnostic\u00a0ELM327 prend en charge sur la prise\u00a0OBD2 les protocoles suivants\u00a0 :<\/h2>\n<ul>\n<li>SAE J1850 PWM (41.6 Kbaud)<\/li>\n<li>SAE J1850 VPW (10.4 Kbaud)<\/li>\n<li>ISO9141-2 (5 bauds init, 10.4 Kbaud)<\/li>\n<li>ISO14230-4 KWP (5 bauds init, 10.4 Kbaud)<\/li>\n<li>ISO14230-4 KWP (entr\u00e9e rapide, 10,4\u00a0Kbaud)<\/li>\n<li>ISO15765-4 (ID 11\u00a0bit, 500 Kbaud)<\/li>\n<li>ISO15765-4 (ID 29\u00a0bit, 500 Kbaud)<\/li>\n<li>ISO15765-4 (ID 11\u00a0bit, 250 Kbaud)<\/li>\n<li>ISO15765-4 (ID 29\u00a0bit, 250 Kbaud) A. SAE\u00a0J1939 (ID 29\u00a0bit, 250 * Kbaud) B.\u00a0USER1 (11 * bit ID, 125 * Kbaud) C.\u00a0USER2 (11 * bit ID, 50 * kbaud)<\/li>\n<li>Les param\u00e8tres par d\u00e9faut peuvent \u00eatre ajust\u00e9s par l\u2019utilisateur.*<\/li>\n<\/ul>\n<h2><\/h2>\n<h2>Syst\u00e8mes et logiciels pris en charge\u00a0:<\/h2>\n<ul>\n<li>\n<h3>Version Wi-Fi\u00a0:<\/h3>\n<ul>\n<li>Pour iOS\u00a0: des applications telles que Auto Doctor, OBD Car Doctor, DashCommand, EOBD, etc. sont prises en charge.<\/li>\n<li>Pour Android\u00a0: des applications telles que Couple, Mini OBDII, Auto Doctor, OBD Car Doctor, DashCommand, EOBD, etc. sont prises en charge.<\/li>\n<li>Pour Symbian\u00a0: OBDScope est pris en charge.<\/li>\n<li>Pour Windows\u00a0: des logiciels tels que Scanmaster-ELM, Scantool.net, PCMSCAN, etc. sont pris en charge.<\/li>\n<\/ul>\n<\/li>\n<li>\n<h3>Version Bluetooth\u00a0:<\/h3>\n<ul>\n<li>Pour iOS\u00a0: non prise en charge.<\/li>\n<li>Pour Android\u00a0: des applications telles que Couple, Mini OBDII, Auto Doctor, OBD Car Doctor, DashCommand, EOBD, etc. sont prises en charge.<\/li>\n<li>Pour Symbian\u00a0: OBDScope est pris en charge.<\/li>\n<li>Pour Windows\u00a0: des logiciels tels que Scanmaster-ELM, Scantool.net, PCMSCAN, etc. sont pris en charge.<\/li>\n<\/ul>\n<\/li>\n<\/ul>\n<h3>Contenu du colis de l\u2019interface de diagnostic automobile\u00a0OBD2 ELM327 Bluetooth\u00a0BT3.0\/WIFI 4\u00a0Mhz\u00a0V1.5<\/h3>\n<ol>\n<li>Une interface de diagnostic<\/li>\n<li>Un manuel d\u2019utilisation<\/li>\n<\/ol>\n","protected":false},"excerpt":{"rendered":"<p>L\u2019interface ELM327 est un excellent choix pour les passionn\u00e9s d\u2019automobiles qui veulent diagnostiquer leur v\u00e9hicule de mani\u00e8re simple et efficace. Gr\u00e2ce \u00e0 ses fonctionnalit\u00e9s Bluetooth 3.0 ou WIFI 4 Mhz, elle se connecte facilement \u00e0 votre smartphone Android ou iOS, ou \u00e0 votre ordinateur pour acc\u00e9der en temps r\u00e9el aux donn\u00e9es sur la performance de votre voiture. Avec plus de 3000 d\u00e9finitions de codes g\u00e9n\u00e9riques et la possibilit\u00e9 de personnaliser les fonctions pour filtrer les donn\u00e9es souhait\u00e9es, l\u2019interface ELM327 est parfaite pour ceux qui souhaitent des informations pr\u00e9cises sur l\u2019activit\u00e9 de leur v\u00e9hicule.<\/p>\n","protected":false},"featured_media":736,"comment_status":"open","ping_status":"closed","template":"","meta":{"_seopress_robots_primary_cat":"none","_seopress_titles_title":"Interface diagnostic ELM327 Bluetooth 3.0 \/ WIFI 4Mhz V1.5 OBD2","_seopress_titles_desc":"ELM327 Bluetooth \/ WIFI: la solution compl\u00e8te pour le diagnostic de votre v\u00e9hicule. Effacez les codes d\u00e9fauts et les voyants moteur en toute simplicit\u00e9.","_seopress_robots_index":""},"product_brand":[],"product_cat":[23,24],"product_tag":[],"class_list":{"0":"post-558","1":"product","2":"type-product","3":"status-publish","4":"has-post-thumbnail","6":"product_cat-interface-de-diagnostic-obd","7":"product_cat-interface-elm327","9":"first","10":"instock","11":"shipping-taxable","12":"purchasable","13":"product-type-variable"},"_links":{"self":[{"href":"https:\/\/auto-diagnostic-obd.com\/fr\/wp-json\/wp\/v2\/product\/558","targetHints":{"allow":["GET"]}}],"collection":[{"href":"https:\/\/auto-diagnostic-obd.com\/fr\/wp-json\/wp\/v2\/product"}],"about":[{"href":"https:\/\/auto-diagnostic-obd.com\/fr\/wp-json\/wp\/v2\/types\/product"}],"replies":[{"embeddable":true,"href":"https:\/\/auto-diagnostic-obd.com\/fr\/wp-json\/wp\/v2\/comments?post=558"}],"wp:featuredmedia":[{"embeddable":true,"href":"https:\/\/auto-diagnostic-obd.com\/fr\/wp-json\/wp\/v2\/media\/736"}],"wp:attachment":[{"href":"https:\/\/auto-diagnostic-obd.com\/fr\/wp-json\/wp\/v2\/media?parent=558"}],"wp:term":[{"taxonomy":"product_brand","embeddable":true,"href":"https:\/\/auto-diagnostic-obd.com\/fr\/wp-json\/wp\/v2\/product_brand?post=558"},{"taxonomy":"product_cat","embeddable":true,"href":"https:\/\/auto-diagnostic-obd.com\/fr\/wp-json\/wp\/v2\/product_cat?post=558"},{"taxonomy":"product_tag","embeddable":true,"href":"https:\/\/auto-diagnostic-obd.com\/fr\/wp-json\/wp\/v2\/product_tag?post=558"}],"curies":[{"name":"wp","href":"https:\/\/api.w.org\/{rel}","templated":true}]}}