{"id":577,"date":"2023-05-11T18:17:42","date_gmt":"2023-05-11T16:17:42","guid":{"rendered":"https:\/\/auto-diagnostic-obd.com\/?post_type=product&#038;p=577"},"modified":"2025-11-05T00:48:41","modified_gmt":"2025-11-04T23:48:41","slug":"interface-diagnostic-automobile-elm327-wifi-bluetooth-obd2-v1-5","status":"publish","type":"product","link":"https:\/\/auto-diagnostic-obd.com\/fr\/produit\/interface-diagnostic-automobile-elm327-wifi-bluetooth-obd2-v1-5\/","title":{"rendered":"Interface diagnostic automobile ELM327 WIFI \/ Bluetooth BT2.0 OBD2 V1.5 multimarque [Lire et effacer les codes, Scanner OBD, Compatible IOS \/ Android]"},"content":{"rendered":"<h2>Fini les diagnostics couteux chez le garagiste avec notre interface de diagnostic ELM327 WIFI\/Bluetooth OBD2<\/h2>\n<p>Le diagnostic des voitures peut \u00eatre un d\u00e9fi complexe et co\u00fbteux. Dans le pass\u00e9, vous deviez emmener votre v\u00e9hicule chez un m\u00e9canicien pour un diagnostic, ce qui entra\u00eenait des frais \u00e9lev\u00e9s et un processus long et laborieux. Heureusement, les progr\u00e8s technologiques ont permis de simplifier ce processus. Notre interface de diagnostic auto\u00a0ELM327 OBDII\u00a0V1.5 WIFI\/Bluetooth est un outil de diagnostic qui peut lire et interpr\u00e9ter les d\u00e9fauts de la voiture, ce qui facilite grandement l\u2019identification et la r\u00e9solution des difficult\u00e9s. Avec cet outil, vous pouvez gagner du temps et de l\u2019argent, et b\u00e9n\u00e9ficier d\u2019une fiabilit\u00e9 des r\u00e9sultats in\u00e9gal\u00e9e. L\u2019ELM327 est le moyen le plus efficace et le plus rentable de diagnostiquer les probl\u00e8mes d\u2019automobile.<\/p>\n<h2>D\u00e9couvrez le nouvel outil de diagnostic OBD\u00a0ELM327 Bluetooth \/ WIFI\u00a02023 compatibles avec presque tous les v\u00e9hicules<\/h2>\n<p>Voyez un monde o\u00f9 la technologie et votre voiture peuvent s\u2019entendre sans effort \u2014 un Univers o\u00f9 vous pouvez diagnostiquer tout probl\u00e8me avec votre v\u00e9hicule en un rien de temps. Pr\u00e9sentant le lecteur de code OBD pour iPhone (Wifi Uniquement), Android (BT et WIFI) et PC, c\u2019est l\u2019ultime invention en mati\u00e8re de diagnostic automobile. Avec cet appareil, vous pouvez \u00e9tablir une connexion avec la plupart des v\u00e9hicules \u00e0 l\u2019aide de WIFI ou BT. Fini les devinettes pour le d\u00e9pannage automobile avec cette technologie de pointe. Bienvenue dans une nouvelle \u00e8re de commodit\u00e9 avec le lecteur de code OBD.<\/p>\n<h2>Voici les donn\u00e9es pouvant \u00eatre interpr\u00e9t\u00e9es par le lecteur\u00a0OBD2\u00a0:<\/h2>\n<p>Ce lecteur de codes de diagnostic auto vous offre une solution pratique et efficace pour d\u00e9tecter et r\u00e9parer les d\u00e9fauts qui pourraient affecter les performances de votre moteur. Connectez-le \u00e0 votre application mobile via la prise OBDII et b\u00e9n\u00e9ficiez d\u2019une description d\u00e9taill\u00e9e des erreurs relev\u00e9es. Sa base d\u2019informations comprend plus de 3000\u00a0codes correspondants \u00e0 des d\u00e9fauts sp\u00e9cifiques \u00e0 chaque marque et mod\u00e8le de v\u00e9hicule. Une fois le code d\u2019erreur identifi\u00e9, vous aurez acc\u00e8s \u00e0 une description compl\u00e8te de la d\u00e9faillance et \u00e0 des informations suppl\u00e9mentaires sur le type d\u2019intervention n\u00e9cessaire pour la corriger. Avec ce lecteur, vous b\u00e9n\u00e9ficierez d\u2019une solution pratique et fiable pour diagnostiquer et r\u00e9parer les difficult\u00e9s rencontr\u00e9es.<\/p>\n<p>Les applications Android\/iOS offrent un moyen utile et pr\u00e9cis d\u2019acc\u00e9der aux codes de d\u00e9fauts d\u2019un v\u00e9hicule via le diagnostic OBD. Une fois le probl\u00e8me identifi\u00e9, le tableau de bord peut \u00eatre r\u00e9initialis\u00e9 en \u00e9radiquant les codes. Par cons\u00e9quent, le mode d\u2019usage normal peut \u00eatre r\u00e9tabli et toutes les fonctionnalit\u00e9s du v\u00e9hicule sont alors accessibles. Avec une interface conviviale et intuitive, l\u2019utilisateur peut facilement acc\u00e9der \u00e0 tous les outils n\u00e9cessaires et \u00e0 la suppression des codes.<\/p>\n<p>L\u2019interface OBD\u00a0ELM327 permet une multitude d\u2019opportunit\u00e9s pour obtenir des donn\u00e9es pr\u00e9cises sur votre v\u00e9hicule. Par exemple, vous pouvez conna\u00eetre la temp\u00e9rature du liquide de refroidissement, la temp\u00e9rature d\u2019huile, le r\u00e9gime moteur, la vitesse et la temp\u00e9rature ext\u00e9rieure, ainsi que des informations suppl\u00e9mentaires sur le d\u00e9bit et la pression carburant. Gr\u00e2ce \u00e0 cet outil remarquable, vous n\u2019aurez plus \u00e0 vous inqui\u00e9ter\u00a0: vos donn\u00e9es sont \u00e0 port\u00e9e de main\u2009! Avec cet outil, vous pouvez garder un \u0153il sur votre v\u00e9hicule et le maintenir en bon \u00e9tat.<\/p>\n<p><strong>Inadapt\u00e9 pour d\u00e9sactiver les voyants d\u2019avertissement des Airbag, ABS\/ESP et SRS FAP.<\/strong><\/p>\n<p><strong>L\u2019outil n\u2019est pas compatible pour r\u00e9initialiser les voyants d\u2019avertissement li\u00e9s \u00e0 la vidange, l\u2019entretien ou le service (qui ne sont pas consid\u00e9r\u00e9s comme des d\u00e9fauts moteurs) et il n\u2019est pas non plus utilisable sur les v\u00e9hicules \u00e9lectriques.<\/strong><\/p>\n<p>En r\u00e9ponse aux commentaires de nos clients, nous vous invitons \u00e0 t\u00e9l\u00e9charger et \u00e0 utiliser CAR SCANNER (disponible sur iOS et Android)\u2009! Ce logiciel est enti\u00e8rement gratuit et peut d\u00e9j\u00e0 \u00e9liminer les d\u00e9fauts, sans m\u00eame avoir \u00e0 le mettre \u00e0 niveau\u2009!<\/p>\n<h3>Voici une liste d\u2019applications compatibles avec notre outil de diagnostic du syst\u00e8me moteur OBD-II\u00a0:<\/h3>\n<ul>\n<li>CAR SCANNER et In Car Doc (M\u00eame la version gratuite fournit des possibilit\u00e9s pour \u00e9liminer les d\u00e9fauts)<\/li>\n<li>OBD Mary<\/li>\n<li>EOBD Facile<\/li>\n<li>Torque Lite et Pro<\/li>\n<li>OBD Auto Doctor<\/li>\n<li>Choisissez celui avec lequel vous \u00eates le plus \u00e0 l\u2019aise parmi beaucoup d\u2019autres pour votre smartphone, iPad et Windows\u2009!<\/li>\n<\/ul>\n<h2>Rem\u00e9diez aux pannes en moins de 5\u00a0minutes en utilisant la technologie\u00a0ELM327 OBD2.<\/h2>\n<p>L\u2019OBDII est la cl\u00e9 pour \u00e9liminer aussit\u00f4t les voyants moteur et d\u00e9fauts identifi\u00e9s. Avec ses multiples options de diagnostic, vous pouvez sans encombre vous connecter \u00e0 votre t\u00e9l\u00e9phone via WIFI ou BT pour obtenir des donn\u00e9es sur le v\u00e9hicule et d\u00e9terminer la source du probl\u00e8me. Une fois que le probl\u00e8me est identifi\u00e9, vous pouvez le r\u00e9soudre rapidement et r\u00e9initialiser le moteur ou corriger des erreurs de capteurs et actionneurs. Vous pouvez de m\u00eame utiliser ces informations pour mieux entretenir votre v\u00e9hicule et \u00e9viter de futures difficult\u00e9s.<\/p>\n<p>Bien que les lumi\u00e8res puissent s\u2019allumer avec peu d\u2019avertissements et peuvent \u00eatre pr\u00e9occupantes, il est important de se rappeler qu\u2019elles pointent souvent vers un probl\u00e8me plus profond. Il est essentiel de prendre le temps d\u2019\u00e9valuer le probl\u00e8me et de l\u2019aborder correctement pour pr\u00e9venir les obstacles \u00e0 venir. Une bonne fa\u00e7on de proc\u00e9der est de maintenir votre v\u00e9hicule en bon \u00e9tat de fonctionnement et d\u2019investir dans un plan d\u2019entretien plus complet pour vous assurer que tout probl\u00e8me rencontr\u00e9 peut \u00eatre rapidement r\u00e9solu. En \u00e9tant proactif, vous pouvez garantir une conduite s\u00fbre et fiable pour les ann\u00e9es \u00e0 venir.<\/p>\n<h2>Comment fonctionne-t-il\u2009?<\/h2>\n<ul>\n<li>T\u00e9l\u00e9chargez une application OBD-II comme CAR Scanner pour commencer.<\/li>\n<li>Branchez votre valise OBDII \u00e0 votre voiture et tournez la cl\u00e9 de contact.<\/li>\n<li>Activez le Wifi ou BT sur votre t\u00e9l\u00e9phone et raccordez-vous au r\u00e9seau WIFI_OBDII.<\/li>\n<li>Une fois l\u2019application lanc\u00e9e, vous \u00eates invit\u00e9 \u00e0 entrer vos informations d\u2019identification pour vous raccorder \u00e0 votre v\u00e9hicule. Apr\u00e8s avoir saisi les donn\u00e9es requises et cliqu\u00e9 sur le bouton \u00ab\u2009Connectez-vous\u2009\u00bb, l\u2019application se connecte \u00e0 votre v\u00e9hicule et vous offre une interface utilisateur \u00e9l\u00e9gante et intuitive. Une fois branch\u00e9, vous pouvez naviguer \u00e0 travers un \u00e9ventail de fonctionnalit\u00e9s et d\u2019options, tous con\u00e7ues pour vous proposer une exp\u00e9rience de conduite unique et personnalis\u00e9e.<\/li>\n<li>Avec l\u2019arriv\u00e9e des technologies modernes, l\u2019acc\u00e8s \u00e0 l\u2019unit\u00e9 de commande \u00e9lectronique (ECU) du moteur est plus facile que jamais. Les calculateurs sont programm\u00e9s pour contr\u00f4ler une vari\u00e9t\u00e9 de syst\u00e8mes et de composants du moteur, dont l\u2019injection de carburant, l\u2019avance d\u2019\u00e9tincelle et d\u2019autres fonctionnalit\u00e9s. Gr\u00e2ce \u00e0 cet acc\u00e8s, vous pouvez surveiller en temps r\u00e9el et traiter les donn\u00e9es de <strong style=\"background-color: var(--green-100); color: #353740;\">performance <\/strong>de votre moteur. Cela vous permet de d\u00e9tecter rapidement les probl\u00e8mes et de prendre des mesures correctives avant qu\u2019ils ne s\u2019aggravent. Avec ces informations \u00e0 votre disposition, vous pouvez assurer le bon exercice de votre moteur et optimiser ses performances.<\/li>\n<\/ul>\n<h2>Description technique d\u00e9taill\u00e9e de l\u2019interface ELM 327\u00a0Wifi\/BT2.0\u00a0:<\/h2>\n<ul>\n<li>Dimensions du produit (L x l x h)\u00a0: \u200e7.5\u00a0x\u00a02.4 x 4\u00a0cm<\/li>\n<li>Tension de travail\u00a0: 9V ~\u00a016V<\/li>\n<li>Courant de travail\u00a0: 65\u00a0mA<\/li>\n<li>Courant de veille\u00a0: 45\u00a0mA<\/li>\n<li>Temp\u00e9rature de fonctionnement\u00a0: -40 ~ 82\u00b0 Celcuis<\/li>\n<li>Humidit\u00e9 de travail\u00a0: moins de 60\u00a0%<\/li>\n<li>Poids\u00a0: 50\u00a0grammes<\/li>\n<li>Protocoles compatibles\u00a0:<\/li>\n<li>SAE J1850 PWM (41,6 kbaud)<\/li>\n<li>SAE J1850 VPW (10,4 kbaud)<\/li>\n<li>ISO9141-2 (5 bauds init, 10,4 kbaud)<\/li>\n<li>ISO14230-4 KWP (5 bauds init, 10,4 kbaud)<\/li>\n<li>ISO14230-4 KWP (Fast init, 10,4 kbaud)<\/li>\n<li>ISO15765-4 CAN (ID 11 bits, 500 kbaud)<\/li>\n<li>ISO15765-4 CAN (29 bits ID, 500 kbaud)<\/li>\n<li>ISO15765-4 CAN (ID 11 bits, 250 kbaud)<\/li>\n<li>ISO15765-4 CAN (29 bits ID, 250 kbaud)<\/li>\n<li>L\u2019emballage du ELM327 OBDII\u00a0V1.5 WIFi\/BT2.0 contient\u00a0:<\/li>\n<li>Interface OBDII ELM327 WIFI ou Bluetooth<\/li>\n<\/ul>\n","protected":false},"excerpt":{"rendered":"<p>L\u2019outil\u00a0ELM327 OBD2 V1.5 WIFI\/Bluetooth offre une analyse multiusage qui vous aide \u00e0 identifier et \u00e0 r\u00e9soudre avec pr\u00e9cision les probl\u00e8mes de votre v\u00e9hicule. Il se connecte facilement \u00e0 votre t\u00e9l\u00e9phone via des applications mobiles telles que Torque, et vous permet de lire et d\u2019effacer les codes, de v\u00e9rifier l\u2019\u00e9tat du moteur et de diagnostiquer divers dysfonctionnements. Cet outil vous contribue \u00e0 maintenir votre voiture en bonne condition, tout en vous faisant \u00e9conomiser du temps et de l\u2019argent. Avec l\u2019ELM327 OBDII\u00a0V1.5, vous b\u00e9n\u00e9ficiez d\u2019une s\u00e9curit\u00e9 et d\u2019une fiabilit\u00e9 optimales pour une conduite sereine.<\/p>\n","protected":false},"featured_media":719,"comment_status":"open","ping_status":"closed","template":"","meta":{"_seopress_robots_primary_cat":"none","_seopress_titles_title":"Interface diagnostic automobile ELM327 WIFI \/ Bluetooth OBD2","_seopress_titles_desc":"Obtenez l\u2019interface de diagnostic auto ELM327 Wifi \/ Bluetooth OBD2 V1.5 pour votre v\u00e9hicule. Diagnostiquez votre voiture avec facilit\u00e9 et pr\u00e9cision.","_seopress_robots_index":""},"product_brand":[],"product_cat":[23,24],"product_tag":[],"class_list":{"0":"post-577","1":"product","2":"type-product","3":"status-publish","4":"has-post-thumbnail","6":"product_cat-interface-de-diagnostic-obd","7":"product_cat-interface-elm327","9":"first","10":"instock","11":"shipping-taxable","12":"purchasable","13":"product-type-variable"},"_links":{"self":[{"href":"https:\/\/auto-diagnostic-obd.com\/fr\/wp-json\/wp\/v2\/product\/577","targetHints":{"allow":["GET"]}}],"collection":[{"href":"https:\/\/auto-diagnostic-obd.com\/fr\/wp-json\/wp\/v2\/product"}],"about":[{"href":"https:\/\/auto-diagnostic-obd.com\/fr\/wp-json\/wp\/v2\/types\/product"}],"replies":[{"embeddable":true,"href":"https:\/\/auto-diagnostic-obd.com\/fr\/wp-json\/wp\/v2\/comments?post=577"}],"wp:featuredmedia":[{"embeddable":true,"href":"https:\/\/auto-diagnostic-obd.com\/fr\/wp-json\/wp\/v2\/media\/719"}],"wp:attachment":[{"href":"https:\/\/auto-diagnostic-obd.com\/fr\/wp-json\/wp\/v2\/media?parent=577"}],"wp:term":[{"taxonomy":"product_brand","embeddable":true,"href":"https:\/\/auto-diagnostic-obd.com\/fr\/wp-json\/wp\/v2\/product_brand?post=577"},{"taxonomy":"product_cat","embeddable":true,"href":"https:\/\/auto-diagnostic-obd.com\/fr\/wp-json\/wp\/v2\/product_cat?post=577"},{"taxonomy":"product_tag","embeddable":true,"href":"https:\/\/auto-diagnostic-obd.com\/fr\/wp-json\/wp\/v2\/product_tag?post=577"}],"curies":[{"name":"wp","href":"https:\/\/api.w.org\/{rel}","templated":true}]}}