{"id":585,"date":"2023-05-11T18:26:43","date_gmt":"2023-05-11T16:26:43","guid":{"rendered":"https:\/\/auto-diagnostic-obd.com\/?post_type=product&#038;p=585"},"modified":"2024-11-10T07:26:07","modified_gmt":"2024-11-10T06:26:07","slug":"interface-de-diagnostic-thinkdiag-bluetooth-4-2","status":"publish","type":"product","link":"https:\/\/auto-diagnostic-obd.com\/fr\/produit\/interface-de-diagnostic-thinkdiag-bluetooth-4-2\/","title":{"rendered":"Interface de diagnostic automobile\u00a0OBD2 THINKDIAG Multimarque Bluetooth\u00a04.2 [Lire et effacer les codes, Programmation ECU, OBD Scanner]"},"content":{"rendered":"<h2>D\u00e9couvrez l\u2019incroyable syst\u00e8me complet de diagnostic OBD\u00a0toutes marques de chez ThinkCar [1\u00a0ans de mise \u00e0 jour gratuite du logiciel du fabricant]<\/h2>\n<p>L\u2019interface de diagnostic THINKDIAG Bluetooth 4.2 est un syst\u00e8me complet de diagnostic puissant et polyvalent pour les titulaires de voitures et les m\u00e9caniciens. Avec une connectivit\u00e9 Bluetooth facile \u00e0 utiliser, cette interface vous offre un acc\u00e8s int\u00e9gral au syst\u00e8me de votre v\u00e9hicule pour une maintenance optimale. Elle prend en charge 16 types de fonctions de r\u00e9initialisation, ce qui en fait un outil de diagnostic parfait \u00e0 exploiter. Le THINKDIAG OBDII est parfait \u00e0 utiliser pour les propri\u00e9taires individuels pour effectuer l\u2019entretien de leur v\u00e9hicule.<\/p>\n<p>Le THINKDIAG est un appareil qui vous permet de diagnostiquer tous les dispositifs cl\u00e9s de votre voiture et r\u00e9initialiser le syst\u00e8me ECU, y compris le moteur, l\u2019ABS, la SAS, la transmission, le syst\u00e8me de carburant, le dispositif d\u2019\u00e9mission, etc. pour toutes les marques de voitures existantes. D\u2019autre part, il vous propose des fonctions de service couramment employ\u00e9es, telles que la r\u00e9initialisation de la maintenance et la r\u00e9initialisation du syst\u00e8me, le codage de l\u2019injecteur, l\u2019ouverture et la fermeture des freins, l\u2019adaptation de la batterie, la purge ABS, l\u2019ajustement du papillon, le codage TPMS et la r\u00e9g\u00e9n\u00e9ration du FAP\/DPF.<\/p>\n<p>Le THINKDIAG comprend \u00e9galement les 10\u00a0modes de test OBDII exhaustifs, \u00e9quivalents que l\u2019\u00e9tat de pr\u00e9paration I\/M, les donn\u00e9es de flux en direct en format graphique, les tests de capteurs\u00a0O2 et les tests de moniteurs embarqu\u00e9s. De plus, l\u2019appareil vous offre un logiciel de fabricant gratuit avec EOBD, OBDII et un programme de fabricant libre pour une utilisation facile et personnalis\u00e9e, ainsi qu\u2019une mise \u00e0 jour offert d\u2019un an sur le logiciel du fabricant. Vous pouvez r\u00e9guli\u00e8rement employer votre smartphone pour effectuer le diagnostic et le contr\u00f4le de votre v\u00e9hicule.<\/p>\n<p>Le THINKDIAG dispose de m\u00eame de la fonction de contr\u00f4le d\u2019essai d\u2019actionnement, vous permettant de tester les actionneurs pour d\u00e9terminer s\u2019il y a des probl\u00e8mes avec les capteurs et les actionneurs. Cette fonction est disponible pour plusieurs syst\u00e8mes, tels que le moteur, l\u2019angle de direction, le tableau de bord et l\u2019\u00e9mission.<\/p>\n<p>Enfin, le THINKDIAG est tr\u00e8s rentable, avec ses diagnostics int\u00e9graux des syst\u00e8mes, ses fonctions OBD\u00a0II compl\u00e8tes, ses 16\u00a0types de fonctions de service sp\u00e9ciales, son test d\u2019actionnement, sa facilit\u00e9 d\u2019utilisation, sa conception compacte et portable. C\u2019est la meilleure solution possible pour les m\u00e9caniciens particuliers et les propri\u00e9taires de voitures pour effectuer l\u2019entretien de leur v\u00e9hicule. Avec des fonctionnalit\u00e9s professionnelles et compl\u00e8tes \u00e0 une gamme de prix abordables, le THINKDIAG est sans aucun doute le choix id\u00e9al pour votre voiture.<\/p>\n<h2><\/h2>\n<h2>Caract\u00e9ristiques du scanner ThinkDiag aux fonctions\u00a0OBD2\u00a0compl\u00e8tes\u00a0:<\/h2>\n<ul>\n<li>Analyseur de codes de diagnostic : permets de lire les codes d\u2019erreur du v\u00e9hicule et de les effacer \u00e0 l\u2019aide du port OBD.<\/li>\n<li>Fonction de contr\u00f4le des modules de v\u00e9hicules : octroie de v\u00e9rifier les fonctions des diff\u00e9rents modules du v\u00e9hicule (par exemple, l\u2019unit\u00e9 de contr\u00f4le moteur, le module de frein, etc.).<\/li>\n<li>Adaptation de la programmation : permets de personnaliser les param\u00e8tres du v\u00e9hicule pour am\u00e9liorer les performances ou corriger des erreurs.<\/li>\n<li>Mises \u00e0 jour en ligne : le logiciel peut \u00eatre mis \u00e0 jour en ligne pour une utilisation toujours \u00e0 jour.<\/li>\n<li>Prise en charge de plusieurs marques et mod\u00e8les de v\u00e9hicules : compatible avec une large gamme de marques et de types de v\u00e9hicules.<\/li>\n<li>\u00c9cran tactile de haute qualit\u00e9 : interface utilisateur facile \u00e0 utiliser avec un \u00e9cran tactile de haute qualit\u00e9 pour une meilleure exp\u00e9rience utilisateur.<\/li>\n<li>Petit et portable\u00a0: facile \u00e0 transporter avec son design compact.<\/li>\n<\/ul>\n<p>ThinkDiag est un appareil de diagnostic automobile transportable et simple \u00e0 employer qui peut aider les propri\u00e9taires de voitures et les m\u00e9caniciens \u00e0 identifier les probl\u00e8mes de leur v\u00e9hicule et \u00e0 effectuer des r\u00e9parations plus rapidement et plus efficacement.<\/p>\n<h2><\/h2>\n<h2>Compatible avec 95\u00a0% des v\u00e9hicules<\/h2>\n<p>Le lecteur de code\u00a0OBD\u00a0Thinkdiag prend en charge 95\u00a0% des voitures dans le monde. Il est compatible avec les protocoles OBDII suivants\u00a0:<\/p>\n<ul>\n<li>ISO 14230-4 (KWP2000)<\/li>\n<li>ISO 15765-4 (CAN)<\/li>\n<li>ISO 9141-2 (iso)<\/li>\n<li>ISO 14229 (uds)<\/li>\n<li>SAE J1850 (VPW et PWM)<\/li>\n<li>Protocoles originaux des constructeurs<\/li>\n<\/ul>\n<p>Pour les fonctions avanc\u00e9es telles que les tests actifs, les diagnostics du syst\u00e8me et la maintenance, Thinkdiag OBD2 couvre 95 % des mod\u00e8les de voitures disponibles sur le march\u00e9, notamment :<\/p>\n<ul>\n<li>Asie\u00a0:\n<ul>\n<li>Daewoo<\/li>\n<li>Honda<\/li>\n<li>Isuzu<\/li>\n<li>Kia<\/li>\n<li>Mazda<\/li>\n<li>Mitsubishi<\/li>\n<li>Nissan<\/li>\n<li>Sangyong<\/li>\n<li>Subaru<\/li>\n<li>Suzuki<\/li>\n<li>Toyota<\/li>\n<li>Hyundai<\/li>\n<\/ul>\n<\/li>\n<li>Europe\u00a0:\n<ul>\n<li>Aston Martin<\/li>\n<li>Audi<\/li>\n<li>BMW<\/li>\n<li>Citroen<\/li>\n<li>Ferrari<\/li>\n<li>Fiat<\/li>\n<li>Land Rover<\/li>\n<li>Maserati<\/li>\n<li>Opel<\/li>\n<li>Peugeot<\/li>\n<li>Porsche<\/li>\n<li>Renault<\/li>\n<li>Saab<\/li>\n<li>Seat<\/li>\n<li>Skoda<\/li>\n<li>Smart<\/li>\n<li>Mercedes-Benz Sprinter<\/li>\n<li>Volvo<\/li>\n<li>Volkswagen<\/li>\n<\/ul>\n<\/li>\n<li>Am\u00e9rique\u00a0:\n<ul>\n<li>Chrysler<\/li>\n<li>Ford<\/li>\n<li>General Motors<\/li>\n<\/ul>\n<\/li>\n<\/ul>\n<p>Cette liste sera mise \u00e0 jour r\u00e9guli\u00e8rement.<\/p>\n<h2><\/h2>\n<h2>Application ThinkDiag<\/h2>\n<p>L\u2019application ThinkDiag est une application officielle d\u00e9velopp\u00e9e par la soci\u00e9t\u00e9 THINKCAR pour fournir un diagnostic automatique professionnel. Elle est disponible gratuitement pour t\u00e9l\u00e9chargement \u00e0 partir des sites web suivants\u00a0:<\/p>\n<ul>\n<li>\n<h3>T\u00e9l\u00e9chargement pour Android\u00a0: <a href=\"http:\/\/apkdown.mythinkcar.cn\/apk\/index.php?mod=down&amp;code=index&amp;pid=12&amp;id=188\">http:\/\/apkdown.mythinkcar.cn\/apk\/index.php?mod=down&amp;code=index&amp;pid=12&amp;id=188<\/a><\/h3>\n<\/li>\n<li>\n<h3>T\u00e9l\u00e9chargement pour IOS\u00a0: disponible sur l\u2019App Store<\/h3>\n<\/li>\n<\/ul>\n<p>La liste compl\u00e8te des voitures prises en charge par ThinkDiag est disponible sur le site web de THINKCAR\u00a0: <a href=\"https:\/\/www.mythinkcar.com\/coverage\/checklist\">https:\/\/www.mythinkcar.com\/coverage\/checklist<\/a>. Il est important de v\u00e9rifier que votre v\u00e9hicule est compatible avec l\u2019application avant de la t\u00e9l\u00e9charger.<\/p>\n<h3><\/h3>\n<h3>D\u00e9tails techniques de l\u2019interface de diagnostic<\/h3>\n<ul>\n<li>Mod\u00e8le : ThinkDIAG<\/li>\n<li>Tension de fonctionnement : 9 \u00e0 18 V<\/li>\n<li>Courant de fonctionnement : \u2264 130 mA<\/li>\n<li>Temp\u00e9rature de fonctionnement : -10 \u00b0C \u00e0 50 \u00b0C (14 \u00b0F \u00e0 122 \u00b0F)<\/li>\n<li>Temp\u00e9rature de stockage : -20 \u00b0C \u00e0 60 \u00b0C (-4 \u00b0F \u00e0 140 \u00b0F)<\/li>\n<li>Taille : 5,3 cm x 7,6 cm x 2,8 cm<\/li>\n<li>Poids net\u00a0: 80\u00a0g<\/li>\n<\/ul>\n","protected":false},"excerpt":{"rendered":"<p>THINKDIAG est l&rsquo;un des meilleurs scanners de diagnostic automobile, qui offre \u00e0 la fois des performances professionnelles et une utilit\u00e9 exceptionnelle. Son plus grand avantage est de loin la possibilit\u00e9 de codage l&rsquo;ECU &#8211; l&rsquo;unit\u00e9 de contr\u00f4le, qui collecte constamment des informations pour g\u00e9rer certains composants. En ayant acc\u00e8s \u00e0 ce cerveau du bloc moteur, vous avez la possibilit\u00e9 de v\u00e9rifier et de modifier de nombreuses options. De plus, gr\u00e2ce \u00e0 la technologie Bluetooth, les donn\u00e9es re\u00e7ues peuvent \u00eatre consult\u00e9es sur n&rsquo;importe quel t\u00e9l\u00e9phone ou tablette.<\/p>\n<p>Irrempla\u00e7able aussi bien dans le garage du m\u00e9canicien, qui pourra travailler plus facilement au quotidien, que comme cadeau pour le passionn\u00e9 de voitures qui veut d\u00e9couvrir de nouvelles possibilit\u00e9s. C&rsquo;est un choix fiable qui vous servira bien, \u00e0 vous et \u00e0 votre voiture.<\/p>\n","protected":false},"featured_media":701,"comment_status":"open","ping_status":"closed","template":"","meta":{"_seopress_robots_primary_cat":"none","_seopress_titles_title":"Interface de diagnostic ThinkDiag multimarque OBD2 Bluetooth 4.2","_seopress_titles_desc":"Thinkdiag est un appareil de diagnostic automobile puissant offrant 16 types de fonctions de r\u00e9initialisation pour v\u00e9hicules. Il est facile \u00e0 utiliser et accessible gr\u00e2ce \u00e0 THINKCAR.","_seopress_robots_index":""},"product_brand":[],"product_cat":[23],"product_tag":[],"class_list":{"0":"post-585","1":"product","2":"type-product","3":"status-publish","4":"has-post-thumbnail","6":"product_cat-interface-de-diagnostic-obd","8":"first","9":"instock","10":"shipping-taxable","11":"purchasable","12":"product-type-simple"},"_links":{"self":[{"href":"https:\/\/auto-diagnostic-obd.com\/fr\/wp-json\/wp\/v2\/product\/585","targetHints":{"allow":["GET"]}}],"collection":[{"href":"https:\/\/auto-diagnostic-obd.com\/fr\/wp-json\/wp\/v2\/product"}],"about":[{"href":"https:\/\/auto-diagnostic-obd.com\/fr\/wp-json\/wp\/v2\/types\/product"}],"replies":[{"embeddable":true,"href":"https:\/\/auto-diagnostic-obd.com\/fr\/wp-json\/wp\/v2\/comments?post=585"}],"wp:featuredmedia":[{"embeddable":true,"href":"https:\/\/auto-diagnostic-obd.com\/fr\/wp-json\/wp\/v2\/media\/701"}],"wp:attachment":[{"href":"https:\/\/auto-diagnostic-obd.com\/fr\/wp-json\/wp\/v2\/media?parent=585"}],"wp:term":[{"taxonomy":"product_brand","embeddable":true,"href":"https:\/\/auto-diagnostic-obd.com\/fr\/wp-json\/wp\/v2\/product_brand?post=585"},{"taxonomy":"product_cat","embeddable":true,"href":"https:\/\/auto-diagnostic-obd.com\/fr\/wp-json\/wp\/v2\/product_cat?post=585"},{"taxonomy":"product_tag","embeddable":true,"href":"https:\/\/auto-diagnostic-obd.com\/fr\/wp-json\/wp\/v2\/product_tag?post=585"}],"curies":[{"name":"wp","href":"https:\/\/api.w.org\/{rel}","templated":true}]}}