{"id":598,"date":"2023-05-11T18:29:02","date_gmt":"2023-05-11T16:29:02","guid":{"rendered":"https:\/\/auto-diagnostic-obd.com\/?post_type=product&#038;p=598"},"modified":"2023-09-14T12:51:36","modified_gmt":"2023-09-14T10:51:36","slug":"detecteur-de-fuites-autool-sdt101","status":"publish","type":"product","link":"https:\/\/auto-diagnostic-obd.com\/fr\/produit\/detecteur-de-fuites-autool-sdt101\/","title":{"rendered":"D\u00e9tecteur de Fuite pour v\u00e9hicules AUTOOL\u00a0SDT101 [Machine \u00e0 fumer sous pression]"},"content":{"rendered":"<h2>Pourquoi vous avez besoin d\u2019un d\u00e9tecteur de fuite de fum\u00e9e\u2009?<\/h2>\n<p>Vous avez besoin du d\u00e9couvrir une fuite de fum\u00e9e AUTOOL\u00a0SDT101 pour r\u00e9soudre les difficult\u00e9s li\u00e9es \u00e0 la conduite \u00e0 d\u00e9pression de votre v\u00e9hicule. La rupture d\u2019un tuyau de d\u00e9pression peut entra\u00eener de graves cons\u00e9quences telles qu\u2019un m\u00e9lange de carburant trop \u00e9pais, une augmentation de la vitesse de ralenti, des probl\u00e8mes de d\u00e9marrage, une faible performance du moteur, une consommation accrue de carburant et une \u00e9mission de fum\u00e9e noire par l\u2019\u00e9chappement. De plus, le blocage d\u2019une conduite \u00e0 d\u00e9pression peut causer une d\u00e9rive de la vitesse de ralenti et une \u00e9valuation l\u00e9g\u00e8re de celle-ci. Les fuites d\u2019air dans la conduite \u00e0 d\u00e9pression peuvent \u00e9galement provoquer une circulation insuffisante dans le moteur.<\/p>\n<h2>Apprenez \u00e0 utiliser le puissant d\u00e9tecteur de fuite de fum\u00e9e AUTOOL\u00a0SDT101 pour des diagnostics pr\u00e9cis<\/h2>\n<p>Le d\u00e9tecteur de fuite de fum\u00e9e AUTOOL\u00a0SDT101 vous permet de d\u00e9tecter ces probl\u00e8mes en utilisant une source d\u2019air externe. Pour utiliser cet outil de diagnostic, il vous suffit de connecter l\u2019approvisionnement en air d\u2019atelier et l\u2019alimentation de 12\u00a0V de votre v\u00e9hicule au testeur, remplir le r\u00e9servoir d\u2019huile de test, puis de tourner le r\u00e9gulateur de d\u00e9bit dans le sens antihoraire pour ouvrir le flux d\u2019air. Ensuite, vous n\u2019aurez plus qu\u2019\u00e0 allumer le courant \u00e0 l\u2019arri\u00e8re de l\u2019appareil pour que la machine \u00e0 fum\u00e9e commence \u00e0 produire de la fum\u00e9e.<\/p>\n<h2>Large gamme de tests avec le d\u00e9tecteur de fuite de fum\u00e9e AUTOOL\u00a0SDT101<\/h2>\n<p>Le d\u00e9tecteur de fuite de fum\u00e9e AUTOOL\u00a0SDT101 est polyvalent et peut effectuer des tests de fum\u00e9e sur plusieurs syst\u00e8mes, tels que les syst\u00e8mes EVAP, les syst\u00e8mes d\u2019aspiration, les syst\u00e8mes de refroidissement, les dispositifs EGR\/d\u2019\u00e9chappement, les syst\u00e8mes de carter de carter, les fuites de vide et les fuites de turbo \u00e0 basse pression. Il est compatible avec une vari\u00e9t\u00e9 de v\u00e9hicules, y compris les voitures, les motos, les motoneiges, les camions l\u00e9gers et les bateaux.<\/p>\n<h3>Assurez-vous de ne pas avoir de fuites\u00a0:<\/h3>\n<ul>\n<li>V\u00e9rifiez le syst\u00e8me de carter pour \u00e9viter les dommages caus\u00e9s par une pression excessive ou la corrosion<\/li>\n<li>Testez le syst\u00e8me d\u2019admission pour s\u2019assurer que le moteur a suffisamment d\u2019air<\/li>\n<li>\u00c9vitez les probl\u00e8mes tels que la perte de chaleur, le bruit excessif, et la protection contre les intemp\u00e9ries avec un bon \u00e9tanche \u00e0 l\u2019air<\/li>\n<li>\u00c9vitez les fuites de carburant en v\u00e9rifiant le r\u00e9servoir et les tuyaux<\/li>\n<li>\u00c9vitez les probl\u00e8mes de temp\u00e9rature en testant les fuites de liquide de refroidissement<\/li>\n<li>Testez les tuyaux de frein, direction assist\u00e9e, refroidissement, climatisation, turbo, carburant, admission et \u00e9chappement, etc.<\/li>\n<li>\u00c9vitez les fuites de vapeur de carburant dans l\u2019atmosph\u00e8re et les probl\u00e8mes de moteur en contr\u00f4lant le syst\u00e8me d\u2019\u00e9vaporation<\/li>\n<li>\u00c9vitez les rejets de gaz nocifs dans l\u2019atmosph\u00e8re et le bruit excessif en v\u00e9rifiant le syst\u00e8me d\u2019\u00e9chappement<\/li>\n<\/ul>\n<h2>D\u00e9tection EVAP pour les v\u00e9hicules am\u00e9ricains avec AUTOOL\u00a0SDT101<\/h2>\n<p>Le d\u00e9tecteur de fuite de fum\u00e9e peut \u00e9galement effectuer une d\u00e9tection EVAP sur les v\u00e9hicules am\u00e9ricains fabriqu\u00e9s \u00e0 partir de 1996. La plupart de ces v\u00e9hicules sont \u00e9quip\u00e9s d\u2019ouvertures de maintenance EVA dans le compartiment moteur, mais pour certains mod\u00e8les sp\u00e9ciaux, l\u2019ouverture peut \u00eatre situ\u00e9e \u00e0 un autre endroit. Pour op\u00e9rer une d\u00e9tection EVAP, il suffit de retirer le clapet anti-retour avec la cl\u00e9 fournie, d\u2019installer l\u2019adaptateur pour le port de service EVAP et d\u2019introduire la fum\u00e9e dans le syst\u00e8me de d\u00e9tection de fuites EVAP.<\/p>\n<h2>D\u00e9tection de fuite de fum\u00e9e avanc\u00e9e et s\u00fbre avec AUTOOL\u00a0SDT101<\/h2>\n<p>La machine \u00e0 fum\u00e9e AUTOOL\u00a0SDT101 est avanc\u00e9e et s\u00fbre, elle d\u00e9tecte m\u00eame les fuites les plus minimes gr\u00e2ce \u00e0 son \u00e9jection de fum\u00e9e \u00e9paisse. Et ce qui est encore plus rassurant, c\u2019est que le v\u00e9hicule n\u2019a pas besoin d\u2019\u00eatre d\u00e9marr\u00e9 pendant l\u2019utilisation, ce qui rend l\u2019utilisation du d\u00e9tecteur de fuite de fum\u00e9e s\u00fbre et fiable. De plus, la fum\u00e9e \u00e9mise est saine et inoffensive pour l\u2019utilisateur. En outre, si la temp\u00e9rature d\u00e9passe la limite de logement de 75\u00a0degr\u00e9s Celsius, le d\u00e9tecteur de fuite de fum\u00e9e s\u2019\u00e9teindra automatiquement pour \u00e9viter tout dommage.<\/p>\n<p>En conclusion, le d\u00e9tecteur de fuite de fum\u00e9e AUTOOL SDT101 est un outil indispensable pour les m\u00e9caniciens et les propri\u00e9taires de voitures qui cherchent \u00e0 identifier les fuites de carburant dans leur v\u00e9hicule. Avec une large gamme de tests disponibles, ce d\u00e9nicheur de fuite de fum\u00e9e peut \u00eatre utilis\u00e9 sur une vari\u00e9t\u00e9 de v\u00e9hicules, des voitures aux camions l\u00e9gers et m\u00eame aux bateaux rapides. Alors n\u2019attendez plus pour vous \u00e9quiper de ce d\u00e9tecteur de fuite de fum\u00e9e de qualit\u00e9 sup\u00e9rieure, et \u00e9conomisez du temps et de l\u2019argent en r\u00e9solvant rapidement les probl\u00e8mes de fuite de carburant sur votre v\u00e9hicule.<\/p>\n<h2>R\u00e9sum\u00e9 des caract\u00e9ristiques techniques\u00a0:<\/h2>\n<ul>\n<li>Le d\u00e9tecteur de fuite de fum\u00e9e AUTOOL\u00a0SDT101 est con\u00e7u pour d\u00e9tecter les fuites dans plusieurs syst\u00e8mes, tels que les syst\u00e8mes EVAP, les syst\u00e8mes d\u2019aspiration, le refroidissement, les syst\u00e8mes EGR\/d\u2019\u00e9chappement, les syst\u00e8mes de carter de carter, les fuites de vide, les fuites turbo basse pression.<\/li>\n<li>Il est compatible avec une large gamme de v\u00e9hicules, y compris les voitures, les motos, les motoneiges, les v\u00e9hicules tout-terrain, les VTT, les camions l\u00e9gers et les bateaux rapides.<\/li>\n<li>La d\u00e9tection EVAP est possible pour les v\u00e9hicules am\u00e9ricains fabriqu\u00e9s \u00e0 partir de 1996 avec des ouvertures de maintenance EVA.<\/li>\n<li>Le d\u00e9tecteur de fuite de fum\u00e9e peut d\u00e9tecter les fuites les plus petites gr\u00e2ce \u00e0 son \u00e9jection de fum\u00e9e \u00e9paisse.<\/li>\n<li>Il est s\u00fbr et fiable \u00e0 utiliser, car il n\u2019est pas n\u00e9cessaire de d\u00e9marrer le v\u00e9hicule pendant l\u2019utilisation. La fum\u00e9e \u00e9mise est \u00e9galement saine et inoffensive.<\/li>\n<li>En cas de d\u00e9passement de la limite de temp\u00e9rature de 75 \u2103, le courant sera automatiquement \u00e9teint gr\u00e2ce \u00e0 la fonction d\u2019alimentation intelligente.<\/li>\n<\/ul>\n<h2>Avec l\u2019Unit\u00e9 principale AUTOOL\u00a0SDT101, vous obtiendrez\u00a0:<\/h2>\n<ul>\n<li>1 Clip pour le c\u00e2ble d\u2019alimentation<\/li>\n<li>1 Cl\u00e9 pour le noyau de valve<\/li>\n<li>1 Bouteille de recharge pour l\u2019huile de test (huile non incluse)<\/li>\n<li>1 Adaptateur pour l\u2019interface de test EVAP<\/li>\n<li>1 Tuyau de fum\u00e9e<\/li>\n<li>1 Manuel d\u2019utilisation pour la guide d\u2019utilisation Tout ce dont vous avez besoin pour un test en toute simplicit\u00e9<\/li>\n<\/ul>\n","protected":false},"excerpt":{"rendered":"<p>Vous soup\u00e7onnez un d\u00e9faut ou un joint us\u00e9\u00a0? Vous souhaitez v\u00e9rifier la pr\u00e9sence d&rsquo;une fuite, ou vous voulez simplement vous assurer que tout a \u00e9t\u00e9 positionn\u00e9 correctement lors d&rsquo;une r\u00e9paration ? Dans tous ces cas, il est utile de consulter le d\u00e9tecteur SDT101 qui, en produisant et en envoyant de la fum\u00e9e, vous aidera \u00e0 \u00e9valuer clairement si une fuite s\u2019est produite ou pas.<\/p>\n","protected":false},"featured_media":688,"comment_status":"open","ping_status":"closed","template":"","meta":{"_seopress_robots_primary_cat":"none","_seopress_titles_title":"D\u00e9tecteur de Fuite pour v\u00e9hicules AUTOOL SDT101 12V","_seopress_titles_desc":"Besoin de v\u00e9rifier l&#039;\u00e9tanch\u00e9it\u00e9 ou de localiser une fuite dans les tuyaux de votre voiture ? Avec le d\u00e9tecteur SDT101 il n&#039;y a pas plus simple comme t\u00e2che !","_seopress_robots_index":""},"product_brand":[],"product_cat":[25,28],"product_tag":[],"class_list":{"0":"post-598","1":"product","2":"type-product","3":"status-publish","4":"has-post-thumbnail","6":"product_cat-outils-diagnostic-specifiques","7":"product_cat-testeur-injecteur","9":"first","10":"instock","11":"shipping-taxable","12":"purchasable","13":"product-type-simple"},"_links":{"self":[{"href":"https:\/\/auto-diagnostic-obd.com\/fr\/wp-json\/wp\/v2\/product\/598","targetHints":{"allow":["GET"]}}],"collection":[{"href":"https:\/\/auto-diagnostic-obd.com\/fr\/wp-json\/wp\/v2\/product"}],"about":[{"href":"https:\/\/auto-diagnostic-obd.com\/fr\/wp-json\/wp\/v2\/types\/product"}],"replies":[{"embeddable":true,"href":"https:\/\/auto-diagnostic-obd.com\/fr\/wp-json\/wp\/v2\/comments?post=598"}],"wp:featuredmedia":[{"embeddable":true,"href":"https:\/\/auto-diagnostic-obd.com\/fr\/wp-json\/wp\/v2\/media\/688"}],"wp:attachment":[{"href":"https:\/\/auto-diagnostic-obd.com\/fr\/wp-json\/wp\/v2\/media?parent=598"}],"wp:term":[{"taxonomy":"product_brand","embeddable":true,"href":"https:\/\/auto-diagnostic-obd.com\/fr\/wp-json\/wp\/v2\/product_brand?post=598"},{"taxonomy":"product_cat","embeddable":true,"href":"https:\/\/auto-diagnostic-obd.com\/fr\/wp-json\/wp\/v2\/product_cat?post=598"},{"taxonomy":"product_tag","embeddable":true,"href":"https:\/\/auto-diagnostic-obd.com\/fr\/wp-json\/wp\/v2\/product_tag?post=598"}],"curies":[{"name":"wp","href":"https:\/\/api.w.org\/{rel}","templated":true}]}}