{"id":605,"date":"2023-05-11T18:31:29","date_gmt":"2023-05-11T16:31:29","guid":{"rendered":"https:\/\/auto-diagnostic-obd.com\/?post_type=product&#038;p=605"},"modified":"2025-05-19T00:41:42","modified_gmt":"2025-05-18T22:41:42","slug":"testeur-de-batterie-auto-12v-autool-bt360","status":"publish","type":"product","link":"https:\/\/auto-diagnostic-obd.com\/fr\/produit\/testeur-de-batterie-auto-12v-autool-bt360\/","title":{"rendered":"Testeur batterie de voiture 12V\u00a0Autool\u00a0BT360 [Un outil de diagnostic automobile parfait pour votre batterie]"},"content":{"rendered":"<h2>D\u00e9couvrez les incroyables fonctionnalit\u00e9s du scanner\u00a0de batterie AUTOOL\u00a0BT360 12V<\/h2>\n<p>Le testeur de charge de batterie AUTOOL\u00a0BT360 12V est un indispensable pour ceux qui souhaitent conserver leur v\u00e9hicule en parfait \u00e9tat de fonctionnement. Con\u00e7u sp\u00e9cialement pour les accumulateurs\u00a012V de tous les types courants, il offre une solution rapide, simple et \u00e9conomique pour comprendre l\u2019\u00e9tat de votre batterie. Que vous soyez un professionnel de l\u2019automobile ou un bricoleur passionn\u00e9, le BT360 vous permettra d\u2019examiner ais\u00e9ment l\u2019\u00e9tat de sant\u00e9 de votre batterie et de d\u00e9tecter tout probl\u00e8me en un rien de temps. Il est compatible avec\u00a0les batteries au\u00a0plomb acide\u00a0automobiles, les plaques plates AGM, les spirales AGM, les accumulateurs GEL et EFB, ce qui en fait un outil polyvalent pour les diff\u00e9rentes exigences de votre v\u00e9hicule. N\u2019attendez plus pour les tracas de batterie, optez pour le testeur de charge de batterie AUTOOL\u00a0BT360 12V pour une conduite en toute assurance.<\/p>\n<h2><\/h2>\n<h2>Fonctions cl\u00e9s pour un diagnostic en toute confiance<\/h2>\n<h3><\/h3>\n<h3>Test de l\u2019\u00e9tat de votre batterie de voiture<\/h3>\n<p>Il est tr\u00e8s ais\u00e9 de v\u00e9rifier l\u2019\u00e9tat de charge de votre batterie de voiture en seulement quelques \u00e9tapes simples. Connectez l\u00e0 \u00e0 l\u2019accumulateur\u00a012V en utilisant les pinces rouges pour le p\u00f4le positif et les pinces noires pour le p\u00f4le n\u00e9gatif. Par la suite, s\u00e9lectionnez le type de batterie \u00e0 contr\u00f4ler, les crit\u00e8res de test et la plage de test afin d\u2019obtenir des r\u00e9sultats pr\u00e9cis en un rien de temps.<\/p>\n<h3>Test de d\u00e9marrage<\/h3>\n<p>Avant de prendre la route, il est essentiel de s\u2019assurer que la batterie est suffisamment charg\u00e9e pour d\u00e9marrer le moteur. Pour cela, vous pouvez utiliser un testeur de d\u00e9marrage en suivant les consignes fournies. Ce test vous permettra d\u2019\u00e9valuer l\u2019\u00e9tat de sant\u00e9 de votre batterie et sa capacit\u00e9 \u00e0 mettre votre v\u00e9hicule en marche.<\/p>\n<h3>Test de charge<\/h3>\n<p>Pour \u00e9valuer la puissance de votre accumulateur 12\u00a0Volts en temps r\u00e9el, vous pouvez effectuer un test du courant de charge. Il s\u2019agit d\u2019acc\u00e9l\u00e9rer votre moteur \u00e0 2500\u00a0RPM pendant 5\u00a0secondes pour \u00e9valuer sa capacit\u00e9 \u00e0 fournir de l\u2019\u00e9nergie pour faire tourner votre moteur. Ce test vous permettra de d\u00e9terminer avec pr\u00e9cision la performance de votre accumulateur et de savoir si vous devez la remplacer ou non.<\/p>\n<h2><\/h2>\n<h2>Un appareil multilingue puissant<\/h2>\n<p>L\u2019outil de test de batterie AUTOOL\u00a0BT-360 est dot\u00e9 de deux options linguistiques pour s\u2019adapter \u00e0 vos exigences. La premi\u00e8re variante comprend des langues telles que l\u2019anglais, l\u2019espagnol, l\u2019allemand, le fran\u00e7ais et le russe, vous permettant de choisir celle qui vous convient le mieux. La deuxi\u00e8me version inclut l\u2019anglais, le polonais, le chinois, le n\u00e9erlandais et le japonais. Si vous avez besoin d\u2019une autre langue, nous pouvons la personnaliser pour vous afin que l\u2019outil soit toujours en ad\u00e9quation avec vos requ\u00eates. Notre outil est con\u00e7u pour \u00eatre \u00e0 la fois professionnel, humain et unique.<\/p>\n<h2><\/h2>\n<h2>Garantie de 2\u00a0ans<\/h2>\n<p>Cet analyseur de batterie AUTOOL\u00a0BT-360 est con\u00e7u pour une utilisation fiable et sans tracas. Nous sommes s\u00fbrs de la qualit\u00e9 de notre produit et nous voulons que vous le soyez aussi. C\u2019est pourquoi nous offrons une garantie de 2\u00a0ans couvrant les dommages responsables. Si, pour une raison quelconque, vous devez remplacer des pi\u00e8ces de votre testeur de batterie, nous vous les enverrons gratuitement. Nous sommes l\u00e0 pour vous soutenir en cas de questions ou d\u2019inqui\u00e9tudes.<\/p>\n<p>Nous comprenons que parfois, les choses peuvent \u00eatre compliqu\u00e9es et nous sommes l\u00e0 pour vous assister. Si vous avez des interrogations, n\u2019h\u00e9sitez pas \u00e0 nous contacter et nous vous r\u00e9pondrons dans les 24\u00a0heures pour vous aider \u00e0 r\u00e9soudre tout probl\u00e8me.<\/p>\n<h2><\/h2>\n<h2>Efficacit\u00e9 et s\u00e9curit\u00e9<\/h2>\n<p>L\u2019AUTOOL\u00a0BT360 est con\u00e7u pour offrir une performance fiable et efficace \u00e0 chaque usage. Dot\u00e9 d\u2019une technologie conductrice avanc\u00e9e, il affiche rapidement des informations pr\u00e9cises sur l\u2019\u00e9tat de charge de la batterie pour \u00e9viter de remplacer la batterie pour rien.<\/p>\n<p>Cet outil est con\u00e7u pour garantir la s\u00e9curit\u00e9 de l\u2019utilisateur et de la batterie. Il comprend une protection contre les connexions \u00e0 polarit\u00e9 inverse, qui \u00e9vite tout dommage \u00e0 l\u2019appareil, \u00e0 la voiture ou \u00e0 la batterie.<\/p>\n<p>Le AUTOOL\u00a0BT360 est un outil professionnel et fiable, qui satisfait aux normes de test les plus r\u00e9pandues pour les batteries.<\/p>\n<p>Il peut tester une palette d\u2019accumulateur\u00a0allant de 100 \u00e0 2000\u00a0CCA, et 30-220 AH, couvrant les normes CCA, BCI, CA, MCA, JIS, DIN, IEC, EN, SAE et GB. En bref, l\u2019AUTOOL\u00a0BT360 est con\u00e7u pour offrir une performance fiable et efficace. Il garantit la s\u00e9curit\u00e9 de l\u2019utilisateur et de la batterie, et peut tester un large \u00e9ventail d\u2019accumulateurs selon les normes les plus courantes.<\/p>\n<p>&nbsp;<\/p>\n<h2>Sp\u00e9cifications techniques\u00a0:<\/h2>\n<p>Les sp\u00e9cifications du testeur de batterie auto AUTOOL\u00a0BT360 sont con\u00e7ues pour vous offrir une performance optimale. Ce mod\u00e8le compact et l\u00e9ger (417\u00a0g) est con\u00e7u pour fonctionner dans des conditions environnementales allant de -20\u00a0\u00b0C \u00e0 50\u00a0\u00b0C et est certifi\u00e9 CE pour assurer la qualit\u00e9 et la s\u00e9curit\u00e9.<\/p>\n<p>Cet outil est pr\u00eat \u00e0 \u00eatre utilis\u00e9 avec des syst\u00e8mes\u00a012V sans piles, pouvant g\u00e9rer une plage de tension d\u2019entr\u00e9e comprise entre 6V et 30V. Sa gamme AH va de 30 \u00e0 220AH, ce qui le rend id\u00e9al pour une vari\u00e9t\u00e9 d\u2019applications. Son \u00e9cran facile \u00e0 lire vous permet d\u2019obtenir des r\u00e9sultats pr\u00e9cis en quelques secondes.<\/p>\n<p>&nbsp;<\/p>\n<h2>Vous recevrez dans votre colis\u00a0:<\/h2>\n<ul>\n<li>1 x AUTOOL\u00a0BT360 Testeur de Batterie de Voiture\u00a0: Ce testeur de batterie de haute qualit\u00e9 vous permet de v\u00e9rifier l\u2019\u00e9tat de charge de votre batterie en quelques secondes. Il est facile \u00e0 utiliser et offre des r\u00e9sultats pr\u00e9cis pour vous aider \u00e0 prendre les bonnes d\u00e9cisions concernant l\u2019entretien de votre v\u00e9hicule.<\/li>\n<li>2 x Clips Kelvin \u00e0 Noyau de Cuivre complet\u00a0: Les clips Kelvin \u00e0 noyau de cuivre fournis avec votre testeur\u00a0sont de haute qualit\u00e9 et assurent une connexion fiable et stable lorsque vous effectuez vos tests.<\/li>\n<li>1 x Manuel d\u2019utilisation\u00a0: Le manuel fourni vous guide \u00e9tape par \u00e9tape \u00e0 travers les fonctionnalit\u00e9s et les \u00e9tapes n\u00e9cessaires pour effectuer un test\u00a0avec pr\u00e9cision. Il vous offre \u00e9galement des informations utiles sur l\u2019entretien et la maintenance de votre testeur de batterie.<\/li>\n<li>Recevez tout ce dont vous avez besoin pour commencer \u00e0 v\u00e9rifier l\u2019\u00e9tat de charge de votre batterie d\u00e8s aujourd\u2019hui avec cet outil\u2009!<\/li>\n<\/ul>\n","protected":false},"excerpt":{"rendered":"<p>Votre voiture est rest\u00e9e un peu trop longtemps au repos, ou peut-\u00eatre vous avez trouv\u00e9 une ancienne batterie de votre moto dans le garage\u00a0? Si vous envisagez de remplacer la batterie, v\u00e9rifiez d\u2019abord son \u00e9tat\u00a0! Il peut se av\u00e9rer que m\u00eame apr\u00e8s quelques temps, et, comme cela peut sembler, une d\u00e9charge compl\u00e8te, vous parviendriez quand m\u00eame \u00e0 la sauver. Gr\u00e2ce au testeur BT360 vous dissipez tous les doutes et \u00e9tablissez un diagnostic clair. En outre, la fonction de mesure pendant le d\u00e9marrage du moteur permettra d&rsquo;estimer si une batterie apparemment efficace peut faire face \u00e0 un lancement \u00e9prouvant &#8211; donnant ainsi un r\u00e9sultat encore plus pr\u00e9cis. L&rsquo;appareil est facile et intuitif \u00e0 utiliser, il conviendra donc \u00e0 tout bricoleur d\u00e9butant. Si vous craignez d&rsquo;ab\u00eemer l&rsquo;appareil par erreur pas de souci\u00a0! Le syst\u00e8me de protection contre les inversions de polarit\u00e9 vous pr\u00e9vient de commettre une \u00e9ventuelle maladresse. N\u2019h\u00e9sitez plus et ajoutez le testeur BT360 \u00e0 votre inventaire d&rsquo;outils\u00a0!<\/p>\n","protected":false},"featured_media":665,"comment_status":"open","ping_status":"closed","template":"","meta":{"_seopress_robots_primary_cat":"none","_seopress_titles_title":"Testeur de batterie AUTOOL\u00a0BT360 12V [Outil de diagnostic AUTO]","_seopress_titles_desc":"Le testeur de batterie AUTOOL BT360 12V vous offre la possibilit\u00e9 de diagnostic de l&#039;\u00e9tat de sant\u00e9 de votre batterie automobile et de son niveau de charge.","_seopress_robots_index":""},"product_brand":[],"product_cat":[25,26],"product_tag":[],"class_list":{"0":"post-605","1":"product","2":"type-product","3":"status-publish","4":"has-post-thumbnail","6":"product_cat-outils-diagnostic-specifiques","7":"product_cat-testeur-batterie","9":"first","10":"instock","11":"featured","12":"shipping-taxable","13":"purchasable","14":"product-type-simple"},"_links":{"self":[{"href":"https:\/\/auto-diagnostic-obd.com\/fr\/wp-json\/wp\/v2\/product\/605","targetHints":{"allow":["GET"]}}],"collection":[{"href":"https:\/\/auto-diagnostic-obd.com\/fr\/wp-json\/wp\/v2\/product"}],"about":[{"href":"https:\/\/auto-diagnostic-obd.com\/fr\/wp-json\/wp\/v2\/types\/product"}],"replies":[{"embeddable":true,"href":"https:\/\/auto-diagnostic-obd.com\/fr\/wp-json\/wp\/v2\/comments?post=605"}],"wp:featuredmedia":[{"embeddable":true,"href":"https:\/\/auto-diagnostic-obd.com\/fr\/wp-json\/wp\/v2\/media\/665"}],"wp:attachment":[{"href":"https:\/\/auto-diagnostic-obd.com\/fr\/wp-json\/wp\/v2\/media?parent=605"}],"wp:term":[{"taxonomy":"product_brand","embeddable":true,"href":"https:\/\/auto-diagnostic-obd.com\/fr\/wp-json\/wp\/v2\/product_brand?post=605"},{"taxonomy":"product_cat","embeddable":true,"href":"https:\/\/auto-diagnostic-obd.com\/fr\/wp-json\/wp\/v2\/product_cat?post=605"},{"taxonomy":"product_tag","embeddable":true,"href":"https:\/\/auto-diagnostic-obd.com\/fr\/wp-json\/wp\/v2\/product_tag?post=605"}],"curies":[{"name":"wp","href":"https:\/\/api.w.org\/{rel}","templated":true}]}}